{"id":1023,"date":"2022-01-14T09:56:14","date_gmt":"2022-01-14T08:56:14","guid":{"rendered":"https:\/\/www.keratoconuscentrumnederland.nl\/neue-entwicklungen-keratokonus\/"},"modified":"2022-04-15T11:54:47","modified_gmt":"2022-04-15T09:54:47","slug":"neue-entwicklungen-keratokonus","status":"publish","type":"page","link":"https:\/\/www.keratoconuscentrumnederland.nl\/de\/neue-entwicklungen-keratokonus\/","title":{"rendered":"Neue Entwicklungen Keratokonus"},"content":{"rendered":"<p>[vc_row][vc_column][vc_column_text]<\/p>\n<h2>Neue Entwicklungen rund um den Keratokonus<\/h2>\n<p>Rund um den Keratokonus gibt es st\u00e4ndig neue Entwicklungen. Und das ist gut so. Es ist einfach eine l\u00e4stige Augenerkrankung, die sehr h\u00e4ufig vorkommt und nicht geheilt werden kann. Dennoch suchen Wissenschaftler st\u00e4ndig nach L\u00f6sungen, die die Beschwerden von Keratokonus-Patienten ertr\u00e4glicher machen k\u00f6nnen. Auch das Keratokonus-Zentrum in den Niederlanden leistet hierzu einen wichtigen Beitrag und ist in einigen Bereichen Trendsetter. Hier k\u00f6nnen Sie mehr dar\u00fcber lesen.<\/p>\n<h2>Aberrationen h\u00f6herer Ordnung<\/h2>\n<p>Keratokonus verursacht zwei Arten von Augenfehlern:<\/p>\n<p>1. Aberrationen niedrigerer Ordnung: Dieser Augenfehler kann mit Plus- oder Minusgl\u00e4sern und einem zylindrischen Rezept korrigiert werden.<br \/>\n2. Aberrationen h\u00f6herer Ordnung: Diese Gruppe bildet die anderen Augenfehler. Beim Keratokonus verursachen diese Fehler vor allem die Schatten auf der Unterseite der Buchstaben, die auch nach Korrektur mit einer Brille nicht verschwinden.<\/p>\n<p>Unkorrigierte Aberrationen h\u00f6herer Ordnung verringerten die Kontrastempfindlichkeit. Dadurch leiden Sie beim Keratokonus vor allem unter schlechterer Sicht bei schlechten Lichtverh\u00e4ltnissen. Wenn die Umgebung aufgrund von weniger Licht weniger kontrastreich ist, ist diese Umgebung noch weniger sichtbar, wenn die Augen bereits an Kontrastempfindlichkeit verloren haben. Es wird f\u00e4lschlicherweise gesagt, dass es Nachtblindheit gibt. Nachtblindheit wird durch eine nicht richtig funktionierende Netzhaut verursacht.<\/p>\n<h2>Wenn die Sklerallinse nicht ausreicht<\/h2>\n<p>In vielen F\u00e4llen k\u00f6nnen die Skleralene bei Menschen mit Keratokonus eine L\u00f6sung bieten. Sklerallinsen reduzieren das Sehen von Schatten und Geistern. Es verbessert auch das Sehverm\u00f6gen und die Kontrastempfindlichkeit. Trotzdem bleiben einige Aberrationen h\u00f6herer Ordnung unkorrigiert. Sie erkennen dies daran, dass die Schatten auf den Buchstaben nicht mehr unten an den Buchstaben liegen, sondern in kleinerer Form oben an den Buchstaben. F\u00fcr viele Patienten ist dies kein so gro\u00dfes Problem. Wer in der D\u00e4mmerung noch nicht gut sehen kann, wird durch die Schatten auf den Buchstabenoberseiten die Kontrastempfindlichkeit noch erheblich herabsetzen. Sklerallinsen mit Conepower-Technologie k\u00f6nnen die Sehleistung bei diesen Beschwerden deutlich verbessern. Diese Technologie ist nur im Keratokonus-Zentrum in den Niederlanden verf\u00fcgbar.<\/p>\n<h2>Wellenfront-Methode<\/h2>\n<p>Nicht alle Augenfehler lassen sich optimal durch Sklerallinsen korrigieren. Manchmal ist ein Wechsel zu weichen Keratokonus-Kontaktlinsen mit Conepower-Technologie eine viel bessere Option. Die Wellenfrontkorrektur ist die neueste Entwicklung bei Kontaktlinsen zur besseren Korrektur von Keratokonus. Mit dieser neuen und fortschrittlichen Anwendung kann Keratokonus noch genauer korrigiert werden. Im Jahr 2022 wird das Keratokonus-Zentrum in den Niederlanden die Wirkung der Wellenfrontkorrektur und den Einfluss auf die Abnahme der Lichtempfindlichkeit erforschen.<\/p>\n<h2>Vorteile der Wavefront-Behandlung<\/h2>\n<p>Nachfolgend die Vorteile einer Wavefront-Korrektur in K\u00fcrze.<\/p>\n<ul>\n<li>Reduziert Lichtkreise und Starburst: Klinische Untersuchungen zeigen, dass Patienten nach einer Wavefront-Korrektur nachts besser sehen und weniger unter Lichtkreisen (Halos) und Blendungen (Blendungen) leiden.<\/li>\n<li>Verbessert den Kontrast: Die Wavefront-Technologie verbessert nicht nur die Sicht, sondern wirkt sich auch positiv auf die Bildqualit\u00e4t aus. Nach der Korrektur merkt man, dass man mehr Details wahrnehmen kann.<\/li>\n<\/ul>\n<h2>Erfahren Sie mehr \u00fcber die Neuentwicklungen<\/h2>\n<p>Selbstverst\u00e4ndlich verfolgen wir alle neuen Keratokonus-Entwicklungen im Keratokonus-Zentrum in den Niederlanden genau. Wir informieren Sie daher gerne dar\u00fcber. M\u00f6chten Sie mehr dar\u00fcber erfahren? Sie k\u00f6nnen uns gerne kontaktieren.[\/vc_column_text][\/vc_column][\/vc_row]<\/p>\n","protected":false},"excerpt":{"rendered":"<p>[vc_row][vc_column][vc_column_text] Neue Entwicklungen rund um den Keratokonus Rund um den Keratokonus gibt es st\u00e4ndig neue Entwicklungen. Und das ist gut so. Es ist einfach eine l\u00e4stige Augenerkrankung, die sehr h\u00e4ufig vorkommt und nicht geheilt werden kann. Dennoch suchen Wissenschaftler st\u00e4ndig nach L\u00f6sungen, die die Beschwerden von Keratokonus-Patienten ertr\u00e4glicher machen k\u00f6nnen.<a class=\"moretag\" href=\"https:\/\/www.keratoconuscentrumnederland.nl\/de\/neue-entwicklungen-keratokonus\/\">&#8230;<\/a><\/p>\n","protected":false},"author":1,"featured_media":0,"parent":0,"menu_order":0,"comment_status":"closed","ping_status":"closed","template":"","meta":{"inline_featured_image":false,"_glsr_average":0,"_glsr_ranking":0,"_glsr_reviews":0,"footnotes":""},"class_list":["post-1023","page","type-page","status-publish","hentry"],"yoast_head":"<!-- This site is optimized with the Yoast SEO plugin v27.2 - https:\/\/yoast.com\/product\/yoast-seo-wordpress\/ -->\n<title>Neue Entwicklungen Keratokonus - Keratoconuscentrum Nederland<\/title>\n<meta name=\"description\" content=\"Die Entwicklungen in der Behandlung des Keratokonus stehen nicht still. Das Keratokonus-Zentrum in den Niederlanden h\u00e4lt Sie \u00fcber neue Entwicklungen auf dem Laufenden.\" \/>\n<meta name=\"robots\" content=\"index, follow, max-snippet:-1, max-image-preview:large, max-video-preview:-1\" \/>\n<link rel=\"canonical\" href=\"https:\/\/www.keratoconuscentrumnederland.nl\/de\/neue-entwicklungen-keratokonus\/\" \/>\n<meta property=\"og:locale\" content=\"de_DE\" \/>\n<meta property=\"og:type\" content=\"article\" \/>\n<meta property=\"og:title\" content=\"Neue Entwicklungen Keratokonus - Keratoconuscentrum Nederland\" \/>\n<meta property=\"og:description\" content=\"Die Entwicklungen in der Behandlung des Keratokonus stehen nicht still. Das Keratokonus-Zentrum in den Niederlanden h\u00e4lt Sie \u00fcber neue Entwicklungen auf dem Laufenden.\" \/>\n<meta property=\"og:url\" content=\"https:\/\/www.keratoconuscentrumnederland.nl\/de\/neue-entwicklungen-keratokonus\/\" \/>\n<meta property=\"og:site_name\" content=\"Keratoconuscentrum Nederland\" \/>\n<meta property=\"article:modified_time\" content=\"2022-04-15T09:54:47+00:00\" \/>\n<meta name=\"twitter:card\" content=\"summary_large_image\" \/>\n<meta name=\"twitter:label1\" content=\"Gesch\u00e4tzte Lesezeit\" \/>\n\t<meta name=\"twitter:data1\" content=\"3\u00a0Minuten\" \/>\n<script type=\"application\/ld+json\" class=\"yoast-schema-graph\">{\"@context\":\"https:\/\/schema.org\",\"@graph\":[{\"@type\":\"WebPage\",\"@id\":\"https:\/\/www.keratoconuscentrumnederland.nl\/de\/neue-entwicklungen-keratokonus\/\",\"url\":\"https:\/\/www.keratoconuscentrumnederland.nl\/de\/neue-entwicklungen-keratokonus\/\",\"name\":\"Neue Entwicklungen Keratokonus - Keratoconuscentrum Nederland\",\"isPartOf\":{\"@id\":\"https:\/\/www.keratoconuscentrumnederland.nl\/de\/#website\"},\"datePublished\":\"2022-01-14T08:56:14+00:00\",\"dateModified\":\"2022-04-15T09:54:47+00:00\",\"description\":\"Die Entwicklungen in der Behandlung des Keratokonus stehen nicht still. Das Keratokonus-Zentrum in den Niederlanden h\u00e4lt Sie \u00fcber neue Entwicklungen auf dem Laufenden.\",\"breadcrumb\":{\"@id\":\"https:\/\/www.keratoconuscentrumnederland.nl\/de\/neue-entwicklungen-keratokonus\/#breadcrumb\"},\"inLanguage\":\"de\",\"potentialAction\":[{\"@type\":\"ReadAction\",\"target\":[\"https:\/\/www.keratoconuscentrumnederland.nl\/de\/neue-entwicklungen-keratokonus\/\"]}]},{\"@type\":\"BreadcrumbList\",\"@id\":\"https:\/\/www.keratoconuscentrumnederland.nl\/de\/neue-entwicklungen-keratokonus\/#breadcrumb\",\"itemListElement\":[{\"@type\":\"ListItem\",\"position\":1,\"name\":\"Home\",\"item\":\"https:\/\/www.keratoconuscentrumnederland.nl\/de\/keratokonus-zentrum\/\"},{\"@type\":\"ListItem\",\"position\":2,\"name\":\"Neue Entwicklungen Keratokonus\"}]},{\"@type\":\"WebSite\",\"@id\":\"https:\/\/www.keratoconuscentrumnederland.nl\/de\/#website\",\"url\":\"https:\/\/www.keratoconuscentrumnederland.nl\/de\/\",\"name\":\"Keratoconuscentrum Nederland\",\"description\":\"\",\"publisher\":{\"@id\":\"https:\/\/www.keratoconuscentrumnederland.nl\/de\/#organization\"},\"potentialAction\":[{\"@type\":\"SearchAction\",\"target\":{\"@type\":\"EntryPoint\",\"urlTemplate\":\"https:\/\/www.keratoconuscentrumnederland.nl\/de\/?s={search_term_string}\"},\"query-input\":{\"@type\":\"PropertyValueSpecification\",\"valueRequired\":true,\"valueName\":\"search_term_string\"}}],\"inLanguage\":\"de\"},{\"@type\":\"Organization\",\"@id\":\"https:\/\/www.keratoconuscentrumnederland.nl\/de\/#organization\",\"name\":\"Keratoconuscentrum Nederland\",\"url\":\"https:\/\/www.keratoconuscentrumnederland.nl\/de\/\",\"logo\":{\"@type\":\"ImageObject\",\"inLanguage\":\"de\",\"@id\":\"https:\/\/www.keratoconuscentrumnederland.nl\/de\/#\/schema\/logo\/image\/\",\"url\":\"https:\/\/www.keratoconuscentrumnederland.nl\/wp-content\/uploads\/logo-keratocuscentrum-nederland.png\",\"contentUrl\":\"https:\/\/www.keratoconuscentrumnederland.nl\/wp-content\/uploads\/logo-keratocuscentrum-nederland.png\",\"width\":223,\"height\":97,\"caption\":\"Keratoconuscentrum Nederland\"},\"image\":{\"@id\":\"https:\/\/www.keratoconuscentrumnederland.nl\/de\/#\/schema\/logo\/image\/\"}}]}<\/script>\n<!-- \/ Yoast SEO plugin. -->","yoast_head_json":{"title":"Neue Entwicklungen Keratokonus - Keratoconuscentrum Nederland","description":"Die Entwicklungen in der Behandlung des Keratokonus stehen nicht still. Das Keratokonus-Zentrum in den Niederlanden h\u00e4lt Sie \u00fcber neue Entwicklungen auf dem Laufenden.","robots":{"index":"index","follow":"follow","max-snippet":"max-snippet:-1","max-image-preview":"max-image-preview:large","max-video-preview":"max-video-preview:-1"},"canonical":"https:\/\/www.keratoconuscentrumnederland.nl\/de\/neue-entwicklungen-keratokonus\/","og_locale":"de_DE","og_type":"article","og_title":"Neue Entwicklungen Keratokonus - Keratoconuscentrum Nederland","og_description":"Die Entwicklungen in der Behandlung des Keratokonus stehen nicht still. Das Keratokonus-Zentrum in den Niederlanden h\u00e4lt Sie \u00fcber neue Entwicklungen auf dem Laufenden.","og_url":"https:\/\/www.keratoconuscentrumnederland.nl\/de\/neue-entwicklungen-keratokonus\/","og_site_name":"Keratoconuscentrum Nederland","article_modified_time":"2022-04-15T09:54:47+00:00","twitter_card":"summary_large_image","twitter_misc":{"Gesch\u00e4tzte Lesezeit":"3\u00a0Minuten"},"schema":{"@context":"https:\/\/schema.org","@graph":[{"@type":"WebPage","@id":"https:\/\/www.keratoconuscentrumnederland.nl\/de\/neue-entwicklungen-keratokonus\/","url":"https:\/\/www.keratoconuscentrumnederland.nl\/de\/neue-entwicklungen-keratokonus\/","name":"Neue Entwicklungen Keratokonus - Keratoconuscentrum Nederland","isPartOf":{"@id":"https:\/\/www.keratoconuscentrumnederland.nl\/de\/#website"},"datePublished":"2022-01-14T08:56:14+00:00","dateModified":"2022-04-15T09:54:47+00:00","description":"Die Entwicklungen in der Behandlung des Keratokonus stehen nicht still. Das Keratokonus-Zentrum in den Niederlanden h\u00e4lt Sie \u00fcber neue Entwicklungen auf dem Laufenden.","breadcrumb":{"@id":"https:\/\/www.keratoconuscentrumnederland.nl\/de\/neue-entwicklungen-keratokonus\/#breadcrumb"},"inLanguage":"de","potentialAction":[{"@type":"ReadAction","target":["https:\/\/www.keratoconuscentrumnederland.nl\/de\/neue-entwicklungen-keratokonus\/"]}]},{"@type":"BreadcrumbList","@id":"https:\/\/www.keratoconuscentrumnederland.nl\/de\/neue-entwicklungen-keratokonus\/#breadcrumb","itemListElement":[{"@type":"ListItem","position":1,"name":"Home","item":"https:\/\/www.keratoconuscentrumnederland.nl\/de\/keratokonus-zentrum\/"},{"@type":"ListItem","position":2,"name":"Neue Entwicklungen Keratokonus"}]},{"@type":"WebSite","@id":"https:\/\/www.keratoconuscentrumnederland.nl\/de\/#website","url":"https:\/\/www.keratoconuscentrumnederland.nl\/de\/","name":"Keratoconuscentrum Nederland","description":"","publisher":{"@id":"https:\/\/www.keratoconuscentrumnederland.nl\/de\/#organization"},"potentialAction":[{"@type":"SearchAction","target":{"@type":"EntryPoint","urlTemplate":"https:\/\/www.keratoconuscentrumnederland.nl\/de\/?s={search_term_string}"},"query-input":{"@type":"PropertyValueSpecification","valueRequired":true,"valueName":"search_term_string"}}],"inLanguage":"de"},{"@type":"Organization","@id":"https:\/\/www.keratoconuscentrumnederland.nl\/de\/#organization","name":"Keratoconuscentrum Nederland","url":"https:\/\/www.keratoconuscentrumnederland.nl\/de\/","logo":{"@type":"ImageObject","inLanguage":"de","@id":"https:\/\/www.keratoconuscentrumnederland.nl\/de\/#\/schema\/logo\/image\/","url":"https:\/\/www.keratoconuscentrumnederland.nl\/wp-content\/uploads\/logo-keratocuscentrum-nederland.png","contentUrl":"https:\/\/www.keratoconuscentrumnederland.nl\/wp-content\/uploads\/logo-keratocuscentrum-nederland.png","width":223,"height":97,"caption":"Keratoconuscentrum Nederland"},"image":{"@id":"https:\/\/www.keratoconuscentrumnederland.nl\/de\/#\/schema\/logo\/image\/"}}]}},"_links":{"self":[{"href":"https:\/\/www.keratoconuscentrumnederland.nl\/de\/wp-json\/wp\/v2\/pages\/1023","targetHints":{"allow":["GET"]}}],"collection":[{"href":"https:\/\/www.keratoconuscentrumnederland.nl\/de\/wp-json\/wp\/v2\/pages"}],"about":[{"href":"https:\/\/www.keratoconuscentrumnederland.nl\/de\/wp-json\/wp\/v2\/types\/page"}],"author":[{"embeddable":true,"href":"https:\/\/www.keratoconuscentrumnederland.nl\/de\/wp-json\/wp\/v2\/users\/1"}],"replies":[{"embeddable":true,"href":"https:\/\/www.keratoconuscentrumnederland.nl\/de\/wp-json\/wp\/v2\/comments?post=1023"}],"version-history":[{"count":1,"href":"https:\/\/www.keratoconuscentrumnederland.nl\/de\/wp-json\/wp\/v2\/pages\/1023\/revisions"}],"predecessor-version":[{"id":1045,"href":"https:\/\/www.keratoconuscentrumnederland.nl\/de\/wp-json\/wp\/v2\/pages\/1023\/revisions\/1045"}],"wp:attachment":[{"href":"https:\/\/www.keratoconuscentrumnederland.nl\/de\/wp-json\/wp\/v2\/media?parent=1023"}],"curies":[{"name":"wp","href":"https:\/\/api.w.org\/{rel}","templated":true}]}}