{"id":1024,"date":"2022-01-14T10:02:56","date_gmt":"2022-01-14T09:02:56","guid":{"rendered":"https:\/\/www.keratoconuscentrumnederland.nl\/kann-man-durch-keratokonus-erblinden\/"},"modified":"2022-04-15T11:54:47","modified_gmt":"2022-04-15T09:54:47","slug":"kann-man-durch-keratokonus-erblinden","status":"publish","type":"page","link":"https:\/\/www.keratoconuscentrumnederland.nl\/de\/kann-man-durch-keratokonus-erblinden\/","title":{"rendered":"Kann man durch Keratokonus erblinden?"},"content":{"rendered":"<p>[vc_row][vc_column][vc_column_text]<\/p>\n<h2>Keratokonus und Blindheit<\/h2>\n<p>Kann man durch Keratokonus erblinden? Es ist eine h\u00e4ufig gestellte Frage. Keratokonus ist eine fortschreitende angeborene Augenerkrankung. Allm\u00e4hlich die Zapfenbildung auf der Hornhaut und damit die Sehprobleme. Diese optischen Probleme werden allm\u00e4hlich immer schwerwiegender. Sie k\u00f6nnten zum Beispiel auf die Idee kommen, dass Sie durch Keratokonus irgendwann erblinden werden. Gl\u00fccklicherweise ist das nicht der Fall. Die Krankheit stabilisiert sich oft um das 35. Es besteht auch die M\u00f6glichkeit, mit einem Hornhaut-Crosslinking das Fortschreiten des Keratokonus aufzuhalten. Die Sehschw\u00e4che durch Keratokonus kann zu Einschr\u00e4nkungen f\u00fchren, aber Keratokonus macht nicht blind!<\/p>\n<h2>richtiges Sehen<\/h2>\n<p>Wenn Sie nicht durch Keratokonus erblinden k\u00f6nnen, kann die Sehkraft trotzdem besser werden? Gl\u00fccklicherweise. Es wird nicht selbstverst\u00e4ndlich sein. Ihre Augen erholen sich nicht von alleine. Aber auch mit Brille und\/oder Kontaktlinsen kann das Sehverm\u00f6gen noch richtig korrigiert werden. Bei den milderen Formen des Keratokonus kann das Sehverm\u00f6gen auch mit Brille noch ausreichend korrigiert werden. Bei schwereren Formen sind Sie auf Kontaktlinsen angewiesen.<\/p>\n<h2>Hornhauttransplantation<\/h2>\n<p>Auch wenn das Auge nicht mehr mit Brillengl\u00e4sern und\/oder Kontaktlinsen korrigiert werden kann, ist es m\u00f6glich, das Auge wieder besser darzustellen. In extremen F\u00e4llen wird Ihr Augenarzt eine Hornhauttransplantation vorschlagen. Gl\u00fccklicherweise muss dies bei der \u00fcberwiegenden Mehrheit der Keratokonus-Patienten nicht passieren.<br \/>\n[\/vc_column_text][\/vc_column][\/vc_row]<\/p>\n","protected":false},"excerpt":{"rendered":"<p>[vc_row][vc_column][vc_column_text] Keratokonus und Blindheit Kann man durch Keratokonus erblinden? Es ist eine h\u00e4ufig gestellte Frage. Keratokonus ist eine fortschreitende angeborene Augenerkrankung. Allm\u00e4hlich die Zapfenbildung auf der Hornhaut und damit die Sehprobleme. Diese optischen Probleme werden allm\u00e4hlich immer schwerwiegender. Sie k\u00f6nnten zum Beispiel auf die Idee kommen, dass Sie durch Keratokonus<a class=\"moretag\" href=\"https:\/\/www.keratoconuscentrumnederland.nl\/de\/kann-man-durch-keratokonus-erblinden\/\">&#8230;<\/a><\/p>\n","protected":false},"author":1,"featured_media":0,"parent":0,"menu_order":0,"comment_status":"closed","ping_status":"closed","template":"","meta":{"inline_featured_image":false,"_glsr_average":0,"_glsr_ranking":0,"_glsr_reviews":0,"footnotes":""},"class_list":["post-1024","page","type-page","status-publish","hentry"],"yoast_head":"<!-- This site is optimized with the Yoast SEO plugin v27.2 - https:\/\/yoast.com\/product\/yoast-seo-wordpress\/ -->\n<title>Kann man durch Keratokonus erblinden? - Keratoconuscentrum Nederland<\/title>\n<meta name=\"description\" content=\"Kann man durch Keratokonus erblinden? Diese Frage wird oft gestellt. Das Keratokonus-Zentrum Niederlande erkl\u00e4rt Ihnen, warum dies nicht der Fall ist.\" \/>\n<meta name=\"robots\" content=\"index, follow, max-snippet:-1, max-image-preview:large, max-video-preview:-1\" \/>\n<link rel=\"canonical\" href=\"https:\/\/www.keratoconuscentrumnederland.nl\/de\/kann-man-durch-keratokonus-erblinden\/\" \/>\n<meta property=\"og:locale\" content=\"de_DE\" \/>\n<meta property=\"og:type\" content=\"article\" \/>\n<meta property=\"og:title\" content=\"Kann man durch Keratokonus erblinden? - Keratoconuscentrum Nederland\" \/>\n<meta property=\"og:description\" content=\"Kann man durch Keratokonus erblinden? Diese Frage wird oft gestellt. Das Keratokonus-Zentrum Niederlande erkl\u00e4rt Ihnen, warum dies nicht der Fall ist.\" \/>\n<meta property=\"og:url\" content=\"https:\/\/www.keratoconuscentrumnederland.nl\/de\/kann-man-durch-keratokonus-erblinden\/\" \/>\n<meta property=\"og:site_name\" content=\"Keratoconuscentrum Nederland\" \/>\n<meta property=\"article:modified_time\" content=\"2022-04-15T09:54:47+00:00\" \/>\n<meta name=\"twitter:card\" content=\"summary_large_image\" \/>\n<meta name=\"twitter:label1\" content=\"Gesch\u00e4tzte Lesezeit\" \/>\n\t<meta name=\"twitter:data1\" content=\"1\u00a0Minute\" \/>\n<script type=\"application\/ld+json\" class=\"yoast-schema-graph\">{\"@context\":\"https:\/\/schema.org\",\"@graph\":[{\"@type\":\"WebPage\",\"@id\":\"https:\/\/www.keratoconuscentrumnederland.nl\/de\/kann-man-durch-keratokonus-erblinden\/\",\"url\":\"https:\/\/www.keratoconuscentrumnederland.nl\/de\/kann-man-durch-keratokonus-erblinden\/\",\"name\":\"Kann man durch Keratokonus erblinden? - Keratoconuscentrum Nederland\",\"isPartOf\":{\"@id\":\"https:\/\/www.keratoconuscentrumnederland.nl\/de\/#website\"},\"datePublished\":\"2022-01-14T09:02:56+00:00\",\"dateModified\":\"2022-04-15T09:54:47+00:00\",\"description\":\"Kann man durch Keratokonus erblinden? Diese Frage wird oft gestellt. Das Keratokonus-Zentrum Niederlande erkl\u00e4rt Ihnen, warum dies nicht der Fall ist.\",\"breadcrumb\":{\"@id\":\"https:\/\/www.keratoconuscentrumnederland.nl\/de\/kann-man-durch-keratokonus-erblinden\/#breadcrumb\"},\"inLanguage\":\"de\",\"potentialAction\":[{\"@type\":\"ReadAction\",\"target\":[\"https:\/\/www.keratoconuscentrumnederland.nl\/de\/kann-man-durch-keratokonus-erblinden\/\"]}]},{\"@type\":\"BreadcrumbList\",\"@id\":\"https:\/\/www.keratoconuscentrumnederland.nl\/de\/kann-man-durch-keratokonus-erblinden\/#breadcrumb\",\"itemListElement\":[{\"@type\":\"ListItem\",\"position\":1,\"name\":\"Home\",\"item\":\"https:\/\/www.keratoconuscentrumnederland.nl\/de\/keratokonus-zentrum\/\"},{\"@type\":\"ListItem\",\"position\":2,\"name\":\"Kann man durch Keratokonus erblinden?\"}]},{\"@type\":\"WebSite\",\"@id\":\"https:\/\/www.keratoconuscentrumnederland.nl\/de\/#website\",\"url\":\"https:\/\/www.keratoconuscentrumnederland.nl\/de\/\",\"name\":\"Keratoconuscentrum Nederland\",\"description\":\"\",\"publisher\":{\"@id\":\"https:\/\/www.keratoconuscentrumnederland.nl\/de\/#organization\"},\"potentialAction\":[{\"@type\":\"SearchAction\",\"target\":{\"@type\":\"EntryPoint\",\"urlTemplate\":\"https:\/\/www.keratoconuscentrumnederland.nl\/de\/?s={search_term_string}\"},\"query-input\":{\"@type\":\"PropertyValueSpecification\",\"valueRequired\":true,\"valueName\":\"search_term_string\"}}],\"inLanguage\":\"de\"},{\"@type\":\"Organization\",\"@id\":\"https:\/\/www.keratoconuscentrumnederland.nl\/de\/#organization\",\"name\":\"Keratoconuscentrum Nederland\",\"url\":\"https:\/\/www.keratoconuscentrumnederland.nl\/de\/\",\"logo\":{\"@type\":\"ImageObject\",\"inLanguage\":\"de\",\"@id\":\"https:\/\/www.keratoconuscentrumnederland.nl\/de\/#\/schema\/logo\/image\/\",\"url\":\"https:\/\/www.keratoconuscentrumnederland.nl\/wp-content\/uploads\/logo-keratocuscentrum-nederland.png\",\"contentUrl\":\"https:\/\/www.keratoconuscentrumnederland.nl\/wp-content\/uploads\/logo-keratocuscentrum-nederland.png\",\"width\":223,\"height\":97,\"caption\":\"Keratoconuscentrum Nederland\"},\"image\":{\"@id\":\"https:\/\/www.keratoconuscentrumnederland.nl\/de\/#\/schema\/logo\/image\/\"}}]}<\/script>\n<!-- \/ Yoast SEO plugin. -->","yoast_head_json":{"title":"Kann man durch Keratokonus erblinden? - Keratoconuscentrum Nederland","description":"Kann man durch Keratokonus erblinden? Diese Frage wird oft gestellt. Das Keratokonus-Zentrum Niederlande erkl\u00e4rt Ihnen, warum dies nicht der Fall ist.","robots":{"index":"index","follow":"follow","max-snippet":"max-snippet:-1","max-image-preview":"max-image-preview:large","max-video-preview":"max-video-preview:-1"},"canonical":"https:\/\/www.keratoconuscentrumnederland.nl\/de\/kann-man-durch-keratokonus-erblinden\/","og_locale":"de_DE","og_type":"article","og_title":"Kann man durch Keratokonus erblinden? - Keratoconuscentrum Nederland","og_description":"Kann man durch Keratokonus erblinden? Diese Frage wird oft gestellt. Das Keratokonus-Zentrum Niederlande erkl\u00e4rt Ihnen, warum dies nicht der Fall ist.","og_url":"https:\/\/www.keratoconuscentrumnederland.nl\/de\/kann-man-durch-keratokonus-erblinden\/","og_site_name":"Keratoconuscentrum Nederland","article_modified_time":"2022-04-15T09:54:47+00:00","twitter_card":"summary_large_image","twitter_misc":{"Gesch\u00e4tzte Lesezeit":"1\u00a0Minute"},"schema":{"@context":"https:\/\/schema.org","@graph":[{"@type":"WebPage","@id":"https:\/\/www.keratoconuscentrumnederland.nl\/de\/kann-man-durch-keratokonus-erblinden\/","url":"https:\/\/www.keratoconuscentrumnederland.nl\/de\/kann-man-durch-keratokonus-erblinden\/","name":"Kann man durch Keratokonus erblinden? - Keratoconuscentrum Nederland","isPartOf":{"@id":"https:\/\/www.keratoconuscentrumnederland.nl\/de\/#website"},"datePublished":"2022-01-14T09:02:56+00:00","dateModified":"2022-04-15T09:54:47+00:00","description":"Kann man durch Keratokonus erblinden? Diese Frage wird oft gestellt. Das Keratokonus-Zentrum Niederlande erkl\u00e4rt Ihnen, warum dies nicht der Fall ist.","breadcrumb":{"@id":"https:\/\/www.keratoconuscentrumnederland.nl\/de\/kann-man-durch-keratokonus-erblinden\/#breadcrumb"},"inLanguage":"de","potentialAction":[{"@type":"ReadAction","target":["https:\/\/www.keratoconuscentrumnederland.nl\/de\/kann-man-durch-keratokonus-erblinden\/"]}]},{"@type":"BreadcrumbList","@id":"https:\/\/www.keratoconuscentrumnederland.nl\/de\/kann-man-durch-keratokonus-erblinden\/#breadcrumb","itemListElement":[{"@type":"ListItem","position":1,"name":"Home","item":"https:\/\/www.keratoconuscentrumnederland.nl\/de\/keratokonus-zentrum\/"},{"@type":"ListItem","position":2,"name":"Kann man durch Keratokonus erblinden?"}]},{"@type":"WebSite","@id":"https:\/\/www.keratoconuscentrumnederland.nl\/de\/#website","url":"https:\/\/www.keratoconuscentrumnederland.nl\/de\/","name":"Keratoconuscentrum Nederland","description":"","publisher":{"@id":"https:\/\/www.keratoconuscentrumnederland.nl\/de\/#organization"},"potentialAction":[{"@type":"SearchAction","target":{"@type":"EntryPoint","urlTemplate":"https:\/\/www.keratoconuscentrumnederland.nl\/de\/?s={search_term_string}"},"query-input":{"@type":"PropertyValueSpecification","valueRequired":true,"valueName":"search_term_string"}}],"inLanguage":"de"},{"@type":"Organization","@id":"https:\/\/www.keratoconuscentrumnederland.nl\/de\/#organization","name":"Keratoconuscentrum Nederland","url":"https:\/\/www.keratoconuscentrumnederland.nl\/de\/","logo":{"@type":"ImageObject","inLanguage":"de","@id":"https:\/\/www.keratoconuscentrumnederland.nl\/de\/#\/schema\/logo\/image\/","url":"https:\/\/www.keratoconuscentrumnederland.nl\/wp-content\/uploads\/logo-keratocuscentrum-nederland.png","contentUrl":"https:\/\/www.keratoconuscentrumnederland.nl\/wp-content\/uploads\/logo-keratocuscentrum-nederland.png","width":223,"height":97,"caption":"Keratoconuscentrum Nederland"},"image":{"@id":"https:\/\/www.keratoconuscentrumnederland.nl\/de\/#\/schema\/logo\/image\/"}}]}},"_links":{"self":[{"href":"https:\/\/www.keratoconuscentrumnederland.nl\/de\/wp-json\/wp\/v2\/pages\/1024","targetHints":{"allow":["GET"]}}],"collection":[{"href":"https:\/\/www.keratoconuscentrumnederland.nl\/de\/wp-json\/wp\/v2\/pages"}],"about":[{"href":"https:\/\/www.keratoconuscentrumnederland.nl\/de\/wp-json\/wp\/v2\/types\/page"}],"author":[{"embeddable":true,"href":"https:\/\/www.keratoconuscentrumnederland.nl\/de\/wp-json\/wp\/v2\/users\/1"}],"replies":[{"embeddable":true,"href":"https:\/\/www.keratoconuscentrumnederland.nl\/de\/wp-json\/wp\/v2\/comments?post=1024"}],"version-history":[{"count":1,"href":"https:\/\/www.keratoconuscentrumnederland.nl\/de\/wp-json\/wp\/v2\/pages\/1024\/revisions"}],"predecessor-version":[{"id":1049,"href":"https:\/\/www.keratoconuscentrumnederland.nl\/de\/wp-json\/wp\/v2\/pages\/1024\/revisions\/1049"}],"wp:attachment":[{"href":"https:\/\/www.keratoconuscentrumnederland.nl\/de\/wp-json\/wp\/v2\/media?parent=1024"}],"curies":[{"name":"wp","href":"https:\/\/api.w.org\/{rel}","templated":true}]}}