{"id":1071,"date":"2022-01-14T09:48:07","date_gmt":"2022-01-14T08:48:07","guid":{"rendered":"https:\/\/www.keratoconuscentrumnederland.nl\/kopfschmerzen-mit-keratokonus\/"},"modified":"2022-04-15T12:02:08","modified_gmt":"2022-04-15T10:02:08","slug":"kopfschmerzen-mit-keratokonus","status":"publish","type":"page","link":"https:\/\/www.keratoconuscentrumnederland.nl\/de\/kopfschmerzen-mit-keratokonus\/","title":{"rendered":"Kopfschmerzen mit Keratokonus"},"content":{"rendered":"<p>[vc_row][vc_column][vc_column_text]<\/p>\n<h2>Warum Keratokonus Kopfschmerzen verursachen kann<\/h2>\n<p>Kopfschmerzen haben viele Ursachen. Trotzdem wird die Beschwerde regelm\u00e4\u00dfig als Kopfschmerz bezeichnet, wenn gutes Sehen viel Anstrengung erfordert. Das Zusammendr\u00fccken der Augen wird h\u00e4ufig von Patienten mit Keratokonus angewendet. Die Anspannung der Gesichtsmuskulatur kann zu Kopfschmerzen f\u00fchren. Auch der Aufwand, aus dem unscharfen Bild gen\u00fcgend Informationen zu extrahieren, kann Kopfschmerzen bereiten. L\u00e4ngere Anstrengung kann durchaus zu dieser Beschwerde f\u00fchren. Die Lichtempfindlichkeit erschwert auch das Sehen und jemand mit Keratokonus kann \u00fcber M\u00fcdigkeit und Kopfschmerzen klagen. Nicht jeder leidet unter Keratokonus-Kopfschmerzen. Bisher ist unklar, warum diese Beschwerden bei manchen Patienten auftreten.<\/p>\n<h2>Reduzieren Sie Kopfschmerzen und verbessern Sie das Sehverm\u00f6gen<\/h2>\n<p>Sklerallinsen mit Conepower-Technologie verbessern das Seh- und Kontrastempfinden Ihrer Augen. Dadurch k\u00f6nnen Sie besonders nachts sch\u00e4rfer sehen. Auch weiche Keratokonus-Kontaktlinsen mit Conepower-Technologie k\u00f6nnen das Sehverm\u00f6gen stark verbessern. Viele Patienten mit Keratokonus besitzen keine Brille. Bei vor\u00fcbergehender Intoleranz k\u00f6nnen sie nicht mehr gut sehen. Auch in dieser Situation ist mit einem schnelleren Auftreten von Kopfschmerzsymptomen zu rechnen. Eine Pilotstudie des Keratokonus-Zentrums in den Niederlanden zeigt, dass mehr als 70 % der Keratokonus-Patienten eine Brille verschrieben werden k\u00f6nnte, mit der sie deutlich klarer sehen k\u00f6nnten als ohne Brillenkorrektur. Auch das Tragen einer Brille kann Kopfschmerzen verursachen. Diese Kopfschmerzen, die haupts\u00e4chlich \u00fcber den Augenbrauen zu sp\u00fcren sind, werden jedoch vor\u00fcbergehend sein. Nach einiger Gew\u00f6hnung verschwindet diese Art von Kopfschmerzen von selbst.<\/p>\n<h2>Probieren Sie auch eine Keratokonus-Brille aus?<\/h2>\n<p>M\u00f6chten Sie auch diese neuen Keratokonus-Linsen ausprobieren? Dann vereinbaren Sie schnell einen Termin f\u00fcr einen Sehtest, indem Sie das Kontaktformular ausf\u00fcllen.[\/vc_column_text][\/vc_column][\/vc_row]<\/p>\n","protected":false},"excerpt":{"rendered":"<p>[vc_row][vc_column][vc_column_text] Warum Keratokonus Kopfschmerzen verursachen kann Kopfschmerzen haben viele Ursachen. Trotzdem wird die Beschwerde regelm\u00e4\u00dfig als Kopfschmerz bezeichnet, wenn gutes Sehen viel Anstrengung erfordert. Das Zusammendr\u00fccken der Augen wird h\u00e4ufig von Patienten mit Keratokonus angewendet. Die Anspannung der Gesichtsmuskulatur kann zu Kopfschmerzen f\u00fchren. Auch der Aufwand, aus dem unscharfen Bild<a class=\"moretag\" href=\"https:\/\/www.keratoconuscentrumnederland.nl\/de\/kopfschmerzen-mit-keratokonus\/\">&#8230;<\/a><\/p>\n","protected":false},"author":1,"featured_media":0,"parent":0,"menu_order":0,"comment_status":"closed","ping_status":"closed","template":"","meta":{"inline_featured_image":false,"_glsr_average":0,"_glsr_ranking":0,"_glsr_reviews":0,"footnotes":""},"class_list":["post-1071","page","type-page","status-publish","hentry"],"yoast_head":"<!-- This site is optimized with the Yoast SEO plugin v27.2 - https:\/\/yoast.com\/product\/yoast-seo-wordpress\/ -->\n<title>Kopfschmerzen mit Keratokonus - Keratoconuscentrum Nederland<\/title>\n<meta name=\"description\" content=\"Keratokonus kann Kopfschmerzen verursachen. Das Sehverm\u00f6gen verschlechtert sich langsam, was ein gutes Sehen immer schwieriger macht. Die Folge sind Kopfschmerzen.\" \/>\n<meta name=\"robots\" content=\"index, follow, max-snippet:-1, max-image-preview:large, max-video-preview:-1\" \/>\n<link rel=\"canonical\" href=\"https:\/\/www.keratoconuscentrumnederland.nl\/de\/kopfschmerzen-mit-keratokonus\/\" \/>\n<meta property=\"og:locale\" content=\"de_DE\" \/>\n<meta property=\"og:type\" content=\"article\" \/>\n<meta property=\"og:title\" content=\"Kopfschmerzen mit Keratokonus - Keratoconuscentrum Nederland\" \/>\n<meta property=\"og:description\" content=\"Keratokonus kann Kopfschmerzen verursachen. Das Sehverm\u00f6gen verschlechtert sich langsam, was ein gutes Sehen immer schwieriger macht. Die Folge sind Kopfschmerzen.\" \/>\n<meta property=\"og:url\" content=\"https:\/\/www.keratoconuscentrumnederland.nl\/de\/kopfschmerzen-mit-keratokonus\/\" \/>\n<meta property=\"og:site_name\" content=\"Keratoconuscentrum Nederland\" \/>\n<meta property=\"article:modified_time\" content=\"2022-04-15T10:02:08+00:00\" \/>\n<meta name=\"twitter:card\" content=\"summary_large_image\" \/>\n<meta name=\"twitter:label1\" content=\"Gesch\u00e4tzte Lesezeit\" \/>\n\t<meta name=\"twitter:data1\" content=\"1\u00a0Minute\" \/>\n<script type=\"application\/ld+json\" class=\"yoast-schema-graph\">{\"@context\":\"https:\/\/schema.org\",\"@graph\":[{\"@type\":\"WebPage\",\"@id\":\"https:\/\/www.keratoconuscentrumnederland.nl\/de\/kopfschmerzen-mit-keratokonus\/\",\"url\":\"https:\/\/www.keratoconuscentrumnederland.nl\/de\/kopfschmerzen-mit-keratokonus\/\",\"name\":\"Kopfschmerzen mit Keratokonus - Keratoconuscentrum Nederland\",\"isPartOf\":{\"@id\":\"https:\/\/www.keratoconuscentrumnederland.nl\/de\/#website\"},\"datePublished\":\"2022-01-14T08:48:07+00:00\",\"dateModified\":\"2022-04-15T10:02:08+00:00\",\"description\":\"Keratokonus kann Kopfschmerzen verursachen. Das Sehverm\u00f6gen verschlechtert sich langsam, was ein gutes Sehen immer schwieriger macht. Die Folge sind Kopfschmerzen.\",\"breadcrumb\":{\"@id\":\"https:\/\/www.keratoconuscentrumnederland.nl\/de\/kopfschmerzen-mit-keratokonus\/#breadcrumb\"},\"inLanguage\":\"de\",\"potentialAction\":[{\"@type\":\"ReadAction\",\"target\":[\"https:\/\/www.keratoconuscentrumnederland.nl\/de\/kopfschmerzen-mit-keratokonus\/\"]}]},{\"@type\":\"BreadcrumbList\",\"@id\":\"https:\/\/www.keratoconuscentrumnederland.nl\/de\/kopfschmerzen-mit-keratokonus\/#breadcrumb\",\"itemListElement\":[{\"@type\":\"ListItem\",\"position\":1,\"name\":\"Home\",\"item\":\"https:\/\/www.keratoconuscentrumnederland.nl\/de\/keratokonus-zentrum\/\"},{\"@type\":\"ListItem\",\"position\":2,\"name\":\"Kopfschmerzen mit Keratokonus\"}]},{\"@type\":\"WebSite\",\"@id\":\"https:\/\/www.keratoconuscentrumnederland.nl\/de\/#website\",\"url\":\"https:\/\/www.keratoconuscentrumnederland.nl\/de\/\",\"name\":\"Keratoconuscentrum Nederland\",\"description\":\"\",\"publisher\":{\"@id\":\"https:\/\/www.keratoconuscentrumnederland.nl\/de\/#organization\"},\"potentialAction\":[{\"@type\":\"SearchAction\",\"target\":{\"@type\":\"EntryPoint\",\"urlTemplate\":\"https:\/\/www.keratoconuscentrumnederland.nl\/de\/?s={search_term_string}\"},\"query-input\":{\"@type\":\"PropertyValueSpecification\",\"valueRequired\":true,\"valueName\":\"search_term_string\"}}],\"inLanguage\":\"de\"},{\"@type\":\"Organization\",\"@id\":\"https:\/\/www.keratoconuscentrumnederland.nl\/de\/#organization\",\"name\":\"Keratoconuscentrum Nederland\",\"url\":\"https:\/\/www.keratoconuscentrumnederland.nl\/de\/\",\"logo\":{\"@type\":\"ImageObject\",\"inLanguage\":\"de\",\"@id\":\"https:\/\/www.keratoconuscentrumnederland.nl\/de\/#\/schema\/logo\/image\/\",\"url\":\"https:\/\/www.keratoconuscentrumnederland.nl\/wp-content\/uploads\/logo-keratocuscentrum-nederland.png\",\"contentUrl\":\"https:\/\/www.keratoconuscentrumnederland.nl\/wp-content\/uploads\/logo-keratocuscentrum-nederland.png\",\"width\":223,\"height\":97,\"caption\":\"Keratoconuscentrum Nederland\"},\"image\":{\"@id\":\"https:\/\/www.keratoconuscentrumnederland.nl\/de\/#\/schema\/logo\/image\/\"}}]}<\/script>\n<!-- \/ Yoast SEO plugin. -->","yoast_head_json":{"title":"Kopfschmerzen mit Keratokonus - Keratoconuscentrum Nederland","description":"Keratokonus kann Kopfschmerzen verursachen. Das Sehverm\u00f6gen verschlechtert sich langsam, was ein gutes Sehen immer schwieriger macht. Die Folge sind Kopfschmerzen.","robots":{"index":"index","follow":"follow","max-snippet":"max-snippet:-1","max-image-preview":"max-image-preview:large","max-video-preview":"max-video-preview:-1"},"canonical":"https:\/\/www.keratoconuscentrumnederland.nl\/de\/kopfschmerzen-mit-keratokonus\/","og_locale":"de_DE","og_type":"article","og_title":"Kopfschmerzen mit Keratokonus - Keratoconuscentrum Nederland","og_description":"Keratokonus kann Kopfschmerzen verursachen. Das Sehverm\u00f6gen verschlechtert sich langsam, was ein gutes Sehen immer schwieriger macht. Die Folge sind Kopfschmerzen.","og_url":"https:\/\/www.keratoconuscentrumnederland.nl\/de\/kopfschmerzen-mit-keratokonus\/","og_site_name":"Keratoconuscentrum Nederland","article_modified_time":"2022-04-15T10:02:08+00:00","twitter_card":"summary_large_image","twitter_misc":{"Gesch\u00e4tzte Lesezeit":"1\u00a0Minute"},"schema":{"@context":"https:\/\/schema.org","@graph":[{"@type":"WebPage","@id":"https:\/\/www.keratoconuscentrumnederland.nl\/de\/kopfschmerzen-mit-keratokonus\/","url":"https:\/\/www.keratoconuscentrumnederland.nl\/de\/kopfschmerzen-mit-keratokonus\/","name":"Kopfschmerzen mit Keratokonus - Keratoconuscentrum Nederland","isPartOf":{"@id":"https:\/\/www.keratoconuscentrumnederland.nl\/de\/#website"},"datePublished":"2022-01-14T08:48:07+00:00","dateModified":"2022-04-15T10:02:08+00:00","description":"Keratokonus kann Kopfschmerzen verursachen. Das Sehverm\u00f6gen verschlechtert sich langsam, was ein gutes Sehen immer schwieriger macht. Die Folge sind Kopfschmerzen.","breadcrumb":{"@id":"https:\/\/www.keratoconuscentrumnederland.nl\/de\/kopfschmerzen-mit-keratokonus\/#breadcrumb"},"inLanguage":"de","potentialAction":[{"@type":"ReadAction","target":["https:\/\/www.keratoconuscentrumnederland.nl\/de\/kopfschmerzen-mit-keratokonus\/"]}]},{"@type":"BreadcrumbList","@id":"https:\/\/www.keratoconuscentrumnederland.nl\/de\/kopfschmerzen-mit-keratokonus\/#breadcrumb","itemListElement":[{"@type":"ListItem","position":1,"name":"Home","item":"https:\/\/www.keratoconuscentrumnederland.nl\/de\/keratokonus-zentrum\/"},{"@type":"ListItem","position":2,"name":"Kopfschmerzen mit Keratokonus"}]},{"@type":"WebSite","@id":"https:\/\/www.keratoconuscentrumnederland.nl\/de\/#website","url":"https:\/\/www.keratoconuscentrumnederland.nl\/de\/","name":"Keratoconuscentrum Nederland","description":"","publisher":{"@id":"https:\/\/www.keratoconuscentrumnederland.nl\/de\/#organization"},"potentialAction":[{"@type":"SearchAction","target":{"@type":"EntryPoint","urlTemplate":"https:\/\/www.keratoconuscentrumnederland.nl\/de\/?s={search_term_string}"},"query-input":{"@type":"PropertyValueSpecification","valueRequired":true,"valueName":"search_term_string"}}],"inLanguage":"de"},{"@type":"Organization","@id":"https:\/\/www.keratoconuscentrumnederland.nl\/de\/#organization","name":"Keratoconuscentrum Nederland","url":"https:\/\/www.keratoconuscentrumnederland.nl\/de\/","logo":{"@type":"ImageObject","inLanguage":"de","@id":"https:\/\/www.keratoconuscentrumnederland.nl\/de\/#\/schema\/logo\/image\/","url":"https:\/\/www.keratoconuscentrumnederland.nl\/wp-content\/uploads\/logo-keratocuscentrum-nederland.png","contentUrl":"https:\/\/www.keratoconuscentrumnederland.nl\/wp-content\/uploads\/logo-keratocuscentrum-nederland.png","width":223,"height":97,"caption":"Keratoconuscentrum Nederland"},"image":{"@id":"https:\/\/www.keratoconuscentrumnederland.nl\/de\/#\/schema\/logo\/image\/"}}]}},"_links":{"self":[{"href":"https:\/\/www.keratoconuscentrumnederland.nl\/de\/wp-json\/wp\/v2\/pages\/1071","targetHints":{"allow":["GET"]}}],"collection":[{"href":"https:\/\/www.keratoconuscentrumnederland.nl\/de\/wp-json\/wp\/v2\/pages"}],"about":[{"href":"https:\/\/www.keratoconuscentrumnederland.nl\/de\/wp-json\/wp\/v2\/types\/page"}],"author":[{"embeddable":true,"href":"https:\/\/www.keratoconuscentrumnederland.nl\/de\/wp-json\/wp\/v2\/users\/1"}],"replies":[{"embeddable":true,"href":"https:\/\/www.keratoconuscentrumnederland.nl\/de\/wp-json\/wp\/v2\/comments?post=1071"}],"version-history":[{"count":10,"href":"https:\/\/www.keratoconuscentrumnederland.nl\/de\/wp-json\/wp\/v2\/pages\/1071\/revisions"}],"predecessor-version":[{"id":1245,"href":"https:\/\/www.keratoconuscentrumnederland.nl\/de\/wp-json\/wp\/v2\/pages\/1071\/revisions\/1245"}],"wp:attachment":[{"href":"https:\/\/www.keratoconuscentrumnederland.nl\/de\/wp-json\/wp\/v2\/media?parent=1071"}],"curies":[{"name":"wp","href":"https:\/\/api.w.org\/{rel}","templated":true}]}}