{"id":1077,"date":"2022-01-14T09:31:36","date_gmt":"2022-01-14T08:31:36","guid":{"rendered":"https:\/\/www.keratoconuscentrumnederland.nl\/intakt\/"},"modified":"2022-04-15T12:02:08","modified_gmt":"2022-04-15T10:02:08","slug":"intakt","status":"publish","type":"page","link":"https:\/\/www.keratoconuscentrumnederland.nl\/de\/intakt\/","title":{"rendered":"intakt"},"content":{"rendered":"<p>[vc_row][vc_column][vc_column_text]<\/p>\n<h2>Implantation von Ringsegmenten in die Hornhaut<\/h2>\n<p>Zur Korrektur des Keratokonus kann der Augenarzt Intakte in die Hornhaut implantieren. Intakte sind d\u00fcnne halbkreisf\u00f6rmige Ringsegmente mit einer maximalen Dicke von 0,45 mm, die in die Hornhaut eingebracht werden. Diese Keraringe, wie auch Intakte genannt werden, bestehen aus klarem, k\u00f6rperfreundlichem Kunststoff. Dieses Material wird seit mehr als 50 Jahren f\u00fcr Kunstlinsen in der Kataraktchirurgie verwendet. Diese Ringe sorgen f\u00fcr zus\u00e4tzliches Volumen in der Hornhaut, wodurch die Form der Hornhaut an der Stelle der Ringe flacher wird. Dadurch wird die Kegelform weniger steil. Dies verleiht der unregelm\u00e4\u00dfigen Hornhaut eine regelm\u00e4\u00dfigere Form. Und das erleichtert die Korrektur mit Brille oder Kontaktlinsen erheblich.<\/p>\n<h2>Intacts f\u00fcr jeden geeignet?<\/h2>\n<p>Vor dem Einsetzen von Ringsegmenten ist eine umfassende augen\u00e4rztliche Untersuchung durch einen Augenarzt erforderlich. Der Augenarzt misst die St\u00e4rke und Sehsch\u00e4rfe des Auges. Au\u00dferdem wird die Kr\u00fcmmung der Hornhaut mit speziellen Ger\u00e4ten gemessen. An mehreren Stellen wird auch die Dicke der Hornhaut gemessen. Um diese Messungen sorgf\u00e4ltig vornehmen zu k\u00f6nnen, sollten Sie einige Wochen lang keine Kontaktlinsen tragen. Das Implantieren von Intakten ist f\u00fcr Personen gedacht, die ihre Kontaktlinsen nicht vertragen und die sich aufgrund einer klaren Hornhaut noch nicht f\u00fcr eine Hornhauttransplantation qualifizieren. Intakte k\u00f6nnen zu einer Verbesserung der Sehsch\u00e4rfe f\u00fchren. Es kann auch einfach sein, nach diesem Verfahren eine gute Brille zu verschreiben. Intacts sind nicht geeignet f\u00fcr Personen mit Narben auf der Hornhaut, Personen unter 21 Jahren, schwangere und stillende Frauen.<\/p>\n<h2>Platzieren von Intakten<\/h2>\n<p>Die Implantation von Intakten erfolgt in 3 Schritten unter \u00f6rtlicher Bet\u00e4ubung mit Tropfen und l\u00e4uft wie folgt ab:<\/p>\n<ul>\n<li>die Tunnel zu machen, in die die Intakten schlie\u00dflich eintreten<\/li>\n<li>Einf\u00fcgen der Intakten in die Tunnel<\/li>\n<li>Verschlie\u00dfen der Wunde mit einer Naht<\/li>\n<\/ul>\n<p>W\u00e4hrend der Herstellung der Tunnel wird der Druck im Auge k\u00fcnstlich durch einen Saugring erh\u00f6ht, der f\u00fcr eine Weile dunkel zu werden scheint. Der Eingriff dauert etwa 15 Minuten und ist nicht schmerzhaft.<\/p>\n<h2>Nach dem Platzieren von Intakten<\/h2>\n<p>Obwohl das Verfahren selbst nicht schmerzhaft ist, k\u00f6nnen Sie nach der Behandlung Augenschmerzen haben. Es kann ein brennendes Gef\u00fchl verursachen, das etwa einen Tag anh\u00e4lt. Ihr Auge kann auch einige Tage lang leicht \u00fcberempfindlich auf Licht reagieren. Nach der Implantation der Intakten erhalten Sie ein Rezept f\u00fcr 2 Arten von Augentropfen, die Sie nach der Operation etwa drei Wochen lang anwenden m\u00fcssen. Nachsorgeuntersuchungen sind sehr wichtig, um die weitere Behandlung festzulegen. Nach einem Monat wird gepr\u00fcft, ob eine Korrektur m\u00f6glich ist, die Sie wieder sehen l\u00e4sst. Bei Bedarf erhalten Sie eine Beratung f\u00fcr Kontaktlinsen oder Brillen.<\/p>\n<h2>Intakt in Kombination mit Vernetzung<\/h2>\n<p>In vielen F\u00e4llen wird die Anwendung von Intacts mit einer <a href=\"https:\/\/www.keratoconuscentrumnederland.nl\/de\/vernetzungsbehandlung\/\">Cross-Linking-Behandlung<\/a> kombiniert.[\/vc_column_text][\/vc_column][\/vc_row]<\/p>\n","protected":false},"excerpt":{"rendered":"<p>[vc_row][vc_column][vc_column_text] Implantation von Ringsegmenten in die Hornhaut Zur Korrektur des Keratokonus kann der Augenarzt Intakte in die Hornhaut implantieren. Intakte sind d\u00fcnne halbkreisf\u00f6rmige Ringsegmente mit einer maximalen Dicke von 0,45 mm, die in die Hornhaut eingebracht werden. Diese Keraringe, wie auch Intakte genannt werden, bestehen aus klarem, k\u00f6rperfreundlichem Kunststoff. Dieses<a class=\"moretag\" href=\"https:\/\/www.keratoconuscentrumnederland.nl\/de\/intakt\/\">&#8230;<\/a><\/p>\n","protected":false},"author":1,"featured_media":0,"parent":0,"menu_order":0,"comment_status":"closed","ping_status":"closed","template":"","meta":{"inline_featured_image":false,"_glsr_average":0,"_glsr_ranking":0,"_glsr_reviews":0,"footnotes":""},"class_list":["post-1077","page","type-page","status-publish","hentry"],"yoast_head":"<!-- This site is optimized with the Yoast SEO plugin v27.2 - https:\/\/yoast.com\/product\/yoast-seo-wordpress\/ -->\n<title>intakt - Keratoconuscentrum Nederland<\/title>\n<meta name=\"description\" content=\"Zur Behandlung des Keratokonus ist es m\u00f6glich, intakte Hornhaut implantieren zu lassen. Keratokonus Zentrum Niederlande informiert dar\u00fcber.\" \/>\n<meta name=\"robots\" content=\"index, follow, max-snippet:-1, max-image-preview:large, max-video-preview:-1\" \/>\n<link rel=\"canonical\" href=\"https:\/\/www.keratoconuscentrumnederland.nl\/de\/intakt\/\" \/>\n<meta property=\"og:locale\" content=\"de_DE\" \/>\n<meta property=\"og:type\" content=\"article\" \/>\n<meta property=\"og:title\" content=\"intakt - Keratoconuscentrum Nederland\" \/>\n<meta property=\"og:description\" content=\"Zur Behandlung des Keratokonus ist es m\u00f6glich, intakte Hornhaut implantieren zu lassen. Keratokonus Zentrum Niederlande informiert dar\u00fcber.\" \/>\n<meta property=\"og:url\" content=\"https:\/\/www.keratoconuscentrumnederland.nl\/de\/intakt\/\" \/>\n<meta property=\"og:site_name\" content=\"Keratoconuscentrum Nederland\" \/>\n<meta property=\"article:modified_time\" content=\"2022-04-15T10:02:08+00:00\" \/>\n<meta name=\"twitter:card\" content=\"summary_large_image\" \/>\n<meta name=\"twitter:label1\" content=\"Gesch\u00e4tzte Lesezeit\" \/>\n\t<meta name=\"twitter:data1\" content=\"2\u00a0Minuten\" \/>\n<script type=\"application\/ld+json\" class=\"yoast-schema-graph\">{\"@context\":\"https:\/\/schema.org\",\"@graph\":[{\"@type\":\"WebPage\",\"@id\":\"https:\/\/www.keratoconuscentrumnederland.nl\/de\/intakt\/\",\"url\":\"https:\/\/www.keratoconuscentrumnederland.nl\/de\/intakt\/\",\"name\":\"intakt - Keratoconuscentrum Nederland\",\"isPartOf\":{\"@id\":\"https:\/\/www.keratoconuscentrumnederland.nl\/de\/#website\"},\"datePublished\":\"2022-01-14T08:31:36+00:00\",\"dateModified\":\"2022-04-15T10:02:08+00:00\",\"description\":\"Zur Behandlung des Keratokonus ist es m\u00f6glich, intakte Hornhaut implantieren zu lassen. Keratokonus Zentrum Niederlande informiert dar\u00fcber.\",\"breadcrumb\":{\"@id\":\"https:\/\/www.keratoconuscentrumnederland.nl\/de\/intakt\/#breadcrumb\"},\"inLanguage\":\"de\",\"potentialAction\":[{\"@type\":\"ReadAction\",\"target\":[\"https:\/\/www.keratoconuscentrumnederland.nl\/de\/intakt\/\"]}]},{\"@type\":\"BreadcrumbList\",\"@id\":\"https:\/\/www.keratoconuscentrumnederland.nl\/de\/intakt\/#breadcrumb\",\"itemListElement\":[{\"@type\":\"ListItem\",\"position\":1,\"name\":\"Home\",\"item\":\"https:\/\/www.keratoconuscentrumnederland.nl\/de\/keratokonus-zentrum\/\"},{\"@type\":\"ListItem\",\"position\":2,\"name\":\"intakt\"}]},{\"@type\":\"WebSite\",\"@id\":\"https:\/\/www.keratoconuscentrumnederland.nl\/de\/#website\",\"url\":\"https:\/\/www.keratoconuscentrumnederland.nl\/de\/\",\"name\":\"Keratoconuscentrum Nederland\",\"description\":\"\",\"publisher\":{\"@id\":\"https:\/\/www.keratoconuscentrumnederland.nl\/de\/#organization\"},\"potentialAction\":[{\"@type\":\"SearchAction\",\"target\":{\"@type\":\"EntryPoint\",\"urlTemplate\":\"https:\/\/www.keratoconuscentrumnederland.nl\/de\/?s={search_term_string}\"},\"query-input\":{\"@type\":\"PropertyValueSpecification\",\"valueRequired\":true,\"valueName\":\"search_term_string\"}}],\"inLanguage\":\"de\"},{\"@type\":\"Organization\",\"@id\":\"https:\/\/www.keratoconuscentrumnederland.nl\/de\/#organization\",\"name\":\"Keratoconuscentrum Nederland\",\"url\":\"https:\/\/www.keratoconuscentrumnederland.nl\/de\/\",\"logo\":{\"@type\":\"ImageObject\",\"inLanguage\":\"de\",\"@id\":\"https:\/\/www.keratoconuscentrumnederland.nl\/de\/#\/schema\/logo\/image\/\",\"url\":\"https:\/\/www.keratoconuscentrumnederland.nl\/wp-content\/uploads\/logo-keratocuscentrum-nederland.png\",\"contentUrl\":\"https:\/\/www.keratoconuscentrumnederland.nl\/wp-content\/uploads\/logo-keratocuscentrum-nederland.png\",\"width\":223,\"height\":97,\"caption\":\"Keratoconuscentrum Nederland\"},\"image\":{\"@id\":\"https:\/\/www.keratoconuscentrumnederland.nl\/de\/#\/schema\/logo\/image\/\"}}]}<\/script>\n<!-- \/ Yoast SEO plugin. -->","yoast_head_json":{"title":"intakt - Keratoconuscentrum Nederland","description":"Zur Behandlung des Keratokonus ist es m\u00f6glich, intakte Hornhaut implantieren zu lassen. Keratokonus Zentrum Niederlande informiert dar\u00fcber.","robots":{"index":"index","follow":"follow","max-snippet":"max-snippet:-1","max-image-preview":"max-image-preview:large","max-video-preview":"max-video-preview:-1"},"canonical":"https:\/\/www.keratoconuscentrumnederland.nl\/de\/intakt\/","og_locale":"de_DE","og_type":"article","og_title":"intakt - Keratoconuscentrum Nederland","og_description":"Zur Behandlung des Keratokonus ist es m\u00f6glich, intakte Hornhaut implantieren zu lassen. Keratokonus Zentrum Niederlande informiert dar\u00fcber.","og_url":"https:\/\/www.keratoconuscentrumnederland.nl\/de\/intakt\/","og_site_name":"Keratoconuscentrum Nederland","article_modified_time":"2022-04-15T10:02:08+00:00","twitter_card":"summary_large_image","twitter_misc":{"Gesch\u00e4tzte Lesezeit":"2\u00a0Minuten"},"schema":{"@context":"https:\/\/schema.org","@graph":[{"@type":"WebPage","@id":"https:\/\/www.keratoconuscentrumnederland.nl\/de\/intakt\/","url":"https:\/\/www.keratoconuscentrumnederland.nl\/de\/intakt\/","name":"intakt - Keratoconuscentrum Nederland","isPartOf":{"@id":"https:\/\/www.keratoconuscentrumnederland.nl\/de\/#website"},"datePublished":"2022-01-14T08:31:36+00:00","dateModified":"2022-04-15T10:02:08+00:00","description":"Zur Behandlung des Keratokonus ist es m\u00f6glich, intakte Hornhaut implantieren zu lassen. Keratokonus Zentrum Niederlande informiert dar\u00fcber.","breadcrumb":{"@id":"https:\/\/www.keratoconuscentrumnederland.nl\/de\/intakt\/#breadcrumb"},"inLanguage":"de","potentialAction":[{"@type":"ReadAction","target":["https:\/\/www.keratoconuscentrumnederland.nl\/de\/intakt\/"]}]},{"@type":"BreadcrumbList","@id":"https:\/\/www.keratoconuscentrumnederland.nl\/de\/intakt\/#breadcrumb","itemListElement":[{"@type":"ListItem","position":1,"name":"Home","item":"https:\/\/www.keratoconuscentrumnederland.nl\/de\/keratokonus-zentrum\/"},{"@type":"ListItem","position":2,"name":"intakt"}]},{"@type":"WebSite","@id":"https:\/\/www.keratoconuscentrumnederland.nl\/de\/#website","url":"https:\/\/www.keratoconuscentrumnederland.nl\/de\/","name":"Keratoconuscentrum Nederland","description":"","publisher":{"@id":"https:\/\/www.keratoconuscentrumnederland.nl\/de\/#organization"},"potentialAction":[{"@type":"SearchAction","target":{"@type":"EntryPoint","urlTemplate":"https:\/\/www.keratoconuscentrumnederland.nl\/de\/?s={search_term_string}"},"query-input":{"@type":"PropertyValueSpecification","valueRequired":true,"valueName":"search_term_string"}}],"inLanguage":"de"},{"@type":"Organization","@id":"https:\/\/www.keratoconuscentrumnederland.nl\/de\/#organization","name":"Keratoconuscentrum Nederland","url":"https:\/\/www.keratoconuscentrumnederland.nl\/de\/","logo":{"@type":"ImageObject","inLanguage":"de","@id":"https:\/\/www.keratoconuscentrumnederland.nl\/de\/#\/schema\/logo\/image\/","url":"https:\/\/www.keratoconuscentrumnederland.nl\/wp-content\/uploads\/logo-keratocuscentrum-nederland.png","contentUrl":"https:\/\/www.keratoconuscentrumnederland.nl\/wp-content\/uploads\/logo-keratocuscentrum-nederland.png","width":223,"height":97,"caption":"Keratoconuscentrum Nederland"},"image":{"@id":"https:\/\/www.keratoconuscentrumnederland.nl\/de\/#\/schema\/logo\/image\/"}}]}},"_links":{"self":[{"href":"https:\/\/www.keratoconuscentrumnederland.nl\/de\/wp-json\/wp\/v2\/pages\/1077","targetHints":{"allow":["GET"]}}],"collection":[{"href":"https:\/\/www.keratoconuscentrumnederland.nl\/de\/wp-json\/wp\/v2\/pages"}],"about":[{"href":"https:\/\/www.keratoconuscentrumnederland.nl\/de\/wp-json\/wp\/v2\/types\/page"}],"author":[{"embeddable":true,"href":"https:\/\/www.keratoconuscentrumnederland.nl\/de\/wp-json\/wp\/v2\/users\/1"}],"replies":[{"embeddable":true,"href":"https:\/\/www.keratoconuscentrumnederland.nl\/de\/wp-json\/wp\/v2\/comments?post=1077"}],"version-history":[{"count":10,"href":"https:\/\/www.keratoconuscentrumnederland.nl\/de\/wp-json\/wp\/v2\/pages\/1077\/revisions"}],"predecessor-version":[{"id":1265,"href":"https:\/\/www.keratoconuscentrumnederland.nl\/de\/wp-json\/wp\/v2\/pages\/1077\/revisions\/1265"}],"wp:attachment":[{"href":"https:\/\/www.keratoconuscentrumnederland.nl\/de\/wp-json\/wp\/v2\/media?parent=1077"}],"curies":[{"name":"wp","href":"https:\/\/api.w.org\/{rel}","templated":true}]}}