{"id":1079,"date":"2022-01-14T09:39:36","date_gmt":"2022-01-14T08:39:36","guid":{"rendered":"https:\/\/www.keratoconuscentrumnederland.nl\/keratokonus-brille\/"},"modified":"2022-04-15T12:02:08","modified_gmt":"2022-04-15T10:02:08","slug":"keratokonus-brille","status":"publish","type":"page","link":"https:\/\/www.keratoconuscentrumnederland.nl\/de\/keratokonus-brille\/","title":{"rendered":"Keratokonus-Brille"},"content":{"rendered":"<p>[vc_row][vc_column][vc_column_text]<\/p>\n<h2>Keratokonus-Linsen<\/h2>\n<p>Das Keratokonus-Zentrum in den Niederlanden hat speziell f\u00fcr die Korrektur von Keratokonus Brillengl\u00e4ser entwickelt, die es Menschen mit dieser Erkrankung erm\u00f6glichen, weiterhin eine Brille zu tragen. Bis vor kurzem standen zur Korrektur des Keratokonus nur Plus-, Minus- und Zylinderlinsen zur Verf\u00fcgung. Diese Brille ist eigentlich f\u00fcr die Korrektur von Kurzsichtigkeit, Weitsichtigkeit und Hornhautverkr\u00fcmmung gedacht. So gibt es jetzt von uns entwickelte Keratokonuslinsen, die bei \u00fcber 70 % der Messungen ein besseres Ergebnis liefern als normale Linsen.\n<\/p>\n<h2>Neu: die Keratokonus-Brille<\/h2>\n<p>Viele Keratokonus-Patienten haben einen starken Wunsch nach einer Brille. Eine Brille bietet ihnen die M\u00f6glichkeit, beispielsweise bei einer (vor\u00fcbergehenden) Unvertr\u00e4glichkeit der Kontaktlinsen eine Zeit lang keine Kontaktlinsen tragen zu m\u00fcssen. Das abwechselnde Tragen von Kontaktlinsen mit einer Brille kann den Tragekomfort der Kontaktlinsen erh\u00f6hen. Das Tragen von Kontaktlinsen \u00fcber einen k\u00fcrzeren Zeitraum verringert auch das Risiko von Komplikationen.\n<\/p>\n<h2>Keratokonus-Linsen: mehr Sch\u00e4rfe, weniger Schatten<\/h2>\n<p>Die von uns entwickelten Keratokonus-Linsen sind erst seit Januar 2020 erh\u00e4ltlich. Eine Pilotstudie zeigt, dass bei 2\/3 der Messungen eine Brille verordnet werden kann. Die Keratokonus-Linse verbessert nicht nur die Sicht, sondern vor allem die subjektive Bewertung der wahrgenommenen Schatten und Geister. Mit Keratokonuslinsen ergeben sich neue M\u00f6glichkeiten, die Augen von Menschen mit Keratokonus zu korrigieren.\n<\/p>\n<h2>M\u00f6chten Sie Keratokonus-Linsen ausprobieren?<br \/>\n<\/h2>\n<p>M\u00f6chten Sie auch diese neuen Keratokonus-Linsen ausprobieren? Dann vereinbaren Sie schnell einen Termin f\u00fcr einen Sehtest, indem Sie das Kontaktformular ausf\u00fcllen.<br \/>\n[\/vc_column_text][\/vc_column][\/vc_row]<\/p>\n","protected":false},"excerpt":{"rendered":"<p>[vc_row][vc_column][vc_column_text] Keratokonus-Linsen Das Keratokonus-Zentrum in den Niederlanden hat speziell f\u00fcr die Korrektur von Keratokonus Brillengl\u00e4ser entwickelt, die es Menschen mit dieser Erkrankung erm\u00f6glichen, weiterhin eine Brille zu tragen. Bis vor kurzem standen zur Korrektur des Keratokonus nur Plus-, Minus- und Zylinderlinsen zur Verf\u00fcgung. Diese Brille ist eigentlich f\u00fcr die Korrektur<a class=\"moretag\" href=\"https:\/\/www.keratoconuscentrumnederland.nl\/de\/keratokonus-brille\/\">&#8230;<\/a><\/p>\n","protected":false},"author":1,"featured_media":0,"parent":0,"menu_order":0,"comment_status":"closed","ping_status":"closed","template":"","meta":{"inline_featured_image":false,"_glsr_average":0,"_glsr_ranking":0,"_glsr_reviews":0,"footnotes":""},"class_list":["post-1079","page","type-page","status-publish","hentry"],"yoast_head":"<!-- This site is optimized with the Yoast SEO plugin v27.2 - https:\/\/yoast.com\/product\/yoast-seo-wordpress\/ -->\n<title>Keratokonus-Brille - Keratoconuscentrum Nederland<\/title>\n<meta name=\"description\" content=\"Es gibt keine Behandlung f\u00fcr Keratokonus. Keratoconus Center The Netherlands hat Keratokonus-Linsen entwickelt, die Ihr Sehverm\u00f6gen erheblich verbessern.\" \/>\n<meta name=\"robots\" content=\"index, follow, max-snippet:-1, max-image-preview:large, max-video-preview:-1\" \/>\n<link rel=\"canonical\" href=\"https:\/\/www.keratoconuscentrumnederland.nl\/de\/keratokonus-brille\/\" \/>\n<meta property=\"og:locale\" content=\"de_DE\" \/>\n<meta property=\"og:type\" content=\"article\" \/>\n<meta property=\"og:title\" content=\"Keratokonus-Brille - Keratoconuscentrum Nederland\" \/>\n<meta property=\"og:description\" content=\"Es gibt keine Behandlung f\u00fcr Keratokonus. Keratoconus Center The Netherlands hat Keratokonus-Linsen entwickelt, die Ihr Sehverm\u00f6gen erheblich verbessern.\" \/>\n<meta property=\"og:url\" content=\"https:\/\/www.keratoconuscentrumnederland.nl\/de\/keratokonus-brille\/\" \/>\n<meta property=\"og:site_name\" content=\"Keratoconuscentrum Nederland\" \/>\n<meta property=\"article:modified_time\" content=\"2022-04-15T10:02:08+00:00\" \/>\n<meta name=\"twitter:card\" content=\"summary_large_image\" \/>\n<meta name=\"twitter:label1\" content=\"Gesch\u00e4tzte Lesezeit\" \/>\n\t<meta name=\"twitter:data1\" content=\"1\u00a0Minute\" \/>\n<script type=\"application\/ld+json\" class=\"yoast-schema-graph\">{\"@context\":\"https:\/\/schema.org\",\"@graph\":[{\"@type\":\"WebPage\",\"@id\":\"https:\/\/www.keratoconuscentrumnederland.nl\/de\/keratokonus-brille\/\",\"url\":\"https:\/\/www.keratoconuscentrumnederland.nl\/de\/keratokonus-brille\/\",\"name\":\"Keratokonus-Brille - Keratoconuscentrum Nederland\",\"isPartOf\":{\"@id\":\"https:\/\/www.keratoconuscentrumnederland.nl\/de\/#website\"},\"datePublished\":\"2022-01-14T08:39:36+00:00\",\"dateModified\":\"2022-04-15T10:02:08+00:00\",\"description\":\"Es gibt keine Behandlung f\u00fcr Keratokonus. Keratoconus Center The Netherlands hat Keratokonus-Linsen entwickelt, die Ihr Sehverm\u00f6gen erheblich verbessern.\",\"breadcrumb\":{\"@id\":\"https:\/\/www.keratoconuscentrumnederland.nl\/de\/keratokonus-brille\/#breadcrumb\"},\"inLanguage\":\"de\",\"potentialAction\":[{\"@type\":\"ReadAction\",\"target\":[\"https:\/\/www.keratoconuscentrumnederland.nl\/de\/keratokonus-brille\/\"]}]},{\"@type\":\"BreadcrumbList\",\"@id\":\"https:\/\/www.keratoconuscentrumnederland.nl\/de\/keratokonus-brille\/#breadcrumb\",\"itemListElement\":[{\"@type\":\"ListItem\",\"position\":1,\"name\":\"Home\",\"item\":\"https:\/\/www.keratoconuscentrumnederland.nl\/de\/keratokonus-zentrum\/\"},{\"@type\":\"ListItem\",\"position\":2,\"name\":\"Keratokonus-Brille\"}]},{\"@type\":\"WebSite\",\"@id\":\"https:\/\/www.keratoconuscentrumnederland.nl\/de\/#website\",\"url\":\"https:\/\/www.keratoconuscentrumnederland.nl\/de\/\",\"name\":\"Keratoconuscentrum Nederland\",\"description\":\"\",\"publisher\":{\"@id\":\"https:\/\/www.keratoconuscentrumnederland.nl\/de\/#organization\"},\"potentialAction\":[{\"@type\":\"SearchAction\",\"target\":{\"@type\":\"EntryPoint\",\"urlTemplate\":\"https:\/\/www.keratoconuscentrumnederland.nl\/de\/?s={search_term_string}\"},\"query-input\":{\"@type\":\"PropertyValueSpecification\",\"valueRequired\":true,\"valueName\":\"search_term_string\"}}],\"inLanguage\":\"de\"},{\"@type\":\"Organization\",\"@id\":\"https:\/\/www.keratoconuscentrumnederland.nl\/de\/#organization\",\"name\":\"Keratoconuscentrum Nederland\",\"url\":\"https:\/\/www.keratoconuscentrumnederland.nl\/de\/\",\"logo\":{\"@type\":\"ImageObject\",\"inLanguage\":\"de\",\"@id\":\"https:\/\/www.keratoconuscentrumnederland.nl\/de\/#\/schema\/logo\/image\/\",\"url\":\"https:\/\/www.keratoconuscentrumnederland.nl\/wp-content\/uploads\/logo-keratocuscentrum-nederland.png\",\"contentUrl\":\"https:\/\/www.keratoconuscentrumnederland.nl\/wp-content\/uploads\/logo-keratocuscentrum-nederland.png\",\"width\":223,\"height\":97,\"caption\":\"Keratoconuscentrum Nederland\"},\"image\":{\"@id\":\"https:\/\/www.keratoconuscentrumnederland.nl\/de\/#\/schema\/logo\/image\/\"}}]}<\/script>\n<!-- \/ Yoast SEO plugin. -->","yoast_head_json":{"title":"Keratokonus-Brille - Keratoconuscentrum Nederland","description":"Es gibt keine Behandlung f\u00fcr Keratokonus. Keratoconus Center The Netherlands hat Keratokonus-Linsen entwickelt, die Ihr Sehverm\u00f6gen erheblich verbessern.","robots":{"index":"index","follow":"follow","max-snippet":"max-snippet:-1","max-image-preview":"max-image-preview:large","max-video-preview":"max-video-preview:-1"},"canonical":"https:\/\/www.keratoconuscentrumnederland.nl\/de\/keratokonus-brille\/","og_locale":"de_DE","og_type":"article","og_title":"Keratokonus-Brille - Keratoconuscentrum Nederland","og_description":"Es gibt keine Behandlung f\u00fcr Keratokonus. Keratoconus Center The Netherlands hat Keratokonus-Linsen entwickelt, die Ihr Sehverm\u00f6gen erheblich verbessern.","og_url":"https:\/\/www.keratoconuscentrumnederland.nl\/de\/keratokonus-brille\/","og_site_name":"Keratoconuscentrum Nederland","article_modified_time":"2022-04-15T10:02:08+00:00","twitter_card":"summary_large_image","twitter_misc":{"Gesch\u00e4tzte Lesezeit":"1\u00a0Minute"},"schema":{"@context":"https:\/\/schema.org","@graph":[{"@type":"WebPage","@id":"https:\/\/www.keratoconuscentrumnederland.nl\/de\/keratokonus-brille\/","url":"https:\/\/www.keratoconuscentrumnederland.nl\/de\/keratokonus-brille\/","name":"Keratokonus-Brille - Keratoconuscentrum Nederland","isPartOf":{"@id":"https:\/\/www.keratoconuscentrumnederland.nl\/de\/#website"},"datePublished":"2022-01-14T08:39:36+00:00","dateModified":"2022-04-15T10:02:08+00:00","description":"Es gibt keine Behandlung f\u00fcr Keratokonus. Keratoconus Center The Netherlands hat Keratokonus-Linsen entwickelt, die Ihr Sehverm\u00f6gen erheblich verbessern.","breadcrumb":{"@id":"https:\/\/www.keratoconuscentrumnederland.nl\/de\/keratokonus-brille\/#breadcrumb"},"inLanguage":"de","potentialAction":[{"@type":"ReadAction","target":["https:\/\/www.keratoconuscentrumnederland.nl\/de\/keratokonus-brille\/"]}]},{"@type":"BreadcrumbList","@id":"https:\/\/www.keratoconuscentrumnederland.nl\/de\/keratokonus-brille\/#breadcrumb","itemListElement":[{"@type":"ListItem","position":1,"name":"Home","item":"https:\/\/www.keratoconuscentrumnederland.nl\/de\/keratokonus-zentrum\/"},{"@type":"ListItem","position":2,"name":"Keratokonus-Brille"}]},{"@type":"WebSite","@id":"https:\/\/www.keratoconuscentrumnederland.nl\/de\/#website","url":"https:\/\/www.keratoconuscentrumnederland.nl\/de\/","name":"Keratoconuscentrum Nederland","description":"","publisher":{"@id":"https:\/\/www.keratoconuscentrumnederland.nl\/de\/#organization"},"potentialAction":[{"@type":"SearchAction","target":{"@type":"EntryPoint","urlTemplate":"https:\/\/www.keratoconuscentrumnederland.nl\/de\/?s={search_term_string}"},"query-input":{"@type":"PropertyValueSpecification","valueRequired":true,"valueName":"search_term_string"}}],"inLanguage":"de"},{"@type":"Organization","@id":"https:\/\/www.keratoconuscentrumnederland.nl\/de\/#organization","name":"Keratoconuscentrum Nederland","url":"https:\/\/www.keratoconuscentrumnederland.nl\/de\/","logo":{"@type":"ImageObject","inLanguage":"de","@id":"https:\/\/www.keratoconuscentrumnederland.nl\/de\/#\/schema\/logo\/image\/","url":"https:\/\/www.keratoconuscentrumnederland.nl\/wp-content\/uploads\/logo-keratocuscentrum-nederland.png","contentUrl":"https:\/\/www.keratoconuscentrumnederland.nl\/wp-content\/uploads\/logo-keratocuscentrum-nederland.png","width":223,"height":97,"caption":"Keratoconuscentrum Nederland"},"image":{"@id":"https:\/\/www.keratoconuscentrumnederland.nl\/de\/#\/schema\/logo\/image\/"}}]}},"_links":{"self":[{"href":"https:\/\/www.keratoconuscentrumnederland.nl\/de\/wp-json\/wp\/v2\/pages\/1079","targetHints":{"allow":["GET"]}}],"collection":[{"href":"https:\/\/www.keratoconuscentrumnederland.nl\/de\/wp-json\/wp\/v2\/pages"}],"about":[{"href":"https:\/\/www.keratoconuscentrumnederland.nl\/de\/wp-json\/wp\/v2\/types\/page"}],"author":[{"embeddable":true,"href":"https:\/\/www.keratoconuscentrumnederland.nl\/de\/wp-json\/wp\/v2\/users\/1"}],"replies":[{"embeddable":true,"href":"https:\/\/www.keratoconuscentrumnederland.nl\/de\/wp-json\/wp\/v2\/comments?post=1079"}],"version-history":[{"count":10,"href":"https:\/\/www.keratoconuscentrumnederland.nl\/de\/wp-json\/wp\/v2\/pages\/1079\/revisions"}],"predecessor-version":[{"id":1272,"href":"https:\/\/www.keratoconuscentrumnederland.nl\/de\/wp-json\/wp\/v2\/pages\/1079\/revisions\/1272"}],"wp:attachment":[{"href":"https:\/\/www.keratoconuscentrumnederland.nl\/de\/wp-json\/wp\/v2\/media?parent=1079"}],"curies":[{"name":"wp","href":"https:\/\/api.w.org\/{rel}","templated":true}]}}