{"id":1101,"date":"2022-01-14T09:42:42","date_gmt":"2022-01-14T08:42:42","guid":{"rendered":"https:\/\/www.keratoconuscentrumnederland.nl\/erfahrung-mit-keratokonus\/"},"modified":"2022-04-15T12:02:08","modified_gmt":"2022-04-15T10:02:08","slug":"erfahrung-mit-keratokonus","status":"publish","type":"page","link":"https:\/\/www.keratoconuscentrumnederland.nl\/de\/erfahrung-mit-keratokonus\/","title":{"rendered":"Erfahrung mit Keratokonus"},"content":{"rendered":"<p>[vc_row][vc_column][vc_column_text]<\/p>\n<h2>Was erlebt der Keratokonus-Patient?<\/h2>\n<p>Keratokonus macht sich zu Beginn der Augenerkrankung \u00fcberhaupt nicht bemerkbar. Keratokonus entwickelt sich allm\u00e4hlich ab der Pubert\u00e4t. Die Diagnose wird oft erst gestellt, wenn der Keratokonus bereits voll ausgebildet ist. Der Grund daf\u00fcr ist, dass der Keratokonus auf einem Auge beginnt, aber die Sehleistung beider Augen kaum beeintr\u00e4chtigt. Tats\u00e4chlich wird dies nicht einmal bemerkt. Die Erfahrung zeigt, dass ein Keratokonus erst sp\u00e4t bemerkt wird, w\u00e4hrend die Sehkraft des schlimmsten Auges bereits stark nachgelassen hat.<\/p>\n<h2>Symptome von Keratokonus?<\/h2>\n<p>Die Erfahrung von Menschen mit Keratokonus ist, dass sie unter folgenden Symptomen leiden k\u00f6nnen:<\/p>\n<ul>\n<li>Schatten auf der Unterseite von Buchstaben mit einem und manchmal beiden Augen<\/li>\n<li>Mehr Belastung durch die Sonne und damit ein st\u00e4rkeres Bed\u00fcrfnis nach einer Sonnenbrille<\/li>\n<li>Schwierig zu messende Augen mit unterschiedlichem Sehverm\u00f6gen auf beiden Augen<\/li>\n<li>Juckende Augen und Tendenz, die Augen oft und stark zu reiben<\/li>\n<li>Halos und Starburst von Autolichtern<\/li>\n<li>In der (D\u00e4mmer-)Dunkelheit viel schwerer zu sehen als tags\u00fcber<\/li>\n<\/ul>\n<p>Eine andere Erfahrung mit Keratokonus ist, dass Menschen zum Beispiel unter Photophobie oder \u00fcberm\u00e4\u00dfiger Lichtempfindlichkeit leiden. Dies wird besonders deutlich, wenn man im Dunkeln auf Autolichter blickt. Die Erfahrung von Menschen mit Lichtscheu bei Keratokonus ist, dass sie einen Kreis (Halo) um die Lichtquelle sehen oder selbst ein sternf\u00f6rmiges Bild oder \u201eStarburst\u201c sehen. Das Ph\u00e4nomen der Lichtstreuung wird auch als Blendung bezeichnet.<\/p>\n<h2>sp\u00e4t bemerkt<\/h2>\n<p>Da beim Keratokonus der Kegel st\u00e4rker gekr\u00fcmmt ist als die \u00fcbrige Hornhaut, nimmt die St\u00e4rke lokal zu. Der Kegel erzeugt dann eine hohe negative Festigkeit, w\u00e4hrend sich die Festigkeit im Rest der Hornhaut kaum \u00e4ndert. Die Erfahrung von jemandem mit Keratokonus ist, dass er oder sie Schatten auf der Unterseite von Buchstaben und Gegenst\u00e4nden sieht. Diese Schatten sind viel besser sichtbar, wenn sie mit einem Auge betrachtet werden. Diese Schatten wirken sich zun\u00e4chst negativ auf die Kontrastempfindlichkeit der Betrachtung aus. Und in einem fortgeschritteneren Stadium kann auch die Sehkraft (Vision) nachlassen. Da es an einem Auge beginnt und sich allm\u00e4hlich auf die Sehleistung auswirkt, wird der Keratokonus erfahrungsgem\u00e4\u00df erst sp\u00e4t bemerkt.[\/vc_column_text][\/vc_column][\/vc_row]<\/p>\n","protected":false},"excerpt":{"rendered":"<p>[vc_row][vc_column][vc_column_text] Was erlebt der Keratokonus-Patient? Keratokonus macht sich zu Beginn der Augenerkrankung \u00fcberhaupt nicht bemerkbar. Keratokonus entwickelt sich allm\u00e4hlich ab der Pubert\u00e4t. Die Diagnose wird oft erst gestellt, wenn der Keratokonus bereits voll ausgebildet ist. Der Grund daf\u00fcr ist, dass der Keratokonus auf einem Auge beginnt, aber die Sehleistung beider<a class=\"moretag\" href=\"https:\/\/www.keratoconuscentrumnederland.nl\/de\/erfahrung-mit-keratokonus\/\">&#8230;<\/a><\/p>\n","protected":false},"author":1,"featured_media":0,"parent":0,"menu_order":0,"comment_status":"closed","ping_status":"closed","template":"","meta":{"inline_featured_image":false,"_glsr_average":0,"_glsr_ranking":0,"_glsr_reviews":0,"footnotes":""},"class_list":["post-1101","page","type-page","status-publish","hentry"],"yoast_head":"<!-- This site is optimized with the Yoast SEO plugin v27.2 - https:\/\/yoast.com\/product\/yoast-seo-wordpress\/ -->\n<title>Erfahrung mit Keratokonus - Keratoconuscentrum Nederland<\/title>\n<meta name=\"description\" content=\"Keratokonus ist eine angeborene Augenkrankheit, die sich w\u00e4hrend der Pubert\u00e4t entwickelt. Wie erkennt man Keratokonus und wie ist die Erfahrung von Betroffenen?\" \/>\n<meta name=\"robots\" content=\"index, follow, max-snippet:-1, max-image-preview:large, max-video-preview:-1\" \/>\n<link rel=\"canonical\" href=\"https:\/\/www.keratoconuscentrumnederland.nl\/de\/erfahrung-mit-keratokonus\/\" \/>\n<meta property=\"og:locale\" content=\"de_DE\" \/>\n<meta property=\"og:type\" content=\"article\" \/>\n<meta property=\"og:title\" content=\"Erfahrung mit Keratokonus - Keratoconuscentrum Nederland\" \/>\n<meta property=\"og:description\" content=\"Keratokonus ist eine angeborene Augenkrankheit, die sich w\u00e4hrend der Pubert\u00e4t entwickelt. Wie erkennt man Keratokonus und wie ist die Erfahrung von Betroffenen?\" \/>\n<meta property=\"og:url\" content=\"https:\/\/www.keratoconuscentrumnederland.nl\/de\/erfahrung-mit-keratokonus\/\" \/>\n<meta property=\"og:site_name\" content=\"Keratoconuscentrum Nederland\" \/>\n<meta property=\"article:modified_time\" content=\"2022-04-15T10:02:08+00:00\" \/>\n<meta name=\"twitter:card\" content=\"summary_large_image\" \/>\n<meta name=\"twitter:label1\" content=\"Gesch\u00e4tzte Lesezeit\" \/>\n\t<meta name=\"twitter:data1\" content=\"2\u00a0Minuten\" \/>\n<script type=\"application\/ld+json\" class=\"yoast-schema-graph\">{\"@context\":\"https:\/\/schema.org\",\"@graph\":[{\"@type\":\"WebPage\",\"@id\":\"https:\/\/www.keratoconuscentrumnederland.nl\/de\/erfahrung-mit-keratokonus\/\",\"url\":\"https:\/\/www.keratoconuscentrumnederland.nl\/de\/erfahrung-mit-keratokonus\/\",\"name\":\"Erfahrung mit Keratokonus - Keratoconuscentrum Nederland\",\"isPartOf\":{\"@id\":\"https:\/\/www.keratoconuscentrumnederland.nl\/de\/#website\"},\"datePublished\":\"2022-01-14T08:42:42+00:00\",\"dateModified\":\"2022-04-15T10:02:08+00:00\",\"description\":\"Keratokonus ist eine angeborene Augenkrankheit, die sich w\u00e4hrend der Pubert\u00e4t entwickelt. Wie erkennt man Keratokonus und wie ist die Erfahrung von Betroffenen?\",\"breadcrumb\":{\"@id\":\"https:\/\/www.keratoconuscentrumnederland.nl\/de\/erfahrung-mit-keratokonus\/#breadcrumb\"},\"inLanguage\":\"de\",\"potentialAction\":[{\"@type\":\"ReadAction\",\"target\":[\"https:\/\/www.keratoconuscentrumnederland.nl\/de\/erfahrung-mit-keratokonus\/\"]}]},{\"@type\":\"BreadcrumbList\",\"@id\":\"https:\/\/www.keratoconuscentrumnederland.nl\/de\/erfahrung-mit-keratokonus\/#breadcrumb\",\"itemListElement\":[{\"@type\":\"ListItem\",\"position\":1,\"name\":\"Home\",\"item\":\"https:\/\/www.keratoconuscentrumnederland.nl\/de\/keratokonus-zentrum\/\"},{\"@type\":\"ListItem\",\"position\":2,\"name\":\"Erfahrung mit Keratokonus\"}]},{\"@type\":\"WebSite\",\"@id\":\"https:\/\/www.keratoconuscentrumnederland.nl\/de\/#website\",\"url\":\"https:\/\/www.keratoconuscentrumnederland.nl\/de\/\",\"name\":\"Keratoconuscentrum Nederland\",\"description\":\"\",\"publisher\":{\"@id\":\"https:\/\/www.keratoconuscentrumnederland.nl\/de\/#organization\"},\"potentialAction\":[{\"@type\":\"SearchAction\",\"target\":{\"@type\":\"EntryPoint\",\"urlTemplate\":\"https:\/\/www.keratoconuscentrumnederland.nl\/de\/?s={search_term_string}\"},\"query-input\":{\"@type\":\"PropertyValueSpecification\",\"valueRequired\":true,\"valueName\":\"search_term_string\"}}],\"inLanguage\":\"de\"},{\"@type\":\"Organization\",\"@id\":\"https:\/\/www.keratoconuscentrumnederland.nl\/de\/#organization\",\"name\":\"Keratoconuscentrum Nederland\",\"url\":\"https:\/\/www.keratoconuscentrumnederland.nl\/de\/\",\"logo\":{\"@type\":\"ImageObject\",\"inLanguage\":\"de\",\"@id\":\"https:\/\/www.keratoconuscentrumnederland.nl\/de\/#\/schema\/logo\/image\/\",\"url\":\"https:\/\/www.keratoconuscentrumnederland.nl\/wp-content\/uploads\/logo-keratocuscentrum-nederland.png\",\"contentUrl\":\"https:\/\/www.keratoconuscentrumnederland.nl\/wp-content\/uploads\/logo-keratocuscentrum-nederland.png\",\"width\":223,\"height\":97,\"caption\":\"Keratoconuscentrum Nederland\"},\"image\":{\"@id\":\"https:\/\/www.keratoconuscentrumnederland.nl\/de\/#\/schema\/logo\/image\/\"}}]}<\/script>\n<!-- \/ Yoast SEO plugin. -->","yoast_head_json":{"title":"Erfahrung mit Keratokonus - Keratoconuscentrum Nederland","description":"Keratokonus ist eine angeborene Augenkrankheit, die sich w\u00e4hrend der Pubert\u00e4t entwickelt. Wie erkennt man Keratokonus und wie ist die Erfahrung von Betroffenen?","robots":{"index":"index","follow":"follow","max-snippet":"max-snippet:-1","max-image-preview":"max-image-preview:large","max-video-preview":"max-video-preview:-1"},"canonical":"https:\/\/www.keratoconuscentrumnederland.nl\/de\/erfahrung-mit-keratokonus\/","og_locale":"de_DE","og_type":"article","og_title":"Erfahrung mit Keratokonus - Keratoconuscentrum Nederland","og_description":"Keratokonus ist eine angeborene Augenkrankheit, die sich w\u00e4hrend der Pubert\u00e4t entwickelt. Wie erkennt man Keratokonus und wie ist die Erfahrung von Betroffenen?","og_url":"https:\/\/www.keratoconuscentrumnederland.nl\/de\/erfahrung-mit-keratokonus\/","og_site_name":"Keratoconuscentrum Nederland","article_modified_time":"2022-04-15T10:02:08+00:00","twitter_card":"summary_large_image","twitter_misc":{"Gesch\u00e4tzte Lesezeit":"2\u00a0Minuten"},"schema":{"@context":"https:\/\/schema.org","@graph":[{"@type":"WebPage","@id":"https:\/\/www.keratoconuscentrumnederland.nl\/de\/erfahrung-mit-keratokonus\/","url":"https:\/\/www.keratoconuscentrumnederland.nl\/de\/erfahrung-mit-keratokonus\/","name":"Erfahrung mit Keratokonus - Keratoconuscentrum Nederland","isPartOf":{"@id":"https:\/\/www.keratoconuscentrumnederland.nl\/de\/#website"},"datePublished":"2022-01-14T08:42:42+00:00","dateModified":"2022-04-15T10:02:08+00:00","description":"Keratokonus ist eine angeborene Augenkrankheit, die sich w\u00e4hrend der Pubert\u00e4t entwickelt. Wie erkennt man Keratokonus und wie ist die Erfahrung von Betroffenen?","breadcrumb":{"@id":"https:\/\/www.keratoconuscentrumnederland.nl\/de\/erfahrung-mit-keratokonus\/#breadcrumb"},"inLanguage":"de","potentialAction":[{"@type":"ReadAction","target":["https:\/\/www.keratoconuscentrumnederland.nl\/de\/erfahrung-mit-keratokonus\/"]}]},{"@type":"BreadcrumbList","@id":"https:\/\/www.keratoconuscentrumnederland.nl\/de\/erfahrung-mit-keratokonus\/#breadcrumb","itemListElement":[{"@type":"ListItem","position":1,"name":"Home","item":"https:\/\/www.keratoconuscentrumnederland.nl\/de\/keratokonus-zentrum\/"},{"@type":"ListItem","position":2,"name":"Erfahrung mit Keratokonus"}]},{"@type":"WebSite","@id":"https:\/\/www.keratoconuscentrumnederland.nl\/de\/#website","url":"https:\/\/www.keratoconuscentrumnederland.nl\/de\/","name":"Keratoconuscentrum Nederland","description":"","publisher":{"@id":"https:\/\/www.keratoconuscentrumnederland.nl\/de\/#organization"},"potentialAction":[{"@type":"SearchAction","target":{"@type":"EntryPoint","urlTemplate":"https:\/\/www.keratoconuscentrumnederland.nl\/de\/?s={search_term_string}"},"query-input":{"@type":"PropertyValueSpecification","valueRequired":true,"valueName":"search_term_string"}}],"inLanguage":"de"},{"@type":"Organization","@id":"https:\/\/www.keratoconuscentrumnederland.nl\/de\/#organization","name":"Keratoconuscentrum Nederland","url":"https:\/\/www.keratoconuscentrumnederland.nl\/de\/","logo":{"@type":"ImageObject","inLanguage":"de","@id":"https:\/\/www.keratoconuscentrumnederland.nl\/de\/#\/schema\/logo\/image\/","url":"https:\/\/www.keratoconuscentrumnederland.nl\/wp-content\/uploads\/logo-keratocuscentrum-nederland.png","contentUrl":"https:\/\/www.keratoconuscentrumnederland.nl\/wp-content\/uploads\/logo-keratocuscentrum-nederland.png","width":223,"height":97,"caption":"Keratoconuscentrum Nederland"},"image":{"@id":"https:\/\/www.keratoconuscentrumnederland.nl\/de\/#\/schema\/logo\/image\/"}}]}},"_links":{"self":[{"href":"https:\/\/www.keratoconuscentrumnederland.nl\/de\/wp-json\/wp\/v2\/pages\/1101","targetHints":{"allow":["GET"]}}],"collection":[{"href":"https:\/\/www.keratoconuscentrumnederland.nl\/de\/wp-json\/wp\/v2\/pages"}],"about":[{"href":"https:\/\/www.keratoconuscentrumnederland.nl\/de\/wp-json\/wp\/v2\/types\/page"}],"author":[{"embeddable":true,"href":"https:\/\/www.keratoconuscentrumnederland.nl\/de\/wp-json\/wp\/v2\/users\/1"}],"replies":[{"embeddable":true,"href":"https:\/\/www.keratoconuscentrumnederland.nl\/de\/wp-json\/wp\/v2\/comments?post=1101"}],"version-history":[{"count":8,"href":"https:\/\/www.keratoconuscentrumnederland.nl\/de\/wp-json\/wp\/v2\/pages\/1101\/revisions"}],"predecessor-version":[{"id":1254,"href":"https:\/\/www.keratoconuscentrumnederland.nl\/de\/wp-json\/wp\/v2\/pages\/1101\/revisions\/1254"}],"wp:attachment":[{"href":"https:\/\/www.keratoconuscentrumnederland.nl\/de\/wp-json\/wp\/v2\/media?parent=1101"}],"curies":[{"name":"wp","href":"https:\/\/api.w.org\/{rel}","templated":true}]}}