{"id":1104,"date":"2022-01-14T09:23:46","date_gmt":"2022-01-14T08:23:46","guid":{"rendered":"https:\/\/www.keratoconuscentrumnederland.nl\/photophobie\/"},"modified":"2025-12-10T13:09:12","modified_gmt":"2025-12-10T12:09:12","slug":"photophobie","status":"publish","type":"page","link":"https:\/\/www.keratoconuscentrumnederland.nl\/de\/photophobie\/","title":{"rendered":"Photophobie"},"content":{"rendered":"<p>[vc_row][vc_column][vc_column_text]<\/p>\n<h2>Lichtempfindlichkeit<\/h2>\n<p>Eine \u00fcberm\u00e4\u00dfige Lichtempfindlichkeit der Augen wird auch Photophobie genannt. Obwohl das Wort etwas anderes vermuten l\u00e4sst, beschreibt der Name \u201ePhobie\u201c keine krankhafte Angst vor Licht. Photophobie ist ein Unbehagen oder Schmerz in den Augen durch Lichteinwirkung. Photophobie kann sich sehr allm\u00e4hlich entwickeln. Wo in einem Sommer eine Sonnenbrille mit der extremen Lichtempfindlichkeit gut zurecht kam, kann sie im n\u00e4chsten Sommer als problematisch empfunden werden. Photophobie wird normalerweise durch Katarakte verursacht. Auch beim Keratokonus fokussiert das Licht nicht mehr gut auf den gelben Fleck (die Fovea), sondern das Licht breitet sich \u00fcber die gesamte Netzhaut aus. Dieses Licht legt einen Schleier \u00fcber das, was wir eigentlich sehen wollen. Dieser Lichtschleier wird auch als Streulicht bezeichnet. Es reduziert den Kontrast, wodurch das Bild verblasst. Streulicht verursacht nachts Halos und Starbursts und kann tags\u00fcber blenden.<\/p>\n<h2>Symptome der Photophobie<\/h2>\n<p>Wer Lichtscheu hat, kann schon bei geringen Lichtmengen Augenschmerzen versp\u00fcren und m\u00f6chte den Blick abwenden. Eine Umgebung mit k\u00fcnstlichem Licht kann daher als sehr unangenehm empfunden werden. Zu den Lichtquellen, die Photophobie verursachen k\u00f6nnen, geh\u00f6ren:<\/p>\n<ul>\n<li>Sonnenlicht<\/li>\n<li>Leichte Wolken (ein sogenannter scharfer Himmel)<\/li>\n<li>Reflexionen auf einer wei\u00dfen oder spiegelnden Oberfl\u00e4che<\/li>\n<li>Ein Fenster mit unzureichendem Sonnenschutz<\/li>\n<li>Kerzenflammen, Scheinwerfer des Gegenverkehrs<\/li>\n<li>Ein Bildschirm<\/li>\n<\/ul>\n<h2>Streulicht<\/h2>\n<p>Jeder leidet mehr oder weniger darunter, \u201ein das Licht zu schauen\u201c. Bei hellem Licht zu schauen ist nie angenehm, aber Menschen mit Photophobie leiden manchmal bis zu 10 Mal so stark unter Licht. Streulichtbel\u00e4stigung kann zu Kopfschmerzen, tr\u00e4nenden Augen, Seh- und Funktionseinschr\u00e4nkungen, M\u00fcdigkeit und Konzentrationsproblemen f\u00fchren.<\/p>\n<h2>Photophobie l\u00f6sen<\/h2>\n<p>Um Photophobie zu reduzieren, k\u00f6nnen Sie nat\u00fcrlich eine dunkle Sonnenbrille tragen. Andere M\u00f6glichkeiten, die Photophobie zu lindern, sind farbige Kontaktlinsen.<br \/>\nIm Keratokonus-Zentrum Niederlande in 2022 wird die Wirkung der Streulichtbehinderung durch eine verbesserte Kontaktlinsenkorrektur erforscht. Erleben Sie selbst Streulicht oder erkennen Sie die oben genannten Beschwerden, vereinbaren Sie einen unverbindlichen Termin f\u00fcr eine Untersuchung.<\/p>\n<h2>Gehen Sie zum Keratokonus-Zentrum Niederlande<\/h2>\n<p>Gehen Sie gerne auf Nummer sicher? Bitte wenden Sie sich an das Keratokonus-Zentrum in den Niederlanden. Dort finden Sie weitere Informationen \u00fcber Keratokonus, der Photophobie beinhalten kann. Keratokonuslinsen, kontrastverst\u00e4rkende Sklerallinsen und weiche Keratokonus-Kontaktlinsen mit Conepower-Technologie k\u00f6nnen Ihre Probleme mit Licht reduzieren oder beseitigen.<br \/>\n[\/vc_column_text][\/vc_column][\/vc_row]<\/p>\n","protected":false},"excerpt":{"rendered":"<p>[vc_row][vc_column][vc_column_text] Lichtempfindlichkeit Eine \u00fcberm\u00e4\u00dfige Lichtempfindlichkeit der Augen wird auch Photophobie genannt. Obwohl das Wort etwas anderes vermuten l\u00e4sst, beschreibt der Name \u201ePhobie\u201c keine krankhafte Angst vor Licht. Photophobie ist ein Unbehagen oder Schmerz in den Augen durch Lichteinwirkung. Photophobie kann sich sehr allm\u00e4hlich entwickeln. Wo in einem Sommer eine Sonnenbrille<a class=\"moretag\" href=\"https:\/\/www.keratoconuscentrumnederland.nl\/de\/photophobie\/\">&#8230;<\/a><\/p>\n","protected":false},"author":1,"featured_media":0,"parent":0,"menu_order":0,"comment_status":"closed","ping_status":"closed","template":"","meta":{"inline_featured_image":false,"_glsr_average":0,"_glsr_ranking":0,"_glsr_reviews":0,"footnotes":""},"class_list":["post-1104","page","type-page","status-publish","hentry"],"yoast_head":"<!-- This site is optimized with the Yoast SEO plugin v27.2 - https:\/\/yoast.com\/product\/yoast-seo-wordpress\/ -->\n<title>Photophobie - Keratoconuscentrum Nederland<\/title>\n<meta name=\"description\" content=\"Leiden Sie unter \u00fcberm\u00e4\u00dfiger Lichtempfindlichkeit Ihrer Augen oder Photophobie? Beim Keratoconuscentrum Nederland k\u00f6nnen sie Ihnen die richtige L\u00f6sung anbieten.\" \/>\n<meta name=\"robots\" content=\"index, follow, max-snippet:-1, max-image-preview:large, max-video-preview:-1\" \/>\n<link rel=\"canonical\" href=\"https:\/\/www.keratoconuscentrumnederland.nl\/de\/photophobie\/\" \/>\n<meta property=\"og:locale\" content=\"de_DE\" \/>\n<meta property=\"og:type\" content=\"article\" \/>\n<meta property=\"og:title\" content=\"Photophobie - Keratoconuscentrum Nederland\" \/>\n<meta property=\"og:description\" content=\"Leiden Sie unter \u00fcberm\u00e4\u00dfiger Lichtempfindlichkeit Ihrer Augen oder Photophobie? Beim Keratoconuscentrum Nederland k\u00f6nnen sie Ihnen die richtige L\u00f6sung anbieten.\" \/>\n<meta property=\"og:url\" content=\"https:\/\/www.keratoconuscentrumnederland.nl\/de\/photophobie\/\" \/>\n<meta property=\"og:site_name\" content=\"Keratoconuscentrum Nederland\" \/>\n<meta property=\"article:modified_time\" content=\"2025-12-10T12:09:12+00:00\" \/>\n<meta name=\"twitter:card\" content=\"summary_large_image\" \/>\n<meta name=\"twitter:label1\" content=\"Gesch\u00e4tzte Lesezeit\" \/>\n\t<meta name=\"twitter:data1\" content=\"2\u00a0Minuten\" \/>\n<script type=\"application\/ld+json\" class=\"yoast-schema-graph\">{\"@context\":\"https:\/\/schema.org\",\"@graph\":[{\"@type\":\"WebPage\",\"@id\":\"https:\/\/www.keratoconuscentrumnederland.nl\/de\/photophobie\/\",\"url\":\"https:\/\/www.keratoconuscentrumnederland.nl\/de\/photophobie\/\",\"name\":\"Photophobie - Keratoconuscentrum Nederland\",\"isPartOf\":{\"@id\":\"https:\/\/www.keratoconuscentrumnederland.nl\/de\/#website\"},\"datePublished\":\"2022-01-14T08:23:46+00:00\",\"dateModified\":\"2025-12-10T12:09:12+00:00\",\"description\":\"Leiden Sie unter \u00fcberm\u00e4\u00dfiger Lichtempfindlichkeit Ihrer Augen oder Photophobie? Beim Keratoconuscentrum Nederland k\u00f6nnen sie Ihnen die richtige L\u00f6sung anbieten.\",\"breadcrumb\":{\"@id\":\"https:\/\/www.keratoconuscentrumnederland.nl\/de\/photophobie\/#breadcrumb\"},\"inLanguage\":\"de\",\"potentialAction\":[{\"@type\":\"ReadAction\",\"target\":[\"https:\/\/www.keratoconuscentrumnederland.nl\/de\/photophobie\/\"]}]},{\"@type\":\"BreadcrumbList\",\"@id\":\"https:\/\/www.keratoconuscentrumnederland.nl\/de\/photophobie\/#breadcrumb\",\"itemListElement\":[{\"@type\":\"ListItem\",\"position\":1,\"name\":\"Home\",\"item\":\"https:\/\/www.keratoconuscentrumnederland.nl\/de\/keratokonus-zentrum\/\"},{\"@type\":\"ListItem\",\"position\":2,\"name\":\"Photophobie\"}]},{\"@type\":\"WebSite\",\"@id\":\"https:\/\/www.keratoconuscentrumnederland.nl\/de\/#website\",\"url\":\"https:\/\/www.keratoconuscentrumnederland.nl\/de\/\",\"name\":\"Keratoconuscentrum Nederland\",\"description\":\"\",\"publisher\":{\"@id\":\"https:\/\/www.keratoconuscentrumnederland.nl\/de\/#organization\"},\"potentialAction\":[{\"@type\":\"SearchAction\",\"target\":{\"@type\":\"EntryPoint\",\"urlTemplate\":\"https:\/\/www.keratoconuscentrumnederland.nl\/de\/?s={search_term_string}\"},\"query-input\":{\"@type\":\"PropertyValueSpecification\",\"valueRequired\":true,\"valueName\":\"search_term_string\"}}],\"inLanguage\":\"de\"},{\"@type\":\"Organization\",\"@id\":\"https:\/\/www.keratoconuscentrumnederland.nl\/de\/#organization\",\"name\":\"Keratoconuscentrum Nederland\",\"url\":\"https:\/\/www.keratoconuscentrumnederland.nl\/de\/\",\"logo\":{\"@type\":\"ImageObject\",\"inLanguage\":\"de\",\"@id\":\"https:\/\/www.keratoconuscentrumnederland.nl\/de\/#\/schema\/logo\/image\/\",\"url\":\"https:\/\/www.keratoconuscentrumnederland.nl\/wp-content\/uploads\/logo-keratocuscentrum-nederland.png\",\"contentUrl\":\"https:\/\/www.keratoconuscentrumnederland.nl\/wp-content\/uploads\/logo-keratocuscentrum-nederland.png\",\"width\":223,\"height\":97,\"caption\":\"Keratoconuscentrum Nederland\"},\"image\":{\"@id\":\"https:\/\/www.keratoconuscentrumnederland.nl\/de\/#\/schema\/logo\/image\/\"}}]}<\/script>\n<!-- \/ Yoast SEO plugin. -->","yoast_head_json":{"title":"Photophobie - Keratoconuscentrum Nederland","description":"Leiden Sie unter \u00fcberm\u00e4\u00dfiger Lichtempfindlichkeit Ihrer Augen oder Photophobie? Beim Keratoconuscentrum Nederland k\u00f6nnen sie Ihnen die richtige L\u00f6sung anbieten.","robots":{"index":"index","follow":"follow","max-snippet":"max-snippet:-1","max-image-preview":"max-image-preview:large","max-video-preview":"max-video-preview:-1"},"canonical":"https:\/\/www.keratoconuscentrumnederland.nl\/de\/photophobie\/","og_locale":"de_DE","og_type":"article","og_title":"Photophobie - Keratoconuscentrum Nederland","og_description":"Leiden Sie unter \u00fcberm\u00e4\u00dfiger Lichtempfindlichkeit Ihrer Augen oder Photophobie? Beim Keratoconuscentrum Nederland k\u00f6nnen sie Ihnen die richtige L\u00f6sung anbieten.","og_url":"https:\/\/www.keratoconuscentrumnederland.nl\/de\/photophobie\/","og_site_name":"Keratoconuscentrum Nederland","article_modified_time":"2025-12-10T12:09:12+00:00","twitter_card":"summary_large_image","twitter_misc":{"Gesch\u00e4tzte Lesezeit":"2\u00a0Minuten"},"schema":{"@context":"https:\/\/schema.org","@graph":[{"@type":"WebPage","@id":"https:\/\/www.keratoconuscentrumnederland.nl\/de\/photophobie\/","url":"https:\/\/www.keratoconuscentrumnederland.nl\/de\/photophobie\/","name":"Photophobie - Keratoconuscentrum Nederland","isPartOf":{"@id":"https:\/\/www.keratoconuscentrumnederland.nl\/de\/#website"},"datePublished":"2022-01-14T08:23:46+00:00","dateModified":"2025-12-10T12:09:12+00:00","description":"Leiden Sie unter \u00fcberm\u00e4\u00dfiger Lichtempfindlichkeit Ihrer Augen oder Photophobie? Beim Keratoconuscentrum Nederland k\u00f6nnen sie Ihnen die richtige L\u00f6sung anbieten.","breadcrumb":{"@id":"https:\/\/www.keratoconuscentrumnederland.nl\/de\/photophobie\/#breadcrumb"},"inLanguage":"de","potentialAction":[{"@type":"ReadAction","target":["https:\/\/www.keratoconuscentrumnederland.nl\/de\/photophobie\/"]}]},{"@type":"BreadcrumbList","@id":"https:\/\/www.keratoconuscentrumnederland.nl\/de\/photophobie\/#breadcrumb","itemListElement":[{"@type":"ListItem","position":1,"name":"Home","item":"https:\/\/www.keratoconuscentrumnederland.nl\/de\/keratokonus-zentrum\/"},{"@type":"ListItem","position":2,"name":"Photophobie"}]},{"@type":"WebSite","@id":"https:\/\/www.keratoconuscentrumnederland.nl\/de\/#website","url":"https:\/\/www.keratoconuscentrumnederland.nl\/de\/","name":"Keratoconuscentrum Nederland","description":"","publisher":{"@id":"https:\/\/www.keratoconuscentrumnederland.nl\/de\/#organization"},"potentialAction":[{"@type":"SearchAction","target":{"@type":"EntryPoint","urlTemplate":"https:\/\/www.keratoconuscentrumnederland.nl\/de\/?s={search_term_string}"},"query-input":{"@type":"PropertyValueSpecification","valueRequired":true,"valueName":"search_term_string"}}],"inLanguage":"de"},{"@type":"Organization","@id":"https:\/\/www.keratoconuscentrumnederland.nl\/de\/#organization","name":"Keratoconuscentrum Nederland","url":"https:\/\/www.keratoconuscentrumnederland.nl\/de\/","logo":{"@type":"ImageObject","inLanguage":"de","@id":"https:\/\/www.keratoconuscentrumnederland.nl\/de\/#\/schema\/logo\/image\/","url":"https:\/\/www.keratoconuscentrumnederland.nl\/wp-content\/uploads\/logo-keratocuscentrum-nederland.png","contentUrl":"https:\/\/www.keratoconuscentrumnederland.nl\/wp-content\/uploads\/logo-keratocuscentrum-nederland.png","width":223,"height":97,"caption":"Keratoconuscentrum Nederland"},"image":{"@id":"https:\/\/www.keratoconuscentrumnederland.nl\/de\/#\/schema\/logo\/image\/"}}]}},"_links":{"self":[{"href":"https:\/\/www.keratoconuscentrumnederland.nl\/de\/wp-json\/wp\/v2\/pages\/1104","targetHints":{"allow":["GET"]}}],"collection":[{"href":"https:\/\/www.keratoconuscentrumnederland.nl\/de\/wp-json\/wp\/v2\/pages"}],"about":[{"href":"https:\/\/www.keratoconuscentrumnederland.nl\/de\/wp-json\/wp\/v2\/types\/page"}],"author":[{"embeddable":true,"href":"https:\/\/www.keratoconuscentrumnederland.nl\/de\/wp-json\/wp\/v2\/users\/1"}],"replies":[{"embeddable":true,"href":"https:\/\/www.keratoconuscentrumnederland.nl\/de\/wp-json\/wp\/v2\/comments?post=1104"}],"version-history":[{"count":10,"href":"https:\/\/www.keratoconuscentrumnederland.nl\/de\/wp-json\/wp\/v2\/pages\/1104\/revisions"}],"predecessor-version":[{"id":6252,"href":"https:\/\/www.keratoconuscentrumnederland.nl\/de\/wp-json\/wp\/v2\/pages\/1104\/revisions\/6252"}],"wp:attachment":[{"href":"https:\/\/www.keratoconuscentrumnederland.nl\/de\/wp-json\/wp\/v2\/media?parent=1104"}],"curies":[{"name":"wp","href":"https:\/\/api.w.org\/{rel}","templated":true}]}}