{"id":1105,"date":"2022-01-14T09:55:06","date_gmt":"2022-01-14T08:55:06","guid":{"rendered":"https:\/\/www.keratoconuscentrumnederland.nl\/wie-hoch-sind-die-preise-fuer-keratokonus-linsen\/"},"modified":"2025-12-10T13:06:51","modified_gmt":"2025-12-10T12:06:51","slug":"wie-hoch-sind-die-preise-fuer-keratokonus-linsen","status":"publish","type":"page","link":"https:\/\/www.keratoconuscentrumnederland.nl\/de\/wie-hoch-sind-die-preise-fuer-keratokonus-linsen\/","title":{"rendered":"Wie hoch sind die Preise f\u00fcr Keratokonus-Linsen?"},"content":{"rendered":"<p>[vc_row][vc_column][vc_column_text]<\/p>\n<h2>Gibt es eine Kostenerstattung f\u00fcr Keratokonus-Linsen?<\/h2>\n<p>F\u00fcr Keratokonuslinsen besuchen Sie das Keratokonuszentrum Niederlande. Keratokonuslinsen werden auf der Grundlage einer medizinischen Indikation mit einem unterzeichneten Genehmigungsantrag des Augenarztes erstattet. Patienten mit Keratokonus bekommen die Kosten f\u00fcr ihre Kontaktlinsen von der Grundversicherung erstattet. Diese Regelung ist gesetzlich vorgeschrieben. Patienten, die \u00fcber 17 Jahre alt sind, zahlen nur dann eine gesetzliche Zuzahlung von 59,50 \u20ac pro Auge und Kalenderjahr, wenn die Selbstbeteiligung bereits aufgebraucht ist. Kontaktlinsenl\u00f6sungen sind nicht versichert.<\/p>\n<h2>Erstattung von Keratokonus-Linsen<\/h2>\n<p>Die Preise f\u00fcr Keratokonuslinsen variieren stark. Je nach Grad des Keratokonus und den W\u00fcnschen des Patienten wird die Art der Linse bestimmt.<\/p>\n<h2>Informationen zu Preisen und Erstattung von Keratokonus-Linsen<\/h2>\n<p>\u00dcber das Wie und Warum einer Kostenerstattung f\u00fcr Keratokonuslinsen k\u00f6nnen wir Sie selbstverst\u00e4ndlich hervorragend beraten. Bitte z\u00f6gern Sie nicht uns zu kontaktieren.<br \/>\n[\/vc_column_text][\/vc_column][\/vc_row]<\/p>\n","protected":false},"excerpt":{"rendered":"<p>[vc_row][vc_column][vc_column_text] Gibt es eine Kostenerstattung f\u00fcr Keratokonus-Linsen? F\u00fcr Keratokonuslinsen besuchen Sie das Keratokonuszentrum Niederlande. Keratokonuslinsen werden auf der Grundlage einer medizinischen Indikation mit einem unterzeichneten Genehmigungsantrag des Augenarztes erstattet. Patienten mit Keratokonus bekommen die Kosten f\u00fcr ihre Kontaktlinsen von der Grundversicherung erstattet. Diese Regelung ist gesetzlich vorgeschrieben. Patienten, die \u00fcber<a class=\"moretag\" href=\"https:\/\/www.keratoconuscentrumnederland.nl\/de\/wie-hoch-sind-die-preise-fuer-keratokonus-linsen\/\">&#8230;<\/a><\/p>\n","protected":false},"author":1,"featured_media":0,"parent":0,"menu_order":0,"comment_status":"closed","ping_status":"closed","template":"","meta":{"inline_featured_image":false,"_glsr_average":0,"_glsr_ranking":0,"_glsr_reviews":0,"footnotes":""},"class_list":["post-1105","page","type-page","status-publish","hentry"],"yoast_head":"<!-- This site is optimized with the Yoast SEO plugin v27.2 - https:\/\/yoast.com\/product\/yoast-seo-wordpress\/ -->\n<title>Wie hoch sind die Preise f\u00fcr Keratokonus-Linsen? - Keratoconuscentrum Nederland<\/title>\n<meta name=\"description\" content=\"Zur Verbesserung des Sehverm\u00f6gens bei Keratokonus sorgen oft spezielle Sklerallinsen f\u00fcr Besserung. Wie hoch sind die Preise f\u00fcr Sklerallinsen und werden sie Ihnen erstattet?\" \/>\n<meta name=\"robots\" content=\"index, follow, max-snippet:-1, max-image-preview:large, max-video-preview:-1\" \/>\n<link rel=\"canonical\" href=\"https:\/\/www.keratoconuscentrumnederland.nl\/de\/wie-hoch-sind-die-preise-fuer-keratokonus-linsen\/\" \/>\n<meta property=\"og:locale\" content=\"de_DE\" \/>\n<meta property=\"og:type\" content=\"article\" \/>\n<meta property=\"og:title\" content=\"Wie hoch sind die Preise f\u00fcr Keratokonus-Linsen? - Keratoconuscentrum Nederland\" \/>\n<meta property=\"og:description\" content=\"Zur Verbesserung des Sehverm\u00f6gens bei Keratokonus sorgen oft spezielle Sklerallinsen f\u00fcr Besserung. Wie hoch sind die Preise f\u00fcr Sklerallinsen und werden sie Ihnen erstattet?\" \/>\n<meta property=\"og:url\" content=\"https:\/\/www.keratoconuscentrumnederland.nl\/de\/wie-hoch-sind-die-preise-fuer-keratokonus-linsen\/\" \/>\n<meta property=\"og:site_name\" content=\"Keratoconuscentrum Nederland\" \/>\n<meta property=\"article:modified_time\" content=\"2025-12-10T12:06:51+00:00\" \/>\n<meta name=\"twitter:card\" content=\"summary_large_image\" \/>\n<meta name=\"twitter:label1\" content=\"Gesch\u00e4tzte Lesezeit\" \/>\n\t<meta name=\"twitter:data1\" content=\"1\u00a0Minute\" \/>\n<script type=\"application\/ld+json\" class=\"yoast-schema-graph\">{\"@context\":\"https:\/\/schema.org\",\"@graph\":[{\"@type\":\"WebPage\",\"@id\":\"https:\/\/www.keratoconuscentrumnederland.nl\/de\/wie-hoch-sind-die-preise-fuer-keratokonus-linsen\/\",\"url\":\"https:\/\/www.keratoconuscentrumnederland.nl\/de\/wie-hoch-sind-die-preise-fuer-keratokonus-linsen\/\",\"name\":\"Wie hoch sind die Preise f\u00fcr Keratokonus-Linsen? - Keratoconuscentrum Nederland\",\"isPartOf\":{\"@id\":\"https:\/\/www.keratoconuscentrumnederland.nl\/de\/#website\"},\"datePublished\":\"2022-01-14T08:55:06+00:00\",\"dateModified\":\"2025-12-10T12:06:51+00:00\",\"description\":\"Zur Verbesserung des Sehverm\u00f6gens bei Keratokonus sorgen oft spezielle Sklerallinsen f\u00fcr Besserung. Wie hoch sind die Preise f\u00fcr Sklerallinsen und werden sie Ihnen erstattet?\",\"breadcrumb\":{\"@id\":\"https:\/\/www.keratoconuscentrumnederland.nl\/de\/wie-hoch-sind-die-preise-fuer-keratokonus-linsen\/#breadcrumb\"},\"inLanguage\":\"de\",\"potentialAction\":[{\"@type\":\"ReadAction\",\"target\":[\"https:\/\/www.keratoconuscentrumnederland.nl\/de\/wie-hoch-sind-die-preise-fuer-keratokonus-linsen\/\"]}]},{\"@type\":\"BreadcrumbList\",\"@id\":\"https:\/\/www.keratoconuscentrumnederland.nl\/de\/wie-hoch-sind-die-preise-fuer-keratokonus-linsen\/#breadcrumb\",\"itemListElement\":[{\"@type\":\"ListItem\",\"position\":1,\"name\":\"Home\",\"item\":\"https:\/\/www.keratoconuscentrumnederland.nl\/de\/keratokonus-zentrum\/\"},{\"@type\":\"ListItem\",\"position\":2,\"name\":\"Wie hoch sind die Preise f\u00fcr Keratokonus-Linsen?\"}]},{\"@type\":\"WebSite\",\"@id\":\"https:\/\/www.keratoconuscentrumnederland.nl\/de\/#website\",\"url\":\"https:\/\/www.keratoconuscentrumnederland.nl\/de\/\",\"name\":\"Keratoconuscentrum Nederland\",\"description\":\"\",\"publisher\":{\"@id\":\"https:\/\/www.keratoconuscentrumnederland.nl\/de\/#organization\"},\"potentialAction\":[{\"@type\":\"SearchAction\",\"target\":{\"@type\":\"EntryPoint\",\"urlTemplate\":\"https:\/\/www.keratoconuscentrumnederland.nl\/de\/?s={search_term_string}\"},\"query-input\":{\"@type\":\"PropertyValueSpecification\",\"valueRequired\":true,\"valueName\":\"search_term_string\"}}],\"inLanguage\":\"de\"},{\"@type\":\"Organization\",\"@id\":\"https:\/\/www.keratoconuscentrumnederland.nl\/de\/#organization\",\"name\":\"Keratoconuscentrum Nederland\",\"url\":\"https:\/\/www.keratoconuscentrumnederland.nl\/de\/\",\"logo\":{\"@type\":\"ImageObject\",\"inLanguage\":\"de\",\"@id\":\"https:\/\/www.keratoconuscentrumnederland.nl\/de\/#\/schema\/logo\/image\/\",\"url\":\"https:\/\/www.keratoconuscentrumnederland.nl\/wp-content\/uploads\/logo-keratocuscentrum-nederland.png\",\"contentUrl\":\"https:\/\/www.keratoconuscentrumnederland.nl\/wp-content\/uploads\/logo-keratocuscentrum-nederland.png\",\"width\":223,\"height\":97,\"caption\":\"Keratoconuscentrum Nederland\"},\"image\":{\"@id\":\"https:\/\/www.keratoconuscentrumnederland.nl\/de\/#\/schema\/logo\/image\/\"}}]}<\/script>\n<!-- \/ Yoast SEO plugin. -->","yoast_head_json":{"title":"Wie hoch sind die Preise f\u00fcr Keratokonus-Linsen? - Keratoconuscentrum Nederland","description":"Zur Verbesserung des Sehverm\u00f6gens bei Keratokonus sorgen oft spezielle Sklerallinsen f\u00fcr Besserung. Wie hoch sind die Preise f\u00fcr Sklerallinsen und werden sie Ihnen erstattet?","robots":{"index":"index","follow":"follow","max-snippet":"max-snippet:-1","max-image-preview":"max-image-preview:large","max-video-preview":"max-video-preview:-1"},"canonical":"https:\/\/www.keratoconuscentrumnederland.nl\/de\/wie-hoch-sind-die-preise-fuer-keratokonus-linsen\/","og_locale":"de_DE","og_type":"article","og_title":"Wie hoch sind die Preise f\u00fcr Keratokonus-Linsen? - Keratoconuscentrum Nederland","og_description":"Zur Verbesserung des Sehverm\u00f6gens bei Keratokonus sorgen oft spezielle Sklerallinsen f\u00fcr Besserung. Wie hoch sind die Preise f\u00fcr Sklerallinsen und werden sie Ihnen erstattet?","og_url":"https:\/\/www.keratoconuscentrumnederland.nl\/de\/wie-hoch-sind-die-preise-fuer-keratokonus-linsen\/","og_site_name":"Keratoconuscentrum Nederland","article_modified_time":"2025-12-10T12:06:51+00:00","twitter_card":"summary_large_image","twitter_misc":{"Gesch\u00e4tzte Lesezeit":"1\u00a0Minute"},"schema":{"@context":"https:\/\/schema.org","@graph":[{"@type":"WebPage","@id":"https:\/\/www.keratoconuscentrumnederland.nl\/de\/wie-hoch-sind-die-preise-fuer-keratokonus-linsen\/","url":"https:\/\/www.keratoconuscentrumnederland.nl\/de\/wie-hoch-sind-die-preise-fuer-keratokonus-linsen\/","name":"Wie hoch sind die Preise f\u00fcr Keratokonus-Linsen? - Keratoconuscentrum Nederland","isPartOf":{"@id":"https:\/\/www.keratoconuscentrumnederland.nl\/de\/#website"},"datePublished":"2022-01-14T08:55:06+00:00","dateModified":"2025-12-10T12:06:51+00:00","description":"Zur Verbesserung des Sehverm\u00f6gens bei Keratokonus sorgen oft spezielle Sklerallinsen f\u00fcr Besserung. Wie hoch sind die Preise f\u00fcr Sklerallinsen und werden sie Ihnen erstattet?","breadcrumb":{"@id":"https:\/\/www.keratoconuscentrumnederland.nl\/de\/wie-hoch-sind-die-preise-fuer-keratokonus-linsen\/#breadcrumb"},"inLanguage":"de","potentialAction":[{"@type":"ReadAction","target":["https:\/\/www.keratoconuscentrumnederland.nl\/de\/wie-hoch-sind-die-preise-fuer-keratokonus-linsen\/"]}]},{"@type":"BreadcrumbList","@id":"https:\/\/www.keratoconuscentrumnederland.nl\/de\/wie-hoch-sind-die-preise-fuer-keratokonus-linsen\/#breadcrumb","itemListElement":[{"@type":"ListItem","position":1,"name":"Home","item":"https:\/\/www.keratoconuscentrumnederland.nl\/de\/keratokonus-zentrum\/"},{"@type":"ListItem","position":2,"name":"Wie hoch sind die Preise f\u00fcr Keratokonus-Linsen?"}]},{"@type":"WebSite","@id":"https:\/\/www.keratoconuscentrumnederland.nl\/de\/#website","url":"https:\/\/www.keratoconuscentrumnederland.nl\/de\/","name":"Keratoconuscentrum Nederland","description":"","publisher":{"@id":"https:\/\/www.keratoconuscentrumnederland.nl\/de\/#organization"},"potentialAction":[{"@type":"SearchAction","target":{"@type":"EntryPoint","urlTemplate":"https:\/\/www.keratoconuscentrumnederland.nl\/de\/?s={search_term_string}"},"query-input":{"@type":"PropertyValueSpecification","valueRequired":true,"valueName":"search_term_string"}}],"inLanguage":"de"},{"@type":"Organization","@id":"https:\/\/www.keratoconuscentrumnederland.nl\/de\/#organization","name":"Keratoconuscentrum Nederland","url":"https:\/\/www.keratoconuscentrumnederland.nl\/de\/","logo":{"@type":"ImageObject","inLanguage":"de","@id":"https:\/\/www.keratoconuscentrumnederland.nl\/de\/#\/schema\/logo\/image\/","url":"https:\/\/www.keratoconuscentrumnederland.nl\/wp-content\/uploads\/logo-keratocuscentrum-nederland.png","contentUrl":"https:\/\/www.keratoconuscentrumnederland.nl\/wp-content\/uploads\/logo-keratocuscentrum-nederland.png","width":223,"height":97,"caption":"Keratoconuscentrum Nederland"},"image":{"@id":"https:\/\/www.keratoconuscentrumnederland.nl\/de\/#\/schema\/logo\/image\/"}}]}},"_links":{"self":[{"href":"https:\/\/www.keratoconuscentrumnederland.nl\/de\/wp-json\/wp\/v2\/pages\/1105","targetHints":{"allow":["GET"]}}],"collection":[{"href":"https:\/\/www.keratoconuscentrumnederland.nl\/de\/wp-json\/wp\/v2\/pages"}],"about":[{"href":"https:\/\/www.keratoconuscentrumnederland.nl\/de\/wp-json\/wp\/v2\/types\/page"}],"author":[{"embeddable":true,"href":"https:\/\/www.keratoconuscentrumnederland.nl\/de\/wp-json\/wp\/v2\/users\/1"}],"replies":[{"embeddable":true,"href":"https:\/\/www.keratoconuscentrumnederland.nl\/de\/wp-json\/wp\/v2\/comments?post=1105"}],"version-history":[{"count":10,"href":"https:\/\/www.keratoconuscentrumnederland.nl\/de\/wp-json\/wp\/v2\/pages\/1105\/revisions"}],"predecessor-version":[{"id":6158,"href":"https:\/\/www.keratoconuscentrumnederland.nl\/de\/wp-json\/wp\/v2\/pages\/1105\/revisions\/6158"}],"wp:attachment":[{"href":"https:\/\/www.keratoconuscentrumnederland.nl\/de\/wp-json\/wp\/v2\/media?parent=1105"}],"curies":[{"name":"wp","href":"https:\/\/api.w.org\/{rel}","templated":true}]}}