{"id":1106,"date":"2022-01-14T09:35:19","date_gmt":"2022-01-14T08:35:19","guid":{"rendered":"https:\/\/www.keratoconuscentrumnederland.nl\/keratokonus-krankheit\/"},"modified":"2025-12-10T13:07:15","modified_gmt":"2025-12-10T12:07:15","slug":"keratokonus-krankheit","status":"publish","type":"page","link":"https:\/\/www.keratoconuscentrumnederland.nl\/de\/keratokonus-krankheit\/","title":{"rendered":"Keratokonus-Krankheit"},"content":{"rendered":"<p>[vc_row][vc_column][vc_column_text]<\/p>\n<h2>Erblicher Zustand, der die Form der Hornhaut ver\u00e4ndert<\/h2>\n<p>Keratokonus ist ein Zustand eines oder beider Augen, der die normale Form der Hornhaut ver\u00e4ndert. Bei Keratokonus ist die Hornhaut weniger fest als gew\u00f6hnlich, was zu Ausd\u00fcnnung und Verzerrung f\u00fchrt. Beim Keratokonus ist die Hornhaut meist lokal verd\u00fcnnt. Diese Verd\u00fcnnung erzeugt eine kegelf\u00f6rmige Ausbuchtung. Keratokonus beginnt normalerweise w\u00e4hrend der Pubert\u00e4t und tritt in den meisten F\u00e4llen in beiden Augen auf. Dieser Zustand schreitet im Allgemeinen langsam voran.<\/p>\n<h2>Was ist Keratokonus?<\/h2>\n<p>Keratokonus tritt in den Niederlanden bei etwa 1 von 400 Menschen auf. Damit leiden etwa 45.000 Menschen an dieser Erkrankung. Keratokonus tritt normalerweise erst in der Pubert\u00e4t auf. Dieser Zustand beginnt mit einer lokalen Ausd\u00fcnnung der R\u00fcckseite der Hornhaut in einem Auge. Erst sp\u00e4ter beginnt sich auch die Vorderseite der Hornhaut nach vorne zu w\u00f6lben. Wenn die Hornhaut an der Vorderseite deformiert ist, wird das Sehverm\u00f6gen viel st\u00e4rker beeintr\u00e4chtigt. Sie bekommen normalerweise auch Keratokonus im anderen Auge, aber der Zustand ist dort weniger schwerwiegend. In 80 Prozent der F\u00e4lle verl\u00e4uft der Keratokonus mild. Allerdings k\u00f6nnen die Beschwerden schon sehr schwerwiegend sein. Es ist nur bei schweren Formen des Keratokonus mit blo\u00dfem Auge zu sehen. Die meisten Menschen mit Keratokonus haben auch oft Allergien, Ekzeme und\/oder Asthma.<\/p>\n<h2>Ursachen f\u00fcr diesen Zustand<\/h2>\n<p>Keratokonus wird sowohl durch erbliche als auch durch nicht erbliche Faktoren und manchmal auch durch eine Kombination von Faktoren verursacht:<\/p>\n<ul>\n<li>Vererbung: Die vermutete Ursache des Keratokonus ist eine erbliche angeborene Schw\u00e4chung der Hornhaut. Verwandte von jemandem mit Keratokonus k\u00f6nnen auch eine ver\u00e4nderte Form der Hornhaut haben. Das hei\u00dft nicht, dass sie nicht darunter leiden.<\/li>\n<li>Allergie: Keratokonus tritt h\u00e4ufiger bei Menschen mit Asthma, Allergien oder Ekzemen auf.<\/li>\n<li>Syndrome: Das Down-, Turner-, Marfan-, Ehlers-\/Danlos-Syndrom kann auch dem Keratokonus zugrunde liegen. Aber auch bei anderen Augenerkrankungen, wie Retinitis pigmentosa und Aniridie.<\/li>\n<li>Reiben: Menschen, die ihre Augen \u00fcberm\u00e4\u00dfig und stark reiben, k\u00f6nnen ebenfalls Keratokonus entwickeln.<\/li>\n<\/ul>\n<h2>Keratokonus-Behandlung<\/h2>\n<p>Keratokonus ist ein Zustand, der dazu f\u00fchrt, dass Sie weniger gut sehen. Dies kann normalerweise mit einer Brille oder harten (Sklera-)Linsen gel\u00f6st werden. Manchmal ist jedoch eine Hornhauttransplantation erforderlich, um das Sehverm\u00f6gen zu verbessern. Und seit einigen Jahren kann dieser Zustand mit Cross-Linking behandelt werden, bei dem die Hornhaut mit UV-Licht bestrahlt wird. Dadurch wird die Hornhaut h\u00e4rter und der Zustand kann sich nicht mehr verschlechtern.[\/vc_column_text][\/vc_column][\/vc_row]<\/p>\n","protected":false},"excerpt":{"rendered":"<p>[vc_row][vc_column][vc_column_text] Erblicher Zustand, der die Form der Hornhaut ver\u00e4ndert Keratokonus ist ein Zustand eines oder beider Augen, der die normale Form der Hornhaut ver\u00e4ndert. Bei Keratokonus ist die Hornhaut weniger fest als gew\u00f6hnlich, was zu Ausd\u00fcnnung und Verzerrung f\u00fchrt. Beim Keratokonus ist die Hornhaut meist lokal verd\u00fcnnt. Diese Verd\u00fcnnung erzeugt<a class=\"moretag\" href=\"https:\/\/www.keratoconuscentrumnederland.nl\/de\/keratokonus-krankheit\/\">&#8230;<\/a><\/p>\n","protected":false},"author":1,"featured_media":0,"parent":0,"menu_order":0,"comment_status":"closed","ping_status":"closed","template":"","meta":{"inline_featured_image":false,"_glsr_average":0,"_glsr_ranking":0,"_glsr_reviews":0,"footnotes":""},"class_list":["post-1106","page","type-page","status-publish","hentry"],"yoast_head":"<!-- This site is optimized with the Yoast SEO plugin v27.2 - https:\/\/yoast.com\/product\/yoast-seo-wordpress\/ -->\n<title>Keratokonus-Krankheit - Keratoconuscentrum Nederland<\/title>\n<meta name=\"description\" content=\"Keratokonus ist ein Zustand eines oder beider Augen, der die normale Form der Hornhaut ver\u00e4ndert. Keratokonus Zentrum Niederlande informiert!\" \/>\n<meta name=\"robots\" content=\"index, follow, max-snippet:-1, max-image-preview:large, max-video-preview:-1\" \/>\n<link rel=\"canonical\" href=\"https:\/\/www.keratoconuscentrumnederland.nl\/de\/keratokonus-krankheit\/\" \/>\n<meta property=\"og:locale\" content=\"de_DE\" \/>\n<meta property=\"og:type\" content=\"article\" \/>\n<meta property=\"og:title\" content=\"Keratokonus-Krankheit - Keratoconuscentrum Nederland\" \/>\n<meta property=\"og:description\" content=\"Keratokonus ist ein Zustand eines oder beider Augen, der die normale Form der Hornhaut ver\u00e4ndert. Keratokonus Zentrum Niederlande informiert!\" \/>\n<meta property=\"og:url\" content=\"https:\/\/www.keratoconuscentrumnederland.nl\/de\/keratokonus-krankheit\/\" \/>\n<meta property=\"og:site_name\" content=\"Keratoconuscentrum Nederland\" \/>\n<meta property=\"article:modified_time\" content=\"2025-12-10T12:07:15+00:00\" \/>\n<meta name=\"twitter:card\" content=\"summary_large_image\" \/>\n<meta name=\"twitter:label1\" content=\"Gesch\u00e4tzte Lesezeit\" \/>\n\t<meta name=\"twitter:data1\" content=\"2\u00a0Minuten\" \/>\n<script type=\"application\/ld+json\" class=\"yoast-schema-graph\">{\"@context\":\"https:\/\/schema.org\",\"@graph\":[{\"@type\":\"WebPage\",\"@id\":\"https:\/\/www.keratoconuscentrumnederland.nl\/de\/keratokonus-krankheit\/\",\"url\":\"https:\/\/www.keratoconuscentrumnederland.nl\/de\/keratokonus-krankheit\/\",\"name\":\"Keratokonus-Krankheit - Keratoconuscentrum Nederland\",\"isPartOf\":{\"@id\":\"https:\/\/www.keratoconuscentrumnederland.nl\/de\/#website\"},\"datePublished\":\"2022-01-14T08:35:19+00:00\",\"dateModified\":\"2025-12-10T12:07:15+00:00\",\"description\":\"Keratokonus ist ein Zustand eines oder beider Augen, der die normale Form der Hornhaut ver\u00e4ndert. Keratokonus Zentrum Niederlande informiert!\",\"breadcrumb\":{\"@id\":\"https:\/\/www.keratoconuscentrumnederland.nl\/de\/keratokonus-krankheit\/#breadcrumb\"},\"inLanguage\":\"de\",\"potentialAction\":[{\"@type\":\"ReadAction\",\"target\":[\"https:\/\/www.keratoconuscentrumnederland.nl\/de\/keratokonus-krankheit\/\"]}]},{\"@type\":\"BreadcrumbList\",\"@id\":\"https:\/\/www.keratoconuscentrumnederland.nl\/de\/keratokonus-krankheit\/#breadcrumb\",\"itemListElement\":[{\"@type\":\"ListItem\",\"position\":1,\"name\":\"Home\",\"item\":\"https:\/\/www.keratoconuscentrumnederland.nl\/de\/keratokonus-zentrum\/\"},{\"@type\":\"ListItem\",\"position\":2,\"name\":\"Keratokonus-Krankheit\"}]},{\"@type\":\"WebSite\",\"@id\":\"https:\/\/www.keratoconuscentrumnederland.nl\/de\/#website\",\"url\":\"https:\/\/www.keratoconuscentrumnederland.nl\/de\/\",\"name\":\"Keratoconuscentrum Nederland\",\"description\":\"\",\"publisher\":{\"@id\":\"https:\/\/www.keratoconuscentrumnederland.nl\/de\/#organization\"},\"potentialAction\":[{\"@type\":\"SearchAction\",\"target\":{\"@type\":\"EntryPoint\",\"urlTemplate\":\"https:\/\/www.keratoconuscentrumnederland.nl\/de\/?s={search_term_string}\"},\"query-input\":{\"@type\":\"PropertyValueSpecification\",\"valueRequired\":true,\"valueName\":\"search_term_string\"}}],\"inLanguage\":\"de\"},{\"@type\":\"Organization\",\"@id\":\"https:\/\/www.keratoconuscentrumnederland.nl\/de\/#organization\",\"name\":\"Keratoconuscentrum Nederland\",\"url\":\"https:\/\/www.keratoconuscentrumnederland.nl\/de\/\",\"logo\":{\"@type\":\"ImageObject\",\"inLanguage\":\"de\",\"@id\":\"https:\/\/www.keratoconuscentrumnederland.nl\/de\/#\/schema\/logo\/image\/\",\"url\":\"https:\/\/www.keratoconuscentrumnederland.nl\/wp-content\/uploads\/logo-keratocuscentrum-nederland.png\",\"contentUrl\":\"https:\/\/www.keratoconuscentrumnederland.nl\/wp-content\/uploads\/logo-keratocuscentrum-nederland.png\",\"width\":223,\"height\":97,\"caption\":\"Keratoconuscentrum Nederland\"},\"image\":{\"@id\":\"https:\/\/www.keratoconuscentrumnederland.nl\/de\/#\/schema\/logo\/image\/\"}}]}<\/script>\n<!-- \/ Yoast SEO plugin. -->","yoast_head_json":{"title":"Keratokonus-Krankheit - Keratoconuscentrum Nederland","description":"Keratokonus ist ein Zustand eines oder beider Augen, der die normale Form der Hornhaut ver\u00e4ndert. Keratokonus Zentrum Niederlande informiert!","robots":{"index":"index","follow":"follow","max-snippet":"max-snippet:-1","max-image-preview":"max-image-preview:large","max-video-preview":"max-video-preview:-1"},"canonical":"https:\/\/www.keratoconuscentrumnederland.nl\/de\/keratokonus-krankheit\/","og_locale":"de_DE","og_type":"article","og_title":"Keratokonus-Krankheit - Keratoconuscentrum Nederland","og_description":"Keratokonus ist ein Zustand eines oder beider Augen, der die normale Form der Hornhaut ver\u00e4ndert. Keratokonus Zentrum Niederlande informiert!","og_url":"https:\/\/www.keratoconuscentrumnederland.nl\/de\/keratokonus-krankheit\/","og_site_name":"Keratoconuscentrum Nederland","article_modified_time":"2025-12-10T12:07:15+00:00","twitter_card":"summary_large_image","twitter_misc":{"Gesch\u00e4tzte Lesezeit":"2\u00a0Minuten"},"schema":{"@context":"https:\/\/schema.org","@graph":[{"@type":"WebPage","@id":"https:\/\/www.keratoconuscentrumnederland.nl\/de\/keratokonus-krankheit\/","url":"https:\/\/www.keratoconuscentrumnederland.nl\/de\/keratokonus-krankheit\/","name":"Keratokonus-Krankheit - Keratoconuscentrum Nederland","isPartOf":{"@id":"https:\/\/www.keratoconuscentrumnederland.nl\/de\/#website"},"datePublished":"2022-01-14T08:35:19+00:00","dateModified":"2025-12-10T12:07:15+00:00","description":"Keratokonus ist ein Zustand eines oder beider Augen, der die normale Form der Hornhaut ver\u00e4ndert. Keratokonus Zentrum Niederlande informiert!","breadcrumb":{"@id":"https:\/\/www.keratoconuscentrumnederland.nl\/de\/keratokonus-krankheit\/#breadcrumb"},"inLanguage":"de","potentialAction":[{"@type":"ReadAction","target":["https:\/\/www.keratoconuscentrumnederland.nl\/de\/keratokonus-krankheit\/"]}]},{"@type":"BreadcrumbList","@id":"https:\/\/www.keratoconuscentrumnederland.nl\/de\/keratokonus-krankheit\/#breadcrumb","itemListElement":[{"@type":"ListItem","position":1,"name":"Home","item":"https:\/\/www.keratoconuscentrumnederland.nl\/de\/keratokonus-zentrum\/"},{"@type":"ListItem","position":2,"name":"Keratokonus-Krankheit"}]},{"@type":"WebSite","@id":"https:\/\/www.keratoconuscentrumnederland.nl\/de\/#website","url":"https:\/\/www.keratoconuscentrumnederland.nl\/de\/","name":"Keratoconuscentrum Nederland","description":"","publisher":{"@id":"https:\/\/www.keratoconuscentrumnederland.nl\/de\/#organization"},"potentialAction":[{"@type":"SearchAction","target":{"@type":"EntryPoint","urlTemplate":"https:\/\/www.keratoconuscentrumnederland.nl\/de\/?s={search_term_string}"},"query-input":{"@type":"PropertyValueSpecification","valueRequired":true,"valueName":"search_term_string"}}],"inLanguage":"de"},{"@type":"Organization","@id":"https:\/\/www.keratoconuscentrumnederland.nl\/de\/#organization","name":"Keratoconuscentrum Nederland","url":"https:\/\/www.keratoconuscentrumnederland.nl\/de\/","logo":{"@type":"ImageObject","inLanguage":"de","@id":"https:\/\/www.keratoconuscentrumnederland.nl\/de\/#\/schema\/logo\/image\/","url":"https:\/\/www.keratoconuscentrumnederland.nl\/wp-content\/uploads\/logo-keratocuscentrum-nederland.png","contentUrl":"https:\/\/www.keratoconuscentrumnederland.nl\/wp-content\/uploads\/logo-keratocuscentrum-nederland.png","width":223,"height":97,"caption":"Keratoconuscentrum Nederland"},"image":{"@id":"https:\/\/www.keratoconuscentrumnederland.nl\/de\/#\/schema\/logo\/image\/"}}]}},"_links":{"self":[{"href":"https:\/\/www.keratoconuscentrumnederland.nl\/de\/wp-json\/wp\/v2\/pages\/1106","targetHints":{"allow":["GET"]}}],"collection":[{"href":"https:\/\/www.keratoconuscentrumnederland.nl\/de\/wp-json\/wp\/v2\/pages"}],"about":[{"href":"https:\/\/www.keratoconuscentrumnederland.nl\/de\/wp-json\/wp\/v2\/types\/page"}],"author":[{"embeddable":true,"href":"https:\/\/www.keratoconuscentrumnederland.nl\/de\/wp-json\/wp\/v2\/users\/1"}],"replies":[{"embeddable":true,"href":"https:\/\/www.keratoconuscentrumnederland.nl\/de\/wp-json\/wp\/v2\/comments?post=1106"}],"version-history":[{"count":10,"href":"https:\/\/www.keratoconuscentrumnederland.nl\/de\/wp-json\/wp\/v2\/pages\/1106\/revisions"}],"predecessor-version":[{"id":6165,"href":"https:\/\/www.keratoconuscentrumnederland.nl\/de\/wp-json\/wp\/v2\/pages\/1106\/revisions\/6165"}],"wp:attachment":[{"href":"https:\/\/www.keratoconuscentrumnederland.nl\/de\/wp-json\/wp\/v2\/media?parent=1106"}],"curies":[{"name":"wp","href":"https:\/\/api.w.org\/{rel}","templated":true}]}}