{"id":1111,"date":"2022-01-13T11:49:32","date_gmt":"2022-01-13T10:49:32","guid":{"rendered":"https:\/\/www.keratoconuscentrumnederland.nl\/ueber-uns\/"},"modified":"2025-12-10T13:08:36","modified_gmt":"2025-12-10T12:08:36","slug":"ueber-uns","status":"publish","type":"page","link":"https:\/\/www.keratoconuscentrumnederland.nl\/de\/ueber-uns\/","title":{"rendered":"\u00dcber uns"},"content":{"rendered":"<p>[vc_row][vc_column][vc_column_text]<\/p>\n<h2>\u00dcber das Keratokonuszentrum Niederlande<\/h2>\n<p>Im Jahr 2020 gr\u00fcndete Chr\u00e9tien Frambach das Keratokonuszentrum Niederlande. Er entwickelte die Conepower\u00ae-Technologie. Die optische Erg\u00e4nzung von harten und weichen Keratokonus-Kontaktlinsen durch die Conepower\u00ae-Technologie schafft die M\u00f6glichkeit einer besseren Korrektur des Keratokonus. Zusammen mit dem Kontaktlinsenhersteller UCO wurden diese Linsen entwickelt und sind seit 2021 in der Praxis im Einsatz.   <\/p>\n<p>Die Praxis arbeitet mit I-Trace von Tracey Technologies.Diese Technologie erm\u00f6glicht es, zu simulieren, wie Patienten mit Keratokonus sehen. Die I-Trace-Messung sorgt daf\u00fcr, dass Betreuer und Patient einander besser verstehen. Unter anderem dadurch wird es m\u00f6glich, Augenmessungen besser durchzuf\u00fchren. Die Messungen werden auch f\u00fcr die Anpassung von Sklerallinsen mit der Conepower\u00ae-Technologie verwendet.<\/p>\n<p>Im Jahr 2023 ist das Keratokonuszentrum Niederlande eine Partnerschaft mit Shamir eingegangen. Dieser Glashersteller liefert hochwertige Linsen (standardm\u00e4\u00dfig d\u00fcnn, weitere Optionen, bei Bedarf mit extra hohem Zylinder). <\/p>\n<p>Wir hoffen, im Jahr 2025 ein spezielles Messset eines neuen Linsentyps einf\u00fchren zu k\u00f6nnen, mit dem wir optisch noch hochwertigere Korrekturen vornehmen k\u00f6nnen.[\/vc_column_text][\/vc_column][\/vc_row][vc_row][vc_column][vc_column_text]<strong>Zusammenarbeit mit Augen\u00e4rzten:<\/strong><br \/>\nDas Keratokonuszentrum Niederlande arbeitet eng mit \u00fcberweisenden Augen\u00e4rzten zusammen. Durch eine ausf\u00fchrliche Berichterstattung wird der behandelnde Augenarzt \u00fcber die Befunde auf dem Laufenden gehalten. So kann unser Zentrum einen hervorragenden Beitrag zur besseren Versorgung von Patienten mit Keratokonus leisten.  <\/p>\n<p>Der Keratokonus kann auch fortschreiten, weshalb es f\u00fcr junge Patienten sehr wichtig ist, ihn vom Augenarzt \u00fcberwachen zu lassen. Wenn der Keratokonus fortschreitet, kann der Augenarzt die Hornhaut zum Beispiel mit einer Hornhautvernetzung behandeln, um das Fortschreiten zu stoppen. <\/p>\n<p>Au\u00dferdem haben Patienten mit Keratokonus empfindliche Augen und leiden oft unter Allergien. Der Augenarzt kann Augentropfen verschreiben, die Kontaktlinsen besser vertr\u00e4glich machen.<\/p>\n<p><strong>Auswahl von Kontaktlinsen und\/oder Brillen:<\/strong><br \/>\nWenn jemand auf \u00dcberweisung oder aus eigener Initiative in die Praxis kommt, \u00fcberlegen wir, welche Sehhilfe am besten passt. Wir haben eine gro\u00dfe Auswahl an Kontaktlinsen, die je nach dem Grad des Keratokonus angepasst werden k\u00f6nnen. Das Keratokonuszentrum Niederlande ist auch ein Spezialist f\u00fcr die Verschreibung von Brillengl\u00e4sern. Eine Studie aus dem Jahr 2022 hat gezeigt, dass bei 85% der Messungen, die den gesetzlichen Anforderungen f\u00fcr das Autofahren entsprechen, eine Brille verschrieben werden kann.[\/vc_column_text][\/vc_column][\/vc_row][vc_row][vc_column][vc_single_image image=&#8220;3603&#8243; img_size=&#8220;full&#8220;][\/vc_column][\/vc_row]<\/p>\n","protected":false},"excerpt":{"rendered":"<p>[vc_row][vc_column][vc_column_text] \u00dcber das Keratokonuszentrum Niederlande Im Jahr 2020 gr\u00fcndete Chr\u00e9tien Frambach das Keratokonuszentrum Niederlande. Er entwickelte die Conepower\u00ae-Technologie. Die optische Erg\u00e4nzung von harten und weichen Keratokonus-Kontaktlinsen durch die Conepower\u00ae-Technologie schafft die M\u00f6glichkeit einer besseren Korrektur des Keratokonus. Zusammen mit dem Kontaktlinsenhersteller UCO wurden diese Linsen entwickelt und sind seit 2021<a class=\"moretag\" href=\"https:\/\/www.keratoconuscentrumnederland.nl\/de\/ueber-uns\/\">&#8230;<\/a><\/p>\n","protected":false},"author":1,"featured_media":0,"parent":0,"menu_order":0,"comment_status":"closed","ping_status":"closed","template":"","meta":{"inline_featured_image":false,"_glsr_average":0,"_glsr_ranking":0,"_glsr_reviews":0,"footnotes":""},"class_list":["post-1111","page","type-page","status-publish","hentry"],"yoast_head":"<!-- This site is optimized with the Yoast SEO plugin v27.2 - https:\/\/yoast.com\/product\/yoast-seo-wordpress\/ -->\n<title>\u00dcber uns - Keratoconuscentrum Nederland<\/title>\n<meta name=\"robots\" content=\"index, follow, max-snippet:-1, max-image-preview:large, max-video-preview:-1\" \/>\n<link rel=\"canonical\" href=\"https:\/\/www.keratoconuscentrumnederland.nl\/de\/ueber-uns\/\" \/>\n<meta property=\"og:locale\" content=\"de_DE\" \/>\n<meta property=\"og:type\" content=\"article\" \/>\n<meta property=\"og:title\" content=\"\u00dcber uns - Keratoconuscentrum Nederland\" \/>\n<meta property=\"og:description\" content=\"[vc_row][vc_column][vc_column_text] \u00dcber das Keratokonuszentrum Niederlande Im Jahr 2020 gr\u00fcndete Chr\u00e9tien Frambach das Keratokonuszentrum Niederlande. Er entwickelte die Conepower\u00ae-Technologie. Die optische Erg\u00e4nzung von harten und weichen Keratokonus-Kontaktlinsen durch die Conepower\u00ae-Technologie schafft die M\u00f6glichkeit einer besseren Korrektur des Keratokonus. Zusammen mit dem Kontaktlinsenhersteller UCO wurden diese Linsen entwickelt und sind seit 2021...\" \/>\n<meta property=\"og:url\" content=\"https:\/\/www.keratoconuscentrumnederland.nl\/de\/ueber-uns\/\" \/>\n<meta property=\"og:site_name\" content=\"Keratoconuscentrum Nederland\" \/>\n<meta property=\"article:modified_time\" content=\"2025-12-10T12:08:36+00:00\" \/>\n<meta name=\"twitter:card\" content=\"summary_large_image\" \/>\n<meta name=\"twitter:label1\" content=\"Gesch\u00e4tzte Lesezeit\" \/>\n\t<meta name=\"twitter:data1\" content=\"2\u00a0Minuten\" \/>\n<script type=\"application\/ld+json\" class=\"yoast-schema-graph\">{\"@context\":\"https:\/\/schema.org\",\"@graph\":[{\"@type\":\"WebPage\",\"@id\":\"https:\/\/www.keratoconuscentrumnederland.nl\/de\/ueber-uns\/\",\"url\":\"https:\/\/www.keratoconuscentrumnederland.nl\/de\/ueber-uns\/\",\"name\":\"\u00dcber uns - Keratoconuscentrum Nederland\",\"isPartOf\":{\"@id\":\"https:\/\/www.keratoconuscentrumnederland.nl\/de\/#website\"},\"datePublished\":\"2022-01-13T10:49:32+00:00\",\"dateModified\":\"2025-12-10T12:08:36+00:00\",\"breadcrumb\":{\"@id\":\"https:\/\/www.keratoconuscentrumnederland.nl\/de\/ueber-uns\/#breadcrumb\"},\"inLanguage\":\"de\",\"potentialAction\":[{\"@type\":\"ReadAction\",\"target\":[\"https:\/\/www.keratoconuscentrumnederland.nl\/de\/ueber-uns\/\"]}]},{\"@type\":\"BreadcrumbList\",\"@id\":\"https:\/\/www.keratoconuscentrumnederland.nl\/de\/ueber-uns\/#breadcrumb\",\"itemListElement\":[{\"@type\":\"ListItem\",\"position\":1,\"name\":\"Home\",\"item\":\"https:\/\/www.keratoconuscentrumnederland.nl\/de\/keratokonus-zentrum\/\"},{\"@type\":\"ListItem\",\"position\":2,\"name\":\"\u00dcber uns\"}]},{\"@type\":\"WebSite\",\"@id\":\"https:\/\/www.keratoconuscentrumnederland.nl\/de\/#website\",\"url\":\"https:\/\/www.keratoconuscentrumnederland.nl\/de\/\",\"name\":\"Keratoconuscentrum Nederland\",\"description\":\"\",\"publisher\":{\"@id\":\"https:\/\/www.keratoconuscentrumnederland.nl\/de\/#organization\"},\"potentialAction\":[{\"@type\":\"SearchAction\",\"target\":{\"@type\":\"EntryPoint\",\"urlTemplate\":\"https:\/\/www.keratoconuscentrumnederland.nl\/de\/?s={search_term_string}\"},\"query-input\":{\"@type\":\"PropertyValueSpecification\",\"valueRequired\":true,\"valueName\":\"search_term_string\"}}],\"inLanguage\":\"de\"},{\"@type\":\"Organization\",\"@id\":\"https:\/\/www.keratoconuscentrumnederland.nl\/de\/#organization\",\"name\":\"Keratoconuscentrum Nederland\",\"url\":\"https:\/\/www.keratoconuscentrumnederland.nl\/de\/\",\"logo\":{\"@type\":\"ImageObject\",\"inLanguage\":\"de\",\"@id\":\"https:\/\/www.keratoconuscentrumnederland.nl\/de\/#\/schema\/logo\/image\/\",\"url\":\"https:\/\/www.keratoconuscentrumnederland.nl\/wp-content\/uploads\/logo-keratocuscentrum-nederland.png\",\"contentUrl\":\"https:\/\/www.keratoconuscentrumnederland.nl\/wp-content\/uploads\/logo-keratocuscentrum-nederland.png\",\"width\":223,\"height\":97,\"caption\":\"Keratoconuscentrum Nederland\"},\"image\":{\"@id\":\"https:\/\/www.keratoconuscentrumnederland.nl\/de\/#\/schema\/logo\/image\/\"}}]}<\/script>\n<!-- \/ Yoast SEO plugin. -->","yoast_head_json":{"title":"\u00dcber uns - Keratoconuscentrum Nederland","robots":{"index":"index","follow":"follow","max-snippet":"max-snippet:-1","max-image-preview":"max-image-preview:large","max-video-preview":"max-video-preview:-1"},"canonical":"https:\/\/www.keratoconuscentrumnederland.nl\/de\/ueber-uns\/","og_locale":"de_DE","og_type":"article","og_title":"\u00dcber uns - Keratoconuscentrum Nederland","og_description":"[vc_row][vc_column][vc_column_text] \u00dcber das Keratokonuszentrum Niederlande Im Jahr 2020 gr\u00fcndete Chr\u00e9tien Frambach das Keratokonuszentrum Niederlande. Er entwickelte die Conepower\u00ae-Technologie. Die optische Erg\u00e4nzung von harten und weichen Keratokonus-Kontaktlinsen durch die Conepower\u00ae-Technologie schafft die M\u00f6glichkeit einer besseren Korrektur des Keratokonus. Zusammen mit dem Kontaktlinsenhersteller UCO wurden diese Linsen entwickelt und sind seit 2021...","og_url":"https:\/\/www.keratoconuscentrumnederland.nl\/de\/ueber-uns\/","og_site_name":"Keratoconuscentrum Nederland","article_modified_time":"2025-12-10T12:08:36+00:00","twitter_card":"summary_large_image","twitter_misc":{"Gesch\u00e4tzte Lesezeit":"2\u00a0Minuten"},"schema":{"@context":"https:\/\/schema.org","@graph":[{"@type":"WebPage","@id":"https:\/\/www.keratoconuscentrumnederland.nl\/de\/ueber-uns\/","url":"https:\/\/www.keratoconuscentrumnederland.nl\/de\/ueber-uns\/","name":"\u00dcber uns - Keratoconuscentrum Nederland","isPartOf":{"@id":"https:\/\/www.keratoconuscentrumnederland.nl\/de\/#website"},"datePublished":"2022-01-13T10:49:32+00:00","dateModified":"2025-12-10T12:08:36+00:00","breadcrumb":{"@id":"https:\/\/www.keratoconuscentrumnederland.nl\/de\/ueber-uns\/#breadcrumb"},"inLanguage":"de","potentialAction":[{"@type":"ReadAction","target":["https:\/\/www.keratoconuscentrumnederland.nl\/de\/ueber-uns\/"]}]},{"@type":"BreadcrumbList","@id":"https:\/\/www.keratoconuscentrumnederland.nl\/de\/ueber-uns\/#breadcrumb","itemListElement":[{"@type":"ListItem","position":1,"name":"Home","item":"https:\/\/www.keratoconuscentrumnederland.nl\/de\/keratokonus-zentrum\/"},{"@type":"ListItem","position":2,"name":"\u00dcber uns"}]},{"@type":"WebSite","@id":"https:\/\/www.keratoconuscentrumnederland.nl\/de\/#website","url":"https:\/\/www.keratoconuscentrumnederland.nl\/de\/","name":"Keratoconuscentrum Nederland","description":"","publisher":{"@id":"https:\/\/www.keratoconuscentrumnederland.nl\/de\/#organization"},"potentialAction":[{"@type":"SearchAction","target":{"@type":"EntryPoint","urlTemplate":"https:\/\/www.keratoconuscentrumnederland.nl\/de\/?s={search_term_string}"},"query-input":{"@type":"PropertyValueSpecification","valueRequired":true,"valueName":"search_term_string"}}],"inLanguage":"de"},{"@type":"Organization","@id":"https:\/\/www.keratoconuscentrumnederland.nl\/de\/#organization","name":"Keratoconuscentrum Nederland","url":"https:\/\/www.keratoconuscentrumnederland.nl\/de\/","logo":{"@type":"ImageObject","inLanguage":"de","@id":"https:\/\/www.keratoconuscentrumnederland.nl\/de\/#\/schema\/logo\/image\/","url":"https:\/\/www.keratoconuscentrumnederland.nl\/wp-content\/uploads\/logo-keratocuscentrum-nederland.png","contentUrl":"https:\/\/www.keratoconuscentrumnederland.nl\/wp-content\/uploads\/logo-keratocuscentrum-nederland.png","width":223,"height":97,"caption":"Keratoconuscentrum Nederland"},"image":{"@id":"https:\/\/www.keratoconuscentrumnederland.nl\/de\/#\/schema\/logo\/image\/"}}]}},"_links":{"self":[{"href":"https:\/\/www.keratoconuscentrumnederland.nl\/de\/wp-json\/wp\/v2\/pages\/1111","targetHints":{"allow":["GET"]}}],"collection":[{"href":"https:\/\/www.keratoconuscentrumnederland.nl\/de\/wp-json\/wp\/v2\/pages"}],"about":[{"href":"https:\/\/www.keratoconuscentrumnederland.nl\/de\/wp-json\/wp\/v2\/types\/page"}],"author":[{"embeddable":true,"href":"https:\/\/www.keratoconuscentrumnederland.nl\/de\/wp-json\/wp\/v2\/users\/1"}],"replies":[{"embeddable":true,"href":"https:\/\/www.keratoconuscentrumnederland.nl\/de\/wp-json\/wp\/v2\/comments?post=1111"}],"version-history":[{"count":15,"href":"https:\/\/www.keratoconuscentrumnederland.nl\/de\/wp-json\/wp\/v2\/pages\/1111\/revisions"}],"predecessor-version":[{"id":6222,"href":"https:\/\/www.keratoconuscentrumnederland.nl\/de\/wp-json\/wp\/v2\/pages\/1111\/revisions\/6222"}],"wp:attachment":[{"href":"https:\/\/www.keratoconuscentrumnederland.nl\/de\/wp-json\/wp\/v2\/media?parent=1111"}],"curies":[{"name":"wp","href":"https:\/\/api.w.org\/{rel}","templated":true}]}}