{"id":1143,"date":"2022-01-13T11:43:43","date_gmt":"2022-01-13T10:43:43","guid":{"rendered":"https:\/\/www.keratoconuscentrumnederland.nl\/augenpflege-bei-keratokonus\/"},"modified":"2022-04-15T12:02:08","modified_gmt":"2022-04-15T10:02:08","slug":"augenpflege-bei-keratokonus","status":"publish","type":"page","link":"https:\/\/www.keratoconuscentrumnederland.nl\/de\/augenpflege-bei-keratokonus\/","title":{"rendered":"Augenpflege bei Keratokonus"},"content":{"rendered":"<p>[vc_row][vc_column][vc_column_text]<\/p>\n<h2>Wenn Sie Keratokonus haben, ben\u00f6tigen Sie zwei Gesundheitsdienstleister:<\/h2>\n<p><strong>1. Der Augenarzt<\/strong><br \/>\nDer Augenarzt \u00fcberpr\u00fcft den Keratokonus auf Progression. Corneal Crosslinking (CXL) kann bei Progression empfohlen werden. Dieses Verfahren stabilisiert das Fortschreiten des Keratokonus. Keratokonus wird damit nicht geheilt oder korrigiert.<\/p>\n<p>Bei Keratokonus haben Sie ein h\u00f6heres Risiko f\u00fcr Komplikationen beim Tragen von Kontaktlinsen aufgrund einer erh\u00f6hten Empfindlichkeit der Augen bei Keratokonus. Hier kann der Augenarzt medikament\u00f6s eingreifen.<\/p>\n<p>Etwa 20 % der Keratokonus-Patienten entwickeln eine sehr schwere Form. Sie k\u00f6nnen Kandidaten f\u00fcr eine Hornhauttransplantation sein.<\/p>\n<p><strong>2. Der Optiker\/Kontaktlinsenspezialist<\/strong><br \/>\nDer Augenoptiker\/Kontaktlinsenspezialist korrigiert den Augenfehler Keratokonus. Die Optiker des Keratokonus-Zentrums in den Niederlanden sind sich der Risiken des Fortschreitens des Keratokonus bewusst. Auch Komplikationen k\u00f6nnen sie schnell erkennen, sodass ein Augenarzt effektiv hinzugezogen werden kann.<\/p>\n<p>Sie verstehen, dass es sehr wichtig ist, dass der Augenarzt und der Optiker\/Kontaktlinsenspezialist sehr gut zusammenarbeiten und kommunizieren k\u00f6nnen.<\/p>\n<p>Das Keratokonuszentrum in den Niederlanden hat sich nicht in einem Krankenhaus etabliert, hat aber sehr gute Kontakte zu Augen\u00e4rzten. Erst nach Ihrer pers\u00f6nlichen Zustimmung werden Ihre Daten mit Ihrem behandelnden Augenarzt ausgetauscht.[\/vc_column_text][\/vc_column][\/vc_row]<\/p>\n","protected":false},"excerpt":{"rendered":"<p>[vc_row][vc_column][vc_column_text] Wenn Sie Keratokonus haben, ben\u00f6tigen Sie zwei Gesundheitsdienstleister: 1. Der Augenarzt Der Augenarzt \u00fcberpr\u00fcft den Keratokonus auf Progression. Corneal Crosslinking (CXL) kann bei Progression empfohlen werden. Dieses Verfahren stabilisiert das Fortschreiten des Keratokonus. Keratokonus wird damit nicht geheilt oder korrigiert. Bei Keratokonus haben Sie ein h\u00f6heres Risiko f\u00fcr Komplikationen<a class=\"moretag\" href=\"https:\/\/www.keratoconuscentrumnederland.nl\/de\/augenpflege-bei-keratokonus\/\">&#8230;<\/a><\/p>\n","protected":false},"author":1,"featured_media":0,"parent":0,"menu_order":0,"comment_status":"closed","ping_status":"closed","template":"","meta":{"inline_featured_image":false,"_glsr_average":0,"_glsr_ranking":0,"_glsr_reviews":0,"footnotes":""},"class_list":["post-1143","page","type-page","status-publish","hentry"],"yoast_head":"<!-- This site is optimized with the Yoast SEO plugin v27.2 - https:\/\/yoast.com\/product\/yoast-seo-wordpress\/ -->\n<title>Augenpflege bei Keratokonus - Keratoconuscentrum Nederland<\/title>\n<meta name=\"robots\" content=\"index, follow, max-snippet:-1, max-image-preview:large, max-video-preview:-1\" \/>\n<link rel=\"canonical\" href=\"https:\/\/www.keratoconuscentrumnederland.nl\/de\/augenpflege-bei-keratokonus\/\" \/>\n<meta property=\"og:locale\" content=\"de_DE\" \/>\n<meta property=\"og:type\" content=\"article\" \/>\n<meta property=\"og:title\" content=\"Augenpflege bei Keratokonus - Keratoconuscentrum Nederland\" \/>\n<meta property=\"og:description\" content=\"[vc_row][vc_column][vc_column_text] Wenn Sie Keratokonus haben, ben\u00f6tigen Sie zwei Gesundheitsdienstleister: 1. Der Augenarzt Der Augenarzt \u00fcberpr\u00fcft den Keratokonus auf Progression. Corneal Crosslinking (CXL) kann bei Progression empfohlen werden. Dieses Verfahren stabilisiert das Fortschreiten des Keratokonus. Keratokonus wird damit nicht geheilt oder korrigiert. Bei Keratokonus haben Sie ein h\u00f6heres Risiko f\u00fcr Komplikationen...\" \/>\n<meta property=\"og:url\" content=\"https:\/\/www.keratoconuscentrumnederland.nl\/de\/augenpflege-bei-keratokonus\/\" \/>\n<meta property=\"og:site_name\" content=\"Keratoconuscentrum Nederland\" \/>\n<meta property=\"article:modified_time\" content=\"2022-04-15T10:02:08+00:00\" \/>\n<meta name=\"twitter:card\" content=\"summary_large_image\" \/>\n<meta name=\"twitter:label1\" content=\"Gesch\u00e4tzte Lesezeit\" \/>\n\t<meta name=\"twitter:data1\" content=\"1\u00a0Minute\" \/>\n<script type=\"application\/ld+json\" class=\"yoast-schema-graph\">{\"@context\":\"https:\/\/schema.org\",\"@graph\":[{\"@type\":\"WebPage\",\"@id\":\"https:\/\/www.keratoconuscentrumnederland.nl\/de\/augenpflege-bei-keratokonus\/\",\"url\":\"https:\/\/www.keratoconuscentrumnederland.nl\/de\/augenpflege-bei-keratokonus\/\",\"name\":\"Augenpflege bei Keratokonus - Keratoconuscentrum Nederland\",\"isPartOf\":{\"@id\":\"https:\/\/www.keratoconuscentrumnederland.nl\/de\/#website\"},\"datePublished\":\"2022-01-13T10:43:43+00:00\",\"dateModified\":\"2022-04-15T10:02:08+00:00\",\"breadcrumb\":{\"@id\":\"https:\/\/www.keratoconuscentrumnederland.nl\/de\/augenpflege-bei-keratokonus\/#breadcrumb\"},\"inLanguage\":\"de\",\"potentialAction\":[{\"@type\":\"ReadAction\",\"target\":[\"https:\/\/www.keratoconuscentrumnederland.nl\/de\/augenpflege-bei-keratokonus\/\"]}]},{\"@type\":\"BreadcrumbList\",\"@id\":\"https:\/\/www.keratoconuscentrumnederland.nl\/de\/augenpflege-bei-keratokonus\/#breadcrumb\",\"itemListElement\":[{\"@type\":\"ListItem\",\"position\":1,\"name\":\"Home\",\"item\":\"https:\/\/www.keratoconuscentrumnederland.nl\/de\/keratokonus-zentrum\/\"},{\"@type\":\"ListItem\",\"position\":2,\"name\":\"Augenpflege bei Keratokonus\"}]},{\"@type\":\"WebSite\",\"@id\":\"https:\/\/www.keratoconuscentrumnederland.nl\/de\/#website\",\"url\":\"https:\/\/www.keratoconuscentrumnederland.nl\/de\/\",\"name\":\"Keratoconuscentrum Nederland\",\"description\":\"\",\"publisher\":{\"@id\":\"https:\/\/www.keratoconuscentrumnederland.nl\/de\/#organization\"},\"potentialAction\":[{\"@type\":\"SearchAction\",\"target\":{\"@type\":\"EntryPoint\",\"urlTemplate\":\"https:\/\/www.keratoconuscentrumnederland.nl\/de\/?s={search_term_string}\"},\"query-input\":{\"@type\":\"PropertyValueSpecification\",\"valueRequired\":true,\"valueName\":\"search_term_string\"}}],\"inLanguage\":\"de\"},{\"@type\":\"Organization\",\"@id\":\"https:\/\/www.keratoconuscentrumnederland.nl\/de\/#organization\",\"name\":\"Keratoconuscentrum Nederland\",\"url\":\"https:\/\/www.keratoconuscentrumnederland.nl\/de\/\",\"logo\":{\"@type\":\"ImageObject\",\"inLanguage\":\"de\",\"@id\":\"https:\/\/www.keratoconuscentrumnederland.nl\/de\/#\/schema\/logo\/image\/\",\"url\":\"https:\/\/www.keratoconuscentrumnederland.nl\/wp-content\/uploads\/logo-keratocuscentrum-nederland.png\",\"contentUrl\":\"https:\/\/www.keratoconuscentrumnederland.nl\/wp-content\/uploads\/logo-keratocuscentrum-nederland.png\",\"width\":223,\"height\":97,\"caption\":\"Keratoconuscentrum Nederland\"},\"image\":{\"@id\":\"https:\/\/www.keratoconuscentrumnederland.nl\/de\/#\/schema\/logo\/image\/\"}}]}<\/script>\n<!-- \/ Yoast SEO plugin. -->","yoast_head_json":{"title":"Augenpflege bei Keratokonus - Keratoconuscentrum Nederland","robots":{"index":"index","follow":"follow","max-snippet":"max-snippet:-1","max-image-preview":"max-image-preview:large","max-video-preview":"max-video-preview:-1"},"canonical":"https:\/\/www.keratoconuscentrumnederland.nl\/de\/augenpflege-bei-keratokonus\/","og_locale":"de_DE","og_type":"article","og_title":"Augenpflege bei Keratokonus - Keratoconuscentrum Nederland","og_description":"[vc_row][vc_column][vc_column_text] Wenn Sie Keratokonus haben, ben\u00f6tigen Sie zwei Gesundheitsdienstleister: 1. Der Augenarzt Der Augenarzt \u00fcberpr\u00fcft den Keratokonus auf Progression. Corneal Crosslinking (CXL) kann bei Progression empfohlen werden. Dieses Verfahren stabilisiert das Fortschreiten des Keratokonus. Keratokonus wird damit nicht geheilt oder korrigiert. Bei Keratokonus haben Sie ein h\u00f6heres Risiko f\u00fcr Komplikationen...","og_url":"https:\/\/www.keratoconuscentrumnederland.nl\/de\/augenpflege-bei-keratokonus\/","og_site_name":"Keratoconuscentrum Nederland","article_modified_time":"2022-04-15T10:02:08+00:00","twitter_card":"summary_large_image","twitter_misc":{"Gesch\u00e4tzte Lesezeit":"1\u00a0Minute"},"schema":{"@context":"https:\/\/schema.org","@graph":[{"@type":"WebPage","@id":"https:\/\/www.keratoconuscentrumnederland.nl\/de\/augenpflege-bei-keratokonus\/","url":"https:\/\/www.keratoconuscentrumnederland.nl\/de\/augenpflege-bei-keratokonus\/","name":"Augenpflege bei Keratokonus - Keratoconuscentrum Nederland","isPartOf":{"@id":"https:\/\/www.keratoconuscentrumnederland.nl\/de\/#website"},"datePublished":"2022-01-13T10:43:43+00:00","dateModified":"2022-04-15T10:02:08+00:00","breadcrumb":{"@id":"https:\/\/www.keratoconuscentrumnederland.nl\/de\/augenpflege-bei-keratokonus\/#breadcrumb"},"inLanguage":"de","potentialAction":[{"@type":"ReadAction","target":["https:\/\/www.keratoconuscentrumnederland.nl\/de\/augenpflege-bei-keratokonus\/"]}]},{"@type":"BreadcrumbList","@id":"https:\/\/www.keratoconuscentrumnederland.nl\/de\/augenpflege-bei-keratokonus\/#breadcrumb","itemListElement":[{"@type":"ListItem","position":1,"name":"Home","item":"https:\/\/www.keratoconuscentrumnederland.nl\/de\/keratokonus-zentrum\/"},{"@type":"ListItem","position":2,"name":"Augenpflege bei Keratokonus"}]},{"@type":"WebSite","@id":"https:\/\/www.keratoconuscentrumnederland.nl\/de\/#website","url":"https:\/\/www.keratoconuscentrumnederland.nl\/de\/","name":"Keratoconuscentrum Nederland","description":"","publisher":{"@id":"https:\/\/www.keratoconuscentrumnederland.nl\/de\/#organization"},"potentialAction":[{"@type":"SearchAction","target":{"@type":"EntryPoint","urlTemplate":"https:\/\/www.keratoconuscentrumnederland.nl\/de\/?s={search_term_string}"},"query-input":{"@type":"PropertyValueSpecification","valueRequired":true,"valueName":"search_term_string"}}],"inLanguage":"de"},{"@type":"Organization","@id":"https:\/\/www.keratoconuscentrumnederland.nl\/de\/#organization","name":"Keratoconuscentrum Nederland","url":"https:\/\/www.keratoconuscentrumnederland.nl\/de\/","logo":{"@type":"ImageObject","inLanguage":"de","@id":"https:\/\/www.keratoconuscentrumnederland.nl\/de\/#\/schema\/logo\/image\/","url":"https:\/\/www.keratoconuscentrumnederland.nl\/wp-content\/uploads\/logo-keratocuscentrum-nederland.png","contentUrl":"https:\/\/www.keratoconuscentrumnederland.nl\/wp-content\/uploads\/logo-keratocuscentrum-nederland.png","width":223,"height":97,"caption":"Keratoconuscentrum Nederland"},"image":{"@id":"https:\/\/www.keratoconuscentrumnederland.nl\/de\/#\/schema\/logo\/image\/"}}]}},"_links":{"self":[{"href":"https:\/\/www.keratoconuscentrumnederland.nl\/de\/wp-json\/wp\/v2\/pages\/1143","targetHints":{"allow":["GET"]}}],"collection":[{"href":"https:\/\/www.keratoconuscentrumnederland.nl\/de\/wp-json\/wp\/v2\/pages"}],"about":[{"href":"https:\/\/www.keratoconuscentrumnederland.nl\/de\/wp-json\/wp\/v2\/types\/page"}],"author":[{"embeddable":true,"href":"https:\/\/www.keratoconuscentrumnederland.nl\/de\/wp-json\/wp\/v2\/users\/1"}],"replies":[{"embeddable":true,"href":"https:\/\/www.keratoconuscentrumnederland.nl\/de\/wp-json\/wp\/v2\/comments?post=1143"}],"version-history":[{"count":1,"href":"https:\/\/www.keratoconuscentrumnederland.nl\/de\/wp-json\/wp\/v2\/pages\/1143\/revisions"}],"predecessor-version":[{"id":1160,"href":"https:\/\/www.keratoconuscentrumnederland.nl\/de\/wp-json\/wp\/v2\/pages\/1143\/revisions\/1160"}],"wp:attachment":[{"href":"https:\/\/www.keratoconuscentrumnederland.nl\/de\/wp-json\/wp\/v2\/media?parent=1143"}],"curies":[{"name":"wp","href":"https:\/\/api.w.org\/{rel}","templated":true}]}}