{"id":1145,"date":"2022-01-14T09:45:55","date_gmt":"2022-01-14T08:45:55","guid":{"rendered":"https:\/\/www.keratoconuscentrumnederland.nl\/was-sind-die-auswirkungen-von-keratokonus\/"},"modified":"2022-04-15T12:02:08","modified_gmt":"2022-04-15T10:02:08","slug":"was-sind-die-auswirkungen-von-keratokonus","status":"publish","type":"page","link":"https:\/\/www.keratoconuscentrumnederland.nl\/de\/was-sind-die-auswirkungen-von-keratokonus\/","title":{"rendered":"Was sind die Auswirkungen von Keratokonus?"},"content":{"rendered":"<p>[vc_row][vc_column][vc_column_text]<\/p>\n<h2>Auswirkungen von Keratokonus auf das Sehverm\u00f6gen<\/h2>\n<p>Keratokonus kann folgende symptomatische Folgen haben.<\/p>\n<p>Bei leichten Formen des Keratokonus l\u00e4sst sich der Augenfehler noch gut mit einer Brille korrigieren. Keratokonus wird auch regelm\u00e4\u00dfig zuf\u00e4llig entdeckt. Ohne die f\u00fcr Keratokonus normalen Beschwerden war diese Person immer in der Lage, richtig zu funktionieren. Viele Menschen mit Keratokonus werden nie diagnostiziert. <\/p>\n<p>Bei leichten Formen des Keratokonus kann die Sehleistung gut genug sein, um richtig zu funktionieren. Es ist m\u00f6glich, dass Sie aufgrund des Alters oder eines anderen Arbeits- oder Lebensumfelds pl\u00f6tzlich Beschwerden haben. Dies kann dazu f\u00fchren, dass die Diagnose versp\u00e4tet gestellt wird. Der Keratokonus trat jedoch viel fr\u00fcher auf.<\/p>\n<p>Keratokonus manifestiert sich typischerweise in beiden Augen. Keratokonus ist normalerweise auf einem Auge st\u00e4rker ausgepr\u00e4gt als auf dem anderen. Es kommt sogar vor, dass Keratokonus sogar auf einem Auge auftritt. Das Tragen einer Kontaktlinse am Auge mit Keratokonus ist nur dann notwendig, wenn diese Korrektur einen Mehrwert f\u00fcr das Sehverm\u00f6gen hat. F\u00e4lschlicherweise wird gesagt, dass eine Kontaktlinse den Keratokonus stoppen kann. Das ist nicht wahr. Die Notwendigkeit einer Kontaktlinse muss nicht bedeuten, dass diese Linse immer den ganzen Tag getragen werden muss. Die Linse kann bei Bedarf getragen werden. In den Wintermonaten und abends ist dieser Bedarf oft viel gr\u00f6\u00dfer.<\/p>\n<p>Leichte Formen des Keratokonus lassen sich meist auch recht gut mit einer Brille korrigieren. Die Brille kann dann anstelle von Kontaktlinsen getragen werden. Mit Kontaktlinsen k\u00f6nnen Sie oft klar sehen. Sie haben die Wahl zwischen Brille oder Kontaktlinsen oder einer Kombination aus beiden Korrekturm\u00f6glichkeiten.<\/p>\n<p>Bei schweren Formen des Keratokonus ist es sehr wahrscheinlich, dass Sie auf die Korrektur von Kontaktlinsen angewiesen sind. Das k\u00f6nnen Sklerallinsen sein, es gibt aber auch Hornhautlinsen, weiche Keratokonus-Kontaktlinsen und Hybrid-Kontaktlinsen. Es ist Sache des Kontaktlinsenspezialisten, die beste Linse f\u00fcr die richtige Person anzupassen.<\/p>\n<p>Eine Brille zus\u00e4tzlich zu Kontaktlinsen stellt sicher, dass Sie Kontaktlinsen wechseln k\u00f6nnen. Dies kann n\u00fctzlich sein, wenn Sie Probleme mit Ihren Kontaktlinsen haben. Die Empfindlichkeit gegen\u00fcber Heuschnupfen ist bei Menschen mit Keratokonus weit verbreitet. Wenn Sie Ihre Kontaktlinsen abends herausnehmen k\u00f6nnen, g\u00f6nnen Sie Ihren Augen eine Pause und Sie werden die Linsen am n\u00e4chsten Tag besser vertragen. Manchmal bittet Sie Ihr Augenarzt, die Kontaktlinsen einige Tage darauf zu lassen, um eine zuverl\u00e4ssige Messung durchzuf\u00fchren. Auch f\u00fcr diese Situation ist eine Brille sinnvoll.<\/p>\n<p>Auch Menschen mit Keratokonus profitieren manchmal von dieser Erkrankung. Beispielsweise kommt es regelm\u00e4\u00dfig vor, dass eine Lesebrille in einem viel sp\u00e4teren Alter als normal verwendet werden muss. Keratokonus kann eine optisch \u00e4hnliche Wirkung wie die Optik von multifokalen Kontaktlinsen hervorrufen!<\/p>\n<p>Alle Formen des Keratokonus k\u00f6nnen die Lichtempfindlichkeit der Augen erh\u00f6hen. Sie m\u00f6chten wissen, wie stark Ihre Augen durch Streulicht belastet sind, oder etwas dagegen tun? Vereinbaren Sie einen Termin im Keratokonus-Zentrum in den Niederlanden, um Ihre Streulichtwerte messen zu lassen.<\/p>\n<p>Wenn Sie regelm\u00e4\u00dfig unter Ihren Kontaktlinsen leiden und noch nie eine der unten aufgef\u00fchrten Linsen ausprobiert haben, vereinbaren Sie einen Termin im Keratokonus-Zentrum in den Niederlanden. In diesem Zentrum werden alle Arten von Kontaktlinsen angepasst.<br \/>\nWurde Ihnen gesagt, dass Ihnen eine Brille nicht helfen w\u00fcrde? Dann vereinbaren Sie einen Termin f\u00fcr eine Messung im Keratokonus-Zentrum in den Niederlanden. Vielleicht sind Brillen doch m\u00f6glich.<\/p>\n<p>[\/vc_column_text][\/vc_column][\/vc_row]<\/p>\n","protected":false},"excerpt":{"rendered":"<p>[vc_row][vc_column][vc_column_text] Auswirkungen von Keratokonus auf das Sehverm\u00f6gen Keratokonus kann folgende symptomatische Folgen haben. Bei leichten Formen des Keratokonus l\u00e4sst sich der Augenfehler noch gut mit einer Brille korrigieren. Keratokonus wird auch regelm\u00e4\u00dfig zuf\u00e4llig entdeckt. Ohne die f\u00fcr Keratokonus normalen Beschwerden war diese Person immer in der Lage, richtig zu funktionieren.<a class=\"moretag\" href=\"https:\/\/www.keratoconuscentrumnederland.nl\/de\/was-sind-die-auswirkungen-von-keratokonus\/\">&#8230;<\/a><\/p>\n","protected":false},"author":1,"featured_media":0,"parent":0,"menu_order":0,"comment_status":"closed","ping_status":"closed","template":"","meta":{"inline_featured_image":false,"_glsr_average":0,"_glsr_ranking":0,"_glsr_reviews":0,"footnotes":""},"class_list":["post-1145","page","type-page","status-publish","hentry"],"yoast_head":"<!-- This site is optimized with the Yoast SEO plugin v27.2 - https:\/\/yoast.com\/product\/yoast-seo-wordpress\/ -->\n<title>Was sind die Auswirkungen von Keratokonus? - Keratoconuscentrum Nederland<\/title>\n<meta name=\"description\" content=\"Welche Auswirkungen hat die Augenkrankheit Keratokonus auf das Sehverm\u00f6gen? Keratokonus Zentrum Niederlande informiert und bietet Hilfsmittel an.\" \/>\n<meta name=\"robots\" content=\"index, follow, max-snippet:-1, max-image-preview:large, max-video-preview:-1\" \/>\n<link rel=\"canonical\" href=\"https:\/\/www.keratoconuscentrumnederland.nl\/de\/was-sind-die-auswirkungen-von-keratokonus\/\" \/>\n<meta property=\"og:locale\" content=\"de_DE\" \/>\n<meta property=\"og:type\" content=\"article\" \/>\n<meta property=\"og:title\" content=\"Was sind die Auswirkungen von Keratokonus? - Keratoconuscentrum Nederland\" \/>\n<meta property=\"og:description\" content=\"Welche Auswirkungen hat die Augenkrankheit Keratokonus auf das Sehverm\u00f6gen? Keratokonus Zentrum Niederlande informiert und bietet Hilfsmittel an.\" \/>\n<meta property=\"og:url\" content=\"https:\/\/www.keratoconuscentrumnederland.nl\/de\/was-sind-die-auswirkungen-von-keratokonus\/\" \/>\n<meta property=\"og:site_name\" content=\"Keratoconuscentrum Nederland\" \/>\n<meta property=\"article:modified_time\" content=\"2022-04-15T10:02:08+00:00\" \/>\n<meta name=\"twitter:card\" content=\"summary_large_image\" \/>\n<meta name=\"twitter:label1\" content=\"Gesch\u00e4tzte Lesezeit\" \/>\n\t<meta name=\"twitter:data1\" content=\"3\u00a0Minuten\" \/>\n<script type=\"application\/ld+json\" class=\"yoast-schema-graph\">{\"@context\":\"https:\/\/schema.org\",\"@graph\":[{\"@type\":\"WebPage\",\"@id\":\"https:\/\/www.keratoconuscentrumnederland.nl\/de\/was-sind-die-auswirkungen-von-keratokonus\/\",\"url\":\"https:\/\/www.keratoconuscentrumnederland.nl\/de\/was-sind-die-auswirkungen-von-keratokonus\/\",\"name\":\"Was sind die Auswirkungen von Keratokonus? - Keratoconuscentrum Nederland\",\"isPartOf\":{\"@id\":\"https:\/\/www.keratoconuscentrumnederland.nl\/de\/#website\"},\"datePublished\":\"2022-01-14T08:45:55+00:00\",\"dateModified\":\"2022-04-15T10:02:08+00:00\",\"description\":\"Welche Auswirkungen hat die Augenkrankheit Keratokonus auf das Sehverm\u00f6gen? Keratokonus Zentrum Niederlande informiert und bietet Hilfsmittel an.\",\"breadcrumb\":{\"@id\":\"https:\/\/www.keratoconuscentrumnederland.nl\/de\/was-sind-die-auswirkungen-von-keratokonus\/#breadcrumb\"},\"inLanguage\":\"de\",\"potentialAction\":[{\"@type\":\"ReadAction\",\"target\":[\"https:\/\/www.keratoconuscentrumnederland.nl\/de\/was-sind-die-auswirkungen-von-keratokonus\/\"]}]},{\"@type\":\"BreadcrumbList\",\"@id\":\"https:\/\/www.keratoconuscentrumnederland.nl\/de\/was-sind-die-auswirkungen-von-keratokonus\/#breadcrumb\",\"itemListElement\":[{\"@type\":\"ListItem\",\"position\":1,\"name\":\"Home\",\"item\":\"https:\/\/www.keratoconuscentrumnederland.nl\/de\/keratokonus-zentrum\/\"},{\"@type\":\"ListItem\",\"position\":2,\"name\":\"Was sind die Auswirkungen von Keratokonus?\"}]},{\"@type\":\"WebSite\",\"@id\":\"https:\/\/www.keratoconuscentrumnederland.nl\/de\/#website\",\"url\":\"https:\/\/www.keratoconuscentrumnederland.nl\/de\/\",\"name\":\"Keratoconuscentrum Nederland\",\"description\":\"\",\"publisher\":{\"@id\":\"https:\/\/www.keratoconuscentrumnederland.nl\/de\/#organization\"},\"potentialAction\":[{\"@type\":\"SearchAction\",\"target\":{\"@type\":\"EntryPoint\",\"urlTemplate\":\"https:\/\/www.keratoconuscentrumnederland.nl\/de\/?s={search_term_string}\"},\"query-input\":{\"@type\":\"PropertyValueSpecification\",\"valueRequired\":true,\"valueName\":\"search_term_string\"}}],\"inLanguage\":\"de\"},{\"@type\":\"Organization\",\"@id\":\"https:\/\/www.keratoconuscentrumnederland.nl\/de\/#organization\",\"name\":\"Keratoconuscentrum Nederland\",\"url\":\"https:\/\/www.keratoconuscentrumnederland.nl\/de\/\",\"logo\":{\"@type\":\"ImageObject\",\"inLanguage\":\"de\",\"@id\":\"https:\/\/www.keratoconuscentrumnederland.nl\/de\/#\/schema\/logo\/image\/\",\"url\":\"https:\/\/www.keratoconuscentrumnederland.nl\/wp-content\/uploads\/logo-keratocuscentrum-nederland.png\",\"contentUrl\":\"https:\/\/www.keratoconuscentrumnederland.nl\/wp-content\/uploads\/logo-keratocuscentrum-nederland.png\",\"width\":223,\"height\":97,\"caption\":\"Keratoconuscentrum Nederland\"},\"image\":{\"@id\":\"https:\/\/www.keratoconuscentrumnederland.nl\/de\/#\/schema\/logo\/image\/\"}}]}<\/script>\n<!-- \/ Yoast SEO plugin. -->","yoast_head_json":{"title":"Was sind die Auswirkungen von Keratokonus? - Keratoconuscentrum Nederland","description":"Welche Auswirkungen hat die Augenkrankheit Keratokonus auf das Sehverm\u00f6gen? Keratokonus Zentrum Niederlande informiert und bietet Hilfsmittel an.","robots":{"index":"index","follow":"follow","max-snippet":"max-snippet:-1","max-image-preview":"max-image-preview:large","max-video-preview":"max-video-preview:-1"},"canonical":"https:\/\/www.keratoconuscentrumnederland.nl\/de\/was-sind-die-auswirkungen-von-keratokonus\/","og_locale":"de_DE","og_type":"article","og_title":"Was sind die Auswirkungen von Keratokonus? - Keratoconuscentrum Nederland","og_description":"Welche Auswirkungen hat die Augenkrankheit Keratokonus auf das Sehverm\u00f6gen? Keratokonus Zentrum Niederlande informiert und bietet Hilfsmittel an.","og_url":"https:\/\/www.keratoconuscentrumnederland.nl\/de\/was-sind-die-auswirkungen-von-keratokonus\/","og_site_name":"Keratoconuscentrum Nederland","article_modified_time":"2022-04-15T10:02:08+00:00","twitter_card":"summary_large_image","twitter_misc":{"Gesch\u00e4tzte Lesezeit":"3\u00a0Minuten"},"schema":{"@context":"https:\/\/schema.org","@graph":[{"@type":"WebPage","@id":"https:\/\/www.keratoconuscentrumnederland.nl\/de\/was-sind-die-auswirkungen-von-keratokonus\/","url":"https:\/\/www.keratoconuscentrumnederland.nl\/de\/was-sind-die-auswirkungen-von-keratokonus\/","name":"Was sind die Auswirkungen von Keratokonus? - Keratoconuscentrum Nederland","isPartOf":{"@id":"https:\/\/www.keratoconuscentrumnederland.nl\/de\/#website"},"datePublished":"2022-01-14T08:45:55+00:00","dateModified":"2022-04-15T10:02:08+00:00","description":"Welche Auswirkungen hat die Augenkrankheit Keratokonus auf das Sehverm\u00f6gen? Keratokonus Zentrum Niederlande informiert und bietet Hilfsmittel an.","breadcrumb":{"@id":"https:\/\/www.keratoconuscentrumnederland.nl\/de\/was-sind-die-auswirkungen-von-keratokonus\/#breadcrumb"},"inLanguage":"de","potentialAction":[{"@type":"ReadAction","target":["https:\/\/www.keratoconuscentrumnederland.nl\/de\/was-sind-die-auswirkungen-von-keratokonus\/"]}]},{"@type":"BreadcrumbList","@id":"https:\/\/www.keratoconuscentrumnederland.nl\/de\/was-sind-die-auswirkungen-von-keratokonus\/#breadcrumb","itemListElement":[{"@type":"ListItem","position":1,"name":"Home","item":"https:\/\/www.keratoconuscentrumnederland.nl\/de\/keratokonus-zentrum\/"},{"@type":"ListItem","position":2,"name":"Was sind die Auswirkungen von Keratokonus?"}]},{"@type":"WebSite","@id":"https:\/\/www.keratoconuscentrumnederland.nl\/de\/#website","url":"https:\/\/www.keratoconuscentrumnederland.nl\/de\/","name":"Keratoconuscentrum Nederland","description":"","publisher":{"@id":"https:\/\/www.keratoconuscentrumnederland.nl\/de\/#organization"},"potentialAction":[{"@type":"SearchAction","target":{"@type":"EntryPoint","urlTemplate":"https:\/\/www.keratoconuscentrumnederland.nl\/de\/?s={search_term_string}"},"query-input":{"@type":"PropertyValueSpecification","valueRequired":true,"valueName":"search_term_string"}}],"inLanguage":"de"},{"@type":"Organization","@id":"https:\/\/www.keratoconuscentrumnederland.nl\/de\/#organization","name":"Keratoconuscentrum Nederland","url":"https:\/\/www.keratoconuscentrumnederland.nl\/de\/","logo":{"@type":"ImageObject","inLanguage":"de","@id":"https:\/\/www.keratoconuscentrumnederland.nl\/de\/#\/schema\/logo\/image\/","url":"https:\/\/www.keratoconuscentrumnederland.nl\/wp-content\/uploads\/logo-keratocuscentrum-nederland.png","contentUrl":"https:\/\/www.keratoconuscentrumnederland.nl\/wp-content\/uploads\/logo-keratocuscentrum-nederland.png","width":223,"height":97,"caption":"Keratoconuscentrum Nederland"},"image":{"@id":"https:\/\/www.keratoconuscentrumnederland.nl\/de\/#\/schema\/logo\/image\/"}}]}},"_links":{"self":[{"href":"https:\/\/www.keratoconuscentrumnederland.nl\/de\/wp-json\/wp\/v2\/pages\/1145","targetHints":{"allow":["GET"]}}],"collection":[{"href":"https:\/\/www.keratoconuscentrumnederland.nl\/de\/wp-json\/wp\/v2\/pages"}],"about":[{"href":"https:\/\/www.keratoconuscentrumnederland.nl\/de\/wp-json\/wp\/v2\/types\/page"}],"author":[{"embeddable":true,"href":"https:\/\/www.keratoconuscentrumnederland.nl\/de\/wp-json\/wp\/v2\/users\/1"}],"replies":[{"embeddable":true,"href":"https:\/\/www.keratoconuscentrumnederland.nl\/de\/wp-json\/wp\/v2\/comments?post=1145"}],"version-history":[{"count":1,"href":"https:\/\/www.keratoconuscentrumnederland.nl\/de\/wp-json\/wp\/v2\/pages\/1145\/revisions"}],"predecessor-version":[{"id":1166,"href":"https:\/\/www.keratoconuscentrumnederland.nl\/de\/wp-json\/wp\/v2\/pages\/1145\/revisions\/1166"}],"wp:attachment":[{"href":"https:\/\/www.keratoconuscentrumnederland.nl\/de\/wp-json\/wp\/v2\/media?parent=1145"}],"curies":[{"name":"wp","href":"https:\/\/api.w.org\/{rel}","templated":true}]}}