{"id":1158,"date":"2022-01-14T09:29:32","date_gmt":"2022-01-14T08:29:32","guid":{"rendered":"https:\/\/www.keratoconuscentrumnederland.nl\/hornhauttransplantation-keratokonus\/"},"modified":"2022-04-15T12:02:08","modified_gmt":"2022-04-15T10:02:08","slug":"hornhauttransplantation-keratokonus","status":"publish","type":"page","link":"https:\/\/www.keratoconuscentrumnederland.nl\/de\/hornhauttransplantation-keratokonus\/","title":{"rendered":"Hornhauttransplantation Keratokonus"},"content":{"rendered":"<p>[vc_row][vc_column][vc_column_text]<\/p>\n<h2>Hornhauttransplantation zur Verbesserung des Sehverm\u00f6gens<\/h2>\n<p>Zur Korrektur des Keratokonus stehen verschiedene Arten von Kontaktlinsen zur Verf\u00fcgung. Trotz der Korrektur von Kontaktlinsen l\u00e4sst sich Keratokonus weniger gut korrigieren als Myopie. Neben Brillen oder Kontaktlinsen und Cross-Linking gibt es verschiedene chirurgische Behandlungen f\u00fcr Keratokonus. Wenn eine Korrektur des Auges mit Kontaktlinsen und\/oder Brille nicht mehr m\u00f6glich ist, kann Ihr behandelnder Augenarzt eine Hornhauttransplantation vorschlagen. Weiter unten k\u00f6nnen Sie mehr \u00fcber die Hornhauttransplantation bei Keratokonus lesen.<\/p>\n<h2>Komplette Hornhauttransplantation: Perforierende Keratoplastik (PKP)<\/h2>\n<p>Wenn die Hornhaut vollst\u00e4ndig eingetr\u00fcbt ist, kann das Sehverm\u00f6gen nur wiederhergestellt werden, indem die vollst\u00e4ndig undurchsichtige Hornhaut durch eine klare ersetzt wird. Wenn die gesamte Hornhaut durch ein klares Spendergewebe ersetzt wird, spricht man von einer perforierenden Keratoplastik. Die Abk\u00fcrzungen daf\u00fcr sind: \u201ePK\u201c (Perforating Keratoplasty) oder \u201ePKP\u201c (Perforating KeratoPlastic). Da die neue Hornhaut von einem Spender stammt, kann es manchmal zu Wartezeiten kommen, bis eine geeignete oder typisierte Hornhaut verf\u00fcgbar ist; Dies soll das Risiko einer Zur\u00fcckweisung so weit wie m\u00f6glich begrenzen.<\/p>\n<h2>Teilweise Hornhauttransplantation (DALK)<\/h2>\n<p>Eine partielle Hornhauttransplantation bei Keratokonus ist ebenfalls eine der Optionen. Beim Keratokonus wird dann eine DALK oder tiefe anteriore lamell\u00e4re Keratoplastik durchgef\u00fchrt). Der zentrale, \u00e4u\u00dfere Teil der Hornhaut wird fast \u00fcber die gesamte Dicke durch Spendergewebe ersetzt. Eine DALK ist eine wirksame Behandlung f\u00fcr Anomalien auf der Vorderseite der Hornhaut (Epithel, Bowmans-Schicht, Stroma), wo die Endothelschicht (innere Schicht) noch gesund ist. Das Risiko einer Absto\u00dfung ist bei dieser Art von Operation geringer.<\/p>\n<h2>Transplantation der Bowman-Membran<\/h2>\n<p>Eine neue innovative Methode zur Korrektur und St\u00e4rkung des Keratokonus ist die Bowman-Membrantransplantation. Von einer Spenderhornhaut wird die Bowman-Membran zus\u00e4tzlich zwischen die geschw\u00e4chten Schichten der Keratokonus-Hornhaut geschoben. Langzeitwirkungen sind noch unbekannt, da diese Methode erst seit kurzem angewendet wird.<\/p>\n<h2>Gute Ergebnisse bei Hornhauttransplantation<\/h2>\n<p>Der Erfolg nach einer Hornhauttransplantation bei Keratokonus ist hoch, aber die Genesung nach der Operation dauert lange. Die Genesung dauert etwa ein Jahr und im Durchschnitt h\u00e4lt eine transplantierte Hornhaut f\u00fcnfzehn bis zwanzig Jahre. Auch nach der Hornhauttransplantation m\u00fcssen bei Keratokonus h\u00e4ufig Kontaktlinsen getragen werden, um ausreichend gut sehen zu k\u00f6nnen.<br \/>\n[\/vc_column_text][\/vc_column][\/vc_row]<\/p>\n","protected":false},"excerpt":{"rendered":"<p>[vc_row][vc_column][vc_column_text] Hornhauttransplantation zur Verbesserung des Sehverm\u00f6gens Zur Korrektur des Keratokonus stehen verschiedene Arten von Kontaktlinsen zur Verf\u00fcgung. Trotz der Korrektur von Kontaktlinsen l\u00e4sst sich Keratokonus weniger gut korrigieren als Myopie. Neben Brillen oder Kontaktlinsen und Cross-Linking gibt es verschiedene chirurgische Behandlungen f\u00fcr Keratokonus. Wenn eine Korrektur des Auges mit Kontaktlinsen<a class=\"moretag\" href=\"https:\/\/www.keratoconuscentrumnederland.nl\/de\/hornhauttransplantation-keratokonus\/\">&#8230;<\/a><\/p>\n","protected":false},"author":1,"featured_media":0,"parent":0,"menu_order":0,"comment_status":"closed","ping_status":"closed","template":"","meta":{"inline_featured_image":false,"_glsr_average":0,"_glsr_ranking":0,"_glsr_reviews":0,"footnotes":""},"class_list":["post-1158","page","type-page","status-publish","hentry"],"yoast_head":"<!-- This site is optimized with the Yoast SEO plugin v27.2 - https:\/\/yoast.com\/product\/yoast-seo-wordpress\/ -->\n<title>Hornhauttransplantation Keratokonus - Keratoconuscentrum Nederland<\/title>\n<meta name=\"description\" content=\"Wenn verschiedene Behandlungen gegen Keratokonus nicht helfen, kann eine Hornhauttransplantation die L\u00f6sung bieten. Das Keratokonus Zentrum Niederlande informiert.\" \/>\n<meta name=\"robots\" content=\"index, follow, max-snippet:-1, max-image-preview:large, max-video-preview:-1\" \/>\n<link rel=\"canonical\" href=\"https:\/\/www.keratoconuscentrumnederland.nl\/de\/hornhauttransplantation-keratokonus\/\" \/>\n<meta property=\"og:locale\" content=\"de_DE\" \/>\n<meta property=\"og:type\" content=\"article\" \/>\n<meta property=\"og:title\" content=\"Hornhauttransplantation Keratokonus - Keratoconuscentrum Nederland\" \/>\n<meta property=\"og:description\" content=\"Wenn verschiedene Behandlungen gegen Keratokonus nicht helfen, kann eine Hornhauttransplantation die L\u00f6sung bieten. Das Keratokonus Zentrum Niederlande informiert.\" \/>\n<meta property=\"og:url\" content=\"https:\/\/www.keratoconuscentrumnederland.nl\/de\/hornhauttransplantation-keratokonus\/\" \/>\n<meta property=\"og:site_name\" content=\"Keratoconuscentrum Nederland\" \/>\n<meta property=\"article:modified_time\" content=\"2022-04-15T10:02:08+00:00\" \/>\n<meta name=\"twitter:card\" content=\"summary_large_image\" \/>\n<meta name=\"twitter:label1\" content=\"Gesch\u00e4tzte Lesezeit\" \/>\n\t<meta name=\"twitter:data1\" content=\"2\u00a0Minuten\" \/>\n<script type=\"application\/ld+json\" class=\"yoast-schema-graph\">{\"@context\":\"https:\/\/schema.org\",\"@graph\":[{\"@type\":\"WebPage\",\"@id\":\"https:\/\/www.keratoconuscentrumnederland.nl\/de\/hornhauttransplantation-keratokonus\/\",\"url\":\"https:\/\/www.keratoconuscentrumnederland.nl\/de\/hornhauttransplantation-keratokonus\/\",\"name\":\"Hornhauttransplantation Keratokonus - Keratoconuscentrum Nederland\",\"isPartOf\":{\"@id\":\"https:\/\/www.keratoconuscentrumnederland.nl\/de\/#website\"},\"datePublished\":\"2022-01-14T08:29:32+00:00\",\"dateModified\":\"2022-04-15T10:02:08+00:00\",\"description\":\"Wenn verschiedene Behandlungen gegen Keratokonus nicht helfen, kann eine Hornhauttransplantation die L\u00f6sung bieten. Das Keratokonus Zentrum Niederlande informiert.\",\"breadcrumb\":{\"@id\":\"https:\/\/www.keratoconuscentrumnederland.nl\/de\/hornhauttransplantation-keratokonus\/#breadcrumb\"},\"inLanguage\":\"de\",\"potentialAction\":[{\"@type\":\"ReadAction\",\"target\":[\"https:\/\/www.keratoconuscentrumnederland.nl\/de\/hornhauttransplantation-keratokonus\/\"]}]},{\"@type\":\"BreadcrumbList\",\"@id\":\"https:\/\/www.keratoconuscentrumnederland.nl\/de\/hornhauttransplantation-keratokonus\/#breadcrumb\",\"itemListElement\":[{\"@type\":\"ListItem\",\"position\":1,\"name\":\"Home\",\"item\":\"https:\/\/www.keratoconuscentrumnederland.nl\/de\/keratokonus-zentrum\/\"},{\"@type\":\"ListItem\",\"position\":2,\"name\":\"Hornhauttransplantation Keratokonus\"}]},{\"@type\":\"WebSite\",\"@id\":\"https:\/\/www.keratoconuscentrumnederland.nl\/de\/#website\",\"url\":\"https:\/\/www.keratoconuscentrumnederland.nl\/de\/\",\"name\":\"Keratoconuscentrum Nederland\",\"description\":\"\",\"publisher\":{\"@id\":\"https:\/\/www.keratoconuscentrumnederland.nl\/de\/#organization\"},\"potentialAction\":[{\"@type\":\"SearchAction\",\"target\":{\"@type\":\"EntryPoint\",\"urlTemplate\":\"https:\/\/www.keratoconuscentrumnederland.nl\/de\/?s={search_term_string}\"},\"query-input\":{\"@type\":\"PropertyValueSpecification\",\"valueRequired\":true,\"valueName\":\"search_term_string\"}}],\"inLanguage\":\"de\"},{\"@type\":\"Organization\",\"@id\":\"https:\/\/www.keratoconuscentrumnederland.nl\/de\/#organization\",\"name\":\"Keratoconuscentrum Nederland\",\"url\":\"https:\/\/www.keratoconuscentrumnederland.nl\/de\/\",\"logo\":{\"@type\":\"ImageObject\",\"inLanguage\":\"de\",\"@id\":\"https:\/\/www.keratoconuscentrumnederland.nl\/de\/#\/schema\/logo\/image\/\",\"url\":\"https:\/\/www.keratoconuscentrumnederland.nl\/wp-content\/uploads\/logo-keratocuscentrum-nederland.png\",\"contentUrl\":\"https:\/\/www.keratoconuscentrumnederland.nl\/wp-content\/uploads\/logo-keratocuscentrum-nederland.png\",\"width\":223,\"height\":97,\"caption\":\"Keratoconuscentrum Nederland\"},\"image\":{\"@id\":\"https:\/\/www.keratoconuscentrumnederland.nl\/de\/#\/schema\/logo\/image\/\"}}]}<\/script>\n<!-- \/ Yoast SEO plugin. -->","yoast_head_json":{"title":"Hornhauttransplantation Keratokonus - Keratoconuscentrum Nederland","description":"Wenn verschiedene Behandlungen gegen Keratokonus nicht helfen, kann eine Hornhauttransplantation die L\u00f6sung bieten. Das Keratokonus Zentrum Niederlande informiert.","robots":{"index":"index","follow":"follow","max-snippet":"max-snippet:-1","max-image-preview":"max-image-preview:large","max-video-preview":"max-video-preview:-1"},"canonical":"https:\/\/www.keratoconuscentrumnederland.nl\/de\/hornhauttransplantation-keratokonus\/","og_locale":"de_DE","og_type":"article","og_title":"Hornhauttransplantation Keratokonus - Keratoconuscentrum Nederland","og_description":"Wenn verschiedene Behandlungen gegen Keratokonus nicht helfen, kann eine Hornhauttransplantation die L\u00f6sung bieten. Das Keratokonus Zentrum Niederlande informiert.","og_url":"https:\/\/www.keratoconuscentrumnederland.nl\/de\/hornhauttransplantation-keratokonus\/","og_site_name":"Keratoconuscentrum Nederland","article_modified_time":"2022-04-15T10:02:08+00:00","twitter_card":"summary_large_image","twitter_misc":{"Gesch\u00e4tzte Lesezeit":"2\u00a0Minuten"},"schema":{"@context":"https:\/\/schema.org","@graph":[{"@type":"WebPage","@id":"https:\/\/www.keratoconuscentrumnederland.nl\/de\/hornhauttransplantation-keratokonus\/","url":"https:\/\/www.keratoconuscentrumnederland.nl\/de\/hornhauttransplantation-keratokonus\/","name":"Hornhauttransplantation Keratokonus - Keratoconuscentrum Nederland","isPartOf":{"@id":"https:\/\/www.keratoconuscentrumnederland.nl\/de\/#website"},"datePublished":"2022-01-14T08:29:32+00:00","dateModified":"2022-04-15T10:02:08+00:00","description":"Wenn verschiedene Behandlungen gegen Keratokonus nicht helfen, kann eine Hornhauttransplantation die L\u00f6sung bieten. Das Keratokonus Zentrum Niederlande informiert.","breadcrumb":{"@id":"https:\/\/www.keratoconuscentrumnederland.nl\/de\/hornhauttransplantation-keratokonus\/#breadcrumb"},"inLanguage":"de","potentialAction":[{"@type":"ReadAction","target":["https:\/\/www.keratoconuscentrumnederland.nl\/de\/hornhauttransplantation-keratokonus\/"]}]},{"@type":"BreadcrumbList","@id":"https:\/\/www.keratoconuscentrumnederland.nl\/de\/hornhauttransplantation-keratokonus\/#breadcrumb","itemListElement":[{"@type":"ListItem","position":1,"name":"Home","item":"https:\/\/www.keratoconuscentrumnederland.nl\/de\/keratokonus-zentrum\/"},{"@type":"ListItem","position":2,"name":"Hornhauttransplantation Keratokonus"}]},{"@type":"WebSite","@id":"https:\/\/www.keratoconuscentrumnederland.nl\/de\/#website","url":"https:\/\/www.keratoconuscentrumnederland.nl\/de\/","name":"Keratoconuscentrum Nederland","description":"","publisher":{"@id":"https:\/\/www.keratoconuscentrumnederland.nl\/de\/#organization"},"potentialAction":[{"@type":"SearchAction","target":{"@type":"EntryPoint","urlTemplate":"https:\/\/www.keratoconuscentrumnederland.nl\/de\/?s={search_term_string}"},"query-input":{"@type":"PropertyValueSpecification","valueRequired":true,"valueName":"search_term_string"}}],"inLanguage":"de"},{"@type":"Organization","@id":"https:\/\/www.keratoconuscentrumnederland.nl\/de\/#organization","name":"Keratoconuscentrum Nederland","url":"https:\/\/www.keratoconuscentrumnederland.nl\/de\/","logo":{"@type":"ImageObject","inLanguage":"de","@id":"https:\/\/www.keratoconuscentrumnederland.nl\/de\/#\/schema\/logo\/image\/","url":"https:\/\/www.keratoconuscentrumnederland.nl\/wp-content\/uploads\/logo-keratocuscentrum-nederland.png","contentUrl":"https:\/\/www.keratoconuscentrumnederland.nl\/wp-content\/uploads\/logo-keratocuscentrum-nederland.png","width":223,"height":97,"caption":"Keratoconuscentrum Nederland"},"image":{"@id":"https:\/\/www.keratoconuscentrumnederland.nl\/de\/#\/schema\/logo\/image\/"}}]}},"_links":{"self":[{"href":"https:\/\/www.keratoconuscentrumnederland.nl\/de\/wp-json\/wp\/v2\/pages\/1158","targetHints":{"allow":["GET"]}}],"collection":[{"href":"https:\/\/www.keratoconuscentrumnederland.nl\/de\/wp-json\/wp\/v2\/pages"}],"about":[{"href":"https:\/\/www.keratoconuscentrumnederland.nl\/de\/wp-json\/wp\/v2\/types\/page"}],"author":[{"embeddable":true,"href":"https:\/\/www.keratoconuscentrumnederland.nl\/de\/wp-json\/wp\/v2\/users\/1"}],"replies":[{"embeddable":true,"href":"https:\/\/www.keratoconuscentrumnederland.nl\/de\/wp-json\/wp\/v2\/comments?post=1158"}],"version-history":[{"count":1,"href":"https:\/\/www.keratoconuscentrumnederland.nl\/de\/wp-json\/wp\/v2\/pages\/1158\/revisions"}],"predecessor-version":[{"id":1186,"href":"https:\/\/www.keratoconuscentrumnederland.nl\/de\/wp-json\/wp\/v2\/pages\/1158\/revisions\/1186"}],"wp:attachment":[{"href":"https:\/\/www.keratoconuscentrumnederland.nl\/de\/wp-json\/wp\/v2\/media?parent=1158"}],"curies":[{"name":"wp","href":"https:\/\/api.w.org\/{rel}","templated":true}]}}