{"id":1167,"date":"2022-01-14T09:38:27","date_gmt":"2022-01-14T08:38:27","guid":{"rendered":"https:\/\/www.keratoconuscentrumnederland.nl\/behandlung-und-oder-heilung-von-keratokunus\/"},"modified":"2022-04-15T12:02:08","modified_gmt":"2022-04-15T10:02:08","slug":"behandlung-und-oder-heilung-von-keratokunus","status":"publish","type":"page","link":"https:\/\/www.keratoconuscentrumnederland.nl\/de\/behandlung-und-oder-heilung-von-keratokunus\/","title":{"rendered":"Behandlung und\/oder Heilung von Keratokunus"},"content":{"rendered":"<p>[vc_row][vc_column][vc_column_text]<\/p>\n<h2>Kann Keratokonus geheilt werden?<\/h2>\n<p>Was ist die beste Behandlung f\u00fcr Keratokonus oder ist er sogar heilbar? Das ist die Frage, die regelm\u00e4\u00dfig von der Person gestellt wird, die an dieser Erkrankung leidet. Wer schon l\u00e4nger Keratokonus hat, wei\u00df, wie sehr sich das schlechtere Sehverm\u00f6gen auf das t\u00e4gliche Leben auswirkt. Kostet es Sie viel M\u00fche, mit dem Auto irgendwohin zu fahren, oder f\u00e4llt Ihnen das Lesen eines Buches immer schwerer? Welche M\u00f6glichkeiten gibt es und haben Sie die Wahl?<\/p>\n<h2>Behandlung und\/oder Heilung von Keratokonus<\/h2>\n<p>Das Fortschreiten des Keratokonus kann mit einem Hornhaut-Crosslinking gestoppt werden. Diese Behandlung hat einen dauerhaften Charakter. Das war vor dem Jahr 2000 ganz anders. Augenarzt und Patient mussten abwarten, inwieweit der Keratokonus \u00fcberhand nahm. Es war damals auch nicht bekannt, dass das Reiben der Augen einen so nachteiligen Effekt auf die Progression hatte. Zum Gl\u00fcck leben wir in dieser Zeit. <\/p>\n<h2>Behandlung keratokonus<\/h2>\n<p>Wenn Sie den Keratokonus in einem fr\u00fchen Stadium stabilisieren konnten, kann eine Standardbrille oder normale Kontaktlinsen eine ausreichende Korrektur sein. Doch wenn sich der Keratokonus bereits weiter entwickelt hat, ist man auf die Korrektur von Kontaktlinsen angewiesen. CXL heilt jedoch nicht oder stellt die Form der Hornhaut wieder her. Sie m\u00fcssen auch nach dieser Behandlung eine Brille oder Kontaktlinsen tragen, um richtig sehen zu k\u00f6nnen.<\/p>\n<h2>K\u00f6nnen Intakte Keratokonus heilen?<\/h2>\n<p>Intakte sind d\u00fcnne halbkreisf\u00f6rmige Ringe mit einer maximalen Dicke von 0,45 mm, die in die Hornhaut eingesetzt werden, um sie sanft zu gl\u00e4tten und neu zu formen. Es ist ein chirurgischer Eingriff, der vom Augenarzt durchgef\u00fchrt wird. Keratokonus wird jedoch nicht geheilt. Intacts kann Ihnen eine bessere Sicht geben.<\/p>\n<h2>Laser-Keratokonus?<\/h2>\n<p>Es gibt viele Augenerkrankungen, f\u00fcr die eine Laserbehandlung die L\u00f6sung bieten kann. Leider gilt dies (noch) nicht f\u00fcr den Keratokonus. Das Problem bei der Laserbehandlung von Keratokonus ist, dass die Hornhaut bei Keratokonus verd\u00fcnnt wird. Durch die Laserbehandlung wird die Hornhaut noch d\u00fcnner. Die Chance, dass sich der Kegel dadurch vergr\u00f6\u00dfert, ist dann sehr hoch. Experimentell werden in einigen F\u00e4llen Zapfen nach der Hornhautvernetzung gelasert. Ob diese Behandlung das Sehverm\u00f6gen ausreichend wiederherstellt, ist im Voraus schwer zu beurteilen.<\/p>\n<h2>Mehr Informationen<\/h2>\n<p>Sie haben Fragen zur Behandlung des Keratokonus oder m\u00f6chten mehr \u00fcber die Linsen oder Brillen erfahren, mit denen wir Ihr Sehverm\u00f6gen verbessern k\u00f6nnen? Sie k\u00f6nnen uns gerne kontaktieren.<br \/>\n[\/vc_column_text][\/vc_column][\/vc_row]<\/p>\n","protected":false},"excerpt":{"rendered":"<p>[vc_row][vc_column][vc_column_text] Kann Keratokonus geheilt werden? Was ist die beste Behandlung f\u00fcr Keratokonus oder ist er sogar heilbar? Das ist die Frage, die regelm\u00e4\u00dfig von der Person gestellt wird, die an dieser Erkrankung leidet. Wer schon l\u00e4nger Keratokonus hat, wei\u00df, wie sehr sich das schlechtere Sehverm\u00f6gen auf das t\u00e4gliche Leben auswirkt.<a class=\"moretag\" href=\"https:\/\/www.keratoconuscentrumnederland.nl\/de\/behandlung-und-oder-heilung-von-keratokunus\/\">&#8230;<\/a><\/p>\n","protected":false},"author":1,"featured_media":0,"parent":0,"menu_order":0,"comment_status":"closed","ping_status":"closed","template":"","meta":{"inline_featured_image":false,"_glsr_average":0,"_glsr_ranking":0,"_glsr_reviews":0,"footnotes":""},"class_list":["post-1167","page","type-page","status-publish","hentry"],"yoast_head":"<!-- This site is optimized with the Yoast SEO plugin v27.2 - https:\/\/yoast.com\/product\/yoast-seo-wordpress\/ -->\n<title>Behandlung und\/oder Heilung von Keratokunus - Keratoconuscentrum Nederland<\/title>\n<meta name=\"description\" content=\"Keratokonus ist eine Erkrankung, f\u00fcr die es eigentlich keine Behandlung gibt. Das Keratokonus-Zentrum Niederlande informiert Sie dar\u00fcber, was m\u00f6glich ist.\" \/>\n<meta name=\"robots\" content=\"index, follow, max-snippet:-1, max-image-preview:large, max-video-preview:-1\" \/>\n<link rel=\"canonical\" href=\"https:\/\/www.keratoconuscentrumnederland.nl\/de\/behandlung-und-oder-heilung-von-keratokunus\/\" \/>\n<meta property=\"og:locale\" content=\"de_DE\" \/>\n<meta property=\"og:type\" content=\"article\" \/>\n<meta property=\"og:title\" content=\"Behandlung und\/oder Heilung von Keratokunus - Keratoconuscentrum Nederland\" \/>\n<meta property=\"og:description\" content=\"Keratokonus ist eine Erkrankung, f\u00fcr die es eigentlich keine Behandlung gibt. Das Keratokonus-Zentrum Niederlande informiert Sie dar\u00fcber, was m\u00f6glich ist.\" \/>\n<meta property=\"og:url\" content=\"https:\/\/www.keratoconuscentrumnederland.nl\/de\/behandlung-und-oder-heilung-von-keratokunus\/\" \/>\n<meta property=\"og:site_name\" content=\"Keratoconuscentrum Nederland\" \/>\n<meta property=\"article:modified_time\" content=\"2022-04-15T10:02:08+00:00\" \/>\n<meta name=\"twitter:card\" content=\"summary_large_image\" \/>\n<meta name=\"twitter:label1\" content=\"Gesch\u00e4tzte Lesezeit\" \/>\n\t<meta name=\"twitter:data1\" content=\"2\u00a0Minuten\" \/>\n<script type=\"application\/ld+json\" class=\"yoast-schema-graph\">{\"@context\":\"https:\/\/schema.org\",\"@graph\":[{\"@type\":\"WebPage\",\"@id\":\"https:\/\/www.keratoconuscentrumnederland.nl\/de\/behandlung-und-oder-heilung-von-keratokunus\/\",\"url\":\"https:\/\/www.keratoconuscentrumnederland.nl\/de\/behandlung-und-oder-heilung-von-keratokunus\/\",\"name\":\"Behandlung und\/oder Heilung von Keratokunus - Keratoconuscentrum Nederland\",\"isPartOf\":{\"@id\":\"https:\/\/www.keratoconuscentrumnederland.nl\/de\/#website\"},\"datePublished\":\"2022-01-14T08:38:27+00:00\",\"dateModified\":\"2022-04-15T10:02:08+00:00\",\"description\":\"Keratokonus ist eine Erkrankung, f\u00fcr die es eigentlich keine Behandlung gibt. Das Keratokonus-Zentrum Niederlande informiert Sie dar\u00fcber, was m\u00f6glich ist.\",\"breadcrumb\":{\"@id\":\"https:\/\/www.keratoconuscentrumnederland.nl\/de\/behandlung-und-oder-heilung-von-keratokunus\/#breadcrumb\"},\"inLanguage\":\"de\",\"potentialAction\":[{\"@type\":\"ReadAction\",\"target\":[\"https:\/\/www.keratoconuscentrumnederland.nl\/de\/behandlung-und-oder-heilung-von-keratokunus\/\"]}]},{\"@type\":\"BreadcrumbList\",\"@id\":\"https:\/\/www.keratoconuscentrumnederland.nl\/de\/behandlung-und-oder-heilung-von-keratokunus\/#breadcrumb\",\"itemListElement\":[{\"@type\":\"ListItem\",\"position\":1,\"name\":\"Home\",\"item\":\"https:\/\/www.keratoconuscentrumnederland.nl\/de\/keratokonus-zentrum\/\"},{\"@type\":\"ListItem\",\"position\":2,\"name\":\"Behandlung und\/oder Heilung von Keratokunus\"}]},{\"@type\":\"WebSite\",\"@id\":\"https:\/\/www.keratoconuscentrumnederland.nl\/de\/#website\",\"url\":\"https:\/\/www.keratoconuscentrumnederland.nl\/de\/\",\"name\":\"Keratoconuscentrum Nederland\",\"description\":\"\",\"publisher\":{\"@id\":\"https:\/\/www.keratoconuscentrumnederland.nl\/de\/#organization\"},\"potentialAction\":[{\"@type\":\"SearchAction\",\"target\":{\"@type\":\"EntryPoint\",\"urlTemplate\":\"https:\/\/www.keratoconuscentrumnederland.nl\/de\/?s={search_term_string}\"},\"query-input\":{\"@type\":\"PropertyValueSpecification\",\"valueRequired\":true,\"valueName\":\"search_term_string\"}}],\"inLanguage\":\"de\"},{\"@type\":\"Organization\",\"@id\":\"https:\/\/www.keratoconuscentrumnederland.nl\/de\/#organization\",\"name\":\"Keratoconuscentrum Nederland\",\"url\":\"https:\/\/www.keratoconuscentrumnederland.nl\/de\/\",\"logo\":{\"@type\":\"ImageObject\",\"inLanguage\":\"de\",\"@id\":\"https:\/\/www.keratoconuscentrumnederland.nl\/de\/#\/schema\/logo\/image\/\",\"url\":\"https:\/\/www.keratoconuscentrumnederland.nl\/wp-content\/uploads\/logo-keratocuscentrum-nederland.png\",\"contentUrl\":\"https:\/\/www.keratoconuscentrumnederland.nl\/wp-content\/uploads\/logo-keratocuscentrum-nederland.png\",\"width\":223,\"height\":97,\"caption\":\"Keratoconuscentrum Nederland\"},\"image\":{\"@id\":\"https:\/\/www.keratoconuscentrumnederland.nl\/de\/#\/schema\/logo\/image\/\"}}]}<\/script>\n<!-- \/ Yoast SEO plugin. -->","yoast_head_json":{"title":"Behandlung und\/oder Heilung von Keratokunus - Keratoconuscentrum Nederland","description":"Keratokonus ist eine Erkrankung, f\u00fcr die es eigentlich keine Behandlung gibt. Das Keratokonus-Zentrum Niederlande informiert Sie dar\u00fcber, was m\u00f6glich ist.","robots":{"index":"index","follow":"follow","max-snippet":"max-snippet:-1","max-image-preview":"max-image-preview:large","max-video-preview":"max-video-preview:-1"},"canonical":"https:\/\/www.keratoconuscentrumnederland.nl\/de\/behandlung-und-oder-heilung-von-keratokunus\/","og_locale":"de_DE","og_type":"article","og_title":"Behandlung und\/oder Heilung von Keratokunus - Keratoconuscentrum Nederland","og_description":"Keratokonus ist eine Erkrankung, f\u00fcr die es eigentlich keine Behandlung gibt. Das Keratokonus-Zentrum Niederlande informiert Sie dar\u00fcber, was m\u00f6glich ist.","og_url":"https:\/\/www.keratoconuscentrumnederland.nl\/de\/behandlung-und-oder-heilung-von-keratokunus\/","og_site_name":"Keratoconuscentrum Nederland","article_modified_time":"2022-04-15T10:02:08+00:00","twitter_card":"summary_large_image","twitter_misc":{"Gesch\u00e4tzte Lesezeit":"2\u00a0Minuten"},"schema":{"@context":"https:\/\/schema.org","@graph":[{"@type":"WebPage","@id":"https:\/\/www.keratoconuscentrumnederland.nl\/de\/behandlung-und-oder-heilung-von-keratokunus\/","url":"https:\/\/www.keratoconuscentrumnederland.nl\/de\/behandlung-und-oder-heilung-von-keratokunus\/","name":"Behandlung und\/oder Heilung von Keratokunus - Keratoconuscentrum Nederland","isPartOf":{"@id":"https:\/\/www.keratoconuscentrumnederland.nl\/de\/#website"},"datePublished":"2022-01-14T08:38:27+00:00","dateModified":"2022-04-15T10:02:08+00:00","description":"Keratokonus ist eine Erkrankung, f\u00fcr die es eigentlich keine Behandlung gibt. Das Keratokonus-Zentrum Niederlande informiert Sie dar\u00fcber, was m\u00f6glich ist.","breadcrumb":{"@id":"https:\/\/www.keratoconuscentrumnederland.nl\/de\/behandlung-und-oder-heilung-von-keratokunus\/#breadcrumb"},"inLanguage":"de","potentialAction":[{"@type":"ReadAction","target":["https:\/\/www.keratoconuscentrumnederland.nl\/de\/behandlung-und-oder-heilung-von-keratokunus\/"]}]},{"@type":"BreadcrumbList","@id":"https:\/\/www.keratoconuscentrumnederland.nl\/de\/behandlung-und-oder-heilung-von-keratokunus\/#breadcrumb","itemListElement":[{"@type":"ListItem","position":1,"name":"Home","item":"https:\/\/www.keratoconuscentrumnederland.nl\/de\/keratokonus-zentrum\/"},{"@type":"ListItem","position":2,"name":"Behandlung und\/oder Heilung von Keratokunus"}]},{"@type":"WebSite","@id":"https:\/\/www.keratoconuscentrumnederland.nl\/de\/#website","url":"https:\/\/www.keratoconuscentrumnederland.nl\/de\/","name":"Keratoconuscentrum Nederland","description":"","publisher":{"@id":"https:\/\/www.keratoconuscentrumnederland.nl\/de\/#organization"},"potentialAction":[{"@type":"SearchAction","target":{"@type":"EntryPoint","urlTemplate":"https:\/\/www.keratoconuscentrumnederland.nl\/de\/?s={search_term_string}"},"query-input":{"@type":"PropertyValueSpecification","valueRequired":true,"valueName":"search_term_string"}}],"inLanguage":"de"},{"@type":"Organization","@id":"https:\/\/www.keratoconuscentrumnederland.nl\/de\/#organization","name":"Keratoconuscentrum Nederland","url":"https:\/\/www.keratoconuscentrumnederland.nl\/de\/","logo":{"@type":"ImageObject","inLanguage":"de","@id":"https:\/\/www.keratoconuscentrumnederland.nl\/de\/#\/schema\/logo\/image\/","url":"https:\/\/www.keratoconuscentrumnederland.nl\/wp-content\/uploads\/logo-keratocuscentrum-nederland.png","contentUrl":"https:\/\/www.keratoconuscentrumnederland.nl\/wp-content\/uploads\/logo-keratocuscentrum-nederland.png","width":223,"height":97,"caption":"Keratoconuscentrum Nederland"},"image":{"@id":"https:\/\/www.keratoconuscentrumnederland.nl\/de\/#\/schema\/logo\/image\/"}}]}},"_links":{"self":[{"href":"https:\/\/www.keratoconuscentrumnederland.nl\/de\/wp-json\/wp\/v2\/pages\/1167","targetHints":{"allow":["GET"]}}],"collection":[{"href":"https:\/\/www.keratoconuscentrumnederland.nl\/de\/wp-json\/wp\/v2\/pages"}],"about":[{"href":"https:\/\/www.keratoconuscentrumnederland.nl\/de\/wp-json\/wp\/v2\/types\/page"}],"author":[{"embeddable":true,"href":"https:\/\/www.keratoconuscentrumnederland.nl\/de\/wp-json\/wp\/v2\/users\/1"}],"replies":[{"embeddable":true,"href":"https:\/\/www.keratoconuscentrumnederland.nl\/de\/wp-json\/wp\/v2\/comments?post=1167"}],"version-history":[{"count":1,"href":"https:\/\/www.keratoconuscentrumnederland.nl\/de\/wp-json\/wp\/v2\/pages\/1167\/revisions"}],"predecessor-version":[{"id":1187,"href":"https:\/\/www.keratoconuscentrumnederland.nl\/de\/wp-json\/wp\/v2\/pages\/1167\/revisions\/1187"}],"wp:attachment":[{"href":"https:\/\/www.keratoconuscentrumnederland.nl\/de\/wp-json\/wp\/v2\/media?parent=1167"}],"curies":[{"name":"wp","href":"https:\/\/api.w.org\/{rel}","templated":true}]}}