{"id":1196,"date":"2022-01-14T09:32:40","date_gmt":"2022-01-14T08:32:40","guid":{"rendered":"https:\/\/www.keratoconuscentrumnederland.nl\/kann-sich-hornhaut-abloesen\/"},"modified":"2022-04-15T12:02:08","modified_gmt":"2022-04-15T10:02:08","slug":"kann-sich-hornhaut-abloesen","status":"publish","type":"page","link":"https:\/\/www.keratoconuscentrumnederland.nl\/de\/kann-sich-hornhaut-abloesen\/","title":{"rendered":"Kann sich Hornhaut abl\u00f6sen?"},"content":{"rendered":"<p>[vc_row][vc_column][vc_column_text]<\/p>\n<h2>Verwirrung \u00fcber Hornhaut und Netzhaut<\/h2>\n<p>Wir werden oft gefragt, ob sich eine Hornhaut abl\u00f6sen kann? Kurz und b\u00fcndig: Nein! Eine Abl\u00f6sung der Hornhaut ist nie der Fall, aber Patienten tauschen manchmal die Netzhaut gegen die Hornhaut aus. Die Hornhaut, Hornhaut genannt, ist der klare vordere Teil des Auges, durch den Licht in das Auge eintritt. Es ist eine Fortsetzung des wei\u00dfen Teils des Auges. Hinter der Hornhaut sieht man den farbigen Teil des Auges, die Iris. Die Netzhaut ist die innerste der drei Schichten. Die Netzhaut ist eine d\u00fcnne, durchsichtige Membran. Nachdem das Licht durch die Hornhaut eintritt, passiert es die Pupille, die Linse und den Glask\u00f6rperraum. Schlie\u00dflich erreicht das Licht die Netzhaut.<\/p>\n<h2>Was ist die Hornhaut?<\/h2>\n<p>Die Hornhaut besteht aus mehreren Schichten. Seine Transparenz verdankt es einem Gleichgewicht zwischen dem \u00e4u\u00dferen Epithel, dem inneren Endothel und dem dazwischen liegenden Stroma. Das Epithel hat die wichtige Eigenschaft, dass es sich sehr schnell erneuern kann. Bei einer Sch\u00e4digung mehrerer Epithelzellen kann es sich innerhalb weniger Stunden erholen. Innerhalb weniger Tage kann sich das gesamte Epithel vollst\u00e4ndig regenerieren. Keratokonus bildet sich in der Hornhaut.<\/p>\n<h2>Abl\u00f6sung der Netzhaut<\/h2>\n<p>Bei einer Netzhautabl\u00f6sung (ablatio retinae) l\u00f6st sich die Netzhaut ab, oft weil Glask\u00f6rper hinter die Netzhaut gelangt. Dies kann durch einen oder mehrere Risse in der Netzhaut verursacht werden. Eine Netzhautabl\u00f6sung tritt jedes Jahr bei etwa 1 von 10.000 Menschen auf. Es kann sich in jedem Alter entwickeln, aber \u00e4ltere Menschen sind st\u00e4rker gef\u00e4hrdet. Dazu geh\u00f6ren Menschen, die kurzsichtig sind oder Verwandte haben, die eine Netzhautabl\u00f6sung hatten. Manchmal wird eine Netzhautabl\u00f6sung durch einen Unfall verursacht, zum Beispiel durch einen Schlag oder einen Ball ins Auge.<\/p>\n<h2>Mehr Informationen<\/h2>\n<p>Z\u00f6gern Sie nicht, uns zu kontaktieren, ob sich eine Hornhaut abl\u00f6sen kann oder wenn Sie andere Fragen zu Augenproblemen aufgrund von Keratokonus haben.<br \/>\n[\/vc_column_text][\/vc_column][\/vc_row]<\/p>\n","protected":false},"excerpt":{"rendered":"<p>[vc_row][vc_column][vc_column_text] Verwirrung \u00fcber Hornhaut und Netzhaut Wir werden oft gefragt, ob sich eine Hornhaut abl\u00f6sen kann? Kurz und b\u00fcndig: Nein! Eine Abl\u00f6sung der Hornhaut ist nie der Fall, aber Patienten tauschen manchmal die Netzhaut gegen die Hornhaut aus. Die Hornhaut, Hornhaut genannt, ist der klare vordere Teil des Auges, durch<a class=\"moretag\" href=\"https:\/\/www.keratoconuscentrumnederland.nl\/de\/kann-sich-hornhaut-abloesen\/\">&#8230;<\/a><\/p>\n","protected":false},"author":1,"featured_media":0,"parent":0,"menu_order":0,"comment_status":"closed","ping_status":"closed","template":"","meta":{"inline_featured_image":false,"_glsr_average":0,"_glsr_ranking":0,"_glsr_reviews":0,"footnotes":""},"class_list":["post-1196","page","type-page","status-publish","hentry"],"yoast_head":"<!-- This site is optimized with the Yoast SEO plugin v27.2 - https:\/\/yoast.com\/product\/yoast-seo-wordpress\/ -->\n<title>Kann sich Hornhaut abl\u00f6sen? - Keratoconuscentrum Nederland<\/title>\n<meta name=\"description\" content=\"Kann sich die Hornhaut des Auges abl\u00f6sen? Viele Menschen verwechseln die Hornhaut mit der Netzhaut des Auges. Keratokonuszentrum Niederlande \u00fcber den Unterschied Kann sich die Hornhaut des Auges abl\u00f6sen? Viele Menschen verwechseln die Hornhaut mit der Netzhaut des Auges. Keratokonuszentrum in den Niederlanden \u00fcber den Unterschied.\" \/>\n<meta name=\"robots\" content=\"index, follow, max-snippet:-1, max-image-preview:large, max-video-preview:-1\" \/>\n<link rel=\"canonical\" href=\"https:\/\/www.keratoconuscentrumnederland.nl\/de\/kann-sich-hornhaut-abloesen\/\" \/>\n<meta property=\"og:locale\" content=\"de_DE\" \/>\n<meta property=\"og:type\" content=\"article\" \/>\n<meta property=\"og:title\" content=\"Kann sich Hornhaut abl\u00f6sen? - Keratoconuscentrum Nederland\" \/>\n<meta property=\"og:description\" content=\"Kann sich die Hornhaut des Auges abl\u00f6sen? Viele Menschen verwechseln die Hornhaut mit der Netzhaut des Auges. Keratokonuszentrum Niederlande \u00fcber den Unterschied Kann sich die Hornhaut des Auges abl\u00f6sen? Viele Menschen verwechseln die Hornhaut mit der Netzhaut des Auges. Keratokonuszentrum in den Niederlanden \u00fcber den Unterschied.\" \/>\n<meta property=\"og:url\" content=\"https:\/\/www.keratoconuscentrumnederland.nl\/de\/kann-sich-hornhaut-abloesen\/\" \/>\n<meta property=\"og:site_name\" content=\"Keratoconuscentrum Nederland\" \/>\n<meta property=\"article:modified_time\" content=\"2022-04-15T10:02:08+00:00\" \/>\n<meta name=\"twitter:card\" content=\"summary_large_image\" \/>\n<meta name=\"twitter:label1\" content=\"Gesch\u00e4tzte Lesezeit\" \/>\n\t<meta name=\"twitter:data1\" content=\"2\u00a0Minuten\" \/>\n<script type=\"application\/ld+json\" class=\"yoast-schema-graph\">{\"@context\":\"https:\/\/schema.org\",\"@graph\":[{\"@type\":\"WebPage\",\"@id\":\"https:\/\/www.keratoconuscentrumnederland.nl\/de\/kann-sich-hornhaut-abloesen\/\",\"url\":\"https:\/\/www.keratoconuscentrumnederland.nl\/de\/kann-sich-hornhaut-abloesen\/\",\"name\":\"Kann sich Hornhaut abl\u00f6sen? - Keratoconuscentrum Nederland\",\"isPartOf\":{\"@id\":\"https:\/\/www.keratoconuscentrumnederland.nl\/de\/#website\"},\"datePublished\":\"2022-01-14T08:32:40+00:00\",\"dateModified\":\"2022-04-15T10:02:08+00:00\",\"description\":\"Kann sich die Hornhaut des Auges abl\u00f6sen? Viele Menschen verwechseln die Hornhaut mit der Netzhaut des Auges. Keratokonuszentrum Niederlande \u00fcber den Unterschied Kann sich die Hornhaut des Auges abl\u00f6sen? Viele Menschen verwechseln die Hornhaut mit der Netzhaut des Auges. Keratokonuszentrum in den Niederlanden \u00fcber den Unterschied.\",\"breadcrumb\":{\"@id\":\"https:\/\/www.keratoconuscentrumnederland.nl\/de\/kann-sich-hornhaut-abloesen\/#breadcrumb\"},\"inLanguage\":\"de\",\"potentialAction\":[{\"@type\":\"ReadAction\",\"target\":[\"https:\/\/www.keratoconuscentrumnederland.nl\/de\/kann-sich-hornhaut-abloesen\/\"]}]},{\"@type\":\"BreadcrumbList\",\"@id\":\"https:\/\/www.keratoconuscentrumnederland.nl\/de\/kann-sich-hornhaut-abloesen\/#breadcrumb\",\"itemListElement\":[{\"@type\":\"ListItem\",\"position\":1,\"name\":\"Home\",\"item\":\"https:\/\/www.keratoconuscentrumnederland.nl\/de\/keratokonus-zentrum\/\"},{\"@type\":\"ListItem\",\"position\":2,\"name\":\"Kann sich Hornhaut abl\u00f6sen?\"}]},{\"@type\":\"WebSite\",\"@id\":\"https:\/\/www.keratoconuscentrumnederland.nl\/de\/#website\",\"url\":\"https:\/\/www.keratoconuscentrumnederland.nl\/de\/\",\"name\":\"Keratoconuscentrum Nederland\",\"description\":\"\",\"publisher\":{\"@id\":\"https:\/\/www.keratoconuscentrumnederland.nl\/de\/#organization\"},\"potentialAction\":[{\"@type\":\"SearchAction\",\"target\":{\"@type\":\"EntryPoint\",\"urlTemplate\":\"https:\/\/www.keratoconuscentrumnederland.nl\/de\/?s={search_term_string}\"},\"query-input\":{\"@type\":\"PropertyValueSpecification\",\"valueRequired\":true,\"valueName\":\"search_term_string\"}}],\"inLanguage\":\"de\"},{\"@type\":\"Organization\",\"@id\":\"https:\/\/www.keratoconuscentrumnederland.nl\/de\/#organization\",\"name\":\"Keratoconuscentrum Nederland\",\"url\":\"https:\/\/www.keratoconuscentrumnederland.nl\/de\/\",\"logo\":{\"@type\":\"ImageObject\",\"inLanguage\":\"de\",\"@id\":\"https:\/\/www.keratoconuscentrumnederland.nl\/de\/#\/schema\/logo\/image\/\",\"url\":\"https:\/\/www.keratoconuscentrumnederland.nl\/wp-content\/uploads\/logo-keratocuscentrum-nederland.png\",\"contentUrl\":\"https:\/\/www.keratoconuscentrumnederland.nl\/wp-content\/uploads\/logo-keratocuscentrum-nederland.png\",\"width\":223,\"height\":97,\"caption\":\"Keratoconuscentrum Nederland\"},\"image\":{\"@id\":\"https:\/\/www.keratoconuscentrumnederland.nl\/de\/#\/schema\/logo\/image\/\"}}]}<\/script>\n<!-- \/ Yoast SEO plugin. -->","yoast_head_json":{"title":"Kann sich Hornhaut abl\u00f6sen? - Keratoconuscentrum Nederland","description":"Kann sich die Hornhaut des Auges abl\u00f6sen? Viele Menschen verwechseln die Hornhaut mit der Netzhaut des Auges. Keratokonuszentrum Niederlande \u00fcber den Unterschied Kann sich die Hornhaut des Auges abl\u00f6sen? Viele Menschen verwechseln die Hornhaut mit der Netzhaut des Auges. Keratokonuszentrum in den Niederlanden \u00fcber den Unterschied.","robots":{"index":"index","follow":"follow","max-snippet":"max-snippet:-1","max-image-preview":"max-image-preview:large","max-video-preview":"max-video-preview:-1"},"canonical":"https:\/\/www.keratoconuscentrumnederland.nl\/de\/kann-sich-hornhaut-abloesen\/","og_locale":"de_DE","og_type":"article","og_title":"Kann sich Hornhaut abl\u00f6sen? - Keratoconuscentrum Nederland","og_description":"Kann sich die Hornhaut des Auges abl\u00f6sen? Viele Menschen verwechseln die Hornhaut mit der Netzhaut des Auges. Keratokonuszentrum Niederlande \u00fcber den Unterschied Kann sich die Hornhaut des Auges abl\u00f6sen? Viele Menschen verwechseln die Hornhaut mit der Netzhaut des Auges. Keratokonuszentrum in den Niederlanden \u00fcber den Unterschied.","og_url":"https:\/\/www.keratoconuscentrumnederland.nl\/de\/kann-sich-hornhaut-abloesen\/","og_site_name":"Keratoconuscentrum Nederland","article_modified_time":"2022-04-15T10:02:08+00:00","twitter_card":"summary_large_image","twitter_misc":{"Gesch\u00e4tzte Lesezeit":"2\u00a0Minuten"},"schema":{"@context":"https:\/\/schema.org","@graph":[{"@type":"WebPage","@id":"https:\/\/www.keratoconuscentrumnederland.nl\/de\/kann-sich-hornhaut-abloesen\/","url":"https:\/\/www.keratoconuscentrumnederland.nl\/de\/kann-sich-hornhaut-abloesen\/","name":"Kann sich Hornhaut abl\u00f6sen? - Keratoconuscentrum Nederland","isPartOf":{"@id":"https:\/\/www.keratoconuscentrumnederland.nl\/de\/#website"},"datePublished":"2022-01-14T08:32:40+00:00","dateModified":"2022-04-15T10:02:08+00:00","description":"Kann sich die Hornhaut des Auges abl\u00f6sen? Viele Menschen verwechseln die Hornhaut mit der Netzhaut des Auges. Keratokonuszentrum Niederlande \u00fcber den Unterschied Kann sich die Hornhaut des Auges abl\u00f6sen? Viele Menschen verwechseln die Hornhaut mit der Netzhaut des Auges. Keratokonuszentrum in den Niederlanden \u00fcber den Unterschied.","breadcrumb":{"@id":"https:\/\/www.keratoconuscentrumnederland.nl\/de\/kann-sich-hornhaut-abloesen\/#breadcrumb"},"inLanguage":"de","potentialAction":[{"@type":"ReadAction","target":["https:\/\/www.keratoconuscentrumnederland.nl\/de\/kann-sich-hornhaut-abloesen\/"]}]},{"@type":"BreadcrumbList","@id":"https:\/\/www.keratoconuscentrumnederland.nl\/de\/kann-sich-hornhaut-abloesen\/#breadcrumb","itemListElement":[{"@type":"ListItem","position":1,"name":"Home","item":"https:\/\/www.keratoconuscentrumnederland.nl\/de\/keratokonus-zentrum\/"},{"@type":"ListItem","position":2,"name":"Kann sich Hornhaut abl\u00f6sen?"}]},{"@type":"WebSite","@id":"https:\/\/www.keratoconuscentrumnederland.nl\/de\/#website","url":"https:\/\/www.keratoconuscentrumnederland.nl\/de\/","name":"Keratoconuscentrum Nederland","description":"","publisher":{"@id":"https:\/\/www.keratoconuscentrumnederland.nl\/de\/#organization"},"potentialAction":[{"@type":"SearchAction","target":{"@type":"EntryPoint","urlTemplate":"https:\/\/www.keratoconuscentrumnederland.nl\/de\/?s={search_term_string}"},"query-input":{"@type":"PropertyValueSpecification","valueRequired":true,"valueName":"search_term_string"}}],"inLanguage":"de"},{"@type":"Organization","@id":"https:\/\/www.keratoconuscentrumnederland.nl\/de\/#organization","name":"Keratoconuscentrum Nederland","url":"https:\/\/www.keratoconuscentrumnederland.nl\/de\/","logo":{"@type":"ImageObject","inLanguage":"de","@id":"https:\/\/www.keratoconuscentrumnederland.nl\/de\/#\/schema\/logo\/image\/","url":"https:\/\/www.keratoconuscentrumnederland.nl\/wp-content\/uploads\/logo-keratocuscentrum-nederland.png","contentUrl":"https:\/\/www.keratoconuscentrumnederland.nl\/wp-content\/uploads\/logo-keratocuscentrum-nederland.png","width":223,"height":97,"caption":"Keratoconuscentrum Nederland"},"image":{"@id":"https:\/\/www.keratoconuscentrumnederland.nl\/de\/#\/schema\/logo\/image\/"}}]}},"_links":{"self":[{"href":"https:\/\/www.keratoconuscentrumnederland.nl\/de\/wp-json\/wp\/v2\/pages\/1196","targetHints":{"allow":["GET"]}}],"collection":[{"href":"https:\/\/www.keratoconuscentrumnederland.nl\/de\/wp-json\/wp\/v2\/pages"}],"about":[{"href":"https:\/\/www.keratoconuscentrumnederland.nl\/de\/wp-json\/wp\/v2\/types\/page"}],"author":[{"embeddable":true,"href":"https:\/\/www.keratoconuscentrumnederland.nl\/de\/wp-json\/wp\/v2\/users\/1"}],"replies":[{"embeddable":true,"href":"https:\/\/www.keratoconuscentrumnederland.nl\/de\/wp-json\/wp\/v2\/comments?post=1196"}],"version-history":[{"count":1,"href":"https:\/\/www.keratoconuscentrumnederland.nl\/de\/wp-json\/wp\/v2\/pages\/1196\/revisions"}],"predecessor-version":[{"id":1226,"href":"https:\/\/www.keratoconuscentrumnederland.nl\/de\/wp-json\/wp\/v2\/pages\/1196\/revisions\/1226"}],"wp:attachment":[{"href":"https:\/\/www.keratoconuscentrumnederland.nl\/de\/wp-json\/wp\/v2\/media?parent=1196"}],"curies":[{"name":"wp","href":"https:\/\/api.w.org\/{rel}","templated":true}]}}