{"id":1200,"date":"2022-01-14T09:12:26","date_gmt":"2022-01-14T08:12:26","guid":{"rendered":"https:\/\/www.keratoconuscentrumnederland.nl\/vernetzungsbehandlung\/"},"modified":"2022-04-15T12:02:09","modified_gmt":"2022-04-15T10:02:09","slug":"vernetzungsbehandlung","status":"publish","type":"page","link":"https:\/\/www.keratoconuscentrumnederland.nl\/de\/vernetzungsbehandlung\/","title":{"rendered":"Vernetzungsbehandlung"},"content":{"rendered":"<p>[vc_row][vc_column][vc_column_text]<\/p>\n<h2>Keratokonus CXL-Behandlung zur Festigung der Hornhaut<\/h2>\n<p>Corneal Crosslinking (CXL) ist eine Behandlung, um die Ausd\u00fcnnung und Verformung der Hornhaut aufgrund von Keratokonus zu stoppen. Dies verhindert eine Verschlechterung der Sehsch\u00e4rfe. Die Hornhautvernetzung der Hornhaut wird von einem spezialisierten Augenarzt durchgef\u00fchrt. Ziel der Behandlung ist es, die Hornhaut fester zu machen.<\/p>\n<h2>Wie funktioniert die Hornhautvernetzung?<\/h2>\n<p>Die Hornhaut besteht aus sehr feinen Fibrillen (Kollagenfasern). Diese Fasern bilden ein geordnetes und starkes Netzwerk, das aufgrund seiner besonderen Struktur der Hornhaut Klarheit und Festigkeit verleiht. Keratokonus ist eine geschw\u00e4chte Festigkeit. CXL verbindet die Fibrillen miteinander, macht die Hornhaut fester und verhindert, dass sich die Hornhaut verd\u00fcnnt und ausbeult. Seit CXL eingesetzt wird, ist die Zahl der Hornhauttransplantationen bei Menschen mit Keratokonus deutlich zur\u00fcckgegangen.<\/p>\n<h2>Wann eine Hornhaut-Crosslinking-Behandlung?<\/h2>\n<p>CXL wird durchgef\u00fchrt, wenn der Keratokonus innerhalb eines Jahres fortgeschritten ist. Besonders geeignet f\u00fcr diese Behandlung sind junge Menschen unter 30 Jahren. Keratokonus stabilisiert sich normalerweise nach dem 35. Lebensjahr von selbst. Die Hornhaut ben\u00f6tigt eine Mindestdicke, um f\u00fcr diese Behandlung geeignet zu sein. Der Augenarzt wird Sie dar\u00fcber informieren.<\/p>\n<h2>Wie funktioniert die Hornhaut-Crosslinking-Behandlung?<\/h2>\n<p>Die Keratokonus-CXL-Behandlung ist eine Tagesbehandlung ohne An\u00e4sthesie und ohne Injektion. Ein Krankenhausaufenthalt ist ebenfalls nicht erforderlich. W\u00e4hrend der Behandlung wird das Auge steril abgedeckt. Zwischen den Augenlidern wird dann ein kleiner Abstandshalter platziert, damit Sie w\u00e4hrend der Behandlung nicht blinzeln k\u00f6nnen. Zun\u00e4chst wird die H\u00fclle (Epithel) der Hornhaut entfernt. Durch die Bet\u00e4ubungstropfen sp\u00fcren Sie nichts. Dann wird das Auge mit Vitamin B2 (Riboflavin) Augentropfen f\u00fcr eine halbe Stunde eingetr\u00e4ufelt. Anschlie\u00dfend wird das Auge weitere 30 Minuten mit UV-Licht bestrahlt. Als letzter Schritt wird eine Verbandskontaktlinse auf das Auge gesetzt, die Ihr Auge wie ein Verband sch\u00fctzt.<\/p>\n<h2>Nach der Behandlung<\/h2>\n<p>Es dauert einige Tage, bis das Epithel verheilt ist. Bis dahin schmerzt die Hornhaut. Die sch\u00fctzende Verbandslinse hilft zusammen mit Schmerzmitteln und k\u00fcnstlichen Tr\u00e4nen, die Beschwerden zu lindern. Da die Hornhaut in dieser Zeit anf\u00e4lliger f\u00fcr Infektionen ist, werden zus\u00e4tzlich antibiotische Augentropfen verschrieben. Nach der Hornhautvernetzungsbehandlung wird die Hornhaut regelm\u00e4\u00dfig kontrolliert.<\/p>\n<h2>Ben\u00f6tigen Sie nach der CXL-Behandlung noch Kontaktlinsen oder Brillen?<\/h2>\n<p>Die meisten Menschen brauchen nach einer Keratokonus-CXL-Behandlung immer noch eine Brille oder Kontaktlinsen. In manchen F\u00e4llen geht die Festigung der Hornhaut auch mit einer Abflachung der Hornhaut einher. F\u00fcr manche Menschen kann dies bedeuten, dass sie keine Brille oder Kontaktlinsen mehr ben\u00f6tigen.<\/p>\n<h2>Was sind die Risiken einer CXL-Behandlung?<\/h2>\n<p>Im Allgemeinen ist die Behandlung mit Corneal Cross-Linking sicher und weist ein sehr geringes Komplikationsrisiko auf. Zu den Komplikationen, die auftreten k\u00f6nnen, geh\u00f6ren Infektionen, sterile Entz\u00fcndungen, Vernarbungen der Hornhaut und Sch\u00e4den an der inneren Schicht der Hornhaut. Auch kann es zu Problemen bei der Heilung der H\u00fclle (Epithel) der Hornhaut kommen. Diese Komplikationen k\u00f6nnen zu einer dauerhaften Tr\u00fcbung der Hornhaut f\u00fchren, die die Sehsch\u00e4rfe beeintr\u00e4chtigt. Bei einem kleinen Teil der Patienten kann sich der Keratokonus trotz einer technisch gut durchgef\u00fchrten Hornhautvernetzungsbehandlung noch verschlimmern.<br \/>\n[\/vc_column_text][\/vc_column][\/vc_row]<\/p>\n","protected":false},"excerpt":{"rendered":"<p>[vc_row][vc_column][vc_column_text] Keratokonus CXL-Behandlung zur Festigung der Hornhaut Corneal Crosslinking (CXL) ist eine Behandlung, um die Ausd\u00fcnnung und Verformung der Hornhaut aufgrund von Keratokonus zu stoppen. Dies verhindert eine Verschlechterung der Sehsch\u00e4rfe. Die Hornhautvernetzung der Hornhaut wird von einem spezialisierten Augenarzt durchgef\u00fchrt. Ziel der Behandlung ist es, die Hornhaut fester zu<a class=\"moretag\" href=\"https:\/\/www.keratoconuscentrumnederland.nl\/de\/vernetzungsbehandlung\/\">&#8230;<\/a><\/p>\n","protected":false},"author":1,"featured_media":0,"parent":0,"menu_order":0,"comment_status":"closed","ping_status":"closed","template":"","meta":{"inline_featured_image":false,"_glsr_average":0,"_glsr_ranking":0,"_glsr_reviews":0,"footnotes":""},"class_list":["post-1200","page","type-page","status-publish","hentry"],"yoast_head":"<!-- This site is optimized with the Yoast SEO plugin v27.2 - https:\/\/yoast.com\/product\/yoast-seo-wordpress\/ -->\n<title>Vernetzungsbehandlung - Keratoconuscentrum Nederland<\/title>\n<meta name=\"description\" content=\"Die Crosslinking-Behandlung bei Keratokonus zur Hornhautverst\u00e4rkung wird vom Augenarzt durchgef\u00fchrt. Keratokonus Zentrum Niederlande erz\u00e4hlt Ihnen mehr dar\u00fcber.\" \/>\n<meta name=\"robots\" content=\"index, follow, max-snippet:-1, max-image-preview:large, max-video-preview:-1\" \/>\n<link rel=\"canonical\" href=\"https:\/\/www.keratoconuscentrumnederland.nl\/de\/vernetzungsbehandlung\/\" \/>\n<meta property=\"og:locale\" content=\"de_DE\" \/>\n<meta property=\"og:type\" content=\"article\" \/>\n<meta property=\"og:title\" content=\"Vernetzungsbehandlung - Keratoconuscentrum Nederland\" \/>\n<meta property=\"og:description\" content=\"Die Crosslinking-Behandlung bei Keratokonus zur Hornhautverst\u00e4rkung wird vom Augenarzt durchgef\u00fchrt. Keratokonus Zentrum Niederlande erz\u00e4hlt Ihnen mehr dar\u00fcber.\" \/>\n<meta property=\"og:url\" content=\"https:\/\/www.keratoconuscentrumnederland.nl\/de\/vernetzungsbehandlung\/\" \/>\n<meta property=\"og:site_name\" content=\"Keratoconuscentrum Nederland\" \/>\n<meta property=\"article:modified_time\" content=\"2022-04-15T10:02:09+00:00\" \/>\n<meta name=\"twitter:card\" content=\"summary_large_image\" \/>\n<meta name=\"twitter:label1\" content=\"Gesch\u00e4tzte Lesezeit\" \/>\n\t<meta name=\"twitter:data1\" content=\"3\u00a0Minuten\" \/>\n<script type=\"application\/ld+json\" class=\"yoast-schema-graph\">{\"@context\":\"https:\/\/schema.org\",\"@graph\":[{\"@type\":\"WebPage\",\"@id\":\"https:\/\/www.keratoconuscentrumnederland.nl\/de\/vernetzungsbehandlung\/\",\"url\":\"https:\/\/www.keratoconuscentrumnederland.nl\/de\/vernetzungsbehandlung\/\",\"name\":\"Vernetzungsbehandlung - Keratoconuscentrum Nederland\",\"isPartOf\":{\"@id\":\"https:\/\/www.keratoconuscentrumnederland.nl\/de\/#website\"},\"datePublished\":\"2022-01-14T08:12:26+00:00\",\"dateModified\":\"2022-04-15T10:02:09+00:00\",\"description\":\"Die Crosslinking-Behandlung bei Keratokonus zur Hornhautverst\u00e4rkung wird vom Augenarzt durchgef\u00fchrt. Keratokonus Zentrum Niederlande erz\u00e4hlt Ihnen mehr dar\u00fcber.\",\"breadcrumb\":{\"@id\":\"https:\/\/www.keratoconuscentrumnederland.nl\/de\/vernetzungsbehandlung\/#breadcrumb\"},\"inLanguage\":\"de\",\"potentialAction\":[{\"@type\":\"ReadAction\",\"target\":[\"https:\/\/www.keratoconuscentrumnederland.nl\/de\/vernetzungsbehandlung\/\"]}]},{\"@type\":\"BreadcrumbList\",\"@id\":\"https:\/\/www.keratoconuscentrumnederland.nl\/de\/vernetzungsbehandlung\/#breadcrumb\",\"itemListElement\":[{\"@type\":\"ListItem\",\"position\":1,\"name\":\"Home\",\"item\":\"https:\/\/www.keratoconuscentrumnederland.nl\/de\/keratokonus-zentrum\/\"},{\"@type\":\"ListItem\",\"position\":2,\"name\":\"Vernetzungsbehandlung\"}]},{\"@type\":\"WebSite\",\"@id\":\"https:\/\/www.keratoconuscentrumnederland.nl\/de\/#website\",\"url\":\"https:\/\/www.keratoconuscentrumnederland.nl\/de\/\",\"name\":\"Keratoconuscentrum Nederland\",\"description\":\"\",\"publisher\":{\"@id\":\"https:\/\/www.keratoconuscentrumnederland.nl\/de\/#organization\"},\"potentialAction\":[{\"@type\":\"SearchAction\",\"target\":{\"@type\":\"EntryPoint\",\"urlTemplate\":\"https:\/\/www.keratoconuscentrumnederland.nl\/de\/?s={search_term_string}\"},\"query-input\":{\"@type\":\"PropertyValueSpecification\",\"valueRequired\":true,\"valueName\":\"search_term_string\"}}],\"inLanguage\":\"de\"},{\"@type\":\"Organization\",\"@id\":\"https:\/\/www.keratoconuscentrumnederland.nl\/de\/#organization\",\"name\":\"Keratoconuscentrum Nederland\",\"url\":\"https:\/\/www.keratoconuscentrumnederland.nl\/de\/\",\"logo\":{\"@type\":\"ImageObject\",\"inLanguage\":\"de\",\"@id\":\"https:\/\/www.keratoconuscentrumnederland.nl\/de\/#\/schema\/logo\/image\/\",\"url\":\"https:\/\/www.keratoconuscentrumnederland.nl\/wp-content\/uploads\/logo-keratocuscentrum-nederland.png\",\"contentUrl\":\"https:\/\/www.keratoconuscentrumnederland.nl\/wp-content\/uploads\/logo-keratocuscentrum-nederland.png\",\"width\":223,\"height\":97,\"caption\":\"Keratoconuscentrum Nederland\"},\"image\":{\"@id\":\"https:\/\/www.keratoconuscentrumnederland.nl\/de\/#\/schema\/logo\/image\/\"}}]}<\/script>\n<!-- \/ Yoast SEO plugin. -->","yoast_head_json":{"title":"Vernetzungsbehandlung - Keratoconuscentrum Nederland","description":"Die Crosslinking-Behandlung bei Keratokonus zur Hornhautverst\u00e4rkung wird vom Augenarzt durchgef\u00fchrt. Keratokonus Zentrum Niederlande erz\u00e4hlt Ihnen mehr dar\u00fcber.","robots":{"index":"index","follow":"follow","max-snippet":"max-snippet:-1","max-image-preview":"max-image-preview:large","max-video-preview":"max-video-preview:-1"},"canonical":"https:\/\/www.keratoconuscentrumnederland.nl\/de\/vernetzungsbehandlung\/","og_locale":"de_DE","og_type":"article","og_title":"Vernetzungsbehandlung - Keratoconuscentrum Nederland","og_description":"Die Crosslinking-Behandlung bei Keratokonus zur Hornhautverst\u00e4rkung wird vom Augenarzt durchgef\u00fchrt. Keratokonus Zentrum Niederlande erz\u00e4hlt Ihnen mehr dar\u00fcber.","og_url":"https:\/\/www.keratoconuscentrumnederland.nl\/de\/vernetzungsbehandlung\/","og_site_name":"Keratoconuscentrum Nederland","article_modified_time":"2022-04-15T10:02:09+00:00","twitter_card":"summary_large_image","twitter_misc":{"Gesch\u00e4tzte Lesezeit":"3\u00a0Minuten"},"schema":{"@context":"https:\/\/schema.org","@graph":[{"@type":"WebPage","@id":"https:\/\/www.keratoconuscentrumnederland.nl\/de\/vernetzungsbehandlung\/","url":"https:\/\/www.keratoconuscentrumnederland.nl\/de\/vernetzungsbehandlung\/","name":"Vernetzungsbehandlung - Keratoconuscentrum Nederland","isPartOf":{"@id":"https:\/\/www.keratoconuscentrumnederland.nl\/de\/#website"},"datePublished":"2022-01-14T08:12:26+00:00","dateModified":"2022-04-15T10:02:09+00:00","description":"Die Crosslinking-Behandlung bei Keratokonus zur Hornhautverst\u00e4rkung wird vom Augenarzt durchgef\u00fchrt. Keratokonus Zentrum Niederlande erz\u00e4hlt Ihnen mehr dar\u00fcber.","breadcrumb":{"@id":"https:\/\/www.keratoconuscentrumnederland.nl\/de\/vernetzungsbehandlung\/#breadcrumb"},"inLanguage":"de","potentialAction":[{"@type":"ReadAction","target":["https:\/\/www.keratoconuscentrumnederland.nl\/de\/vernetzungsbehandlung\/"]}]},{"@type":"BreadcrumbList","@id":"https:\/\/www.keratoconuscentrumnederland.nl\/de\/vernetzungsbehandlung\/#breadcrumb","itemListElement":[{"@type":"ListItem","position":1,"name":"Home","item":"https:\/\/www.keratoconuscentrumnederland.nl\/de\/keratokonus-zentrum\/"},{"@type":"ListItem","position":2,"name":"Vernetzungsbehandlung"}]},{"@type":"WebSite","@id":"https:\/\/www.keratoconuscentrumnederland.nl\/de\/#website","url":"https:\/\/www.keratoconuscentrumnederland.nl\/de\/","name":"Keratoconuscentrum Nederland","description":"","publisher":{"@id":"https:\/\/www.keratoconuscentrumnederland.nl\/de\/#organization"},"potentialAction":[{"@type":"SearchAction","target":{"@type":"EntryPoint","urlTemplate":"https:\/\/www.keratoconuscentrumnederland.nl\/de\/?s={search_term_string}"},"query-input":{"@type":"PropertyValueSpecification","valueRequired":true,"valueName":"search_term_string"}}],"inLanguage":"de"},{"@type":"Organization","@id":"https:\/\/www.keratoconuscentrumnederland.nl\/de\/#organization","name":"Keratoconuscentrum Nederland","url":"https:\/\/www.keratoconuscentrumnederland.nl\/de\/","logo":{"@type":"ImageObject","inLanguage":"de","@id":"https:\/\/www.keratoconuscentrumnederland.nl\/de\/#\/schema\/logo\/image\/","url":"https:\/\/www.keratoconuscentrumnederland.nl\/wp-content\/uploads\/logo-keratocuscentrum-nederland.png","contentUrl":"https:\/\/www.keratoconuscentrumnederland.nl\/wp-content\/uploads\/logo-keratocuscentrum-nederland.png","width":223,"height":97,"caption":"Keratoconuscentrum Nederland"},"image":{"@id":"https:\/\/www.keratoconuscentrumnederland.nl\/de\/#\/schema\/logo\/image\/"}}]}},"_links":{"self":[{"href":"https:\/\/www.keratoconuscentrumnederland.nl\/de\/wp-json\/wp\/v2\/pages\/1200","targetHints":{"allow":["GET"]}}],"collection":[{"href":"https:\/\/www.keratoconuscentrumnederland.nl\/de\/wp-json\/wp\/v2\/pages"}],"about":[{"href":"https:\/\/www.keratoconuscentrumnederland.nl\/de\/wp-json\/wp\/v2\/types\/page"}],"author":[{"embeddable":true,"href":"https:\/\/www.keratoconuscentrumnederland.nl\/de\/wp-json\/wp\/v2\/users\/1"}],"replies":[{"embeddable":true,"href":"https:\/\/www.keratoconuscentrumnederland.nl\/de\/wp-json\/wp\/v2\/comments?post=1200"}],"version-history":[{"count":1,"href":"https:\/\/www.keratoconuscentrumnederland.nl\/de\/wp-json\/wp\/v2\/pages\/1200\/revisions"}],"predecessor-version":[{"id":1231,"href":"https:\/\/www.keratoconuscentrumnederland.nl\/de\/wp-json\/wp\/v2\/pages\/1200\/revisions\/1231"}],"wp:attachment":[{"href":"https:\/\/www.keratoconuscentrumnederland.nl\/de\/wp-json\/wp\/v2\/media?parent=1200"}],"curies":[{"name":"wp","href":"https:\/\/api.w.org\/{rel}","templated":true}]}}