{"id":1204,"date":"2022-01-13T11:58:39","date_gmt":"2022-01-13T10:58:39","guid":{"rendered":"https:\/\/www.keratoconuscentrumnederland.nl\/was-ist-keratokonus\/"},"modified":"2025-12-10T13:07:19","modified_gmt":"2025-12-10T12:07:19","slug":"was-ist-keratokonus","status":"publish","type":"page","link":"https:\/\/www.keratoconuscentrumnederland.nl\/de\/was-ist-keratokonus\/","title":{"rendered":"Was ist Keratokonus?"},"content":{"rendered":"<p>[vc_row][vc_column][vc_column_text]<\/p>\n<h2>Was ist Keratokonus?<\/h2>\n<p><strong>Keratokonus entsteht durch eine lokale Ausd\u00fcnnung der Hornhaut (Cornea). Die Vererbung scheint bei der Entstehung des Keratokonus eine sehr wichtige Rolle zu spielen.<\/strong><\/p>\n<p>Die Probleme des Keratokonus treten jedoch erst in der Pubert\u00e4t auf. Es hat sich gezeigt, dass das Reiben der Augen das Fortschreiten des Keratokonus erheblich beschleunigt. Keratokonus entsteht durch eine \u00f6rtlich begrenzte Ausd\u00fcnnung der Hornhaut in einem Auge. Bei dieser Verd\u00fcnnung wird die Hornhaut durch den Augendruck lokal nach vorne gedr\u00fcckt. Dadurch entsteht eine Ausbuchtung in Form eines Kegels. Meist folgt auch das andere Auge mit der Ausbildung einer weniger schweren Form des Keratokonus. In 80 Prozent der F\u00e4lle verl\u00e4uft der Keratokonus mild. Allerdings k\u00f6nnen die Beschwerden schon sehr schwerwiegend sein. Es ist nur bei schweren Formen des Keratokonus mit blo\u00dfem Auge zu sehen. Keratokonus ist ziemlich h\u00e4ufig; bei etwa 1 von 400 Personen. Dies bedeutet, dass in den Niederlanden ungef\u00e4hr 45.000 Menschen mit Keratokonus leben. Jemand mit Keratokonus leidet oft auch an Allergien, Ekzemen und\/oder Asthma.[\/vc_column_text][\/vc_column][\/vc_row][vc_row][vc_column][vc_column_text]<\/p>\n<h2>Was sind die Konsequenzen?<\/h2>\n<p>Die Hornhaut bildet die Vorderseite des Auges. Der Kegel ist st\u00e4rker gekr\u00fcmmt als der Rest der Hornhaut. Durch diese erh\u00f6hte Kr\u00fcmmung erh\u00f6ht sich die Festigkeit lokal. Der Kegel erzeugt eine hohe negative St\u00e4rke, w\u00e4hrend sich die St\u00e4rke der restlichen Hornhaut kaum ver\u00e4ndert. Eine Person mit Keratokonus sieht dann sehr charakteristisch Schatten auf der Unterseite von Buchstaben und Gegenst\u00e4nden. Diese Schatten k\u00f6nnen viel besser gesehen werden, wenn sie mit einem Auge betrachtet werden. Diese Schatten wirken sich zun\u00e4chst negativ auf die Kontrastempfindlichkeit der Betrachtung aus. In einem fortgeschritteneren Stadium kann auch das Sehverm\u00f6gen nachlassen. Da der Keratokonus an einem Auge beginnt und sich allm\u00e4hlich auf die Sehleistung auswirkt, wird er oft sp\u00e4t bemerkt.<\/p>\n<p>Keratokonus senkt die Kontrastempfindlichkeit und reduziert in einem sp\u00e4teren Stadium das Sehverm\u00f6gen. Es erh\u00f6ht die Lichtempfindlichkeit und kann Doppelbilder verursachen, die Sie mit einem Auge sehen. Normalerweise sieht jemand mit Keratokonus trotz der Korrektur von Kontaktlinsen schlechter als jemand, der keine Korrektur hat oder wegen Kurzsichtigkeit korrigiert wurde.[\/vc_column_text][\/vc_column][\/vc_row][vc_row el_class=&#8220;fourblocks vervolg&#8220; css=&#8220;.vc_custom_1642071582557{margin-top: 35px !important;margin-bottom: 50px !important;}&#8220;][vc_column][vc_column_text]<\/p>\n<h4 style=\"text-align: left;\">Keratokonus in K\u00fcrze:<\/h4>\n<p>[\/vc_column_text][vc_column_text el_class=&#8220;plus&#8220;]<\/p>\n<ul>\n<li>Tritt normalerweise w\u00e4hrend der Pubert\u00e4t auf<\/li>\n<li>Das Reiben des Auges verursacht eine Progression<\/li>\n<li>Durch die lokale Ausd\u00fcnnung der Hornhaut entsteht ein Kegel<\/li>\n<li>Die St\u00e4rke \u00e4ndert sich aufgrund des Kegels lokal<\/li>\n<li>Ein Auge ist fast immer st\u00e4rker betroffen<\/li>\n<li>Reduziert zuerst die Kontrastempfindlichkeit und dann das Sehverm\u00f6gen<\/li>\n<\/ul>\n<p>[\/vc_column_text][\/vc_column][\/vc_row][vc_row][vc_column][vc_column_text]<\/p>\n<h2>Was ist Keratokonus?<\/h2>\n<p>Keratokonus ist eine Erkrankung der Hornhaut. Aufgrund der genetischen Veranlagung ist die Hornhaut schw\u00e4cher als normal. Um die Pubert\u00e4t herum entwickelt sich ein lokal verd\u00fcnntes Hornhautst\u00fcck. An dieser d\u00fcnnen Stelle bildet sich eine Ausbuchtung in Form eines Kegels.[\/vc_column_text][\/vc_column][\/vc_row][vc_row][vc_column][vc_column_text]<\/p>\n<h2>Warum wird Keratokonus oft so sp\u00e4t erkannt?<\/h2>\n<p>Keratokonus entwickelt sich zuerst in einem Auge und schreitet allm\u00e4hlich fort. Wenn man jeden Tag ein bisschen weniger sieht, f\u00e4llt das kaum auf. Wenn Sie mit beiden Augen schauen, f\u00e4llt es noch weniger auf. Beispielsweise kommt es h\u00e4ufig vor, dass die erste Diagnose gestellt wird, wenn das Sehverm\u00f6gen bereits deutlich reduziert ist.<br \/>\n[\/vc_column_text][\/vc_column][\/vc_row][vc_row][vc_column][vc_column_text]<\/p>\n<h2>Macht Keratokonus blind?<\/h2>\n<p>Keratokonus f\u00fchrt nicht zur Erblindung. Bei leichten Formen des Keratokonus kann die Sehschw\u00e4che noch ausreichend mit einer Brille korrigiert werden. In schwereren Formen k\u00f6nnen Kontaktlinsen das Sehverm\u00f6gen wiederherstellen. Wenn die Hornhaut durch den Keratokonus vollst\u00e4ndig eingetr\u00fcbt ist, kann eine Hornhauttransplantation durchgef\u00fchrt werden.[\/vc_column_text][\/vc_column][\/vc_row][vc_row][vc_column][vc_column_text]<\/p>\n<h2>Kann man Keratokonus heilen oder behandeln?<\/h2>\n<p>Leider kann man Keratokonus nicht heilen. Er ist jedoch mit Corneal Cross-linking gut behandelbar.  Diese Behandlung verhindert ein weiteres Fortschreiten und den Verlust des Sehverm\u00f6gens. Daher ist es wichtig, den Verlauf des Keratokonus von einem Augenarzt \u00fcberpr\u00fcfen zu lassen.[\/vc_column_text][\/vc_column][\/vc_row]<\/p>\n","protected":false},"excerpt":{"rendered":"<p>[vc_row][vc_column][vc_column_text] Was ist Keratokonus? Keratokonus entsteht durch eine lokale Ausd\u00fcnnung der Hornhaut (Cornea). Die Vererbung scheint bei der Entstehung des Keratokonus eine sehr wichtige Rolle zu spielen. Die Probleme des Keratokonus treten jedoch erst in der Pubert\u00e4t auf. Es hat sich gezeigt, dass das Reiben der Augen das Fortschreiten des<a class=\"moretag\" href=\"https:\/\/www.keratoconuscentrumnederland.nl\/de\/was-ist-keratokonus\/\">&#8230;<\/a><\/p>\n","protected":false},"author":1,"featured_media":0,"parent":0,"menu_order":0,"comment_status":"closed","ping_status":"closed","template":"","meta":{"inline_featured_image":false,"_glsr_average":0,"_glsr_ranking":0,"_glsr_reviews":0,"footnotes":""},"class_list":["post-1204","page","type-page","status-publish","hentry"],"yoast_head":"<!-- This site is optimized with the Yoast SEO plugin v27.2 - https:\/\/yoast.com\/product\/yoast-seo-wordpress\/ -->\n<title>Was ist Keratokonus? - Keratoconuscentrum Nederland<\/title>\n<meta name=\"robots\" content=\"index, follow, max-snippet:-1, max-image-preview:large, max-video-preview:-1\" \/>\n<link rel=\"canonical\" href=\"https:\/\/www.keratoconuscentrumnederland.nl\/de\/was-ist-keratokonus\/\" \/>\n<meta property=\"og:locale\" content=\"de_DE\" \/>\n<meta property=\"og:type\" content=\"article\" \/>\n<meta property=\"og:title\" content=\"Was ist Keratokonus? - Keratoconuscentrum Nederland\" \/>\n<meta property=\"og:description\" content=\"[vc_row][vc_column][vc_column_text] Was ist Keratokonus? Keratokonus entsteht durch eine lokale Ausd\u00fcnnung der Hornhaut (Cornea). Die Vererbung scheint bei der Entstehung des Keratokonus eine sehr wichtige Rolle zu spielen. Die Probleme des Keratokonus treten jedoch erst in der Pubert\u00e4t auf. Es hat sich gezeigt, dass das Reiben der Augen das Fortschreiten des...\" \/>\n<meta property=\"og:url\" content=\"https:\/\/www.keratoconuscentrumnederland.nl\/de\/was-ist-keratokonus\/\" \/>\n<meta property=\"og:site_name\" content=\"Keratoconuscentrum Nederland\" \/>\n<meta property=\"article:modified_time\" content=\"2025-12-10T12:07:19+00:00\" \/>\n<meta name=\"twitter:card\" content=\"summary_large_image\" \/>\n<meta name=\"twitter:label1\" content=\"Gesch\u00e4tzte Lesezeit\" \/>\n\t<meta name=\"twitter:data1\" content=\"4\u00a0Minuten\" \/>\n<script type=\"application\/ld+json\" class=\"yoast-schema-graph\">{\"@context\":\"https:\/\/schema.org\",\"@graph\":[{\"@type\":\"WebPage\",\"@id\":\"https:\/\/www.keratoconuscentrumnederland.nl\/de\/was-ist-keratokonus\/\",\"url\":\"https:\/\/www.keratoconuscentrumnederland.nl\/de\/was-ist-keratokonus\/\",\"name\":\"Was ist Keratokonus? - Keratoconuscentrum Nederland\",\"isPartOf\":{\"@id\":\"https:\/\/www.keratoconuscentrumnederland.nl\/de\/#website\"},\"datePublished\":\"2022-01-13T10:58:39+00:00\",\"dateModified\":\"2025-12-10T12:07:19+00:00\",\"breadcrumb\":{\"@id\":\"https:\/\/www.keratoconuscentrumnederland.nl\/de\/was-ist-keratokonus\/#breadcrumb\"},\"inLanguage\":\"de\",\"potentialAction\":[{\"@type\":\"ReadAction\",\"target\":[\"https:\/\/www.keratoconuscentrumnederland.nl\/de\/was-ist-keratokonus\/\"]}]},{\"@type\":\"BreadcrumbList\",\"@id\":\"https:\/\/www.keratoconuscentrumnederland.nl\/de\/was-ist-keratokonus\/#breadcrumb\",\"itemListElement\":[{\"@type\":\"ListItem\",\"position\":1,\"name\":\"Home\",\"item\":\"https:\/\/www.keratoconuscentrumnederland.nl\/de\/keratokonus-zentrum\/\"},{\"@type\":\"ListItem\",\"position\":2,\"name\":\"Was ist Keratokonus?\"}]},{\"@type\":\"WebSite\",\"@id\":\"https:\/\/www.keratoconuscentrumnederland.nl\/de\/#website\",\"url\":\"https:\/\/www.keratoconuscentrumnederland.nl\/de\/\",\"name\":\"Keratoconuscentrum Nederland\",\"description\":\"\",\"publisher\":{\"@id\":\"https:\/\/www.keratoconuscentrumnederland.nl\/de\/#organization\"},\"potentialAction\":[{\"@type\":\"SearchAction\",\"target\":{\"@type\":\"EntryPoint\",\"urlTemplate\":\"https:\/\/www.keratoconuscentrumnederland.nl\/de\/?s={search_term_string}\"},\"query-input\":{\"@type\":\"PropertyValueSpecification\",\"valueRequired\":true,\"valueName\":\"search_term_string\"}}],\"inLanguage\":\"de\"},{\"@type\":\"Organization\",\"@id\":\"https:\/\/www.keratoconuscentrumnederland.nl\/de\/#organization\",\"name\":\"Keratoconuscentrum Nederland\",\"url\":\"https:\/\/www.keratoconuscentrumnederland.nl\/de\/\",\"logo\":{\"@type\":\"ImageObject\",\"inLanguage\":\"de\",\"@id\":\"https:\/\/www.keratoconuscentrumnederland.nl\/de\/#\/schema\/logo\/image\/\",\"url\":\"https:\/\/www.keratoconuscentrumnederland.nl\/wp-content\/uploads\/logo-keratocuscentrum-nederland.png\",\"contentUrl\":\"https:\/\/www.keratoconuscentrumnederland.nl\/wp-content\/uploads\/logo-keratocuscentrum-nederland.png\",\"width\":223,\"height\":97,\"caption\":\"Keratoconuscentrum Nederland\"},\"image\":{\"@id\":\"https:\/\/www.keratoconuscentrumnederland.nl\/de\/#\/schema\/logo\/image\/\"}}]}<\/script>\n<!-- \/ Yoast SEO plugin. -->","yoast_head_json":{"title":"Was ist Keratokonus? - Keratoconuscentrum Nederland","robots":{"index":"index","follow":"follow","max-snippet":"max-snippet:-1","max-image-preview":"max-image-preview:large","max-video-preview":"max-video-preview:-1"},"canonical":"https:\/\/www.keratoconuscentrumnederland.nl\/de\/was-ist-keratokonus\/","og_locale":"de_DE","og_type":"article","og_title":"Was ist Keratokonus? - Keratoconuscentrum Nederland","og_description":"[vc_row][vc_column][vc_column_text] Was ist Keratokonus? Keratokonus entsteht durch eine lokale Ausd\u00fcnnung der Hornhaut (Cornea). Die Vererbung scheint bei der Entstehung des Keratokonus eine sehr wichtige Rolle zu spielen. Die Probleme des Keratokonus treten jedoch erst in der Pubert\u00e4t auf. Es hat sich gezeigt, dass das Reiben der Augen das Fortschreiten des...","og_url":"https:\/\/www.keratoconuscentrumnederland.nl\/de\/was-ist-keratokonus\/","og_site_name":"Keratoconuscentrum Nederland","article_modified_time":"2025-12-10T12:07:19+00:00","twitter_card":"summary_large_image","twitter_misc":{"Gesch\u00e4tzte Lesezeit":"4\u00a0Minuten"},"schema":{"@context":"https:\/\/schema.org","@graph":[{"@type":"WebPage","@id":"https:\/\/www.keratoconuscentrumnederland.nl\/de\/was-ist-keratokonus\/","url":"https:\/\/www.keratoconuscentrumnederland.nl\/de\/was-ist-keratokonus\/","name":"Was ist Keratokonus? - Keratoconuscentrum Nederland","isPartOf":{"@id":"https:\/\/www.keratoconuscentrumnederland.nl\/de\/#website"},"datePublished":"2022-01-13T10:58:39+00:00","dateModified":"2025-12-10T12:07:19+00:00","breadcrumb":{"@id":"https:\/\/www.keratoconuscentrumnederland.nl\/de\/was-ist-keratokonus\/#breadcrumb"},"inLanguage":"de","potentialAction":[{"@type":"ReadAction","target":["https:\/\/www.keratoconuscentrumnederland.nl\/de\/was-ist-keratokonus\/"]}]},{"@type":"BreadcrumbList","@id":"https:\/\/www.keratoconuscentrumnederland.nl\/de\/was-ist-keratokonus\/#breadcrumb","itemListElement":[{"@type":"ListItem","position":1,"name":"Home","item":"https:\/\/www.keratoconuscentrumnederland.nl\/de\/keratokonus-zentrum\/"},{"@type":"ListItem","position":2,"name":"Was ist Keratokonus?"}]},{"@type":"WebSite","@id":"https:\/\/www.keratoconuscentrumnederland.nl\/de\/#website","url":"https:\/\/www.keratoconuscentrumnederland.nl\/de\/","name":"Keratoconuscentrum Nederland","description":"","publisher":{"@id":"https:\/\/www.keratoconuscentrumnederland.nl\/de\/#organization"},"potentialAction":[{"@type":"SearchAction","target":{"@type":"EntryPoint","urlTemplate":"https:\/\/www.keratoconuscentrumnederland.nl\/de\/?s={search_term_string}"},"query-input":{"@type":"PropertyValueSpecification","valueRequired":true,"valueName":"search_term_string"}}],"inLanguage":"de"},{"@type":"Organization","@id":"https:\/\/www.keratoconuscentrumnederland.nl\/de\/#organization","name":"Keratoconuscentrum Nederland","url":"https:\/\/www.keratoconuscentrumnederland.nl\/de\/","logo":{"@type":"ImageObject","inLanguage":"de","@id":"https:\/\/www.keratoconuscentrumnederland.nl\/de\/#\/schema\/logo\/image\/","url":"https:\/\/www.keratoconuscentrumnederland.nl\/wp-content\/uploads\/logo-keratocuscentrum-nederland.png","contentUrl":"https:\/\/www.keratoconuscentrumnederland.nl\/wp-content\/uploads\/logo-keratocuscentrum-nederland.png","width":223,"height":97,"caption":"Keratoconuscentrum Nederland"},"image":{"@id":"https:\/\/www.keratoconuscentrumnederland.nl\/de\/#\/schema\/logo\/image\/"}}]}},"_links":{"self":[{"href":"https:\/\/www.keratoconuscentrumnederland.nl\/de\/wp-json\/wp\/v2\/pages\/1204","targetHints":{"allow":["GET"]}}],"collection":[{"href":"https:\/\/www.keratoconuscentrumnederland.nl\/de\/wp-json\/wp\/v2\/pages"}],"about":[{"href":"https:\/\/www.keratoconuscentrumnederland.nl\/de\/wp-json\/wp\/v2\/types\/page"}],"author":[{"embeddable":true,"href":"https:\/\/www.keratoconuscentrumnederland.nl\/de\/wp-json\/wp\/v2\/users\/1"}],"replies":[{"embeddable":true,"href":"https:\/\/www.keratoconuscentrumnederland.nl\/de\/wp-json\/wp\/v2\/comments?post=1204"}],"version-history":[{"count":3,"href":"https:\/\/www.keratoconuscentrumnederland.nl\/de\/wp-json\/wp\/v2\/pages\/1204\/revisions"}],"predecessor-version":[{"id":6167,"href":"https:\/\/www.keratoconuscentrumnederland.nl\/de\/wp-json\/wp\/v2\/pages\/1204\/revisions\/6167"}],"wp:attachment":[{"href":"https:\/\/www.keratoconuscentrumnederland.nl\/de\/wp-json\/wp\/v2\/media?parent=1204"}],"curies":[{"name":"wp","href":"https:\/\/api.w.org\/{rel}","templated":true}]}}