{"id":1233,"date":"2022-01-13T11:47:36","date_gmt":"2022-01-13T10:47:36","guid":{"rendered":"https:\/\/www.keratoconuscentrumnederland.nl\/cone-power-technologie\/"},"modified":"2025-12-10T13:08:48","modified_gmt":"2025-12-10T12:08:48","slug":"cone-power-technologie","status":"publish","type":"page","link":"https:\/\/www.keratoconuscentrumnederland.nl\/de\/cone-power-technologie\/","title":{"rendered":"Conepower technologie"},"content":{"rendered":"<p>[vc_row content_placement=&#8220;middle&#8220;][vc_column width=&#8220;2\/3&#8243;][vc_column_text]<\/p>\n<h2>Was ist die Conepower-Technologie?<\/h2>\n<p>Keratokonus verursacht einen speziellen Brechungsfehler. Selbst mit den besten harten Kontaktlinsen bleiben einige Brechungsfehler aufgrund von Keratokonus unkorrigiert.<\/p>\n<h2>&#8230;&#8230;&#8230;&#8230;&#8230;&#8230;&#8230;&#8230;&#8230;.Testen<strong>Sie sich selbst:&#8230;&#8230;&#8230;&#8230;&#8230;&#8230;&#8230;&#8230;<\/strong><\/h2>\n<p>Wenn Sie den obigen Text ohne Kontaktlinsen betrachten, sehen Sie Schatten (oder Doppelbilder) am unteren Rand der Buchstaben und Punkte. Offensichtlich gibt es einen Unterschied zwischen den Schatten Ihres rechten und linken Auges, da der Keratokonus auf einem Auge immer weiter fortgeschritten ist. Wenn Sie mit beiden Augen gleichzeitig schauen, nehmen die Schatten wahrscheinlich etwas ab.[\/vc_column_text][\/vc_column][vc_column width=&#8220;1\/3&#8243;][vc_single_image image=&#8220;805&#8243; img_size=&#8220;full&#8220;][\/vc_column][\/vc_row][vc_row][vc_column][vc_column_text]Wenn Sie diese Buchstaben mit Ihren harten Kontaktlinsen betrachten, werden Sie sehen, dass sich die Schatten (schr\u00e4g) zur Oberseite der Buchstaben bewegt haben. Auch hier sieht Ihr bestes Auge weniger Schatten als Ihr schlechteres Auge. Die Schatten k\u00f6nnen sogar vollst\u00e4ndig verschwunden sein, wenn Sie mit beiden Augen schauen. Dies h\u00e4ngt sicherlich auch von der Schwere des Keratokonus ab.<\/p>\n<p>Besonders wenn Sie Sklerallinsen zur Korrektur Ihres Keratokonus tragen, bleibt ein Teil des Augenfehlers unkorrigiert. Dadurch sehen Sie weiterhin Schatten am oberen Rand der Buchstaben. Sie werden diese Schatten nicht den ganzen Tag sehen, aber dieser unkorrigierte Augenfehler beeintr\u00e4chtigt die Sehqualit\u00e4t. Vor allem bei ung\u00fcnstigeren Lichtverh\u00e4ltnissen sehen Sie weniger gut. Dies kann auch zu einer \u00dcberanstrengung der Augen f\u00fchren. Die Schatten werden dadurch verursacht, dass der Kegel nicht in der Mitte der Pupillen\u00f6ffnung liegt. Mit der Conepower-Technologie wird ein gro\u00dfer Teil dieses Restfehlers korrigiert, wodurch Ihre Seh- und Kontrastempfindlichkeit verbessert wird.<\/p>\n<p>Sklerallinsen mit Conepower-Technologie verbessern das Sehverm\u00f6gen aller Menschen mit Keratokonus, die bereits mit Sklerallinsen korrigiert wurden. Je nach Ihren Beschwerden werden Sie die Verbesserung durch diese optische Innovation sicher zu sch\u00e4tzen wissen.[\/vc_column_text][\/vc_column][\/vc_row]<\/p>\n","protected":false},"excerpt":{"rendered":"<p>[vc_row content_placement=&#8220;middle&#8220;][vc_column width=&#8220;2\/3&#8243;][vc_column_text] Was ist die Conepower-Technologie? Keratokonus verursacht einen speziellen Brechungsfehler. Selbst mit den besten harten Kontaktlinsen bleiben einige Brechungsfehler aufgrund von Keratokonus unkorrigiert. &#8230;&#8230;&#8230;&#8230;&#8230;&#8230;&#8230;&#8230;&#8230;.TestenSie sich selbst:&#8230;&#8230;&#8230;&#8230;&#8230;&#8230;&#8230;&#8230; Wenn Sie den obigen Text ohne Kontaktlinsen betrachten, sehen Sie Schatten (oder Doppelbilder) am unteren Rand der Buchstaben und Punkte. Offensichtlich gibt<a class=\"moretag\" href=\"https:\/\/www.keratoconuscentrumnederland.nl\/de\/cone-power-technologie\/\">&#8230;<\/a><\/p>\n","protected":false},"author":1,"featured_media":0,"parent":0,"menu_order":0,"comment_status":"closed","ping_status":"closed","template":"","meta":{"inline_featured_image":false,"_glsr_average":0,"_glsr_ranking":0,"_glsr_reviews":0,"footnotes":""},"class_list":["post-1233","page","type-page","status-publish","hentry"],"yoast_head":"<!-- This site is optimized with the Yoast SEO plugin v27.2 - https:\/\/yoast.com\/product\/yoast-seo-wordpress\/ -->\n<title>Conepower technologie - Keratoconuscentrum Nederland<\/title>\n<meta name=\"robots\" content=\"index, follow, max-snippet:-1, max-image-preview:large, max-video-preview:-1\" \/>\n<link rel=\"canonical\" href=\"https:\/\/www.keratoconuscentrumnederland.nl\/de\/cone-power-technologie\/\" \/>\n<meta property=\"og:locale\" content=\"de_DE\" \/>\n<meta property=\"og:type\" content=\"article\" \/>\n<meta property=\"og:title\" content=\"Conepower technologie - Keratoconuscentrum Nederland\" \/>\n<meta property=\"og:description\" content=\"[vc_row content_placement=&#8220;middle&#8220;][vc_column width=&#8220;2\/3&#8243;][vc_column_text] Was ist die Conepower-Technologie? Keratokonus verursacht einen speziellen Brechungsfehler. Selbst mit den besten harten Kontaktlinsen bleiben einige Brechungsfehler aufgrund von Keratokonus unkorrigiert. &#8230;&#8230;&#8230;&#8230;&#8230;&#8230;&#8230;&#8230;&#8230;.TestenSie sich selbst:&#8230;&#8230;&#8230;&#8230;&#8230;&#8230;&#8230;&#8230; Wenn Sie den obigen Text ohne Kontaktlinsen betrachten, sehen Sie Schatten (oder Doppelbilder) am unteren Rand der Buchstaben und Punkte. Offensichtlich gibt...\" \/>\n<meta property=\"og:url\" content=\"https:\/\/www.keratoconuscentrumnederland.nl\/de\/cone-power-technologie\/\" \/>\n<meta property=\"og:site_name\" content=\"Keratoconuscentrum Nederland\" \/>\n<meta property=\"article:modified_time\" content=\"2025-12-10T12:08:48+00:00\" \/>\n<meta name=\"twitter:card\" content=\"summary_large_image\" \/>\n<meta name=\"twitter:label1\" content=\"Gesch\u00e4tzte Lesezeit\" \/>\n\t<meta name=\"twitter:data1\" content=\"2\u00a0Minuten\" \/>\n<script type=\"application\/ld+json\" class=\"yoast-schema-graph\">{\"@context\":\"https:\/\/schema.org\",\"@graph\":[{\"@type\":\"WebPage\",\"@id\":\"https:\/\/www.keratoconuscentrumnederland.nl\/de\/cone-power-technologie\/\",\"url\":\"https:\/\/www.keratoconuscentrumnederland.nl\/de\/cone-power-technologie\/\",\"name\":\"Conepower technologie - Keratoconuscentrum Nederland\",\"isPartOf\":{\"@id\":\"https:\/\/www.keratoconuscentrumnederland.nl\/de\/#website\"},\"datePublished\":\"2022-01-13T10:47:36+00:00\",\"dateModified\":\"2025-12-10T12:08:48+00:00\",\"breadcrumb\":{\"@id\":\"https:\/\/www.keratoconuscentrumnederland.nl\/de\/cone-power-technologie\/#breadcrumb\"},\"inLanguage\":\"de\",\"potentialAction\":[{\"@type\":\"ReadAction\",\"target\":[\"https:\/\/www.keratoconuscentrumnederland.nl\/de\/cone-power-technologie\/\"]}]},{\"@type\":\"BreadcrumbList\",\"@id\":\"https:\/\/www.keratoconuscentrumnederland.nl\/de\/cone-power-technologie\/#breadcrumb\",\"itemListElement\":[{\"@type\":\"ListItem\",\"position\":1,\"name\":\"Home\",\"item\":\"https:\/\/www.keratoconuscentrumnederland.nl\/de\/keratokonus-zentrum\/\"},{\"@type\":\"ListItem\",\"position\":2,\"name\":\"Conepower technologie\"}]},{\"@type\":\"WebSite\",\"@id\":\"https:\/\/www.keratoconuscentrumnederland.nl\/de\/#website\",\"url\":\"https:\/\/www.keratoconuscentrumnederland.nl\/de\/\",\"name\":\"Keratoconuscentrum Nederland\",\"description\":\"\",\"publisher\":{\"@id\":\"https:\/\/www.keratoconuscentrumnederland.nl\/de\/#organization\"},\"potentialAction\":[{\"@type\":\"SearchAction\",\"target\":{\"@type\":\"EntryPoint\",\"urlTemplate\":\"https:\/\/www.keratoconuscentrumnederland.nl\/de\/?s={search_term_string}\"},\"query-input\":{\"@type\":\"PropertyValueSpecification\",\"valueRequired\":true,\"valueName\":\"search_term_string\"}}],\"inLanguage\":\"de\"},{\"@type\":\"Organization\",\"@id\":\"https:\/\/www.keratoconuscentrumnederland.nl\/de\/#organization\",\"name\":\"Keratoconuscentrum Nederland\",\"url\":\"https:\/\/www.keratoconuscentrumnederland.nl\/de\/\",\"logo\":{\"@type\":\"ImageObject\",\"inLanguage\":\"de\",\"@id\":\"https:\/\/www.keratoconuscentrumnederland.nl\/de\/#\/schema\/logo\/image\/\",\"url\":\"https:\/\/www.keratoconuscentrumnederland.nl\/wp-content\/uploads\/logo-keratocuscentrum-nederland.png\",\"contentUrl\":\"https:\/\/www.keratoconuscentrumnederland.nl\/wp-content\/uploads\/logo-keratocuscentrum-nederland.png\",\"width\":223,\"height\":97,\"caption\":\"Keratoconuscentrum Nederland\"},\"image\":{\"@id\":\"https:\/\/www.keratoconuscentrumnederland.nl\/de\/#\/schema\/logo\/image\/\"}}]}<\/script>\n<!-- \/ Yoast SEO plugin. -->","yoast_head_json":{"title":"Conepower technologie - Keratoconuscentrum Nederland","robots":{"index":"index","follow":"follow","max-snippet":"max-snippet:-1","max-image-preview":"max-image-preview:large","max-video-preview":"max-video-preview:-1"},"canonical":"https:\/\/www.keratoconuscentrumnederland.nl\/de\/cone-power-technologie\/","og_locale":"de_DE","og_type":"article","og_title":"Conepower technologie - Keratoconuscentrum Nederland","og_description":"[vc_row content_placement=&#8220;middle&#8220;][vc_column width=&#8220;2\/3&#8243;][vc_column_text] Was ist die Conepower-Technologie? Keratokonus verursacht einen speziellen Brechungsfehler. Selbst mit den besten harten Kontaktlinsen bleiben einige Brechungsfehler aufgrund von Keratokonus unkorrigiert. &#8230;&#8230;&#8230;&#8230;&#8230;&#8230;&#8230;&#8230;&#8230;.TestenSie sich selbst:&#8230;&#8230;&#8230;&#8230;&#8230;&#8230;&#8230;&#8230; Wenn Sie den obigen Text ohne Kontaktlinsen betrachten, sehen Sie Schatten (oder Doppelbilder) am unteren Rand der Buchstaben und Punkte. Offensichtlich gibt...","og_url":"https:\/\/www.keratoconuscentrumnederland.nl\/de\/cone-power-technologie\/","og_site_name":"Keratoconuscentrum Nederland","article_modified_time":"2025-12-10T12:08:48+00:00","twitter_card":"summary_large_image","twitter_misc":{"Gesch\u00e4tzte Lesezeit":"2\u00a0Minuten"},"schema":{"@context":"https:\/\/schema.org","@graph":[{"@type":"WebPage","@id":"https:\/\/www.keratoconuscentrumnederland.nl\/de\/cone-power-technologie\/","url":"https:\/\/www.keratoconuscentrumnederland.nl\/de\/cone-power-technologie\/","name":"Conepower technologie - Keratoconuscentrum Nederland","isPartOf":{"@id":"https:\/\/www.keratoconuscentrumnederland.nl\/de\/#website"},"datePublished":"2022-01-13T10:47:36+00:00","dateModified":"2025-12-10T12:08:48+00:00","breadcrumb":{"@id":"https:\/\/www.keratoconuscentrumnederland.nl\/de\/cone-power-technologie\/#breadcrumb"},"inLanguage":"de","potentialAction":[{"@type":"ReadAction","target":["https:\/\/www.keratoconuscentrumnederland.nl\/de\/cone-power-technologie\/"]}]},{"@type":"BreadcrumbList","@id":"https:\/\/www.keratoconuscentrumnederland.nl\/de\/cone-power-technologie\/#breadcrumb","itemListElement":[{"@type":"ListItem","position":1,"name":"Home","item":"https:\/\/www.keratoconuscentrumnederland.nl\/de\/keratokonus-zentrum\/"},{"@type":"ListItem","position":2,"name":"Conepower technologie"}]},{"@type":"WebSite","@id":"https:\/\/www.keratoconuscentrumnederland.nl\/de\/#website","url":"https:\/\/www.keratoconuscentrumnederland.nl\/de\/","name":"Keratoconuscentrum Nederland","description":"","publisher":{"@id":"https:\/\/www.keratoconuscentrumnederland.nl\/de\/#organization"},"potentialAction":[{"@type":"SearchAction","target":{"@type":"EntryPoint","urlTemplate":"https:\/\/www.keratoconuscentrumnederland.nl\/de\/?s={search_term_string}"},"query-input":{"@type":"PropertyValueSpecification","valueRequired":true,"valueName":"search_term_string"}}],"inLanguage":"de"},{"@type":"Organization","@id":"https:\/\/www.keratoconuscentrumnederland.nl\/de\/#organization","name":"Keratoconuscentrum Nederland","url":"https:\/\/www.keratoconuscentrumnederland.nl\/de\/","logo":{"@type":"ImageObject","inLanguage":"de","@id":"https:\/\/www.keratoconuscentrumnederland.nl\/de\/#\/schema\/logo\/image\/","url":"https:\/\/www.keratoconuscentrumnederland.nl\/wp-content\/uploads\/logo-keratocuscentrum-nederland.png","contentUrl":"https:\/\/www.keratoconuscentrumnederland.nl\/wp-content\/uploads\/logo-keratocuscentrum-nederland.png","width":223,"height":97,"caption":"Keratoconuscentrum Nederland"},"image":{"@id":"https:\/\/www.keratoconuscentrumnederland.nl\/de\/#\/schema\/logo\/image\/"}}]}},"_links":{"self":[{"href":"https:\/\/www.keratoconuscentrumnederland.nl\/de\/wp-json\/wp\/v2\/pages\/1233","targetHints":{"allow":["GET"]}}],"collection":[{"href":"https:\/\/www.keratoconuscentrumnederland.nl\/de\/wp-json\/wp\/v2\/pages"}],"about":[{"href":"https:\/\/www.keratoconuscentrumnederland.nl\/de\/wp-json\/wp\/v2\/types\/page"}],"author":[{"embeddable":true,"href":"https:\/\/www.keratoconuscentrumnederland.nl\/de\/wp-json\/wp\/v2\/users\/1"}],"replies":[{"embeddable":true,"href":"https:\/\/www.keratoconuscentrumnederland.nl\/de\/wp-json\/wp\/v2\/comments?post=1233"}],"version-history":[{"count":9,"href":"https:\/\/www.keratoconuscentrumnederland.nl\/de\/wp-json\/wp\/v2\/pages\/1233\/revisions"}],"predecessor-version":[{"id":6238,"href":"https:\/\/www.keratoconuscentrumnederland.nl\/de\/wp-json\/wp\/v2\/pages\/1233\/revisions\/6238"}],"wp:attachment":[{"href":"https:\/\/www.keratoconuscentrumnederland.nl\/de\/wp-json\/wp\/v2\/media?parent=1233"}],"curies":[{"name":"wp","href":"https:\/\/api.w.org\/{rel}","templated":true}]}}