{"id":1238,"date":"2022-01-14T09:43:43","date_gmt":"2022-01-14T08:43:43","guid":{"rendered":"https:\/\/www.keratoconuscentrumnederland.nl\/keratokonus-filter\/"},"modified":"2025-12-10T13:06:42","modified_gmt":"2025-12-10T12:06:42","slug":"keratokonus-filter","status":"publish","type":"page","link":"https:\/\/www.keratoconuscentrumnederland.nl\/de\/keratokonus-filter\/","title":{"rendered":"Keratokonus-Filter"},"content":{"rendered":"<p>[vc_row][vc_column][vc_column_text]<\/p>\n<h2>M\u00f6glichkeiten, zu viel Licht herauszufiltern<\/h2>\n<p>Filter k\u00f6nnen Menschen mit Keratokonus helfen, sowohl drinnen als auch drau\u00dfen aktiv zu sein und zu bleiben. Sehverlust ist nicht das einzige Symptom, das Menschen mit Keratokonus erleben. Auch gro\u00dfe Lichtempfindlichkeit oder Photophobie k\u00f6nnen Menschen mit dieser Hornhauterkrankung behindern. Die Empfindlichkeit gegen\u00fcber Sonnenlicht kann Menschen mit Keratokonus dazu veranlassen, Aktivit\u00e4ten im Freien zu vermeiden. Aber auch in Innenr\u00e4umen kann die gro\u00dfe Lichtempfindlichkeit sehr st\u00f6rend sein. Filter k\u00f6nnen Keratokonus-Patienten helfen, besser zu leben, zu arbeiten und sich zu entspannen. Nachfolgend k\u00f6nnen Sie nachlesen, welche Keratokonusfilter (m\u00f6glich) erh\u00e4ltlich sind.<\/p>\n<h2>Arbeitsplatzbeleuchtung und Keratokonus<\/h2>\n<p>Wenn jemand mit Keratokonus unter Lichtempfindlichkeit leidet und lange Zeit am Computer sitzt, kann dies zu Erm\u00fcdung f\u00fchren. Die Lichtempfindlichkeit wird oft nicht als Problem empfunden, sondern die M\u00fcdigkeit. Wenn Sie aufgrund Ihres Jobs oder Ihrer Ausbildung t\u00e4glich stundenlang von einem Computerbildschirm oder einem mobilen Ger\u00e4t lesen m\u00fcssen, kann dies ebenfalls sehr unbequem f\u00fcr Sie sein.<\/p>\n<h2>Wie filtert man Licht?<\/h2>\n<p>Unten sehen Sie, wie Anpassungen am Arbeitsplatz vorgenommen werden k\u00f6nnen, um \u00fcbersch\u00fcssiges Licht herauszufiltern:<\/p>\n<ul>\n<li>In einem Raum mit mehreren Arbeitspl\u00e4tzen profitiert jemand mit Keratokonus am meisten von einem Arbeitsplatz mit rundum deckenhohen W\u00e4nden. Beispielsweise kann das Leuchtstofflicht aus dem Raum den Arbeitsplatz des Mitarbeiters nicht erreichen<\/li>\n<li>Filter in Leuchtstoffr\u00f6hren k\u00f6nnen die negativen Auswirkungen der Beleuchtung erheblich reduzieren<\/li>\n<li>Versuchen Sie, so viel wie m\u00f6glich in Ihrer eigenen Arbeitsumgebung zu schaffen, wo Sie die Lichtmenge selbst steuern k\u00f6nnen.<\/li>\n<\/ul>\n<h2>Welche Keratokonusfilter gibt es?<\/h2>\n<p>F\u00fcr Keratokonus-Patienten mit Photophobie ist das Tragen einer Sonnenbrille an einem sonnigen Tag beim Autofahren manchmal entscheidend, um sicher zu fahren. Selbst wenn Sie Kontaktlinsen oder eine Brille zur Korrektur der Sehkraft tragen, kann Lichtempfindlichkeit das Autofahren erschweren. Das Fahren bei Nacht kann besonders problematisch sein, da die Scheinwerfer des Gegenverkehrs Sie vor\u00fcbergehend blenden k\u00f6nnen.   Wenn Sie Keratokonus haben, ist es wichtig, Ihre Grenzen zu kennen und Ihren Lebensstil entsprechend anzupassen \u2013 insbesondere beim Autofahren. Verwenden Sie &#8211; wenn m\u00f6glich &#8211; einen der folgenden Keratokonus-Filter:<\/p>\n<ul>\n<li>Polarisierte Sonnenbrillen: Unabh\u00e4ngig davon, ob sie mit UV-Schutz kombiniert sind oder nicht, k\u00f6nnen polarisierte Sonnenbrillen Ihre Augen vor harten UV-Strahlen sowie reflektierten Lichtstrahlen sch\u00fctzen, die Blendung verursachen<\/li>\n<li>Kontrastverst\u00e4rkende Linsen: Diese Linsen lassen die Farben, die das Auge am besten wahrnimmt, durch und filtern Farben, die das Auge weniger scharf wahrnimmt, heraus. Blau ist zum Beispiel eine Farbe, die das menschliche Auge weniger stark wahrnimmt. <\/li>\n<\/ul>\n<p>[\/vc_column_text][\/vc_column][\/vc_row]<\/p>\n","protected":false},"excerpt":{"rendered":"<p>[vc_row][vc_column][vc_column_text] M\u00f6glichkeiten, zu viel Licht herauszufiltern Filter k\u00f6nnen Menschen mit Keratokonus helfen, sowohl drinnen als auch drau\u00dfen aktiv zu sein und zu bleiben. Sehverlust ist nicht das einzige Symptom, das Menschen mit Keratokonus erleben. Auch gro\u00dfe Lichtempfindlichkeit oder Photophobie k\u00f6nnen Menschen mit dieser Hornhauterkrankung behindern. Die Empfindlichkeit gegen\u00fcber Sonnenlicht kann<a class=\"moretag\" href=\"https:\/\/www.keratoconuscentrumnederland.nl\/de\/keratokonus-filter\/\">&#8230;<\/a><\/p>\n","protected":false},"author":1,"featured_media":0,"parent":0,"menu_order":0,"comment_status":"closed","ping_status":"closed","template":"","meta":{"inline_featured_image":false,"_glsr_average":0,"_glsr_ranking":0,"_glsr_reviews":0,"footnotes":""},"class_list":["post-1238","page","type-page","status-publish","hentry"],"yoast_head":"<!-- This site is optimized with the Yoast SEO plugin v27.2 - https:\/\/yoast.com\/product\/yoast-seo-wordpress\/ -->\n<title>Keratokonus-Filter - Keratoconuscentrum Nederland<\/title>\n<meta name=\"description\" content=\"Keratokonus ist eine angeborene Augenkrankheit, die sich w\u00e4hrend der Pubert\u00e4t entwickelt. Wie erkennt man Keratokonus und wie ist die Erfahrung von Betroffenen?\" \/>\n<meta name=\"robots\" content=\"index, follow, max-snippet:-1, max-image-preview:large, max-video-preview:-1\" \/>\n<link rel=\"canonical\" href=\"https:\/\/www.keratoconuscentrumnederland.nl\/de\/keratokonus-filter\/\" \/>\n<meta property=\"og:locale\" content=\"de_DE\" \/>\n<meta property=\"og:type\" content=\"article\" \/>\n<meta property=\"og:title\" content=\"Keratokonus-Filter - Keratoconuscentrum Nederland\" \/>\n<meta property=\"og:description\" content=\"Keratokonus ist eine angeborene Augenkrankheit, die sich w\u00e4hrend der Pubert\u00e4t entwickelt. Wie erkennt man Keratokonus und wie ist die Erfahrung von Betroffenen?\" \/>\n<meta property=\"og:url\" content=\"https:\/\/www.keratoconuscentrumnederland.nl\/de\/keratokonus-filter\/\" \/>\n<meta property=\"og:site_name\" content=\"Keratoconuscentrum Nederland\" \/>\n<meta property=\"article:modified_time\" content=\"2025-12-10T12:06:42+00:00\" \/>\n<meta name=\"twitter:card\" content=\"summary_large_image\" \/>\n<meta name=\"twitter:label1\" content=\"Gesch\u00e4tzte Lesezeit\" \/>\n\t<meta name=\"twitter:data1\" content=\"2\u00a0Minuten\" \/>\n<script type=\"application\/ld+json\" class=\"yoast-schema-graph\">{\"@context\":\"https:\/\/schema.org\",\"@graph\":[{\"@type\":\"WebPage\",\"@id\":\"https:\/\/www.keratoconuscentrumnederland.nl\/de\/keratokonus-filter\/\",\"url\":\"https:\/\/www.keratoconuscentrumnederland.nl\/de\/keratokonus-filter\/\",\"name\":\"Keratokonus-Filter - Keratoconuscentrum Nederland\",\"isPartOf\":{\"@id\":\"https:\/\/www.keratoconuscentrumnederland.nl\/de\/#website\"},\"datePublished\":\"2022-01-14T08:43:43+00:00\",\"dateModified\":\"2025-12-10T12:06:42+00:00\",\"description\":\"Keratokonus ist eine angeborene Augenkrankheit, die sich w\u00e4hrend der Pubert\u00e4t entwickelt. Wie erkennt man Keratokonus und wie ist die Erfahrung von Betroffenen?\",\"breadcrumb\":{\"@id\":\"https:\/\/www.keratoconuscentrumnederland.nl\/de\/keratokonus-filter\/#breadcrumb\"},\"inLanguage\":\"de\",\"potentialAction\":[{\"@type\":\"ReadAction\",\"target\":[\"https:\/\/www.keratoconuscentrumnederland.nl\/de\/keratokonus-filter\/\"]}]},{\"@type\":\"BreadcrumbList\",\"@id\":\"https:\/\/www.keratoconuscentrumnederland.nl\/de\/keratokonus-filter\/#breadcrumb\",\"itemListElement\":[{\"@type\":\"ListItem\",\"position\":1,\"name\":\"Home\",\"item\":\"https:\/\/www.keratoconuscentrumnederland.nl\/de\/keratokonus-zentrum\/\"},{\"@type\":\"ListItem\",\"position\":2,\"name\":\"Keratokonus-Filter\"}]},{\"@type\":\"WebSite\",\"@id\":\"https:\/\/www.keratoconuscentrumnederland.nl\/de\/#website\",\"url\":\"https:\/\/www.keratoconuscentrumnederland.nl\/de\/\",\"name\":\"Keratoconuscentrum Nederland\",\"description\":\"\",\"publisher\":{\"@id\":\"https:\/\/www.keratoconuscentrumnederland.nl\/de\/#organization\"},\"potentialAction\":[{\"@type\":\"SearchAction\",\"target\":{\"@type\":\"EntryPoint\",\"urlTemplate\":\"https:\/\/www.keratoconuscentrumnederland.nl\/de\/?s={search_term_string}\"},\"query-input\":{\"@type\":\"PropertyValueSpecification\",\"valueRequired\":true,\"valueName\":\"search_term_string\"}}],\"inLanguage\":\"de\"},{\"@type\":\"Organization\",\"@id\":\"https:\/\/www.keratoconuscentrumnederland.nl\/de\/#organization\",\"name\":\"Keratoconuscentrum Nederland\",\"url\":\"https:\/\/www.keratoconuscentrumnederland.nl\/de\/\",\"logo\":{\"@type\":\"ImageObject\",\"inLanguage\":\"de\",\"@id\":\"https:\/\/www.keratoconuscentrumnederland.nl\/de\/#\/schema\/logo\/image\/\",\"url\":\"https:\/\/www.keratoconuscentrumnederland.nl\/wp-content\/uploads\/logo-keratocuscentrum-nederland.png\",\"contentUrl\":\"https:\/\/www.keratoconuscentrumnederland.nl\/wp-content\/uploads\/logo-keratocuscentrum-nederland.png\",\"width\":223,\"height\":97,\"caption\":\"Keratoconuscentrum Nederland\"},\"image\":{\"@id\":\"https:\/\/www.keratoconuscentrumnederland.nl\/de\/#\/schema\/logo\/image\/\"}}]}<\/script>\n<!-- \/ Yoast SEO plugin. -->","yoast_head_json":{"title":"Keratokonus-Filter - Keratoconuscentrum Nederland","description":"Keratokonus ist eine angeborene Augenkrankheit, die sich w\u00e4hrend der Pubert\u00e4t entwickelt. Wie erkennt man Keratokonus und wie ist die Erfahrung von Betroffenen?","robots":{"index":"index","follow":"follow","max-snippet":"max-snippet:-1","max-image-preview":"max-image-preview:large","max-video-preview":"max-video-preview:-1"},"canonical":"https:\/\/www.keratoconuscentrumnederland.nl\/de\/keratokonus-filter\/","og_locale":"de_DE","og_type":"article","og_title":"Keratokonus-Filter - Keratoconuscentrum Nederland","og_description":"Keratokonus ist eine angeborene Augenkrankheit, die sich w\u00e4hrend der Pubert\u00e4t entwickelt. Wie erkennt man Keratokonus und wie ist die Erfahrung von Betroffenen?","og_url":"https:\/\/www.keratoconuscentrumnederland.nl\/de\/keratokonus-filter\/","og_site_name":"Keratoconuscentrum Nederland","article_modified_time":"2025-12-10T12:06:42+00:00","twitter_card":"summary_large_image","twitter_misc":{"Gesch\u00e4tzte Lesezeit":"2\u00a0Minuten"},"schema":{"@context":"https:\/\/schema.org","@graph":[{"@type":"WebPage","@id":"https:\/\/www.keratoconuscentrumnederland.nl\/de\/keratokonus-filter\/","url":"https:\/\/www.keratoconuscentrumnederland.nl\/de\/keratokonus-filter\/","name":"Keratokonus-Filter - Keratoconuscentrum Nederland","isPartOf":{"@id":"https:\/\/www.keratoconuscentrumnederland.nl\/de\/#website"},"datePublished":"2022-01-14T08:43:43+00:00","dateModified":"2025-12-10T12:06:42+00:00","description":"Keratokonus ist eine angeborene Augenkrankheit, die sich w\u00e4hrend der Pubert\u00e4t entwickelt. Wie erkennt man Keratokonus und wie ist die Erfahrung von Betroffenen?","breadcrumb":{"@id":"https:\/\/www.keratoconuscentrumnederland.nl\/de\/keratokonus-filter\/#breadcrumb"},"inLanguage":"de","potentialAction":[{"@type":"ReadAction","target":["https:\/\/www.keratoconuscentrumnederland.nl\/de\/keratokonus-filter\/"]}]},{"@type":"BreadcrumbList","@id":"https:\/\/www.keratoconuscentrumnederland.nl\/de\/keratokonus-filter\/#breadcrumb","itemListElement":[{"@type":"ListItem","position":1,"name":"Home","item":"https:\/\/www.keratoconuscentrumnederland.nl\/de\/keratokonus-zentrum\/"},{"@type":"ListItem","position":2,"name":"Keratokonus-Filter"}]},{"@type":"WebSite","@id":"https:\/\/www.keratoconuscentrumnederland.nl\/de\/#website","url":"https:\/\/www.keratoconuscentrumnederland.nl\/de\/","name":"Keratoconuscentrum Nederland","description":"","publisher":{"@id":"https:\/\/www.keratoconuscentrumnederland.nl\/de\/#organization"},"potentialAction":[{"@type":"SearchAction","target":{"@type":"EntryPoint","urlTemplate":"https:\/\/www.keratoconuscentrumnederland.nl\/de\/?s={search_term_string}"},"query-input":{"@type":"PropertyValueSpecification","valueRequired":true,"valueName":"search_term_string"}}],"inLanguage":"de"},{"@type":"Organization","@id":"https:\/\/www.keratoconuscentrumnederland.nl\/de\/#organization","name":"Keratoconuscentrum Nederland","url":"https:\/\/www.keratoconuscentrumnederland.nl\/de\/","logo":{"@type":"ImageObject","inLanguage":"de","@id":"https:\/\/www.keratoconuscentrumnederland.nl\/de\/#\/schema\/logo\/image\/","url":"https:\/\/www.keratoconuscentrumnederland.nl\/wp-content\/uploads\/logo-keratocuscentrum-nederland.png","contentUrl":"https:\/\/www.keratoconuscentrumnederland.nl\/wp-content\/uploads\/logo-keratocuscentrum-nederland.png","width":223,"height":97,"caption":"Keratoconuscentrum Nederland"},"image":{"@id":"https:\/\/www.keratoconuscentrumnederland.nl\/de\/#\/schema\/logo\/image\/"}}]}},"_links":{"self":[{"href":"https:\/\/www.keratoconuscentrumnederland.nl\/de\/wp-json\/wp\/v2\/pages\/1238","targetHints":{"allow":["GET"]}}],"collection":[{"href":"https:\/\/www.keratoconuscentrumnederland.nl\/de\/wp-json\/wp\/v2\/pages"}],"about":[{"href":"https:\/\/www.keratoconuscentrumnederland.nl\/de\/wp-json\/wp\/v2\/types\/page"}],"author":[{"embeddable":true,"href":"https:\/\/www.keratoconuscentrumnederland.nl\/de\/wp-json\/wp\/v2\/users\/1"}],"replies":[{"embeddable":true,"href":"https:\/\/www.keratoconuscentrumnederland.nl\/de\/wp-json\/wp\/v2\/comments?post=1238"}],"version-history":[{"count":3,"href":"https:\/\/www.keratoconuscentrumnederland.nl\/de\/wp-json\/wp\/v2\/pages\/1238\/revisions"}],"predecessor-version":[{"id":6153,"href":"https:\/\/www.keratoconuscentrumnederland.nl\/de\/wp-json\/wp\/v2\/pages\/1238\/revisions\/6153"}],"wp:attachment":[{"href":"https:\/\/www.keratoconuscentrumnederland.nl\/de\/wp-json\/wp\/v2\/media?parent=1238"}],"curies":[{"name":"wp","href":"https:\/\/api.w.org\/{rel}","templated":true}]}}