{"id":1251,"date":"2022-01-14T09:28:09","date_gmt":"2022-01-14T08:28:09","guid":{"rendered":"https:\/\/www.keratoconuscentrumnederland.nl\/sehen-sie-halos-kreise-um-lichtpunkte-herum\/"},"modified":"2025-12-10T13:07:55","modified_gmt":"2025-12-10T12:07:55","slug":"sehen-sie-halos-kreise-um-lichtpunkte-herum","status":"publish","type":"page","link":"https:\/\/www.keratoconuscentrumnederland.nl\/de\/sehen-sie-halos-kreise-um-lichtpunkte-herum\/","title":{"rendered":"Sehen Sie Halos (Kreise) um Lichtpunkte herum"},"content":{"rendered":"<p>[vc_row][vc_column][vc_column_text]<\/p>\n<h2>Kreise um Lichtpunkte sehen<\/h2>\n<p>Charakteristisch f\u00fcr Menschen mit Keratokonus ist, dass sie sich damit auseinandersetzen m\u00fcssen, Lichth\u00f6fe zu sehen. Lichth\u00f6fe sind Lichtkreise, die um eine Lichtquelle herum zu sehen sind, z. B. Autoscheinwerfer, insbesondere in d\u00e4mmrigen oder dunklen Umgebungen. Eine Lichtquelle kann auch sternf\u00f6rmig durch den Keratokonus strahlen. Dies wird auch als Starburst bezeichnet. Diese Lichtverzerrungen beeintr\u00e4chtigen das Sehverm\u00f6gen.<\/p>\n<h2>Was verursacht Halos auf dem Auge?<\/h2>\n<p>Licht ist entscheidend f\u00fcr das Sehen. Wir k\u00f6nnen Dinge sehen, weil Licht von ihnen reflektiert wird und ein Bild auf der Netzhaut erzeugt. Zu viel Licht kann auch dazu f\u00fchren, dass wir Dinge nicht sehen k\u00f6nnen. Was wir dann beobachten, ist, dass Halos und\/oder Starbursts das Bild, das wir sehen wollen, \u00fcberbelichten. Beide Symptome treten auf, wenn die in das Auge einfallende Lichtmenge die F\u00e4higkeit des Auges \u00fcbersteigt, seine Umgebung zu sehen. Warum Menschen mit Keratokonus so lichtempfindlich sind, ist noch nicht vollst\u00e4ndig gekl\u00e4rt.<\/p>\n<h2>Photophobie durch Streulicht (Blendung)<\/h2>\n<p>W\u00e4hrend Halos und Starbursts haupts\u00e4chlich in der N\u00e4he von Lichtquellen im Dunkeln auftreten, verursacht Streulicht tags\u00fcber haupts\u00e4chlich Blendung. Insbesondere der Wechsel von Schatten und Sonnenlicht kann die gute Sicht beeintr\u00e4chtigen.<\/p>\n<h2>Weitere Informationen unter Keratokonus Zentrum Niederlande<\/h2>\n<p>Sehen Sie im Dunkeln oft Halos und\/oder Starbursts um Lichtpunkte, oder kneifen Sie auch die Augen zusammen, wenn (viel) Licht in Ihre Augen scheint? Bitte wenden Sie sich an das Keratokonus-Zentrum in den Niederlanden. Dort finden Sie weitere Informationen zum Thema Keratokonus. Keratokonuslinsen, kontrastverst\u00e4rkende Sklerallinsen mit Wellenfrontkorrektur oder weiche Keratokonus-Kontaktlinsen mit Conepower-Technologie k\u00f6nnen die Symptome beheben oder reduzieren.<\/p>\n<p>[\/vc_column_text][\/vc_column][\/vc_row]<\/p>\n","protected":false},"excerpt":{"rendered":"<p>[vc_row][vc_column][vc_column_text] Kreise um Lichtpunkte sehen Charakteristisch f\u00fcr Menschen mit Keratokonus ist, dass sie sich damit auseinandersetzen m\u00fcssen, Lichth\u00f6fe zu sehen. Lichth\u00f6fe sind Lichtkreise, die um eine Lichtquelle herum zu sehen sind, z. B. Autoscheinwerfer, insbesondere in d\u00e4mmrigen oder dunklen Umgebungen. Eine Lichtquelle kann auch sternf\u00f6rmig durch den Keratokonus strahlen. Dies<a class=\"moretag\" href=\"https:\/\/www.keratoconuscentrumnederland.nl\/de\/sehen-sie-halos-kreise-um-lichtpunkte-herum\/\">&#8230;<\/a><\/p>\n","protected":false},"author":1,"featured_media":0,"parent":0,"menu_order":0,"comment_status":"closed","ping_status":"closed","template":"","meta":{"inline_featured_image":false,"_glsr_average":0,"_glsr_ranking":0,"_glsr_reviews":0,"footnotes":""},"class_list":["post-1251","page","type-page","status-publish","hentry"],"yoast_head":"<!-- This site is optimized with the Yoast SEO plugin v27.2 - https:\/\/yoast.com\/product\/yoast-seo-wordpress\/ -->\n<title>Sehen Sie Halos (Kreise) um Lichtpunkte herum - Keratoconuscentrum Nederland<\/title>\n<meta name=\"description\" content=\"Sehen Sie im Dunkeln Lichth\u00f6fe um Lichtpunkte? Oder leiden Sie auf andere Weise an Lichtempfindlichkeit durch Keratokonus? Klicken Sie hier f\u00fcr L\u00f6sungen.\" \/>\n<meta name=\"robots\" content=\"index, follow, max-snippet:-1, max-image-preview:large, max-video-preview:-1\" \/>\n<link rel=\"canonical\" href=\"https:\/\/www.keratoconuscentrumnederland.nl\/de\/sehen-sie-halos-kreise-um-lichtpunkte-herum\/\" \/>\n<meta property=\"og:locale\" content=\"de_DE\" \/>\n<meta property=\"og:type\" content=\"article\" \/>\n<meta property=\"og:title\" content=\"Sehen Sie Halos (Kreise) um Lichtpunkte herum - Keratoconuscentrum Nederland\" \/>\n<meta property=\"og:description\" content=\"Sehen Sie im Dunkeln Lichth\u00f6fe um Lichtpunkte? Oder leiden Sie auf andere Weise an Lichtempfindlichkeit durch Keratokonus? Klicken Sie hier f\u00fcr L\u00f6sungen.\" \/>\n<meta property=\"og:url\" content=\"https:\/\/www.keratoconuscentrumnederland.nl\/de\/sehen-sie-halos-kreise-um-lichtpunkte-herum\/\" \/>\n<meta property=\"og:site_name\" content=\"Keratoconuscentrum Nederland\" \/>\n<meta property=\"article:modified_time\" content=\"2025-12-10T12:07:55+00:00\" \/>\n<meta name=\"twitter:card\" content=\"summary_large_image\" \/>\n<meta name=\"twitter:label1\" content=\"Gesch\u00e4tzte Lesezeit\" \/>\n\t<meta name=\"twitter:data1\" content=\"1\u00a0Minute\" \/>\n<script type=\"application\/ld+json\" class=\"yoast-schema-graph\">{\"@context\":\"https:\/\/schema.org\",\"@graph\":[{\"@type\":\"WebPage\",\"@id\":\"https:\/\/www.keratoconuscentrumnederland.nl\/de\/sehen-sie-halos-kreise-um-lichtpunkte-herum\/\",\"url\":\"https:\/\/www.keratoconuscentrumnederland.nl\/de\/sehen-sie-halos-kreise-um-lichtpunkte-herum\/\",\"name\":\"Sehen Sie Halos (Kreise) um Lichtpunkte herum - Keratoconuscentrum Nederland\",\"isPartOf\":{\"@id\":\"https:\/\/www.keratoconuscentrumnederland.nl\/de\/#website\"},\"datePublished\":\"2022-01-14T08:28:09+00:00\",\"dateModified\":\"2025-12-10T12:07:55+00:00\",\"description\":\"Sehen Sie im Dunkeln Lichth\u00f6fe um Lichtpunkte? Oder leiden Sie auf andere Weise an Lichtempfindlichkeit durch Keratokonus? Klicken Sie hier f\u00fcr L\u00f6sungen.\",\"breadcrumb\":{\"@id\":\"https:\/\/www.keratoconuscentrumnederland.nl\/de\/sehen-sie-halos-kreise-um-lichtpunkte-herum\/#breadcrumb\"},\"inLanguage\":\"de\",\"potentialAction\":[{\"@type\":\"ReadAction\",\"target\":[\"https:\/\/www.keratoconuscentrumnederland.nl\/de\/sehen-sie-halos-kreise-um-lichtpunkte-herum\/\"]}]},{\"@type\":\"BreadcrumbList\",\"@id\":\"https:\/\/www.keratoconuscentrumnederland.nl\/de\/sehen-sie-halos-kreise-um-lichtpunkte-herum\/#breadcrumb\",\"itemListElement\":[{\"@type\":\"ListItem\",\"position\":1,\"name\":\"Home\",\"item\":\"https:\/\/www.keratoconuscentrumnederland.nl\/de\/keratokonus-zentrum\/\"},{\"@type\":\"ListItem\",\"position\":2,\"name\":\"Sehen Sie Halos (Kreise) um Lichtpunkte herum\"}]},{\"@type\":\"WebSite\",\"@id\":\"https:\/\/www.keratoconuscentrumnederland.nl\/de\/#website\",\"url\":\"https:\/\/www.keratoconuscentrumnederland.nl\/de\/\",\"name\":\"Keratoconuscentrum Nederland\",\"description\":\"\",\"publisher\":{\"@id\":\"https:\/\/www.keratoconuscentrumnederland.nl\/de\/#organization\"},\"potentialAction\":[{\"@type\":\"SearchAction\",\"target\":{\"@type\":\"EntryPoint\",\"urlTemplate\":\"https:\/\/www.keratoconuscentrumnederland.nl\/de\/?s={search_term_string}\"},\"query-input\":{\"@type\":\"PropertyValueSpecification\",\"valueRequired\":true,\"valueName\":\"search_term_string\"}}],\"inLanguage\":\"de\"},{\"@type\":\"Organization\",\"@id\":\"https:\/\/www.keratoconuscentrumnederland.nl\/de\/#organization\",\"name\":\"Keratoconuscentrum Nederland\",\"url\":\"https:\/\/www.keratoconuscentrumnederland.nl\/de\/\",\"logo\":{\"@type\":\"ImageObject\",\"inLanguage\":\"de\",\"@id\":\"https:\/\/www.keratoconuscentrumnederland.nl\/de\/#\/schema\/logo\/image\/\",\"url\":\"https:\/\/www.keratoconuscentrumnederland.nl\/wp-content\/uploads\/logo-keratocuscentrum-nederland.png\",\"contentUrl\":\"https:\/\/www.keratoconuscentrumnederland.nl\/wp-content\/uploads\/logo-keratocuscentrum-nederland.png\",\"width\":223,\"height\":97,\"caption\":\"Keratoconuscentrum Nederland\"},\"image\":{\"@id\":\"https:\/\/www.keratoconuscentrumnederland.nl\/de\/#\/schema\/logo\/image\/\"}}]}<\/script>\n<!-- \/ Yoast SEO plugin. -->","yoast_head_json":{"title":"Sehen Sie Halos (Kreise) um Lichtpunkte herum - Keratoconuscentrum Nederland","description":"Sehen Sie im Dunkeln Lichth\u00f6fe um Lichtpunkte? Oder leiden Sie auf andere Weise an Lichtempfindlichkeit durch Keratokonus? Klicken Sie hier f\u00fcr L\u00f6sungen.","robots":{"index":"index","follow":"follow","max-snippet":"max-snippet:-1","max-image-preview":"max-image-preview:large","max-video-preview":"max-video-preview:-1"},"canonical":"https:\/\/www.keratoconuscentrumnederland.nl\/de\/sehen-sie-halos-kreise-um-lichtpunkte-herum\/","og_locale":"de_DE","og_type":"article","og_title":"Sehen Sie Halos (Kreise) um Lichtpunkte herum - Keratoconuscentrum Nederland","og_description":"Sehen Sie im Dunkeln Lichth\u00f6fe um Lichtpunkte? Oder leiden Sie auf andere Weise an Lichtempfindlichkeit durch Keratokonus? Klicken Sie hier f\u00fcr L\u00f6sungen.","og_url":"https:\/\/www.keratoconuscentrumnederland.nl\/de\/sehen-sie-halos-kreise-um-lichtpunkte-herum\/","og_site_name":"Keratoconuscentrum Nederland","article_modified_time":"2025-12-10T12:07:55+00:00","twitter_card":"summary_large_image","twitter_misc":{"Gesch\u00e4tzte Lesezeit":"1\u00a0Minute"},"schema":{"@context":"https:\/\/schema.org","@graph":[{"@type":"WebPage","@id":"https:\/\/www.keratoconuscentrumnederland.nl\/de\/sehen-sie-halos-kreise-um-lichtpunkte-herum\/","url":"https:\/\/www.keratoconuscentrumnederland.nl\/de\/sehen-sie-halos-kreise-um-lichtpunkte-herum\/","name":"Sehen Sie Halos (Kreise) um Lichtpunkte herum - Keratoconuscentrum Nederland","isPartOf":{"@id":"https:\/\/www.keratoconuscentrumnederland.nl\/de\/#website"},"datePublished":"2022-01-14T08:28:09+00:00","dateModified":"2025-12-10T12:07:55+00:00","description":"Sehen Sie im Dunkeln Lichth\u00f6fe um Lichtpunkte? Oder leiden Sie auf andere Weise an Lichtempfindlichkeit durch Keratokonus? Klicken Sie hier f\u00fcr L\u00f6sungen.","breadcrumb":{"@id":"https:\/\/www.keratoconuscentrumnederland.nl\/de\/sehen-sie-halos-kreise-um-lichtpunkte-herum\/#breadcrumb"},"inLanguage":"de","potentialAction":[{"@type":"ReadAction","target":["https:\/\/www.keratoconuscentrumnederland.nl\/de\/sehen-sie-halos-kreise-um-lichtpunkte-herum\/"]}]},{"@type":"BreadcrumbList","@id":"https:\/\/www.keratoconuscentrumnederland.nl\/de\/sehen-sie-halos-kreise-um-lichtpunkte-herum\/#breadcrumb","itemListElement":[{"@type":"ListItem","position":1,"name":"Home","item":"https:\/\/www.keratoconuscentrumnederland.nl\/de\/keratokonus-zentrum\/"},{"@type":"ListItem","position":2,"name":"Sehen Sie Halos (Kreise) um Lichtpunkte herum"}]},{"@type":"WebSite","@id":"https:\/\/www.keratoconuscentrumnederland.nl\/de\/#website","url":"https:\/\/www.keratoconuscentrumnederland.nl\/de\/","name":"Keratoconuscentrum Nederland","description":"","publisher":{"@id":"https:\/\/www.keratoconuscentrumnederland.nl\/de\/#organization"},"potentialAction":[{"@type":"SearchAction","target":{"@type":"EntryPoint","urlTemplate":"https:\/\/www.keratoconuscentrumnederland.nl\/de\/?s={search_term_string}"},"query-input":{"@type":"PropertyValueSpecification","valueRequired":true,"valueName":"search_term_string"}}],"inLanguage":"de"},{"@type":"Organization","@id":"https:\/\/www.keratoconuscentrumnederland.nl\/de\/#organization","name":"Keratoconuscentrum Nederland","url":"https:\/\/www.keratoconuscentrumnederland.nl\/de\/","logo":{"@type":"ImageObject","inLanguage":"de","@id":"https:\/\/www.keratoconuscentrumnederland.nl\/de\/#\/schema\/logo\/image\/","url":"https:\/\/www.keratoconuscentrumnederland.nl\/wp-content\/uploads\/logo-keratocuscentrum-nederland.png","contentUrl":"https:\/\/www.keratoconuscentrumnederland.nl\/wp-content\/uploads\/logo-keratocuscentrum-nederland.png","width":223,"height":97,"caption":"Keratoconuscentrum Nederland"},"image":{"@id":"https:\/\/www.keratoconuscentrumnederland.nl\/de\/#\/schema\/logo\/image\/"}}]}},"_links":{"self":[{"href":"https:\/\/www.keratoconuscentrumnederland.nl\/de\/wp-json\/wp\/v2\/pages\/1251","targetHints":{"allow":["GET"]}}],"collection":[{"href":"https:\/\/www.keratoconuscentrumnederland.nl\/de\/wp-json\/wp\/v2\/pages"}],"about":[{"href":"https:\/\/www.keratoconuscentrumnederland.nl\/de\/wp-json\/wp\/v2\/types\/page"}],"author":[{"embeddable":true,"href":"https:\/\/www.keratoconuscentrumnederland.nl\/de\/wp-json\/wp\/v2\/users\/1"}],"replies":[{"embeddable":true,"href":"https:\/\/www.keratoconuscentrumnederland.nl\/de\/wp-json\/wp\/v2\/comments?post=1251"}],"version-history":[{"count":3,"href":"https:\/\/www.keratoconuscentrumnederland.nl\/de\/wp-json\/wp\/v2\/pages\/1251\/revisions"}],"predecessor-version":[{"id":6188,"href":"https:\/\/www.keratoconuscentrumnederland.nl\/de\/wp-json\/wp\/v2\/pages\/1251\/revisions\/6188"}],"wp:attachment":[{"href":"https:\/\/www.keratoconuscentrumnederland.nl\/de\/wp-json\/wp\/v2\/media?parent=1251"}],"curies":[{"name":"wp","href":"https:\/\/api.w.org\/{rel}","templated":true}]}}