{"id":1290,"date":"2022-01-13T11:55:58","date_gmt":"2022-01-13T10:55:58","guid":{"rendered":"https:\/\/www.keratoconuscentrumnederland.nl\/kontrastmessung\/"},"modified":"2022-04-15T12:02:10","modified_gmt":"2022-04-15T10:02:10","slug":"kontrastmessung","status":"publish","type":"page","link":"https:\/\/www.keratoconuscentrumnederland.nl\/de\/kontrastmessung\/","title":{"rendered":"Kontrastmessung"},"content":{"rendered":"<p>[vc_row][vc_column][vc_column_text]<\/p>\n<h2>Was ist eine Kontrastmessung?<\/h2>\n<p>Normalerweise wird das Sehverm\u00f6gen mit einem Sehtest \u00fcberpr\u00fcft. Je kleiner Sie die Buchstaben lesen k\u00f6nnen, desto besser ist die Punktzahl. Bei diesem Test erreichen Sie oft 100 %, auch bei Keratokonus.<\/p>\n<p>Bei einem Kontrasttest werden die Buchstaben nicht kleiner, sondern zunehmend grauer. Wenn Sie Keratokonus haben, wird der Score niemals 100 % erreichen. Dieser Test liefert eine viel feinere Darstellung Ihrer Sehleistung, korrigiert oder unkorrigiert. Anhand der Testergebnisse k\u00f6nnen Sie auch feststellen, wie Ihr Sehverm\u00f6gen bei ung\u00fcnstigeren Lichtverh\u00e4ltnissen ist. Das Keratokonus-Zentrum in den Niederlanden verwendet einen automatisierten Kontrasttest, der Objektivit\u00e4t garantiert.<\/p>\n<p>Die Messung der Kontrastempfindlichkeit ist nur dann sinnvoll, wenn Sie diese durch eine Korrektur verbessern k\u00f6nnen. Keratokonus-Brillen und Kontaktlinsen mit Conepower-Technologie sind nur im Keratokonus-Zentrum in den Niederlanden erh\u00e4ltlich.<\/p>\n<p>Verbesserungen, die durch Keratokonusbrillen und\/oder Kontaktlinsen mit Conepower-Technologie erreicht werden, k\u00f6nnen sehr genau durch Messung der Kontrastempfindlichkeit bestimmt werden.[\/vc_column_text][\/vc_column][\/vc_row]<\/p>\n","protected":false},"excerpt":{"rendered":"<p>[vc_row][vc_column][vc_column_text] Was ist eine Kontrastmessung? Normalerweise wird das Sehverm\u00f6gen mit einem Sehtest \u00fcberpr\u00fcft. Je kleiner Sie die Buchstaben lesen k\u00f6nnen, desto besser ist die Punktzahl. Bei diesem Test erreichen Sie oft 100 %, auch bei Keratokonus. Bei einem Kontrasttest werden die Buchstaben nicht kleiner, sondern zunehmend grauer. Wenn Sie Keratokonus<a class=\"moretag\" href=\"https:\/\/www.keratoconuscentrumnederland.nl\/de\/kontrastmessung\/\">&#8230;<\/a><\/p>\n","protected":false},"author":1,"featured_media":0,"parent":0,"menu_order":0,"comment_status":"closed","ping_status":"closed","template":"","meta":{"inline_featured_image":false,"_glsr_average":0,"_glsr_ranking":0,"_glsr_reviews":0,"footnotes":""},"class_list":["post-1290","page","type-page","status-publish","hentry"],"yoast_head":"<!-- This site is optimized with the Yoast SEO plugin v27.2 - https:\/\/yoast.com\/product\/yoast-seo-wordpress\/ -->\n<title>Kontrastmessung - Keratoconuscentrum Nederland<\/title>\n<meta name=\"robots\" content=\"index, follow, max-snippet:-1, max-image-preview:large, max-video-preview:-1\" \/>\n<link rel=\"canonical\" href=\"https:\/\/www.keratoconuscentrumnederland.nl\/de\/kontrastmessung\/\" \/>\n<meta property=\"og:locale\" content=\"de_DE\" \/>\n<meta property=\"og:type\" content=\"article\" \/>\n<meta property=\"og:title\" content=\"Kontrastmessung - Keratoconuscentrum Nederland\" \/>\n<meta property=\"og:description\" content=\"[vc_row][vc_column][vc_column_text] Was ist eine Kontrastmessung? Normalerweise wird das Sehverm\u00f6gen mit einem Sehtest \u00fcberpr\u00fcft. Je kleiner Sie die Buchstaben lesen k\u00f6nnen, desto besser ist die Punktzahl. Bei diesem Test erreichen Sie oft 100 %, auch bei Keratokonus. Bei einem Kontrasttest werden die Buchstaben nicht kleiner, sondern zunehmend grauer. Wenn Sie Keratokonus...\" \/>\n<meta property=\"og:url\" content=\"https:\/\/www.keratoconuscentrumnederland.nl\/de\/kontrastmessung\/\" \/>\n<meta property=\"og:site_name\" content=\"Keratoconuscentrum Nederland\" \/>\n<meta property=\"article:modified_time\" content=\"2022-04-15T10:02:10+00:00\" \/>\n<meta name=\"twitter:card\" content=\"summary_large_image\" \/>\n<meta name=\"twitter:label1\" content=\"Gesch\u00e4tzte Lesezeit\" \/>\n\t<meta name=\"twitter:data1\" content=\"1\u00a0Minute\" \/>\n<script type=\"application\/ld+json\" class=\"yoast-schema-graph\">{\"@context\":\"https:\/\/schema.org\",\"@graph\":[{\"@type\":\"WebPage\",\"@id\":\"https:\/\/www.keratoconuscentrumnederland.nl\/de\/kontrastmessung\/\",\"url\":\"https:\/\/www.keratoconuscentrumnederland.nl\/de\/kontrastmessung\/\",\"name\":\"Kontrastmessung - Keratoconuscentrum Nederland\",\"isPartOf\":{\"@id\":\"https:\/\/www.keratoconuscentrumnederland.nl\/de\/#website\"},\"datePublished\":\"2022-01-13T10:55:58+00:00\",\"dateModified\":\"2022-04-15T10:02:10+00:00\",\"breadcrumb\":{\"@id\":\"https:\/\/www.keratoconuscentrumnederland.nl\/de\/kontrastmessung\/#breadcrumb\"},\"inLanguage\":\"de\",\"potentialAction\":[{\"@type\":\"ReadAction\",\"target\":[\"https:\/\/www.keratoconuscentrumnederland.nl\/de\/kontrastmessung\/\"]}]},{\"@type\":\"BreadcrumbList\",\"@id\":\"https:\/\/www.keratoconuscentrumnederland.nl\/de\/kontrastmessung\/#breadcrumb\",\"itemListElement\":[{\"@type\":\"ListItem\",\"position\":1,\"name\":\"Home\",\"item\":\"https:\/\/www.keratoconuscentrumnederland.nl\/de\/keratokonus-zentrum\/\"},{\"@type\":\"ListItem\",\"position\":2,\"name\":\"Kontrastmessung\"}]},{\"@type\":\"WebSite\",\"@id\":\"https:\/\/www.keratoconuscentrumnederland.nl\/de\/#website\",\"url\":\"https:\/\/www.keratoconuscentrumnederland.nl\/de\/\",\"name\":\"Keratoconuscentrum Nederland\",\"description\":\"\",\"publisher\":{\"@id\":\"https:\/\/www.keratoconuscentrumnederland.nl\/de\/#organization\"},\"potentialAction\":[{\"@type\":\"SearchAction\",\"target\":{\"@type\":\"EntryPoint\",\"urlTemplate\":\"https:\/\/www.keratoconuscentrumnederland.nl\/de\/?s={search_term_string}\"},\"query-input\":{\"@type\":\"PropertyValueSpecification\",\"valueRequired\":true,\"valueName\":\"search_term_string\"}}],\"inLanguage\":\"de\"},{\"@type\":\"Organization\",\"@id\":\"https:\/\/www.keratoconuscentrumnederland.nl\/de\/#organization\",\"name\":\"Keratoconuscentrum Nederland\",\"url\":\"https:\/\/www.keratoconuscentrumnederland.nl\/de\/\",\"logo\":{\"@type\":\"ImageObject\",\"inLanguage\":\"de\",\"@id\":\"https:\/\/www.keratoconuscentrumnederland.nl\/de\/#\/schema\/logo\/image\/\",\"url\":\"https:\/\/www.keratoconuscentrumnederland.nl\/wp-content\/uploads\/logo-keratocuscentrum-nederland.png\",\"contentUrl\":\"https:\/\/www.keratoconuscentrumnederland.nl\/wp-content\/uploads\/logo-keratocuscentrum-nederland.png\",\"width\":223,\"height\":97,\"caption\":\"Keratoconuscentrum Nederland\"},\"image\":{\"@id\":\"https:\/\/www.keratoconuscentrumnederland.nl\/de\/#\/schema\/logo\/image\/\"}}]}<\/script>\n<!-- \/ Yoast SEO plugin. -->","yoast_head_json":{"title":"Kontrastmessung - Keratoconuscentrum Nederland","robots":{"index":"index","follow":"follow","max-snippet":"max-snippet:-1","max-image-preview":"max-image-preview:large","max-video-preview":"max-video-preview:-1"},"canonical":"https:\/\/www.keratoconuscentrumnederland.nl\/de\/kontrastmessung\/","og_locale":"de_DE","og_type":"article","og_title":"Kontrastmessung - Keratoconuscentrum Nederland","og_description":"[vc_row][vc_column][vc_column_text] Was ist eine Kontrastmessung? Normalerweise wird das Sehverm\u00f6gen mit einem Sehtest \u00fcberpr\u00fcft. Je kleiner Sie die Buchstaben lesen k\u00f6nnen, desto besser ist die Punktzahl. Bei diesem Test erreichen Sie oft 100 %, auch bei Keratokonus. Bei einem Kontrasttest werden die Buchstaben nicht kleiner, sondern zunehmend grauer. Wenn Sie Keratokonus...","og_url":"https:\/\/www.keratoconuscentrumnederland.nl\/de\/kontrastmessung\/","og_site_name":"Keratoconuscentrum Nederland","article_modified_time":"2022-04-15T10:02:10+00:00","twitter_card":"summary_large_image","twitter_misc":{"Gesch\u00e4tzte Lesezeit":"1\u00a0Minute"},"schema":{"@context":"https:\/\/schema.org","@graph":[{"@type":"WebPage","@id":"https:\/\/www.keratoconuscentrumnederland.nl\/de\/kontrastmessung\/","url":"https:\/\/www.keratoconuscentrumnederland.nl\/de\/kontrastmessung\/","name":"Kontrastmessung - Keratoconuscentrum Nederland","isPartOf":{"@id":"https:\/\/www.keratoconuscentrumnederland.nl\/de\/#website"},"datePublished":"2022-01-13T10:55:58+00:00","dateModified":"2022-04-15T10:02:10+00:00","breadcrumb":{"@id":"https:\/\/www.keratoconuscentrumnederland.nl\/de\/kontrastmessung\/#breadcrumb"},"inLanguage":"de","potentialAction":[{"@type":"ReadAction","target":["https:\/\/www.keratoconuscentrumnederland.nl\/de\/kontrastmessung\/"]}]},{"@type":"BreadcrumbList","@id":"https:\/\/www.keratoconuscentrumnederland.nl\/de\/kontrastmessung\/#breadcrumb","itemListElement":[{"@type":"ListItem","position":1,"name":"Home","item":"https:\/\/www.keratoconuscentrumnederland.nl\/de\/keratokonus-zentrum\/"},{"@type":"ListItem","position":2,"name":"Kontrastmessung"}]},{"@type":"WebSite","@id":"https:\/\/www.keratoconuscentrumnederland.nl\/de\/#website","url":"https:\/\/www.keratoconuscentrumnederland.nl\/de\/","name":"Keratoconuscentrum Nederland","description":"","publisher":{"@id":"https:\/\/www.keratoconuscentrumnederland.nl\/de\/#organization"},"potentialAction":[{"@type":"SearchAction","target":{"@type":"EntryPoint","urlTemplate":"https:\/\/www.keratoconuscentrumnederland.nl\/de\/?s={search_term_string}"},"query-input":{"@type":"PropertyValueSpecification","valueRequired":true,"valueName":"search_term_string"}}],"inLanguage":"de"},{"@type":"Organization","@id":"https:\/\/www.keratoconuscentrumnederland.nl\/de\/#organization","name":"Keratoconuscentrum Nederland","url":"https:\/\/www.keratoconuscentrumnederland.nl\/de\/","logo":{"@type":"ImageObject","inLanguage":"de","@id":"https:\/\/www.keratoconuscentrumnederland.nl\/de\/#\/schema\/logo\/image\/","url":"https:\/\/www.keratoconuscentrumnederland.nl\/wp-content\/uploads\/logo-keratocuscentrum-nederland.png","contentUrl":"https:\/\/www.keratoconuscentrumnederland.nl\/wp-content\/uploads\/logo-keratocuscentrum-nederland.png","width":223,"height":97,"caption":"Keratoconuscentrum Nederland"},"image":{"@id":"https:\/\/www.keratoconuscentrumnederland.nl\/de\/#\/schema\/logo\/image\/"}}]}},"_links":{"self":[{"href":"https:\/\/www.keratoconuscentrumnederland.nl\/de\/wp-json\/wp\/v2\/pages\/1290","targetHints":{"allow":["GET"]}}],"collection":[{"href":"https:\/\/www.keratoconuscentrumnederland.nl\/de\/wp-json\/wp\/v2\/pages"}],"about":[{"href":"https:\/\/www.keratoconuscentrumnederland.nl\/de\/wp-json\/wp\/v2\/types\/page"}],"author":[{"embeddable":true,"href":"https:\/\/www.keratoconuscentrumnederland.nl\/de\/wp-json\/wp\/v2\/users\/1"}],"replies":[{"embeddable":true,"href":"https:\/\/www.keratoconuscentrumnederland.nl\/de\/wp-json\/wp\/v2\/comments?post=1290"}],"version-history":[{"count":1,"href":"https:\/\/www.keratoconuscentrumnederland.nl\/de\/wp-json\/wp\/v2\/pages\/1290\/revisions"}],"predecessor-version":[{"id":1295,"href":"https:\/\/www.keratoconuscentrumnederland.nl\/de\/wp-json\/wp\/v2\/pages\/1290\/revisions\/1295"}],"wp:attachment":[{"href":"https:\/\/www.keratoconuscentrumnederland.nl\/de\/wp-json\/wp\/v2\/media?parent=1290"}],"curies":[{"name":"wp","href":"https:\/\/api.w.org\/{rel}","templated":true}]}}