{"id":1318,"date":"2019-06-20T13:26:57","date_gmt":"2019-06-20T11:26:57","guid":{"rendered":"https:\/\/www.keratoconuscentrumnederland.nl\/datenschutzerklaerung\/"},"modified":"2025-12-10T13:09:19","modified_gmt":"2025-12-10T12:09:19","slug":"datenschutzerklaerung","status":"publish","type":"page","link":"https:\/\/www.keratoconuscentrumnederland.nl\/de\/datenschutzerklaerung\/","title":{"rendered":"Datenschutzerkl\u00e4rung"},"content":{"rendered":"<p>[vc_row][vc_column][vc_column_text]<\/p>\n<h2>Personenbezogene Daten, die wir verarbeiten<\/h2>\n<p>Wir verarbeiten Ihre personenbezogenen Daten, weil Sie unsere Dienste nutzen und\/oder weil Sie uns diese Daten selbst zur Verf\u00fcgung stellen. Nachfolgend finden Sie eine \u00dcbersicht \u00fcber die von uns verarbeiteten personenbezogenen Daten:<\/p>\n<p>&#8211; Vor- und Nachname<br \/>\n&#8211; Adressdaten<br \/>\n&#8211; Telefonnummer<br \/>\n&#8211; E-Mail-Adresse<br \/>\n&#8211; BSN-Nummer<\/p>\n<h2>Besondere und\/oder sensible personenbezogene Daten, die wir verarbeiten<\/h2>\n<p>Unsere Website und\/oder unser Dienst beabsichtigen nicht, Daten \u00fcber Website-Besucher zu sammeln, die j\u00fcnger als 16 Jahre sind. Es sei denn, sie haben die Erlaubnis der Eltern oder Erziehungsberechtigten. Wir k\u00f6nnen jedoch nicht \u00fcberpr\u00fcfen, ob ein Besucher \u00e4lter als 16 Jahre ist. Wir raten Eltern daher, sich an den Online-Aktivit\u00e4ten ihrer Kinder zu beteiligen, um zu verhindern, dass Daten \u00fcber Kinder ohne Zustimmung der Eltern gesammelt werden. Wenn Sie davon \u00fcberzeugt sind, dass wir ohne diese Erlaubnis personenbezogene Daten \u00fcber einen Minderj\u00e4hrigen gesammelt haben, kontaktieren Sie uns bitte und wir werden diese Daten l\u00f6schen.<\/p>\n<h2>Zu welchem Zweck und auf welcher Grundlage verarbeiten wir personenbezogene Daten<\/h2>\n<p>Wir verarbeiten Ihre personenbezogenen Daten zu folgenden Zwecken:<\/p>\n<p>&#8211; Sie anzurufen oder per E-Mail zu kontaktieren, wenn dies zur Erbringung unserer Dienstleistungen erforderlich ist<br \/>\n&#8211; Sie \u00fcber \u00c4nderungen unserer Dienstleistungen und Produkte zu informieren<\/p>\n<h2>Automatisierte Entscheidungsfindung<\/h2>\n<p>Wir treffen keine Entscheidungen auf der Grundlage einer automatisierten Verarbeitung in Angelegenheiten, die (erhebliche) Folgen f\u00fcr Personen haben k\u00f6nnen. Dies betrifft Entscheidungen, die von Computerprogrammen oder -systemen getroffen werden, ohne dass eine Person (z. B. ein Mitarbeiter) beteiligt ist.<\/p>\n<h2>Wie lange wir personenbezogene Daten aufbewahren<\/h2>\n<p>Wir bewahren Ihre personenbezogenen Daten nicht l\u00e4nger auf, als es unbedingt notwendig ist, um die Zwecke zu erf\u00fcllen, f\u00fcr die Ihre Daten erhoben wurden. Wir bewahren pers\u00f6nliche Daten und Forschungsdaten f\u00fcr einen Zeitraum von 20 Jahren auf. Hierf\u00fcr verwenden wir die gesetzliche Frist f\u00fcr die Aufbewahrung medizinischer Daten.  <\/p>\n<h2>Weitergabe personenbezogener Daten an Dritte<\/h2>\n<p>Wir verkaufen Ihre Daten nicht an Dritte und geben sie nur weiter, wenn dies f\u00fcr die Durchf\u00fchrung unserer Vereinbarung mit Ihnen oder zur Erf\u00fcllung einer gesetzlichen Verpflichtung erforderlich ist. Wir schlie\u00dfen mit Unternehmen, die Ihre Daten in unserem Auftrag verarbeiten, einen Verarbeitungsvertrag ab, um das gleiche Ma\u00df an Sicherheit und Vertraulichkeit Ihrer Daten zu gew\u00e4hrleisten. Wir bleiben f\u00fcr diese Verarbeitungsvorg\u00e4nge verantwortlich.<\/p>\n<h2>Cookies oder \u00e4hnliche Techniken, die wir verwenden<\/h2>\n<p>Wir verwenden funktionale, analytische und Tracking-Cookies. Ein Cookie ist eine kleine Textdatei, die beim ersten Besuch dieser Website im Browser Ihres Computers, Tablets oder Smartphones gespeichert wird. Wir verwenden Cookies mit rein technischer Funktionalit\u00e4t. Diese stellen sicher, dass die Website ordnungsgem\u00e4\u00df funktioniert und dass beispielsweise Ihre bevorzugten Einstellungen gespeichert werden. Diese Cookies werden auch verwendet, um die Website richtig funktionieren zu lassen und sie zu optimieren. Dar\u00fcber hinaus platzieren wir Cookies, die Ihr Surfverhalten verfolgen, damit wir ma\u00dfgeschneiderte Inhalte und Werbung anbieten k\u00f6nnen. Bei Ihrem ersten Besuch auf unserer Website haben wir Sie bereits \u00fcber diese Cookies informiert und um Ihre Erlaubnis gebeten, sie zu platzieren. Sie k\u00f6nnen Cookies ablehnen, indem Sie Ihren Internetbrowser so einstellen, dass er keine Cookies mehr speichert. Dar\u00fcber hinaus k\u00f6nnen Sie auch alle zuvor gespeicherten Informationen \u00fcber die Einstellungen Ihres Browsers l\u00f6schen. Eine Erkl\u00e4rung finden Sie unter: https:\/\/veiliginternetten.nl\/themes\/gedrag\/cookies-wat-zijn-het-en-wat-doe-ik-ermee\/<\/p>\n<h2>Daten anzeigen, \u00e4ndern oder l\u00f6schen<\/h2>\n<p>Sie haben das Recht, Ihre personenbezogenen Daten einzusehen, zu korrigieren oder zu l\u00f6schen. Dar\u00fcber hinaus haben Sie das Recht, Ihre Einwilligung zur Datenverarbeitung zu widerrufen oder der Verarbeitung Ihrer personenbezogenen Daten durch uns zu widersprechen, und Sie haben das Recht auf Daten\u00fcbertragbarkeit. Das bedeutet, dass Sie uns bitten k\u00f6nnen, die personenbezogenen Daten, die wir \u00fcber Sie haben, in einer Computerdatei an Sie oder eine andere von Ihnen genannte Organisation zu senden. Sie k\u00f6nnen uns einen Antrag auf Auskunft, Berichtigung, L\u00f6schung, Daten\u00fcbertragung Ihrer personenbezogenen Daten oder einen Antrag auf Widerruf Ihrer Einwilligung oder Widerspruch gegen die Verarbeitung Ihrer personenbezogenen Daten stellen. Um sicherzustellen, dass der Zugangsantrag von Ihnen gestellt wurde, bitten wir Sie, dem Antrag eine Kopie Ihres Identit\u00e4tsnachweises beizuf\u00fcgen. Machen Sie in dieser Kopie Ihr Passfoto, MRZ (maschinenlesbare Zone, der Nummernstreifen am unteren Rand des Passes), Passnummer und B\u00fcrgerservicenummer (BSN) schwarz. Dies dient dem Schutz Ihrer Privatsph\u00e4re. Wir werden Ihre Anfrage so schnell wie m\u00f6glich beantworten, jedoch innerhalb von vier Wochen. Wir m\u00f6chten Sie auch darauf hinweisen, dass Sie die M\u00f6glichkeit haben, eine Beschwerde bei der nationalen Aufsichtsbeh\u00f6rde, der niederl\u00e4ndischen Datenschutzbeh\u00f6rde, einzureichen. Sie k\u00f6nnen dies \u00fcber den folgenden Link tun: https:\/\/autoriteitpersoonsgegevens.nl\/nl\/contact-met-de-autoriteit-persoonsgegevens\/tip-ons<\/p>\n<h2>Wie wir personenbezogene Daten sch\u00fctzen<\/h2>\n<p>Wir nehmen den Schutz Ihrer Daten ernst und ergreifen geeignete Ma\u00dfnahmen, um Missbrauch, Verlust, unbefugten Zugriff, unerw\u00fcnschte Offenlegung und unbefugte \u00c4nderung zu verhindern. Wenn Sie der Meinung sind, dass Ihre Daten nicht ausreichend gesichert sind oder Hinweise auf Missbrauch vorliegen, wenden Sie sich bitte an uns.<\/p>\n<p>[\/vc_column_text][\/vc_column][\/vc_row]<\/p>\n","protected":false},"excerpt":{"rendered":"<p>[vc_row][vc_column][vc_column_text] Personenbezogene Daten, die wir verarbeiten Wir verarbeiten Ihre personenbezogenen Daten, weil Sie unsere Dienste nutzen und\/oder weil Sie uns diese Daten selbst zur Verf\u00fcgung stellen. Nachfolgend finden Sie eine \u00dcbersicht \u00fcber die von uns verarbeiteten personenbezogenen Daten: &#8211; Vor- und Nachname &#8211; Adressdaten &#8211; Telefonnummer &#8211; E-Mail-Adresse &#8211; BSN-Nummer<a class=\"moretag\" href=\"https:\/\/www.keratoconuscentrumnederland.nl\/de\/datenschutzerklaerung\/\">&#8230;<\/a><\/p>\n","protected":false},"author":1,"featured_media":0,"parent":0,"menu_order":0,"comment_status":"closed","ping_status":"open","template":"","meta":{"inline_featured_image":false,"_glsr_average":0,"_glsr_ranking":0,"_glsr_reviews":0,"footnotes":""},"class_list":["post-1318","page","type-page","status-publish","hentry"],"yoast_head":"<!-- This site is optimized with the Yoast SEO plugin v27.2 - https:\/\/yoast.com\/product\/yoast-seo-wordpress\/ -->\n<title>Datenschutzerkl\u00e4rung - Keratoconuscentrum Nederland<\/title>\n<meta name=\"robots\" content=\"index, follow, max-snippet:-1, max-image-preview:large, max-video-preview:-1\" \/>\n<link rel=\"canonical\" href=\"https:\/\/www.keratoconuscentrumnederland.nl\/de\/datenschutzerklaerung\/\" \/>\n<meta property=\"og:locale\" content=\"de_DE\" \/>\n<meta property=\"og:type\" content=\"article\" \/>\n<meta property=\"og:title\" content=\"Datenschutzerkl\u00e4rung - Keratoconuscentrum Nederland\" \/>\n<meta property=\"og:description\" content=\"[vc_row][vc_column][vc_column_text] Personenbezogene Daten, die wir verarbeiten Wir verarbeiten Ihre personenbezogenen Daten, weil Sie unsere Dienste nutzen und\/oder weil Sie uns diese Daten selbst zur Verf\u00fcgung stellen. Nachfolgend finden Sie eine \u00dcbersicht \u00fcber die von uns verarbeiteten personenbezogenen Daten: &#8211; Vor- und Nachname &#8211; Adressdaten &#8211; Telefonnummer &#8211; E-Mail-Adresse &#8211; BSN-Nummer...\" \/>\n<meta property=\"og:url\" content=\"https:\/\/www.keratoconuscentrumnederland.nl\/de\/datenschutzerklaerung\/\" \/>\n<meta property=\"og:site_name\" content=\"Keratoconuscentrum Nederland\" \/>\n<meta property=\"article:modified_time\" content=\"2025-12-10T12:09:19+00:00\" \/>\n<meta name=\"twitter:card\" content=\"summary_large_image\" \/>\n<meta name=\"twitter:label1\" content=\"Gesch\u00e4tzte Lesezeit\" \/>\n\t<meta name=\"twitter:data1\" content=\"4\u00a0Minuten\" \/>\n<script type=\"application\/ld+json\" class=\"yoast-schema-graph\">{\"@context\":\"https:\/\/schema.org\",\"@graph\":[{\"@type\":\"WebPage\",\"@id\":\"https:\/\/www.keratoconuscentrumnederland.nl\/de\/datenschutzerklaerung\/\",\"url\":\"https:\/\/www.keratoconuscentrumnederland.nl\/de\/datenschutzerklaerung\/\",\"name\":\"Datenschutzerkl\u00e4rung - Keratoconuscentrum Nederland\",\"isPartOf\":{\"@id\":\"https:\/\/www.keratoconuscentrumnederland.nl\/de\/#website\"},\"datePublished\":\"2019-06-20T11:26:57+00:00\",\"dateModified\":\"2025-12-10T12:09:19+00:00\",\"breadcrumb\":{\"@id\":\"https:\/\/www.keratoconuscentrumnederland.nl\/de\/datenschutzerklaerung\/#breadcrumb\"},\"inLanguage\":\"de\",\"potentialAction\":[{\"@type\":\"ReadAction\",\"target\":[\"https:\/\/www.keratoconuscentrumnederland.nl\/de\/datenschutzerklaerung\/\"]}]},{\"@type\":\"BreadcrumbList\",\"@id\":\"https:\/\/www.keratoconuscentrumnederland.nl\/de\/datenschutzerklaerung\/#breadcrumb\",\"itemListElement\":[{\"@type\":\"ListItem\",\"position\":1,\"name\":\"Home\",\"item\":\"https:\/\/www.keratoconuscentrumnederland.nl\/de\/keratokonus-zentrum\/\"},{\"@type\":\"ListItem\",\"position\":2,\"name\":\"Datenschutzerkl\u00e4rung\"}]},{\"@type\":\"WebSite\",\"@id\":\"https:\/\/www.keratoconuscentrumnederland.nl\/de\/#website\",\"url\":\"https:\/\/www.keratoconuscentrumnederland.nl\/de\/\",\"name\":\"Keratoconuscentrum Nederland\",\"description\":\"\",\"publisher\":{\"@id\":\"https:\/\/www.keratoconuscentrumnederland.nl\/de\/#organization\"},\"potentialAction\":[{\"@type\":\"SearchAction\",\"target\":{\"@type\":\"EntryPoint\",\"urlTemplate\":\"https:\/\/www.keratoconuscentrumnederland.nl\/de\/?s={search_term_string}\"},\"query-input\":{\"@type\":\"PropertyValueSpecification\",\"valueRequired\":true,\"valueName\":\"search_term_string\"}}],\"inLanguage\":\"de\"},{\"@type\":\"Organization\",\"@id\":\"https:\/\/www.keratoconuscentrumnederland.nl\/de\/#organization\",\"name\":\"Keratoconuscentrum Nederland\",\"url\":\"https:\/\/www.keratoconuscentrumnederland.nl\/de\/\",\"logo\":{\"@type\":\"ImageObject\",\"inLanguage\":\"de\",\"@id\":\"https:\/\/www.keratoconuscentrumnederland.nl\/de\/#\/schema\/logo\/image\/\",\"url\":\"https:\/\/www.keratoconuscentrumnederland.nl\/wp-content\/uploads\/logo-keratocuscentrum-nederland.png\",\"contentUrl\":\"https:\/\/www.keratoconuscentrumnederland.nl\/wp-content\/uploads\/logo-keratocuscentrum-nederland.png\",\"width\":223,\"height\":97,\"caption\":\"Keratoconuscentrum Nederland\"},\"image\":{\"@id\":\"https:\/\/www.keratoconuscentrumnederland.nl\/de\/#\/schema\/logo\/image\/\"}}]}<\/script>\n<!-- \/ Yoast SEO plugin. -->","yoast_head_json":{"title":"Datenschutzerkl\u00e4rung - Keratoconuscentrum Nederland","robots":{"index":"index","follow":"follow","max-snippet":"max-snippet:-1","max-image-preview":"max-image-preview:large","max-video-preview":"max-video-preview:-1"},"canonical":"https:\/\/www.keratoconuscentrumnederland.nl\/de\/datenschutzerklaerung\/","og_locale":"de_DE","og_type":"article","og_title":"Datenschutzerkl\u00e4rung - Keratoconuscentrum Nederland","og_description":"[vc_row][vc_column][vc_column_text] Personenbezogene Daten, die wir verarbeiten Wir verarbeiten Ihre personenbezogenen Daten, weil Sie unsere Dienste nutzen und\/oder weil Sie uns diese Daten selbst zur Verf\u00fcgung stellen. Nachfolgend finden Sie eine \u00dcbersicht \u00fcber die von uns verarbeiteten personenbezogenen Daten: &#8211; Vor- und Nachname &#8211; Adressdaten &#8211; Telefonnummer &#8211; E-Mail-Adresse &#8211; BSN-Nummer...","og_url":"https:\/\/www.keratoconuscentrumnederland.nl\/de\/datenschutzerklaerung\/","og_site_name":"Keratoconuscentrum Nederland","article_modified_time":"2025-12-10T12:09:19+00:00","twitter_card":"summary_large_image","twitter_misc":{"Gesch\u00e4tzte Lesezeit":"4\u00a0Minuten"},"schema":{"@context":"https:\/\/schema.org","@graph":[{"@type":"WebPage","@id":"https:\/\/www.keratoconuscentrumnederland.nl\/de\/datenschutzerklaerung\/","url":"https:\/\/www.keratoconuscentrumnederland.nl\/de\/datenschutzerklaerung\/","name":"Datenschutzerkl\u00e4rung - Keratoconuscentrum Nederland","isPartOf":{"@id":"https:\/\/www.keratoconuscentrumnederland.nl\/de\/#website"},"datePublished":"2019-06-20T11:26:57+00:00","dateModified":"2025-12-10T12:09:19+00:00","breadcrumb":{"@id":"https:\/\/www.keratoconuscentrumnederland.nl\/de\/datenschutzerklaerung\/#breadcrumb"},"inLanguage":"de","potentialAction":[{"@type":"ReadAction","target":["https:\/\/www.keratoconuscentrumnederland.nl\/de\/datenschutzerklaerung\/"]}]},{"@type":"BreadcrumbList","@id":"https:\/\/www.keratoconuscentrumnederland.nl\/de\/datenschutzerklaerung\/#breadcrumb","itemListElement":[{"@type":"ListItem","position":1,"name":"Home","item":"https:\/\/www.keratoconuscentrumnederland.nl\/de\/keratokonus-zentrum\/"},{"@type":"ListItem","position":2,"name":"Datenschutzerkl\u00e4rung"}]},{"@type":"WebSite","@id":"https:\/\/www.keratoconuscentrumnederland.nl\/de\/#website","url":"https:\/\/www.keratoconuscentrumnederland.nl\/de\/","name":"Keratoconuscentrum Nederland","description":"","publisher":{"@id":"https:\/\/www.keratoconuscentrumnederland.nl\/de\/#organization"},"potentialAction":[{"@type":"SearchAction","target":{"@type":"EntryPoint","urlTemplate":"https:\/\/www.keratoconuscentrumnederland.nl\/de\/?s={search_term_string}"},"query-input":{"@type":"PropertyValueSpecification","valueRequired":true,"valueName":"search_term_string"}}],"inLanguage":"de"},{"@type":"Organization","@id":"https:\/\/www.keratoconuscentrumnederland.nl\/de\/#organization","name":"Keratoconuscentrum Nederland","url":"https:\/\/www.keratoconuscentrumnederland.nl\/de\/","logo":{"@type":"ImageObject","inLanguage":"de","@id":"https:\/\/www.keratoconuscentrumnederland.nl\/de\/#\/schema\/logo\/image\/","url":"https:\/\/www.keratoconuscentrumnederland.nl\/wp-content\/uploads\/logo-keratocuscentrum-nederland.png","contentUrl":"https:\/\/www.keratoconuscentrumnederland.nl\/wp-content\/uploads\/logo-keratocuscentrum-nederland.png","width":223,"height":97,"caption":"Keratoconuscentrum Nederland"},"image":{"@id":"https:\/\/www.keratoconuscentrumnederland.nl\/de\/#\/schema\/logo\/image\/"}}]}},"_links":{"self":[{"href":"https:\/\/www.keratoconuscentrumnederland.nl\/de\/wp-json\/wp\/v2\/pages\/1318","targetHints":{"allow":["GET"]}}],"collection":[{"href":"https:\/\/www.keratoconuscentrumnederland.nl\/de\/wp-json\/wp\/v2\/pages"}],"about":[{"href":"https:\/\/www.keratoconuscentrumnederland.nl\/de\/wp-json\/wp\/v2\/types\/page"}],"author":[{"embeddable":true,"href":"https:\/\/www.keratoconuscentrumnederland.nl\/de\/wp-json\/wp\/v2\/users\/1"}],"replies":[{"embeddable":true,"href":"https:\/\/www.keratoconuscentrumnederland.nl\/de\/wp-json\/wp\/v2\/comments?post=1318"}],"version-history":[{"count":4,"href":"https:\/\/www.keratoconuscentrumnederland.nl\/de\/wp-json\/wp\/v2\/pages\/1318\/revisions"}],"predecessor-version":[{"id":6258,"href":"https:\/\/www.keratoconuscentrumnederland.nl\/de\/wp-json\/wp\/v2\/pages\/1318\/revisions\/6258"}],"wp:attachment":[{"href":"https:\/\/www.keratoconuscentrumnederland.nl\/de\/wp-json\/wp\/v2\/media?parent=1318"}],"curies":[{"name":"wp","href":"https:\/\/api.w.org\/{rel}","templated":true}]}}