{"id":1360,"date":"2022-01-13T11:27:24","date_gmt":"2022-01-13T10:27:24","guid":{"rendered":"https:\/\/www.keratoconuscentrumnederland.nl\/glaeser\/"},"modified":"2025-12-10T13:07:31","modified_gmt":"2025-12-10T12:07:31","slug":"glaeser","status":"publish","type":"page","link":"https:\/\/www.keratoconuscentrumnederland.nl\/de\/glaeser\/","title":{"rendered":"Gl\u00e4ser"},"content":{"rendered":"<p>[vc_row][vc_column][vc_column_text]<\/p>\n<h2>Brille und Keratokonus?<\/h2>\n<p>Viele Keratokonus-Patienten w\u00fcnschen sich eine Brille, weil sie nicht v\u00f6llig von der Korrektur durch Kontaktlinsen abh\u00e4ngig sein m\u00f6chten. Au\u00dferdem verursachen Kontaktlinsen manchmal Reizungen der Augen.<\/p>\n<p>Verschiedene Studien haben gezeigt, dass Kontaktlinsen Keratokonus besser korrigieren als Brillen. Das Keratokonuszentrum Niederlande hat eine Studie \u00fcber die Wirkung von Brillengl\u00e4sern bei Keratokonus durchgef\u00fchrt. Von allen Augenmessungen im Jahr 2022 bei 123 Patienten verbesserte sich das Sehverm\u00f6gen mit Brillengl\u00e4sern in 92% aller Messungen. Bei 85% aller Messungen entsprach das Ergebnis den CBR-Anforderungen f\u00fcr das Autofahren mit Brille.  <\/p>\n<p>Charakteristisch f\u00fcr jemanden mit Keratokonus ist ein Unterschied im Sehverm\u00f6gen zwischen den Augen. Eine Untersicht des Auges mit dem meisten Keratokonus wird nur von wenigen als st\u00f6rend empfunden. Daher ist es wichtig, das Gesamtbild der Brillenkorrektur zu beurteilen. In der Tat ist unser Gehirn in der Lage, das scharfe Sehen und insbesondere die Menge der wahrgenommenen Schatten und Doppelbilder zu verbessern, indem es mit beiden Augen gleichzeitig schaut.<\/p>\n<p>Sehen Sie sich das Video unten an, um weitere Erkl\u00e4rungen zu erhalten:<\/p>\n<p><iframe loading=\"lazy\" title=\"YouTube video player\" src=\"https:\/\/www.youtube-nocookie.com\/embed\/FPluibi156E\" width=\"560\" height=\"315\" frameborder=\"0\" allowfullscreen=\"allowfullscreen\"><\/iframe><\/p>\n<p>M\u00f6chten Sie erfahren, was eine Brille in Ihrer Situation bewirken kann? Vereinbaren Sie einen <a href=\"http:\/\/157.90.235.49\/afspraak%20maken\">Termin<\/a> f\u00fcr einen Sehtest, indem Sie das Kontaktformular ausf\u00fcllen.[\/vc_column_text][\/vc_column][\/vc_row]<\/p>\n","protected":false},"excerpt":{"rendered":"<p>[vc_row][vc_column][vc_column_text] Brille und Keratokonus? Viele Keratokonus-Patienten w\u00fcnschen sich eine Brille, weil sie nicht v\u00f6llig von der Korrektur durch Kontaktlinsen abh\u00e4ngig sein m\u00f6chten. Au\u00dferdem verursachen Kontaktlinsen manchmal Reizungen der Augen. Verschiedene Studien haben gezeigt, dass Kontaktlinsen Keratokonus besser korrigieren als Brillen. Das Keratokonuszentrum Niederlande hat eine Studie \u00fcber die Wirkung von<a class=\"moretag\" href=\"https:\/\/www.keratoconuscentrumnederland.nl\/de\/glaeser\/\">&#8230;<\/a><\/p>\n","protected":false},"author":1,"featured_media":0,"parent":0,"menu_order":0,"comment_status":"closed","ping_status":"closed","template":"","meta":{"inline_featured_image":false,"_glsr_average":0,"_glsr_ranking":0,"_glsr_reviews":0,"footnotes":""},"class_list":["post-1360","page","type-page","status-publish","hentry"],"yoast_head":"<!-- This site is optimized with the Yoast SEO plugin v27.2 - https:\/\/yoast.com\/product\/yoast-seo-wordpress\/ -->\n<title>Gl\u00e4ser - Keratoconuscentrum Nederland<\/title>\n<meta name=\"robots\" content=\"index, follow, max-snippet:-1, max-image-preview:large, max-video-preview:-1\" \/>\n<link rel=\"canonical\" href=\"https:\/\/www.keratoconuscentrumnederland.nl\/de\/glaeser\/\" \/>\n<meta property=\"og:locale\" content=\"de_DE\" \/>\n<meta property=\"og:type\" content=\"article\" \/>\n<meta property=\"og:title\" content=\"Gl\u00e4ser - Keratoconuscentrum Nederland\" \/>\n<meta property=\"og:description\" content=\"[vc_row][vc_column][vc_column_text] Brille und Keratokonus? Viele Keratokonus-Patienten w\u00fcnschen sich eine Brille, weil sie nicht v\u00f6llig von der Korrektur durch Kontaktlinsen abh\u00e4ngig sein m\u00f6chten. Au\u00dferdem verursachen Kontaktlinsen manchmal Reizungen der Augen. Verschiedene Studien haben gezeigt, dass Kontaktlinsen Keratokonus besser korrigieren als Brillen. Das Keratokonuszentrum Niederlande hat eine Studie \u00fcber die Wirkung von...\" \/>\n<meta property=\"og:url\" content=\"https:\/\/www.keratoconuscentrumnederland.nl\/de\/glaeser\/\" \/>\n<meta property=\"og:site_name\" content=\"Keratoconuscentrum Nederland\" \/>\n<meta property=\"article:modified_time\" content=\"2025-12-10T12:07:31+00:00\" \/>\n<meta name=\"twitter:card\" content=\"summary_large_image\" \/>\n<meta name=\"twitter:label1\" content=\"Gesch\u00e4tzte Lesezeit\" \/>\n\t<meta name=\"twitter:data1\" content=\"1\u00a0Minute\" \/>\n<script type=\"application\/ld+json\" class=\"yoast-schema-graph\">{\"@context\":\"https:\/\/schema.org\",\"@graph\":[{\"@type\":\"WebPage\",\"@id\":\"https:\/\/www.keratoconuscentrumnederland.nl\/de\/glaeser\/\",\"url\":\"https:\/\/www.keratoconuscentrumnederland.nl\/de\/glaeser\/\",\"name\":\"Gl\u00e4ser - Keratoconuscentrum Nederland\",\"isPartOf\":{\"@id\":\"https:\/\/www.keratoconuscentrumnederland.nl\/de\/#website\"},\"datePublished\":\"2022-01-13T10:27:24+00:00\",\"dateModified\":\"2025-12-10T12:07:31+00:00\",\"breadcrumb\":{\"@id\":\"https:\/\/www.keratoconuscentrumnederland.nl\/de\/glaeser\/#breadcrumb\"},\"inLanguage\":\"de\",\"potentialAction\":[{\"@type\":\"ReadAction\",\"target\":[\"https:\/\/www.keratoconuscentrumnederland.nl\/de\/glaeser\/\"]}]},{\"@type\":\"BreadcrumbList\",\"@id\":\"https:\/\/www.keratoconuscentrumnederland.nl\/de\/glaeser\/#breadcrumb\",\"itemListElement\":[{\"@type\":\"ListItem\",\"position\":1,\"name\":\"Home\",\"item\":\"https:\/\/www.keratoconuscentrumnederland.nl\/de\/keratokonus-zentrum\/\"},{\"@type\":\"ListItem\",\"position\":2,\"name\":\"Gl\u00e4ser\"}]},{\"@type\":\"WebSite\",\"@id\":\"https:\/\/www.keratoconuscentrumnederland.nl\/de\/#website\",\"url\":\"https:\/\/www.keratoconuscentrumnederland.nl\/de\/\",\"name\":\"Keratoconuscentrum Nederland\",\"description\":\"\",\"publisher\":{\"@id\":\"https:\/\/www.keratoconuscentrumnederland.nl\/de\/#organization\"},\"potentialAction\":[{\"@type\":\"SearchAction\",\"target\":{\"@type\":\"EntryPoint\",\"urlTemplate\":\"https:\/\/www.keratoconuscentrumnederland.nl\/de\/?s={search_term_string}\"},\"query-input\":{\"@type\":\"PropertyValueSpecification\",\"valueRequired\":true,\"valueName\":\"search_term_string\"}}],\"inLanguage\":\"de\"},{\"@type\":\"Organization\",\"@id\":\"https:\/\/www.keratoconuscentrumnederland.nl\/de\/#organization\",\"name\":\"Keratoconuscentrum Nederland\",\"url\":\"https:\/\/www.keratoconuscentrumnederland.nl\/de\/\",\"logo\":{\"@type\":\"ImageObject\",\"inLanguage\":\"de\",\"@id\":\"https:\/\/www.keratoconuscentrumnederland.nl\/de\/#\/schema\/logo\/image\/\",\"url\":\"https:\/\/www.keratoconuscentrumnederland.nl\/wp-content\/uploads\/logo-keratocuscentrum-nederland.png\",\"contentUrl\":\"https:\/\/www.keratoconuscentrumnederland.nl\/wp-content\/uploads\/logo-keratocuscentrum-nederland.png\",\"width\":223,\"height\":97,\"caption\":\"Keratoconuscentrum Nederland\"},\"image\":{\"@id\":\"https:\/\/www.keratoconuscentrumnederland.nl\/de\/#\/schema\/logo\/image\/\"}}]}<\/script>\n<!-- \/ Yoast SEO plugin. -->","yoast_head_json":{"title":"Gl\u00e4ser - Keratoconuscentrum Nederland","robots":{"index":"index","follow":"follow","max-snippet":"max-snippet:-1","max-image-preview":"max-image-preview:large","max-video-preview":"max-video-preview:-1"},"canonical":"https:\/\/www.keratoconuscentrumnederland.nl\/de\/glaeser\/","og_locale":"de_DE","og_type":"article","og_title":"Gl\u00e4ser - Keratoconuscentrum Nederland","og_description":"[vc_row][vc_column][vc_column_text] Brille und Keratokonus? Viele Keratokonus-Patienten w\u00fcnschen sich eine Brille, weil sie nicht v\u00f6llig von der Korrektur durch Kontaktlinsen abh\u00e4ngig sein m\u00f6chten. Au\u00dferdem verursachen Kontaktlinsen manchmal Reizungen der Augen. Verschiedene Studien haben gezeigt, dass Kontaktlinsen Keratokonus besser korrigieren als Brillen. Das Keratokonuszentrum Niederlande hat eine Studie \u00fcber die Wirkung von...","og_url":"https:\/\/www.keratoconuscentrumnederland.nl\/de\/glaeser\/","og_site_name":"Keratoconuscentrum Nederland","article_modified_time":"2025-12-10T12:07:31+00:00","twitter_card":"summary_large_image","twitter_misc":{"Gesch\u00e4tzte Lesezeit":"1\u00a0Minute"},"schema":{"@context":"https:\/\/schema.org","@graph":[{"@type":"WebPage","@id":"https:\/\/www.keratoconuscentrumnederland.nl\/de\/glaeser\/","url":"https:\/\/www.keratoconuscentrumnederland.nl\/de\/glaeser\/","name":"Gl\u00e4ser - Keratoconuscentrum Nederland","isPartOf":{"@id":"https:\/\/www.keratoconuscentrumnederland.nl\/de\/#website"},"datePublished":"2022-01-13T10:27:24+00:00","dateModified":"2025-12-10T12:07:31+00:00","breadcrumb":{"@id":"https:\/\/www.keratoconuscentrumnederland.nl\/de\/glaeser\/#breadcrumb"},"inLanguage":"de","potentialAction":[{"@type":"ReadAction","target":["https:\/\/www.keratoconuscentrumnederland.nl\/de\/glaeser\/"]}]},{"@type":"BreadcrumbList","@id":"https:\/\/www.keratoconuscentrumnederland.nl\/de\/glaeser\/#breadcrumb","itemListElement":[{"@type":"ListItem","position":1,"name":"Home","item":"https:\/\/www.keratoconuscentrumnederland.nl\/de\/keratokonus-zentrum\/"},{"@type":"ListItem","position":2,"name":"Gl\u00e4ser"}]},{"@type":"WebSite","@id":"https:\/\/www.keratoconuscentrumnederland.nl\/de\/#website","url":"https:\/\/www.keratoconuscentrumnederland.nl\/de\/","name":"Keratoconuscentrum Nederland","description":"","publisher":{"@id":"https:\/\/www.keratoconuscentrumnederland.nl\/de\/#organization"},"potentialAction":[{"@type":"SearchAction","target":{"@type":"EntryPoint","urlTemplate":"https:\/\/www.keratoconuscentrumnederland.nl\/de\/?s={search_term_string}"},"query-input":{"@type":"PropertyValueSpecification","valueRequired":true,"valueName":"search_term_string"}}],"inLanguage":"de"},{"@type":"Organization","@id":"https:\/\/www.keratoconuscentrumnederland.nl\/de\/#organization","name":"Keratoconuscentrum Nederland","url":"https:\/\/www.keratoconuscentrumnederland.nl\/de\/","logo":{"@type":"ImageObject","inLanguage":"de","@id":"https:\/\/www.keratoconuscentrumnederland.nl\/de\/#\/schema\/logo\/image\/","url":"https:\/\/www.keratoconuscentrumnederland.nl\/wp-content\/uploads\/logo-keratocuscentrum-nederland.png","contentUrl":"https:\/\/www.keratoconuscentrumnederland.nl\/wp-content\/uploads\/logo-keratocuscentrum-nederland.png","width":223,"height":97,"caption":"Keratoconuscentrum Nederland"},"image":{"@id":"https:\/\/www.keratoconuscentrumnederland.nl\/de\/#\/schema\/logo\/image\/"}}]}},"_links":{"self":[{"href":"https:\/\/www.keratoconuscentrumnederland.nl\/de\/wp-json\/wp\/v2\/pages\/1360","targetHints":{"allow":["GET"]}}],"collection":[{"href":"https:\/\/www.keratoconuscentrumnederland.nl\/de\/wp-json\/wp\/v2\/pages"}],"about":[{"href":"https:\/\/www.keratoconuscentrumnederland.nl\/de\/wp-json\/wp\/v2\/types\/page"}],"author":[{"embeddable":true,"href":"https:\/\/www.keratoconuscentrumnederland.nl\/de\/wp-json\/wp\/v2\/users\/1"}],"replies":[{"embeddable":true,"href":"https:\/\/www.keratoconuscentrumnederland.nl\/de\/wp-json\/wp\/v2\/comments?post=1360"}],"version-history":[{"count":3,"href":"https:\/\/www.keratoconuscentrumnederland.nl\/de\/wp-json\/wp\/v2\/pages\/1360\/revisions"}],"predecessor-version":[{"id":6173,"href":"https:\/\/www.keratoconuscentrumnederland.nl\/de\/wp-json\/wp\/v2\/pages\/1360\/revisions\/6173"}],"wp:attachment":[{"href":"https:\/\/www.keratoconuscentrumnederland.nl\/de\/wp-json\/wp\/v2\/media?parent=1360"}],"curies":[{"name":"wp","href":"https:\/\/api.w.org\/{rel}","templated":true}]}}