{"id":1401,"date":"2019-06-20T13:26:57","date_gmt":"2019-06-20T11:26:57","guid":{"rendered":"https:\/\/www.keratoconuscentrumnederland.nl\/kontaktlinsen\/sklerallinsen\/"},"modified":"2025-12-10T13:09:20","modified_gmt":"2025-12-10T12:09:20","slug":"sklerallinsen","status":"publish","type":"page","link":"https:\/\/www.keratoconuscentrumnederland.nl\/de\/kontaktlinsen\/sklerallinsen\/","title":{"rendered":"Sklerallinsen"},"content":{"rendered":"<p>[vc_row][vc_column][vc_column_text]<\/p>\n<h3>Was sind Sklerallinsen?<\/h3>\n<p><strong>Sklerallinsen sind gro\u00dfe harte Kontaktlinsen. Diese Linse wird so genannt, weil sie an der Sklera (Wei\u00df des Auges) angebracht ist. Dadurch ist es m\u00f6glich, die Hornhaut zu \u00fcberbr\u00fccken.<\/strong><\/p>\n<p>Sklerallinsen liegen auf der Sklera auf und ber\u00fchren die Hornhaut nicht; so wird ein ber\u00fchrungsfreier Sitz erreicht. Die empfindliche Spitze des Konus kann durch die Sklerallinse nicht besch\u00e4digt werden.  Aufgrund der Gr\u00f6\u00dfe dieser Linse sitzen die R\u00e4nder gut unter den Augenlidern, sodass die R\u00e4nder kaum zu sp\u00fcren sind.<\/p>\n<p>Die Sklerallinsen des Keratoconus Centre Netherlands sind mit der <a title=\"Conepower technologie\" href=\"https:\/\/www.keratoconuscentrumnederland.nl\/de\/cone-power-technologie\/\">Conepower-Technologie\u00ae<\/a> optisch verbessert. Eine gew\u00f6hnliche Sklerallinse verursacht nach einer Keratokonuskorrektur typische Schatten am oberen Rand von Buchstaben. Diese Schatten beeintr\u00e4chtigen das Sehverm\u00f6gen.  <\/p>\n<p>Die Conepower-Technologie\u00ae, auch bekannt als wellenfrontgef\u00fchrte Technologie, verbessert nicht nur das Sehverm\u00f6gen und die Kontrastempfindlichkeit, sondern kann auch Halos und Starburst reduzieren. Damit ist das Keratokonuszentrum Niederlande das erste in Europa, das \u00fcber diese Technologie verf\u00fcgt. Unsere neuesten Forschungsergebnisse zeigen sogar, dass die Empfindlichkeit gegen\u00fcber Sonnenlicht mit dieser zus\u00e4tzlichen optischen Erg\u00e4nzung abnimmt.[\/vc_column_text][\/vc_column][\/vc_row][vc_row el_class=&#8220;fourblocks vervolg&#8220; css=&#8220;.vc_custom_1642068282268{margin-bottom: 50px !important;}&#8220;][vc_column width=&#8220;1\/2&#8243;][vc_column_text]<\/p>\n<h4 style=\"text-align: left;\">Vorteile von Sklerallinsen <img decoding=\"async\" src=\"\/wp-content\/uploads\/contact-lens.svg\"><\/h4>\n<p>[\/vc_column_text][vc_column_text el_class=&#8220;plus&#8220;]<\/p>\n<ul>\n<li>Sie sind auch f\u00fcr schwere Formen des Keratokonus geeignet.<\/li>\n<li>Die Sklerallinse ber\u00fchrt die Spitze des Kegels nicht.<\/li>\n<li>Aufgrund der stabilen Lage am Auge l\u00e4sst sich eine Sklerallinse sehr gut mit der Conepower-Technologie kombinieren.<\/li>\n<li>Unter dieses Objektiv kann kein Staub gelangen.<\/li>\n<\/ul>\n<p>[\/vc_column_text][\/vc_column][vc_column width=&#8220;1\/2&#8243;][vc_column_text]<\/p>\n<h4 style=\"text-align: left;\">Nachteile von Sklerallinsen<img decoding=\"async\" src=\"\/wp-content\/uploads\/contact-lens.svg\"><\/h4>\n<p>[\/vc_column_text][vc_column_text el_class=&#8220;minus&#8220;]<\/p>\n<ul>\n<li>Sie sind schwierig einzusetzen und zu entfernen, insbesondere in den Anfangsstadien.<\/li>\n<li>Sie sind teurer in der Pflege als andere Arten von Kontaktlinsen.<\/li>\n<li>Die Linse ruht auf der Schleimhaut des Auges, die die Sklera bedeckt. Diese Schleimhaut ist bei Menschen mit Keratokonus oft empfindlicher gegen\u00fcber Allergien. Der Druck der Linse auf diese Schleimhaut und\/oder die Kontaktlinsenfl\u00fcssigkeit kann eine allergische Reaktion hervorrufen.<\/li>\n<\/ul>\n<p>[\/vc_column_text][\/vc_column][\/vc_row][vc_row][vc_column][vc_column_text]Sie sind mit Sklerallinsen zufrieden, m\u00f6chten aber wissen, wie Sklerallinsen mit Conepower-Technologie aussehen? Dann vereinbaren Sie einen unverbindlichen <a href=\"https:\/\/www.keratoconuscentrumnederland.nl\/de\/kontakt\/\">Termin<\/a> zur Messung.[\/vc_column_text][\/vc_column][\/vc_row][vc_row el_class=&#8220;fourblocks vervolg&#8220; css=&#8220;.vc_custom_1642068287171{margin-top: 35px !important;}&#8220;][vc_column][vc_column_text]<\/p>\n<h4 style=\"text-align: left;\">Innovation von Sklerallinsen:<\/h4>\n<p>[\/vc_column_text][vc_column_text el_class=&#8220;plus&#8220;]<\/p>\n<ul>\n<li>Die verwendeten Materialien sind sauerstoffdurchl\u00e4ssiger, wodurch die Hornhaut weniger belastet wird.<\/li>\n<li>Die Entwicklung der Mini-Sklerallinse hat das Anpassen und Tragen von Sklerallinsen erheblich vereinfacht.<\/li>\n<li>Moderne Drehb\u00e4nke verleihen Sklerallinsen ein glatteres Finish, was weniger Reibung auf den Augenlidern bedeutet.<\/li>\n<li>Ein innovativer Randabschluss der Landezone sorgt daf\u00fcr, dass Sklerallinsen nicht mehr angesaugt werden.<\/li>\n<li>Die Passform kann in vier verschiedenen Quadranten eingestellt werden.<\/li>\n<li>Bessere Kontaktlinsenl\u00f6sungen reinigen das Material besser und verringern das Risiko allergischer Reaktionen.<\/li>\n<li><strong><a title=\"Conepower technologie\" href=\"https:\/\/www.keratoconuscentrumnederland.nl\/de\/cone-power-technologie\/\">Conepower technologie<\/a><\/strong><\/li>\n<\/ul>\n<p>[\/vc_column_text][\/vc_column][\/vc_row]<\/p>\n","protected":false},"excerpt":{"rendered":"<p>[vc_row][vc_column][vc_column_text] Was sind Sklerallinsen? Sklerallinsen sind gro\u00dfe harte Kontaktlinsen. Diese Linse wird so genannt, weil sie an der Sklera (Wei\u00df des Auges) angebracht ist. Dadurch ist es m\u00f6glich, die Hornhaut zu \u00fcberbr\u00fccken. Sklerallinsen liegen auf der Sklera auf und ber\u00fchren die Hornhaut nicht; so wird ein ber\u00fchrungsfreier Sitz erreicht. Die<a class=\"moretag\" href=\"https:\/\/www.keratoconuscentrumnederland.nl\/de\/kontaktlinsen\/sklerallinsen\/\">&#8230;<\/a><\/p>\n","protected":false},"author":1,"featured_media":0,"parent":1316,"menu_order":0,"comment_status":"closed","ping_status":"closed","template":"","meta":{"inline_featured_image":false,"_glsr_average":0,"_glsr_ranking":0,"_glsr_reviews":0,"footnotes":""},"class_list":["post-1401","page","type-page","status-publish","hentry"],"yoast_head":"<!-- This site is optimized with the Yoast SEO plugin v27.2 - https:\/\/yoast.com\/product\/yoast-seo-wordpress\/ -->\n<title>Sklerallinsen - Keratoconuscentrum Nederland<\/title>\n<meta name=\"robots\" content=\"index, follow, max-snippet:-1, max-image-preview:large, max-video-preview:-1\" \/>\n<link rel=\"canonical\" href=\"https:\/\/www.keratoconuscentrumnederland.nl\/de\/kontaktlinsen\/sklerallinsen\/\" \/>\n<meta property=\"og:locale\" content=\"de_DE\" \/>\n<meta property=\"og:type\" content=\"article\" \/>\n<meta property=\"og:title\" content=\"Sklerallinsen - Keratoconuscentrum Nederland\" \/>\n<meta property=\"og:description\" content=\"[vc_row][vc_column][vc_column_text] Was sind Sklerallinsen? Sklerallinsen sind gro\u00dfe harte Kontaktlinsen. Diese Linse wird so genannt, weil sie an der Sklera (Wei\u00df des Auges) angebracht ist. Dadurch ist es m\u00f6glich, die Hornhaut zu \u00fcberbr\u00fccken. Sklerallinsen liegen auf der Sklera auf und ber\u00fchren die Hornhaut nicht; so wird ein ber\u00fchrungsfreier Sitz erreicht. Die...\" \/>\n<meta property=\"og:url\" content=\"https:\/\/www.keratoconuscentrumnederland.nl\/de\/kontaktlinsen\/sklerallinsen\/\" \/>\n<meta property=\"og:site_name\" content=\"Keratoconuscentrum Nederland\" \/>\n<meta property=\"article:modified_time\" content=\"2025-12-10T12:09:20+00:00\" \/>\n<meta name=\"twitter:card\" content=\"summary_large_image\" \/>\n<meta name=\"twitter:label1\" content=\"Gesch\u00e4tzte Lesezeit\" \/>\n\t<meta name=\"twitter:data1\" content=\"3\u00a0Minuten\" \/>\n<script type=\"application\/ld+json\" class=\"yoast-schema-graph\">{\"@context\":\"https:\/\/schema.org\",\"@graph\":[{\"@type\":\"WebPage\",\"@id\":\"https:\/\/www.keratoconuscentrumnederland.nl\/de\/kontaktlinsen\/sklerallinsen\/\",\"url\":\"https:\/\/www.keratoconuscentrumnederland.nl\/de\/kontaktlinsen\/sklerallinsen\/\",\"name\":\"Sklerallinsen - Keratoconuscentrum Nederland\",\"isPartOf\":{\"@id\":\"https:\/\/www.keratoconuscentrumnederland.nl\/de\/#website\"},\"datePublished\":\"2019-06-20T11:26:57+00:00\",\"dateModified\":\"2025-12-10T12:09:20+00:00\",\"breadcrumb\":{\"@id\":\"https:\/\/www.keratoconuscentrumnederland.nl\/de\/kontaktlinsen\/sklerallinsen\/#breadcrumb\"},\"inLanguage\":\"de\",\"potentialAction\":[{\"@type\":\"ReadAction\",\"target\":[\"https:\/\/www.keratoconuscentrumnederland.nl\/de\/kontaktlinsen\/sklerallinsen\/\"]}]},{\"@type\":\"BreadcrumbList\",\"@id\":\"https:\/\/www.keratoconuscentrumnederland.nl\/de\/kontaktlinsen\/sklerallinsen\/#breadcrumb\",\"itemListElement\":[{\"@type\":\"ListItem\",\"position\":1,\"name\":\"Home\",\"item\":\"https:\/\/www.keratoconuscentrumnederland.nl\/de\/keratokonus-zentrum\/\"},{\"@type\":\"ListItem\",\"position\":2,\"name\":\"Kontaktlinsen\",\"item\":\"https:\/\/www.keratoconuscentrumnederland.nl\/de\/kontaktlinsen\/\"},{\"@type\":\"ListItem\",\"position\":3,\"name\":\"Sklerallinsen\"}]},{\"@type\":\"WebSite\",\"@id\":\"https:\/\/www.keratoconuscentrumnederland.nl\/de\/#website\",\"url\":\"https:\/\/www.keratoconuscentrumnederland.nl\/de\/\",\"name\":\"Keratoconuscentrum Nederland\",\"description\":\"\",\"publisher\":{\"@id\":\"https:\/\/www.keratoconuscentrumnederland.nl\/de\/#organization\"},\"potentialAction\":[{\"@type\":\"SearchAction\",\"target\":{\"@type\":\"EntryPoint\",\"urlTemplate\":\"https:\/\/www.keratoconuscentrumnederland.nl\/de\/?s={search_term_string}\"},\"query-input\":{\"@type\":\"PropertyValueSpecification\",\"valueRequired\":true,\"valueName\":\"search_term_string\"}}],\"inLanguage\":\"de\"},{\"@type\":\"Organization\",\"@id\":\"https:\/\/www.keratoconuscentrumnederland.nl\/de\/#organization\",\"name\":\"Keratoconuscentrum Nederland\",\"url\":\"https:\/\/www.keratoconuscentrumnederland.nl\/de\/\",\"logo\":{\"@type\":\"ImageObject\",\"inLanguage\":\"de\",\"@id\":\"https:\/\/www.keratoconuscentrumnederland.nl\/de\/#\/schema\/logo\/image\/\",\"url\":\"https:\/\/www.keratoconuscentrumnederland.nl\/wp-content\/uploads\/logo-keratocuscentrum-nederland.png\",\"contentUrl\":\"https:\/\/www.keratoconuscentrumnederland.nl\/wp-content\/uploads\/logo-keratocuscentrum-nederland.png\",\"width\":223,\"height\":97,\"caption\":\"Keratoconuscentrum Nederland\"},\"image\":{\"@id\":\"https:\/\/www.keratoconuscentrumnederland.nl\/de\/#\/schema\/logo\/image\/\"}}]}<\/script>\n<!-- \/ Yoast SEO plugin. -->","yoast_head_json":{"title":"Sklerallinsen - Keratoconuscentrum Nederland","robots":{"index":"index","follow":"follow","max-snippet":"max-snippet:-1","max-image-preview":"max-image-preview:large","max-video-preview":"max-video-preview:-1"},"canonical":"https:\/\/www.keratoconuscentrumnederland.nl\/de\/kontaktlinsen\/sklerallinsen\/","og_locale":"de_DE","og_type":"article","og_title":"Sklerallinsen - Keratoconuscentrum Nederland","og_description":"[vc_row][vc_column][vc_column_text] Was sind Sklerallinsen? Sklerallinsen sind gro\u00dfe harte Kontaktlinsen. Diese Linse wird so genannt, weil sie an der Sklera (Wei\u00df des Auges) angebracht ist. Dadurch ist es m\u00f6glich, die Hornhaut zu \u00fcberbr\u00fccken. Sklerallinsen liegen auf der Sklera auf und ber\u00fchren die Hornhaut nicht; so wird ein ber\u00fchrungsfreier Sitz erreicht. Die...","og_url":"https:\/\/www.keratoconuscentrumnederland.nl\/de\/kontaktlinsen\/sklerallinsen\/","og_site_name":"Keratoconuscentrum Nederland","article_modified_time":"2025-12-10T12:09:20+00:00","twitter_card":"summary_large_image","twitter_misc":{"Gesch\u00e4tzte Lesezeit":"3\u00a0Minuten"},"schema":{"@context":"https:\/\/schema.org","@graph":[{"@type":"WebPage","@id":"https:\/\/www.keratoconuscentrumnederland.nl\/de\/kontaktlinsen\/sklerallinsen\/","url":"https:\/\/www.keratoconuscentrumnederland.nl\/de\/kontaktlinsen\/sklerallinsen\/","name":"Sklerallinsen - Keratoconuscentrum Nederland","isPartOf":{"@id":"https:\/\/www.keratoconuscentrumnederland.nl\/de\/#website"},"datePublished":"2019-06-20T11:26:57+00:00","dateModified":"2025-12-10T12:09:20+00:00","breadcrumb":{"@id":"https:\/\/www.keratoconuscentrumnederland.nl\/de\/kontaktlinsen\/sklerallinsen\/#breadcrumb"},"inLanguage":"de","potentialAction":[{"@type":"ReadAction","target":["https:\/\/www.keratoconuscentrumnederland.nl\/de\/kontaktlinsen\/sklerallinsen\/"]}]},{"@type":"BreadcrumbList","@id":"https:\/\/www.keratoconuscentrumnederland.nl\/de\/kontaktlinsen\/sklerallinsen\/#breadcrumb","itemListElement":[{"@type":"ListItem","position":1,"name":"Home","item":"https:\/\/www.keratoconuscentrumnederland.nl\/de\/keratokonus-zentrum\/"},{"@type":"ListItem","position":2,"name":"Kontaktlinsen","item":"https:\/\/www.keratoconuscentrumnederland.nl\/de\/kontaktlinsen\/"},{"@type":"ListItem","position":3,"name":"Sklerallinsen"}]},{"@type":"WebSite","@id":"https:\/\/www.keratoconuscentrumnederland.nl\/de\/#website","url":"https:\/\/www.keratoconuscentrumnederland.nl\/de\/","name":"Keratoconuscentrum Nederland","description":"","publisher":{"@id":"https:\/\/www.keratoconuscentrumnederland.nl\/de\/#organization"},"potentialAction":[{"@type":"SearchAction","target":{"@type":"EntryPoint","urlTemplate":"https:\/\/www.keratoconuscentrumnederland.nl\/de\/?s={search_term_string}"},"query-input":{"@type":"PropertyValueSpecification","valueRequired":true,"valueName":"search_term_string"}}],"inLanguage":"de"},{"@type":"Organization","@id":"https:\/\/www.keratoconuscentrumnederland.nl\/de\/#organization","name":"Keratoconuscentrum Nederland","url":"https:\/\/www.keratoconuscentrumnederland.nl\/de\/","logo":{"@type":"ImageObject","inLanguage":"de","@id":"https:\/\/www.keratoconuscentrumnederland.nl\/de\/#\/schema\/logo\/image\/","url":"https:\/\/www.keratoconuscentrumnederland.nl\/wp-content\/uploads\/logo-keratocuscentrum-nederland.png","contentUrl":"https:\/\/www.keratoconuscentrumnederland.nl\/wp-content\/uploads\/logo-keratocuscentrum-nederland.png","width":223,"height":97,"caption":"Keratoconuscentrum Nederland"},"image":{"@id":"https:\/\/www.keratoconuscentrumnederland.nl\/de\/#\/schema\/logo\/image\/"}}]}},"_links":{"self":[{"href":"https:\/\/www.keratoconuscentrumnederland.nl\/de\/wp-json\/wp\/v2\/pages\/1401","targetHints":{"allow":["GET"]}}],"collection":[{"href":"https:\/\/www.keratoconuscentrumnederland.nl\/de\/wp-json\/wp\/v2\/pages"}],"about":[{"href":"https:\/\/www.keratoconuscentrumnederland.nl\/de\/wp-json\/wp\/v2\/types\/page"}],"author":[{"embeddable":true,"href":"https:\/\/www.keratoconuscentrumnederland.nl\/de\/wp-json\/wp\/v2\/users\/1"}],"replies":[{"embeddable":true,"href":"https:\/\/www.keratoconuscentrumnederland.nl\/de\/wp-json\/wp\/v2\/comments?post=1401"}],"version-history":[{"count":3,"href":"https:\/\/www.keratoconuscentrumnederland.nl\/de\/wp-json\/wp\/v2\/pages\/1401\/revisions"}],"predecessor-version":[{"id":6262,"href":"https:\/\/www.keratoconuscentrumnederland.nl\/de\/wp-json\/wp\/v2\/pages\/1401\/revisions\/6262"}],"up":[{"embeddable":true,"href":"https:\/\/www.keratoconuscentrumnederland.nl\/de\/wp-json\/wp\/v2\/pages\/1316"}],"wp:attachment":[{"href":"https:\/\/www.keratoconuscentrumnederland.nl\/de\/wp-json\/wp\/v2\/media?parent=1401"}],"curies":[{"name":"wp","href":"https:\/\/api.w.org\/{rel}","templated":true}]}}