{"id":5933,"date":"2024-11-27T14:10:19","date_gmt":"2024-11-27T13:10:19","guid":{"rendered":"https:\/\/www.keratoconuscentrumnederland.nl\/zusaetzliche-informationen\/"},"modified":"2025-08-26T08:31:41","modified_gmt":"2025-08-26T06:31:41","slug":"zusaetzliche-informationen","status":"publish","type":"page","link":"https:\/\/www.keratoconuscentrumnederland.nl\/de\/zusaetzliche-informationen\/","title":{"rendered":"Zus\u00e4tzliche Informationen"},"content":{"rendered":"<p>[vc_row][vc_column][vc_column_text]Keratokonus ist eine komplexe Erkrankung, die mit vielen Unsicherheiten verbunden sein kann. Verl\u00e4ssliche Informationen sind daher von entscheidender Bedeutung. <\/p>\n<p>Wir als Keratokonuszentrum versuchen schon jetzt, \u00fcber diese Website und w\u00e4hrend der Beratungsgespr\u00e4che so viel wie m\u00f6glich zu vermitteln. Nachstehend finden Sie Links zu Websites, auf denen Sie zus\u00e4tzliche Informationen erhalten oder mit anderen Keratokonus-Patienten Kontakt aufnehmen k\u00f6nnen. <\/p>\n<ul>\n<li><a title=\"\" href=\"https:\/\/hoornvlieswijzer.nl\/\" target=\"_blank\" rel=\"noopener\">Corneawijzer.co.uk<\/a><\/li>\n<li><a title=\"\" href=\"https:\/\/www.oogartsen.nl\/\" target=\"_blank\" rel=\"noopener\">Informationen \u00fcber Augenkrankheiten, Augenleiden, Augenchirurgie &#8211; Ophthalmologists.co.uk<\/a><\/li>\n<li><a href=\"https:\/\/oogvooru.nl\/\" target=\"_blank\">Cornea Patients Association<\/a> &#8211; und ihr FB <a href=\"https:\/\/www.facebook.com\/HoornvliesPatientenVereniging\/?locale=nl_NL\" target=\"_blank\">HPV &#8211; Cornea Patients Association | Facebook<\/a><\/li>\n<li><a href=\"https:\/\/www.facebook.com\/groups\/keratoconuslotgenoten\/?locale=nl_NL\" target=\"_blank\">Keratokonus-Liebhaber | Facebook<\/a><\/li>\n<\/ul>\n<p>[\/vc_column_text][\/vc_column][\/vc_row]<\/p>\n","protected":false},"excerpt":{"rendered":"<p>[vc_row][vc_column][vc_column_text]Keratokonus ist eine komplexe Erkrankung, die mit vielen Unsicherheiten verbunden sein kann. Verl\u00e4ssliche Informationen sind daher von entscheidender Bedeutung. Wir als Keratokonuszentrum versuchen schon jetzt, \u00fcber diese Website und w\u00e4hrend der Beratungsgespr\u00e4che so viel wie m\u00f6glich zu vermitteln. Nachstehend finden Sie Links zu Websites, auf denen Sie zus\u00e4tzliche Informationen erhalten<a class=\"moretag\" href=\"https:\/\/www.keratoconuscentrumnederland.nl\/de\/zusaetzliche-informationen\/\">&#8230;<\/a><\/p>\n","protected":false},"author":1,"featured_media":0,"parent":0,"menu_order":0,"comment_status":"closed","ping_status":"closed","template":"","meta":{"inline_featured_image":false,"_glsr_average":0,"_glsr_ranking":0,"_glsr_reviews":0,"footnotes":""},"class_list":["post-5933","page","type-page","status-publish","hentry"],"yoast_head":"<!-- This site is optimized with the Yoast SEO plugin v27.2 - https:\/\/yoast.com\/product\/yoast-seo-wordpress\/ -->\n<title>Zus\u00e4tzliche Informationen - Keratoconuscentrum Nederland<\/title>\n<meta name=\"robots\" content=\"index, follow, max-snippet:-1, max-image-preview:large, max-video-preview:-1\" \/>\n<link rel=\"canonical\" href=\"https:\/\/www.keratoconuscentrumnederland.nl\/de\/zusaetzliche-informationen\/\" \/>\n<meta property=\"og:locale\" content=\"de_DE\" \/>\n<meta property=\"og:type\" content=\"article\" \/>\n<meta property=\"og:title\" content=\"Zus\u00e4tzliche Informationen - Keratoconuscentrum Nederland\" \/>\n<meta property=\"og:description\" content=\"[vc_row][vc_column][vc_column_text]Keratokonus ist eine komplexe Erkrankung, die mit vielen Unsicherheiten verbunden sein kann. Verl\u00e4ssliche Informationen sind daher von entscheidender Bedeutung. Wir als Keratokonuszentrum versuchen schon jetzt, \u00fcber diese Website und w\u00e4hrend der Beratungsgespr\u00e4che so viel wie m\u00f6glich zu vermitteln. Nachstehend finden Sie Links zu Websites, auf denen Sie zus\u00e4tzliche Informationen erhalten...\" \/>\n<meta property=\"og:url\" content=\"https:\/\/www.keratoconuscentrumnederland.nl\/de\/zusaetzliche-informationen\/\" \/>\n<meta property=\"og:site_name\" content=\"Keratoconuscentrum Nederland\" \/>\n<meta property=\"article:modified_time\" content=\"2025-08-26T06:31:41+00:00\" \/>\n<meta name=\"twitter:card\" content=\"summary_large_image\" \/>\n<meta name=\"twitter:label1\" content=\"Gesch\u00e4tzte Lesezeit\" \/>\n\t<meta name=\"twitter:data1\" content=\"1\u00a0Minute\" \/>\n<script type=\"application\/ld+json\" class=\"yoast-schema-graph\">{\"@context\":\"https:\/\/schema.org\",\"@graph\":[{\"@type\":\"WebPage\",\"@id\":\"https:\/\/www.keratoconuscentrumnederland.nl\/de\/zusaetzliche-informationen\/\",\"url\":\"https:\/\/www.keratoconuscentrumnederland.nl\/de\/zusaetzliche-informationen\/\",\"name\":\"Zus\u00e4tzliche Informationen - Keratoconuscentrum Nederland\",\"isPartOf\":{\"@id\":\"https:\/\/www.keratoconuscentrumnederland.nl\/de\/#website\"},\"datePublished\":\"2024-11-27T13:10:19+00:00\",\"dateModified\":\"2025-08-26T06:31:41+00:00\",\"breadcrumb\":{\"@id\":\"https:\/\/www.keratoconuscentrumnederland.nl\/de\/zusaetzliche-informationen\/#breadcrumb\"},\"inLanguage\":\"de\",\"potentialAction\":[{\"@type\":\"ReadAction\",\"target\":[\"https:\/\/www.keratoconuscentrumnederland.nl\/de\/zusaetzliche-informationen\/\"]}]},{\"@type\":\"BreadcrumbList\",\"@id\":\"https:\/\/www.keratoconuscentrumnederland.nl\/de\/zusaetzliche-informationen\/#breadcrumb\",\"itemListElement\":[{\"@type\":\"ListItem\",\"position\":1,\"name\":\"Home\",\"item\":\"https:\/\/www.keratoconuscentrumnederland.nl\/de\/keratokonus-zentrum\/\"},{\"@type\":\"ListItem\",\"position\":2,\"name\":\"Zus\u00e4tzliche Informationen\"}]},{\"@type\":\"WebSite\",\"@id\":\"https:\/\/www.keratoconuscentrumnederland.nl\/de\/#website\",\"url\":\"https:\/\/www.keratoconuscentrumnederland.nl\/de\/\",\"name\":\"Keratoconuscentrum Nederland\",\"description\":\"\",\"publisher\":{\"@id\":\"https:\/\/www.keratoconuscentrumnederland.nl\/de\/#organization\"},\"potentialAction\":[{\"@type\":\"SearchAction\",\"target\":{\"@type\":\"EntryPoint\",\"urlTemplate\":\"https:\/\/www.keratoconuscentrumnederland.nl\/de\/?s={search_term_string}\"},\"query-input\":{\"@type\":\"PropertyValueSpecification\",\"valueRequired\":true,\"valueName\":\"search_term_string\"}}],\"inLanguage\":\"de\"},{\"@type\":\"Organization\",\"@id\":\"https:\/\/www.keratoconuscentrumnederland.nl\/de\/#organization\",\"name\":\"Keratoconuscentrum Nederland\",\"url\":\"https:\/\/www.keratoconuscentrumnederland.nl\/de\/\",\"logo\":{\"@type\":\"ImageObject\",\"inLanguage\":\"de\",\"@id\":\"https:\/\/www.keratoconuscentrumnederland.nl\/de\/#\/schema\/logo\/image\/\",\"url\":\"https:\/\/www.keratoconuscentrumnederland.nl\/wp-content\/uploads\/logo-keratocuscentrum-nederland.png\",\"contentUrl\":\"https:\/\/www.keratoconuscentrumnederland.nl\/wp-content\/uploads\/logo-keratocuscentrum-nederland.png\",\"width\":223,\"height\":97,\"caption\":\"Keratoconuscentrum Nederland\"},\"image\":{\"@id\":\"https:\/\/www.keratoconuscentrumnederland.nl\/de\/#\/schema\/logo\/image\/\"}}]}<\/script>\n<!-- \/ Yoast SEO plugin. -->","yoast_head_json":{"title":"Zus\u00e4tzliche Informationen - Keratoconuscentrum Nederland","robots":{"index":"index","follow":"follow","max-snippet":"max-snippet:-1","max-image-preview":"max-image-preview:large","max-video-preview":"max-video-preview:-1"},"canonical":"https:\/\/www.keratoconuscentrumnederland.nl\/de\/zusaetzliche-informationen\/","og_locale":"de_DE","og_type":"article","og_title":"Zus\u00e4tzliche Informationen - Keratoconuscentrum Nederland","og_description":"[vc_row][vc_column][vc_column_text]Keratokonus ist eine komplexe Erkrankung, die mit vielen Unsicherheiten verbunden sein kann. Verl\u00e4ssliche Informationen sind daher von entscheidender Bedeutung. Wir als Keratokonuszentrum versuchen schon jetzt, \u00fcber diese Website und w\u00e4hrend der Beratungsgespr\u00e4che so viel wie m\u00f6glich zu vermitteln. Nachstehend finden Sie Links zu Websites, auf denen Sie zus\u00e4tzliche Informationen erhalten...","og_url":"https:\/\/www.keratoconuscentrumnederland.nl\/de\/zusaetzliche-informationen\/","og_site_name":"Keratoconuscentrum Nederland","article_modified_time":"2025-08-26T06:31:41+00:00","twitter_card":"summary_large_image","twitter_misc":{"Gesch\u00e4tzte Lesezeit":"1\u00a0Minute"},"schema":{"@context":"https:\/\/schema.org","@graph":[{"@type":"WebPage","@id":"https:\/\/www.keratoconuscentrumnederland.nl\/de\/zusaetzliche-informationen\/","url":"https:\/\/www.keratoconuscentrumnederland.nl\/de\/zusaetzliche-informationen\/","name":"Zus\u00e4tzliche Informationen - Keratoconuscentrum Nederland","isPartOf":{"@id":"https:\/\/www.keratoconuscentrumnederland.nl\/de\/#website"},"datePublished":"2024-11-27T13:10:19+00:00","dateModified":"2025-08-26T06:31:41+00:00","breadcrumb":{"@id":"https:\/\/www.keratoconuscentrumnederland.nl\/de\/zusaetzliche-informationen\/#breadcrumb"},"inLanguage":"de","potentialAction":[{"@type":"ReadAction","target":["https:\/\/www.keratoconuscentrumnederland.nl\/de\/zusaetzliche-informationen\/"]}]},{"@type":"BreadcrumbList","@id":"https:\/\/www.keratoconuscentrumnederland.nl\/de\/zusaetzliche-informationen\/#breadcrumb","itemListElement":[{"@type":"ListItem","position":1,"name":"Home","item":"https:\/\/www.keratoconuscentrumnederland.nl\/de\/keratokonus-zentrum\/"},{"@type":"ListItem","position":2,"name":"Zus\u00e4tzliche Informationen"}]},{"@type":"WebSite","@id":"https:\/\/www.keratoconuscentrumnederland.nl\/de\/#website","url":"https:\/\/www.keratoconuscentrumnederland.nl\/de\/","name":"Keratoconuscentrum Nederland","description":"","publisher":{"@id":"https:\/\/www.keratoconuscentrumnederland.nl\/de\/#organization"},"potentialAction":[{"@type":"SearchAction","target":{"@type":"EntryPoint","urlTemplate":"https:\/\/www.keratoconuscentrumnederland.nl\/de\/?s={search_term_string}"},"query-input":{"@type":"PropertyValueSpecification","valueRequired":true,"valueName":"search_term_string"}}],"inLanguage":"de"},{"@type":"Organization","@id":"https:\/\/www.keratoconuscentrumnederland.nl\/de\/#organization","name":"Keratoconuscentrum Nederland","url":"https:\/\/www.keratoconuscentrumnederland.nl\/de\/","logo":{"@type":"ImageObject","inLanguage":"de","@id":"https:\/\/www.keratoconuscentrumnederland.nl\/de\/#\/schema\/logo\/image\/","url":"https:\/\/www.keratoconuscentrumnederland.nl\/wp-content\/uploads\/logo-keratocuscentrum-nederland.png","contentUrl":"https:\/\/www.keratoconuscentrumnederland.nl\/wp-content\/uploads\/logo-keratocuscentrum-nederland.png","width":223,"height":97,"caption":"Keratoconuscentrum Nederland"},"image":{"@id":"https:\/\/www.keratoconuscentrumnederland.nl\/de\/#\/schema\/logo\/image\/"}}]}},"_links":{"self":[{"href":"https:\/\/www.keratoconuscentrumnederland.nl\/de\/wp-json\/wp\/v2\/pages\/5933","targetHints":{"allow":["GET"]}}],"collection":[{"href":"https:\/\/www.keratoconuscentrumnederland.nl\/de\/wp-json\/wp\/v2\/pages"}],"about":[{"href":"https:\/\/www.keratoconuscentrumnederland.nl\/de\/wp-json\/wp\/v2\/types\/page"}],"author":[{"embeddable":true,"href":"https:\/\/www.keratoconuscentrumnederland.nl\/de\/wp-json\/wp\/v2\/users\/1"}],"replies":[{"embeddable":true,"href":"https:\/\/www.keratoconuscentrumnederland.nl\/de\/wp-json\/wp\/v2\/comments?post=5933"}],"version-history":[{"count":1,"href":"https:\/\/www.keratoconuscentrumnederland.nl\/de\/wp-json\/wp\/v2\/pages\/5933\/revisions"}],"predecessor-version":[{"id":5934,"href":"https:\/\/www.keratoconuscentrumnederland.nl\/de\/wp-json\/wp\/v2\/pages\/5933\/revisions\/5934"}],"wp:attachment":[{"href":"https:\/\/www.keratoconuscentrumnederland.nl\/de\/wp-json\/wp\/v2\/media?parent=5933"}],"curies":[{"name":"wp","href":"https:\/\/api.w.org\/{rel}","templated":true}]}}