{"id":5944,"date":"2024-01-15T10:47:30","date_gmt":"2024-01-15T09:47:30","guid":{"rendered":"https:\/\/www.keratoconuscentrumnederland.nl\/ueber-uns\/stellenangebote\/"},"modified":"2025-08-26T08:34:18","modified_gmt":"2025-08-26T06:34:18","slug":"stellenangebote","status":"publish","type":"page","link":"https:\/\/www.keratoconuscentrumnederland.nl\/de\/ueber-uns\/stellenangebote\/","title":{"rendered":"Stellenangebote"},"content":{"rendered":"<p>[vc_row][vc_column][vc_column_text]<\/p>\n<h2>Franchisenehmer gesucht!<\/h2>\n<p>Sind Sie ein ehrgeiziger Unternehmer, der nach einer neuen Herausforderung sucht? Dies ist die perfekte Gelegenheit, sich dem Keratokonuszentrum Niederlande anzuschlie\u00dfen. Spielen Sie selbst eine Schl\u00fcsselrolle bei der Entwicklung neuer Produkte und Verfahren, um die Lebensqualit\u00e4t von Keratokonus-Patienten zu verbessern.<\/p>\n<h2>Unternehmertum innerhalb der Organisation eines innovativen Unternehmens<\/h2>\n<p>Im Keratokonuszentrum Niederlande spielt die Aberrometrie eine zentrale Rolle. Durch die visuelle Simulation des Sehverm\u00f6gens von Patienten mit Keratokonus f\u00fchlt sich der Patient verstanden und wir als Gesundheitsdienstleister gewinnen die Einsicht, die Augen des KC-Patienten besser zu korrigieren. Mit unseren patentierten wellenfrontkorrigierten Sklerallinsen ist es bereits m\u00f6glich, die Sehleistung unserer Patienten im Vergleich zu normalen Sklerallinsen deutlich zu verbessern. Damit sind wir die ersten in Europa. Derzeit wird an der Entwicklung einer wellenfrontkorrigierten weichen Keratokonuslinse gearbeitet, die voraussichtlich noch in diesem Jahr getestet werden kann. Ein vom niederl\u00e4ndischen Keratokonuszentrum patentiertes Linsenmessger\u00e4t, das eine noch bessere Messung der Augenst\u00e4rke bei Keratokonus erm\u00f6glicht, wird wahrscheinlich ebenfalls bald verf\u00fcgbar sein.<\/p>\n<h2>Was sind die Grundwerte des Keratokonuszentrums Niederlande?<\/h2>\n<ul>\n<li>Zeit und F\u00fcrsorge f\u00fcr den Patienten<\/li>\n<li>Innovation, das ist die Grundlage f\u00fcr unser Gesch\u00e4ft<\/li>\n<li>Verbesserung der Sehleistung von KC-Patienten weltweit<\/li>\n<li>Forschung betreiben und Wissen teilen<\/li>\n<li>Entwicklung neuer Produkte und Augenmessverfahren<\/li>\n<li>Enge Zusammenarbeit mit Ophthalmologen und anderen Partnern<\/li>\n<\/ul>\n<p>[\/vc_column_text][\/vc_column][\/vc_row][vc_row][vc_column][vc_column_text]<\/p>\n<h2>Was ist Ihr Profil?<\/h2>\n<ul>\n<li>Sie sind Augenoptiker und haben eine gro\u00dfe Affinit\u00e4t zur Kontaktlinsenanpassung<\/li>\n<li>Sie sind ehrgeizig und streben nach Besserem<\/li>\n<li>Sie verf\u00fcgen \u00fcber ausgezeichnete Kommunikationsf\u00e4higkeiten und Einf\u00fchlungsverm\u00f6gen<\/li>\n<li>Sie sind kontaktfreudig und arbeiten gerne mit anderen Pflegern zusammen<\/li>\n<li>Sie sind unternehmerisch, verantwortungsbewusst, f\u00fcrsorglich und denken positiv<\/li>\n<\/ul>\n<p>[\/vc_column_text][\/vc_column][\/vc_row][vc_row][vc_column][vc_column_text]<\/p>\n<h2>Ist das etwas f\u00fcr Sie?<\/h2>\n<p>Als Franchisenehmer kombinieren Sie das Beste aus beiden Welten. Sie werden die Produkte und den Namen des Keratokonuszentrums Niederlande verwenden und haben die Freiheit, sich innerhalb der Organisation als Unternehmer zu entwickeln. Nat\u00fcrlich werden Sie intern geschult und beaufsichtigt.<\/p>\n<p>Dies ist eine besondere Gelegenheit, zur erfolgreichen Verbesserung der Versorgung von Patienten mit Keratokonus beizutragen. Sie k\u00f6nnen Teil unserer Mission werden, die optische Versorgung von KC-Patienten auf die n\u00e4chste Stufe zu heben, nicht nur in den Niederlanden, sondern auch im Ausland.<\/p>\n<p><strong>Senden Sie ein Bewerbungsschreiben und Ihren Lebenslauf an:<\/strong><br \/>\nKeratoconuscentrum Nederland<br \/>\natt.a.v. Chr\u00e9tien Frambach<br \/>\nBoerhaavelaan 40<br \/>\n2713 HX Zoetermeer[\/vc_column_text][\/vc_column][\/vc_row]<\/p>\n","protected":false},"excerpt":{"rendered":"<p>[vc_row][vc_column][vc_column_text] Franchisenehmer gesucht! Sind Sie ein ehrgeiziger Unternehmer, der nach einer neuen Herausforderung sucht? Dies ist die perfekte Gelegenheit, sich dem Keratokonuszentrum Niederlande anzuschlie\u00dfen. Spielen Sie selbst eine Schl\u00fcsselrolle bei der Entwicklung neuer Produkte und Verfahren, um die Lebensqualit\u00e4t von Keratokonus-Patienten zu verbessern. Unternehmertum innerhalb der Organisation eines innovativen Unternehmens<a class=\"moretag\" href=\"https:\/\/www.keratoconuscentrumnederland.nl\/de\/ueber-uns\/stellenangebote\/\">&#8230;<\/a><\/p>\n","protected":false},"author":1,"featured_media":0,"parent":1111,"menu_order":0,"comment_status":"closed","ping_status":"closed","template":"","meta":{"inline_featured_image":false,"_glsr_average":0,"_glsr_ranking":0,"_glsr_reviews":0,"footnotes":""},"class_list":["post-5944","page","type-page","status-publish","hentry"],"yoast_head":"<!-- This site is optimized with the Yoast SEO plugin v27.2 - https:\/\/yoast.com\/product\/yoast-seo-wordpress\/ -->\n<title>Stellenangebote - Keratoconuscentrum Nederland<\/title>\n<meta name=\"robots\" content=\"index, follow, max-snippet:-1, max-image-preview:large, max-video-preview:-1\" \/>\n<link rel=\"canonical\" href=\"https:\/\/www.keratoconuscentrumnederland.nl\/de\/ueber-uns\/stellenangebote\/\" \/>\n<meta property=\"og:locale\" content=\"de_DE\" \/>\n<meta property=\"og:type\" content=\"article\" \/>\n<meta property=\"og:title\" content=\"Stellenangebote - Keratoconuscentrum Nederland\" \/>\n<meta property=\"og:description\" content=\"[vc_row][vc_column][vc_column_text] Franchisenehmer gesucht! Sind Sie ein ehrgeiziger Unternehmer, der nach einer neuen Herausforderung sucht? Dies ist die perfekte Gelegenheit, sich dem Keratokonuszentrum Niederlande anzuschlie\u00dfen. Spielen Sie selbst eine Schl\u00fcsselrolle bei der Entwicklung neuer Produkte und Verfahren, um die Lebensqualit\u00e4t von Keratokonus-Patienten zu verbessern. Unternehmertum innerhalb der Organisation eines innovativen Unternehmens...\" \/>\n<meta property=\"og:url\" content=\"https:\/\/www.keratoconuscentrumnederland.nl\/de\/ueber-uns\/stellenangebote\/\" \/>\n<meta property=\"og:site_name\" content=\"Keratoconuscentrum Nederland\" \/>\n<meta property=\"article:modified_time\" content=\"2025-08-26T06:34:18+00:00\" \/>\n<meta name=\"twitter:card\" content=\"summary_large_image\" \/>\n<meta name=\"twitter:label1\" content=\"Gesch\u00e4tzte Lesezeit\" \/>\n\t<meta name=\"twitter:data1\" content=\"2\u00a0Minuten\" \/>\n<script type=\"application\/ld+json\" class=\"yoast-schema-graph\">{\"@context\":\"https:\/\/schema.org\",\"@graph\":[{\"@type\":\"WebPage\",\"@id\":\"https:\/\/www.keratoconuscentrumnederland.nl\/de\/ueber-uns\/stellenangebote\/\",\"url\":\"https:\/\/www.keratoconuscentrumnederland.nl\/de\/ueber-uns\/stellenangebote\/\",\"name\":\"Stellenangebote - Keratoconuscentrum Nederland\",\"isPartOf\":{\"@id\":\"https:\/\/www.keratoconuscentrumnederland.nl\/de\/#website\"},\"datePublished\":\"2024-01-15T09:47:30+00:00\",\"dateModified\":\"2025-08-26T06:34:18+00:00\",\"breadcrumb\":{\"@id\":\"https:\/\/www.keratoconuscentrumnederland.nl\/de\/ueber-uns\/stellenangebote\/#breadcrumb\"},\"inLanguage\":\"de\",\"potentialAction\":[{\"@type\":\"ReadAction\",\"target\":[\"https:\/\/www.keratoconuscentrumnederland.nl\/de\/ueber-uns\/stellenangebote\/\"]}]},{\"@type\":\"BreadcrumbList\",\"@id\":\"https:\/\/www.keratoconuscentrumnederland.nl\/de\/ueber-uns\/stellenangebote\/#breadcrumb\",\"itemListElement\":[{\"@type\":\"ListItem\",\"position\":1,\"name\":\"Home\",\"item\":\"https:\/\/www.keratoconuscentrumnederland.nl\/de\/keratokonus-zentrum\/\"},{\"@type\":\"ListItem\",\"position\":2,\"name\":\"\u00dcber uns\",\"item\":\"https:\/\/www.keratoconuscentrumnederland.nl\/de\/ueber-uns\/\"},{\"@type\":\"ListItem\",\"position\":3,\"name\":\"Stellenangebote\"}]},{\"@type\":\"WebSite\",\"@id\":\"https:\/\/www.keratoconuscentrumnederland.nl\/de\/#website\",\"url\":\"https:\/\/www.keratoconuscentrumnederland.nl\/de\/\",\"name\":\"Keratoconuscentrum Nederland\",\"description\":\"\",\"publisher\":{\"@id\":\"https:\/\/www.keratoconuscentrumnederland.nl\/de\/#organization\"},\"potentialAction\":[{\"@type\":\"SearchAction\",\"target\":{\"@type\":\"EntryPoint\",\"urlTemplate\":\"https:\/\/www.keratoconuscentrumnederland.nl\/de\/?s={search_term_string}\"},\"query-input\":{\"@type\":\"PropertyValueSpecification\",\"valueRequired\":true,\"valueName\":\"search_term_string\"}}],\"inLanguage\":\"de\"},{\"@type\":\"Organization\",\"@id\":\"https:\/\/www.keratoconuscentrumnederland.nl\/de\/#organization\",\"name\":\"Keratoconuscentrum Nederland\",\"url\":\"https:\/\/www.keratoconuscentrumnederland.nl\/de\/\",\"logo\":{\"@type\":\"ImageObject\",\"inLanguage\":\"de\",\"@id\":\"https:\/\/www.keratoconuscentrumnederland.nl\/de\/#\/schema\/logo\/image\/\",\"url\":\"https:\/\/www.keratoconuscentrumnederland.nl\/wp-content\/uploads\/logo-keratocuscentrum-nederland.png\",\"contentUrl\":\"https:\/\/www.keratoconuscentrumnederland.nl\/wp-content\/uploads\/logo-keratocuscentrum-nederland.png\",\"width\":223,\"height\":97,\"caption\":\"Keratoconuscentrum Nederland\"},\"image\":{\"@id\":\"https:\/\/www.keratoconuscentrumnederland.nl\/de\/#\/schema\/logo\/image\/\"}}]}<\/script>\n<!-- \/ Yoast SEO plugin. -->","yoast_head_json":{"title":"Stellenangebote - Keratoconuscentrum Nederland","robots":{"index":"index","follow":"follow","max-snippet":"max-snippet:-1","max-image-preview":"max-image-preview:large","max-video-preview":"max-video-preview:-1"},"canonical":"https:\/\/www.keratoconuscentrumnederland.nl\/de\/ueber-uns\/stellenangebote\/","og_locale":"de_DE","og_type":"article","og_title":"Stellenangebote - Keratoconuscentrum Nederland","og_description":"[vc_row][vc_column][vc_column_text] Franchisenehmer gesucht! Sind Sie ein ehrgeiziger Unternehmer, der nach einer neuen Herausforderung sucht? Dies ist die perfekte Gelegenheit, sich dem Keratokonuszentrum Niederlande anzuschlie\u00dfen. Spielen Sie selbst eine Schl\u00fcsselrolle bei der Entwicklung neuer Produkte und Verfahren, um die Lebensqualit\u00e4t von Keratokonus-Patienten zu verbessern. Unternehmertum innerhalb der Organisation eines innovativen Unternehmens...","og_url":"https:\/\/www.keratoconuscentrumnederland.nl\/de\/ueber-uns\/stellenangebote\/","og_site_name":"Keratoconuscentrum Nederland","article_modified_time":"2025-08-26T06:34:18+00:00","twitter_card":"summary_large_image","twitter_misc":{"Gesch\u00e4tzte Lesezeit":"2\u00a0Minuten"},"schema":{"@context":"https:\/\/schema.org","@graph":[{"@type":"WebPage","@id":"https:\/\/www.keratoconuscentrumnederland.nl\/de\/ueber-uns\/stellenangebote\/","url":"https:\/\/www.keratoconuscentrumnederland.nl\/de\/ueber-uns\/stellenangebote\/","name":"Stellenangebote - Keratoconuscentrum Nederland","isPartOf":{"@id":"https:\/\/www.keratoconuscentrumnederland.nl\/de\/#website"},"datePublished":"2024-01-15T09:47:30+00:00","dateModified":"2025-08-26T06:34:18+00:00","breadcrumb":{"@id":"https:\/\/www.keratoconuscentrumnederland.nl\/de\/ueber-uns\/stellenangebote\/#breadcrumb"},"inLanguage":"de","potentialAction":[{"@type":"ReadAction","target":["https:\/\/www.keratoconuscentrumnederland.nl\/de\/ueber-uns\/stellenangebote\/"]}]},{"@type":"BreadcrumbList","@id":"https:\/\/www.keratoconuscentrumnederland.nl\/de\/ueber-uns\/stellenangebote\/#breadcrumb","itemListElement":[{"@type":"ListItem","position":1,"name":"Home","item":"https:\/\/www.keratoconuscentrumnederland.nl\/de\/keratokonus-zentrum\/"},{"@type":"ListItem","position":2,"name":"\u00dcber uns","item":"https:\/\/www.keratoconuscentrumnederland.nl\/de\/ueber-uns\/"},{"@type":"ListItem","position":3,"name":"Stellenangebote"}]},{"@type":"WebSite","@id":"https:\/\/www.keratoconuscentrumnederland.nl\/de\/#website","url":"https:\/\/www.keratoconuscentrumnederland.nl\/de\/","name":"Keratoconuscentrum Nederland","description":"","publisher":{"@id":"https:\/\/www.keratoconuscentrumnederland.nl\/de\/#organization"},"potentialAction":[{"@type":"SearchAction","target":{"@type":"EntryPoint","urlTemplate":"https:\/\/www.keratoconuscentrumnederland.nl\/de\/?s={search_term_string}"},"query-input":{"@type":"PropertyValueSpecification","valueRequired":true,"valueName":"search_term_string"}}],"inLanguage":"de"},{"@type":"Organization","@id":"https:\/\/www.keratoconuscentrumnederland.nl\/de\/#organization","name":"Keratoconuscentrum Nederland","url":"https:\/\/www.keratoconuscentrumnederland.nl\/de\/","logo":{"@type":"ImageObject","inLanguage":"de","@id":"https:\/\/www.keratoconuscentrumnederland.nl\/de\/#\/schema\/logo\/image\/","url":"https:\/\/www.keratoconuscentrumnederland.nl\/wp-content\/uploads\/logo-keratocuscentrum-nederland.png","contentUrl":"https:\/\/www.keratoconuscentrumnederland.nl\/wp-content\/uploads\/logo-keratocuscentrum-nederland.png","width":223,"height":97,"caption":"Keratoconuscentrum Nederland"},"image":{"@id":"https:\/\/www.keratoconuscentrumnederland.nl\/de\/#\/schema\/logo\/image\/"}}]}},"_links":{"self":[{"href":"https:\/\/www.keratoconuscentrumnederland.nl\/de\/wp-json\/wp\/v2\/pages\/5944","targetHints":{"allow":["GET"]}}],"collection":[{"href":"https:\/\/www.keratoconuscentrumnederland.nl\/de\/wp-json\/wp\/v2\/pages"}],"about":[{"href":"https:\/\/www.keratoconuscentrumnederland.nl\/de\/wp-json\/wp\/v2\/types\/page"}],"author":[{"embeddable":true,"href":"https:\/\/www.keratoconuscentrumnederland.nl\/de\/wp-json\/wp\/v2\/users\/1"}],"replies":[{"embeddable":true,"href":"https:\/\/www.keratoconuscentrumnederland.nl\/de\/wp-json\/wp\/v2\/comments?post=5944"}],"version-history":[{"count":2,"href":"https:\/\/www.keratoconuscentrumnederland.nl\/de\/wp-json\/wp\/v2\/pages\/5944\/revisions"}],"predecessor-version":[{"id":5946,"href":"https:\/\/www.keratoconuscentrumnederland.nl\/de\/wp-json\/wp\/v2\/pages\/5944\/revisions\/5946"}],"up":[{"embeddable":true,"href":"https:\/\/www.keratoconuscentrumnederland.nl\/de\/wp-json\/wp\/v2\/pages\/1111"}],"wp:attachment":[{"href":"https:\/\/www.keratoconuscentrumnederland.nl\/de\/wp-json\/wp\/v2\/media?parent=5944"}],"curies":[{"name":"wp","href":"https:\/\/api.w.org\/{rel}","templated":true}]}}