{"id":5951,"date":"2024-11-29T08:47:36","date_gmt":"2024-11-29T07:47:36","guid":{"rendered":"https:\/\/www.keratoconuscentrumnederland.nl\/ueber-uns\/unser-team\/"},"modified":"2026-04-07T15:03:19","modified_gmt":"2026-04-07T13:03:19","slug":"unser-team","status":"publish","type":"page","link":"https:\/\/www.keratoconuscentrumnederland.nl\/de\/ueber-uns\/unser-team\/","title":{"rendered":"Unser Team"},"content":{"rendered":"<p>[vc_row][vc_column width=&#8220;1\/4&#8243;][vc_single_image image=&#8220;3609&#8243; img_size=&#8220;full&#8220; alignment=&#8220;center&#8220;][\/vc_column][vc_column width=&#8220;3\/4&#8243;][vc_column_text]<\/p>\n<h2>Chr\u00e9tien Frambach<\/h2>\n<p>Als Optometrist und Kontaktlinsenspezialist habe ich jahrelange Erfahrung mit der Anpassung von Kontaktlinsen aus medizinischen Gr\u00fcnden. Aufgrund der Komplexit\u00e4t der Pflege, die der Keratokonus erfordert, habe ich mich auf die Korrektur dieser Augenkrankheit spezialisiert. Ich habe das Keratoconus Centre Netherlands mit der klaren Vision gegr\u00fcndet, eine bessere fach\u00e4rztliche Versorgung f\u00fcr Menschen mit Keratokonus zu bieten. Das bedeutet, dass ich st\u00e4ndig versuche, neue Produkte und Technologien zu entwickeln. Mein Ziel ist es, mich immer weiter zu verbessern.    <\/p>\n<p><strong>Meine Mission ist es, durch die Entwicklung neuer Produkte die Lebensqualit\u00e4t von Patienten mit Keratokonus zu verbessern!<\/strong>[\/vc_column_text][\/vc_column][\/vc_row][vc_row][vc_column][vc_separator][\/vc_column][\/vc_row][vc_row][vc_column width=&#8220;1\/4&#8243;][vc_single_image image=&#8220;3615&#8243; img_size=&#8220;full&#8220; alignment=&#8220;center&#8220;][\/vc_column][vc_column width=&#8220;3\/4&#8243;][vc_column_text]<\/p>\n<h2>Irene Griffioen<\/h2>\n<p>Als Augenoptiker und Kontaktlinsenspezialist verf\u00fcge ich \u00fcber umfangreiche Erfahrung in der Anpassung von Linsen und Kontaktlinsen. Seit Mai 2023 arbeite ich im Keratokonuszentrum, wo ich mich weiter auf die Anpassung von Brillen und Kontaktlinsen f\u00fcr Menschen mit Keratokonus spezialisiert habe.<\/p>\n<p>Es wird oft angenommen, dass eine Brille bei Keratokonus keine Option ist. Dank unserer einzigartigen Messmethode gelingt es uns jedoch in den meisten F\u00e4llen, eine funktionelle Brille anzupassen. Aufgrund der umfangreichen Kenntnisse und Erfahrungen im Keratokonuszentrum Niederlande und der Zeit, die wir uns f\u00fcr jeden Termin nehmen, k\u00f6nnen wir f\u00fcr unsere Patienten oft einen gro\u00dfen Unterschied machen.<\/p>\n<p><strong>Ich gehe jeden Tag gerne zur Arbeit. Es gibt mir gro\u00dfe Befriedigung, Menschen zu einer besseren Sehkraft und damit zu einer h\u00f6heren Lebensqualit\u00e4t zu verhelfen.<\/strong><br \/>\n[\/vc_column_text][\/vc_column][\/vc_row][vc_row][vc_column][vc_separator][\/vc_column][\/vc_row][vc_row][vc_column width=&#8220;1\/4&#8243;][vc_single_image image=&#8220;3618&#8243; img_size=&#8220;full&#8220; alignment=&#8220;center&#8220;][\/vc_column][vc_column width=&#8220;3\/4&#8243;][vc_column_text]<\/p>\n<h2>Rian van Wijk<\/h2>\n<p>Im Jahr 2012 habe ich meinen Abschluss als angewandte Psychologin gemacht. Meine Leidenschaft galt jedoch eher der Augenpflege, und so arbeitete ich 12 Jahre lang als Optiker und Kontaktlinsenspezialist. Im Jahr 2024 kam ich zum Keratoconus Centre Netherlands, wo ich mich auf die Anpassung und \u00dcberpr\u00fcfung von Keratoconus-Linsen und Kontaktlinsen spezialisiert habe. Es ist toll zu sehen, wie oft wir f\u00fcr die Patienten einen Unterschied machen k\u00f6nnen. Es gibt zum Beispiel Patienten, die wieder am gesellschaftlichen Leben teilnehmen k\u00f6nnen, nachdem sie einige Zeit in Isolation gelebt haben, weil eine geeignete Sehhilfe gefunden wurde. Dieser psychologische Aspekt des Berufs gef\u00e4llt mir sehr. Er macht die Arbeit sehr lohnend und sinnvoll.     <\/p>\n<p><strong>Die innovativen Produkte, mit denen wir arbeiten, erm\u00f6glichen es uns oft, etwas zu bewirken, und das ist es, was mich antreibt.  <\/strong>[\/vc_column_text][\/vc_column][\/vc_row][vc_row][vc_column][vc_separator][\/vc_column][\/vc_row][vc_row][vc_column width=&#8220;1\/4&#8243;][vc_single_image image=&#8220;3622&#8243; img_size=&#8220;full&#8220; alignment=&#8220;center&#8220;][\/vc_column][vc_column width=&#8220;3\/4&#8243;][vc_column_text]<\/p>\n<h2>Marieke van Schaik<\/h2>\n<p>Ich bin 2008 durch Zufall in die Welt der medizinischen Optik gekommen und bin sehr gl\u00fccklich dar\u00fcber. Jeden Tag sehe ich, welchen Unterschied gute Linsen oder Brillen im Leben eines Menschen machen k\u00f6nnen. Als Sekret\u00e4rin liebe ich die Tatsache, dass ich dazu beitragen kann. Ich spreche mit Kunden per Telefon oder E-Mail und auch hier versuche ich, jedem die pers\u00f6nliche Aufmerksamkeit zu schenken, die er braucht. Ich k\u00fcmmere mich liebevoll um alle Fragen und kl\u00e4re sie. Auf diese Weise sorge ich hinter den Kulissen daf\u00fcr, dass alles reibungslos abl\u00e4uft.     <\/p>\n<p><strong>Haben Sie eine Frage? Z\u00f6gern Sie nicht und kontaktieren Sie mich einfach. <\/strong>[\/vc_column_text][\/vc_column][\/vc_row][vc_row][vc_column][vc_separator][\/vc_column][\/vc_row][vc_row][vc_column width=&#8220;1\/4&#8243;][vc_single_image image=&#8220;6147&#8243; img_size=&#8220;full&#8220; alignment=&#8220;center&#8220;][\/vc_column][vc_column width=&#8220;3\/4&#8243;][vc_column_text]<\/p>\n<h2>Juli\u00ebtte Vaessen<\/h2>\n<p>Seit Januar 2025 arbeite ich gerne im Keratokonuszentrum Niederlande. Nachdem ich bei verschiedenen Arbeitgebern als Vertriebsassistentin und Kundenbetreuerin gearbeitet habe, ist die Arbeit im Keratokonuszentrum eine gro\u00dfe Befriedigung und Herausforderung f\u00fcr mich. Wir k\u00f6nnen hier oft wirklich etwas f\u00fcr die Menschen bewirken und ihnen helfen, besser zu sehen. Es macht mir wirklich Spa\u00df, dazu beitragen zu k\u00f6nnen. Zusammen mit Marieke unterst\u00fctze ich das Zentrum, indem ich mich um die Verwaltung k\u00fcmmere, Patienten empfange und mit ihnen telefoniere.<\/p>\n<p><strong>Ich hoffe, Sie bald bei einer Tasse Kaffee oder Tee in unserem sch\u00f6nen Zentrum begr\u00fc\u00dfen zu k\u00f6nnen!<\/strong>[\/vc_column_text][\/vc_column][\/vc_row]<\/p>\n","protected":false},"excerpt":{"rendered":"<p>[vc_row][vc_column width=&#8220;1\/4&#8243;][vc_single_image image=&#8220;3609&#8243; img_size=&#8220;full&#8220; alignment=&#8220;center&#8220;][\/vc_column][vc_column width=&#8220;3\/4&#8243;][vc_column_text] Chr\u00e9tien Frambach Als Optometrist und Kontaktlinsenspezialist habe ich jahrelange Erfahrung mit der Anpassung von Kontaktlinsen aus medizinischen Gr\u00fcnden. Aufgrund der Komplexit\u00e4t der Pflege, die der Keratokonus erfordert, habe ich mich auf die Korrektur dieser Augenkrankheit spezialisiert. Ich habe das Keratoconus Centre Netherlands mit der<a class=\"moretag\" href=\"https:\/\/www.keratoconuscentrumnederland.nl\/de\/ueber-uns\/unser-team\/\">&#8230;<\/a><\/p>\n","protected":false},"author":1,"featured_media":0,"parent":1111,"menu_order":0,"comment_status":"closed","ping_status":"closed","template":"","meta":{"inline_featured_image":false,"_glsr_average":0,"_glsr_ranking":0,"_glsr_reviews":0,"footnotes":""},"class_list":["post-5951","page","type-page","status-publish","hentry"],"yoast_head":"<!-- This site is optimized with the Yoast SEO plugin v27.2 - https:\/\/yoast.com\/product\/yoast-seo-wordpress\/ -->\n<title>Unser Team - Keratoconuscentrum Nederland<\/title>\n<meta name=\"robots\" content=\"index, follow, max-snippet:-1, max-image-preview:large, max-video-preview:-1\" \/>\n<link rel=\"canonical\" href=\"https:\/\/www.keratoconuscentrumnederland.nl\/de\/ueber-uns\/unser-team\/\" \/>\n<meta property=\"og:locale\" content=\"de_DE\" \/>\n<meta property=\"og:type\" content=\"article\" \/>\n<meta property=\"og:title\" content=\"Unser Team - Keratoconuscentrum Nederland\" \/>\n<meta property=\"og:description\" content=\"[vc_row][vc_column width=&#8220;1\/4&#8243;][vc_single_image image=&#8220;3609&#8243; img_size=&#8220;full&#8220; alignment=&#8220;center&#8220;][\/vc_column][vc_column width=&#8220;3\/4&#8243;][vc_column_text] Chr\u00e9tien Frambach Als Optometrist und Kontaktlinsenspezialist habe ich jahrelange Erfahrung mit der Anpassung von Kontaktlinsen aus medizinischen Gr\u00fcnden. Aufgrund der Komplexit\u00e4t der Pflege, die der Keratokonus erfordert, habe ich mich auf die Korrektur dieser Augenkrankheit spezialisiert. Ich habe das Keratoconus Centre Netherlands mit der...\" \/>\n<meta property=\"og:url\" content=\"https:\/\/www.keratoconuscentrumnederland.nl\/de\/ueber-uns\/unser-team\/\" \/>\n<meta property=\"og:site_name\" content=\"Keratoconuscentrum Nederland\" \/>\n<meta property=\"article:modified_time\" content=\"2026-04-07T13:03:19+00:00\" \/>\n<meta name=\"twitter:card\" content=\"summary_large_image\" \/>\n<meta name=\"twitter:label1\" content=\"Gesch\u00e4tzte Lesezeit\" \/>\n\t<meta name=\"twitter:data1\" content=\"4\u00a0Minuten\" \/>\n<script type=\"application\/ld+json\" class=\"yoast-schema-graph\">{\"@context\":\"https:\/\/schema.org\",\"@graph\":[{\"@type\":\"WebPage\",\"@id\":\"https:\/\/www.keratoconuscentrumnederland.nl\/de\/ueber-uns\/unser-team\/\",\"url\":\"https:\/\/www.keratoconuscentrumnederland.nl\/de\/ueber-uns\/unser-team\/\",\"name\":\"Unser Team - Keratoconuscentrum Nederland\",\"isPartOf\":{\"@id\":\"https:\/\/www.keratoconuscentrumnederland.nl\/de\/#website\"},\"datePublished\":\"2024-11-29T07:47:36+00:00\",\"dateModified\":\"2026-04-07T13:03:19+00:00\",\"breadcrumb\":{\"@id\":\"https:\/\/www.keratoconuscentrumnederland.nl\/de\/ueber-uns\/unser-team\/#breadcrumb\"},\"inLanguage\":\"de\",\"potentialAction\":[{\"@type\":\"ReadAction\",\"target\":[\"https:\/\/www.keratoconuscentrumnederland.nl\/de\/ueber-uns\/unser-team\/\"]}]},{\"@type\":\"BreadcrumbList\",\"@id\":\"https:\/\/www.keratoconuscentrumnederland.nl\/de\/ueber-uns\/unser-team\/#breadcrumb\",\"itemListElement\":[{\"@type\":\"ListItem\",\"position\":1,\"name\":\"Home\",\"item\":\"https:\/\/www.keratoconuscentrumnederland.nl\/de\/keratokonus-zentrum\/\"},{\"@type\":\"ListItem\",\"position\":2,\"name\":\"\u00dcber uns\",\"item\":\"https:\/\/www.keratoconuscentrumnederland.nl\/de\/ueber-uns\/\"},{\"@type\":\"ListItem\",\"position\":3,\"name\":\"Unser Team\"}]},{\"@type\":\"WebSite\",\"@id\":\"https:\/\/www.keratoconuscentrumnederland.nl\/de\/#website\",\"url\":\"https:\/\/www.keratoconuscentrumnederland.nl\/de\/\",\"name\":\"Keratoconuscentrum Nederland\",\"description\":\"\",\"publisher\":{\"@id\":\"https:\/\/www.keratoconuscentrumnederland.nl\/de\/#organization\"},\"potentialAction\":[{\"@type\":\"SearchAction\",\"target\":{\"@type\":\"EntryPoint\",\"urlTemplate\":\"https:\/\/www.keratoconuscentrumnederland.nl\/de\/?s={search_term_string}\"},\"query-input\":{\"@type\":\"PropertyValueSpecification\",\"valueRequired\":true,\"valueName\":\"search_term_string\"}}],\"inLanguage\":\"de\"},{\"@type\":\"Organization\",\"@id\":\"https:\/\/www.keratoconuscentrumnederland.nl\/de\/#organization\",\"name\":\"Keratoconuscentrum Nederland\",\"url\":\"https:\/\/www.keratoconuscentrumnederland.nl\/de\/\",\"logo\":{\"@type\":\"ImageObject\",\"inLanguage\":\"de\",\"@id\":\"https:\/\/www.keratoconuscentrumnederland.nl\/de\/#\/schema\/logo\/image\/\",\"url\":\"https:\/\/www.keratoconuscentrumnederland.nl\/wp-content\/uploads\/logo-keratocuscentrum-nederland.png\",\"contentUrl\":\"https:\/\/www.keratoconuscentrumnederland.nl\/wp-content\/uploads\/logo-keratocuscentrum-nederland.png\",\"width\":223,\"height\":97,\"caption\":\"Keratoconuscentrum Nederland\"},\"image\":{\"@id\":\"https:\/\/www.keratoconuscentrumnederland.nl\/de\/#\/schema\/logo\/image\/\"}}]}<\/script>\n<!-- \/ Yoast SEO plugin. -->","yoast_head_json":{"title":"Unser Team - Keratoconuscentrum Nederland","robots":{"index":"index","follow":"follow","max-snippet":"max-snippet:-1","max-image-preview":"max-image-preview:large","max-video-preview":"max-video-preview:-1"},"canonical":"https:\/\/www.keratoconuscentrumnederland.nl\/de\/ueber-uns\/unser-team\/","og_locale":"de_DE","og_type":"article","og_title":"Unser Team - Keratoconuscentrum Nederland","og_description":"[vc_row][vc_column width=&#8220;1\/4&#8243;][vc_single_image image=&#8220;3609&#8243; img_size=&#8220;full&#8220; alignment=&#8220;center&#8220;][\/vc_column][vc_column width=&#8220;3\/4&#8243;][vc_column_text] Chr\u00e9tien Frambach Als Optometrist und Kontaktlinsenspezialist habe ich jahrelange Erfahrung mit der Anpassung von Kontaktlinsen aus medizinischen Gr\u00fcnden. Aufgrund der Komplexit\u00e4t der Pflege, die der Keratokonus erfordert, habe ich mich auf die Korrektur dieser Augenkrankheit spezialisiert. Ich habe das Keratoconus Centre Netherlands mit der...","og_url":"https:\/\/www.keratoconuscentrumnederland.nl\/de\/ueber-uns\/unser-team\/","og_site_name":"Keratoconuscentrum Nederland","article_modified_time":"2026-04-07T13:03:19+00:00","twitter_card":"summary_large_image","twitter_misc":{"Gesch\u00e4tzte Lesezeit":"4\u00a0Minuten"},"schema":{"@context":"https:\/\/schema.org","@graph":[{"@type":"WebPage","@id":"https:\/\/www.keratoconuscentrumnederland.nl\/de\/ueber-uns\/unser-team\/","url":"https:\/\/www.keratoconuscentrumnederland.nl\/de\/ueber-uns\/unser-team\/","name":"Unser Team - Keratoconuscentrum Nederland","isPartOf":{"@id":"https:\/\/www.keratoconuscentrumnederland.nl\/de\/#website"},"datePublished":"2024-11-29T07:47:36+00:00","dateModified":"2026-04-07T13:03:19+00:00","breadcrumb":{"@id":"https:\/\/www.keratoconuscentrumnederland.nl\/de\/ueber-uns\/unser-team\/#breadcrumb"},"inLanguage":"de","potentialAction":[{"@type":"ReadAction","target":["https:\/\/www.keratoconuscentrumnederland.nl\/de\/ueber-uns\/unser-team\/"]}]},{"@type":"BreadcrumbList","@id":"https:\/\/www.keratoconuscentrumnederland.nl\/de\/ueber-uns\/unser-team\/#breadcrumb","itemListElement":[{"@type":"ListItem","position":1,"name":"Home","item":"https:\/\/www.keratoconuscentrumnederland.nl\/de\/keratokonus-zentrum\/"},{"@type":"ListItem","position":2,"name":"\u00dcber uns","item":"https:\/\/www.keratoconuscentrumnederland.nl\/de\/ueber-uns\/"},{"@type":"ListItem","position":3,"name":"Unser Team"}]},{"@type":"WebSite","@id":"https:\/\/www.keratoconuscentrumnederland.nl\/de\/#website","url":"https:\/\/www.keratoconuscentrumnederland.nl\/de\/","name":"Keratoconuscentrum Nederland","description":"","publisher":{"@id":"https:\/\/www.keratoconuscentrumnederland.nl\/de\/#organization"},"potentialAction":[{"@type":"SearchAction","target":{"@type":"EntryPoint","urlTemplate":"https:\/\/www.keratoconuscentrumnederland.nl\/de\/?s={search_term_string}"},"query-input":{"@type":"PropertyValueSpecification","valueRequired":true,"valueName":"search_term_string"}}],"inLanguage":"de"},{"@type":"Organization","@id":"https:\/\/www.keratoconuscentrumnederland.nl\/de\/#organization","name":"Keratoconuscentrum Nederland","url":"https:\/\/www.keratoconuscentrumnederland.nl\/de\/","logo":{"@type":"ImageObject","inLanguage":"de","@id":"https:\/\/www.keratoconuscentrumnederland.nl\/de\/#\/schema\/logo\/image\/","url":"https:\/\/www.keratoconuscentrumnederland.nl\/wp-content\/uploads\/logo-keratocuscentrum-nederland.png","contentUrl":"https:\/\/www.keratoconuscentrumnederland.nl\/wp-content\/uploads\/logo-keratocuscentrum-nederland.png","width":223,"height":97,"caption":"Keratoconuscentrum Nederland"},"image":{"@id":"https:\/\/www.keratoconuscentrumnederland.nl\/de\/#\/schema\/logo\/image\/"}}]}},"_links":{"self":[{"href":"https:\/\/www.keratoconuscentrumnederland.nl\/de\/wp-json\/wp\/v2\/pages\/5951","targetHints":{"allow":["GET"]}}],"collection":[{"href":"https:\/\/www.keratoconuscentrumnederland.nl\/de\/wp-json\/wp\/v2\/pages"}],"about":[{"href":"https:\/\/www.keratoconuscentrumnederland.nl\/de\/wp-json\/wp\/v2\/types\/page"}],"author":[{"embeddable":true,"href":"https:\/\/www.keratoconuscentrumnederland.nl\/de\/wp-json\/wp\/v2\/users\/1"}],"replies":[{"embeddable":true,"href":"https:\/\/www.keratoconuscentrumnederland.nl\/de\/wp-json\/wp\/v2\/comments?post=5951"}],"version-history":[{"count":7,"href":"https:\/\/www.keratoconuscentrumnederland.nl\/de\/wp-json\/wp\/v2\/pages\/5951\/revisions"}],"predecessor-version":[{"id":6520,"href":"https:\/\/www.keratoconuscentrumnederland.nl\/de\/wp-json\/wp\/v2\/pages\/5951\/revisions\/6520"}],"up":[{"embeddable":true,"href":"https:\/\/www.keratoconuscentrumnederland.nl\/de\/wp-json\/wp\/v2\/pages\/1111"}],"wp:attachment":[{"href":"https:\/\/www.keratoconuscentrumnederland.nl\/de\/wp-json\/wp\/v2\/media?parent=5951"}],"curies":[{"name":"wp","href":"https:\/\/api.w.org\/{rel}","templated":true}]}}