{"id":891,"date":"2022-01-14T10:05:16","date_gmt":"2022-01-14T09:05:16","guid":{"rendered":"https:\/\/www.keratoconuscentrumnederland.nl\/augenanomalie-keratokonus\/"},"modified":"2022-04-15T11:54:46","modified_gmt":"2022-04-15T09:54:46","slug":"augenanomalie-keratokonus","status":"publish","type":"page","link":"https:\/\/www.keratoconuscentrumnederland.nl\/de\/augenanomalie-keratokonus\/","title":{"rendered":"Augenanomalie Keratokonus"},"content":{"rendered":"<p>[vc_row][vc_column][vc_column_text]<\/p>\n<h2>Alles, was Sie \u00fcber die Augenkrankheit Keratokonus wissen m\u00fcssen<\/h2>\n<p>Wer an dem Augenfehler Keratokonus leidet, hat aufgrund einer kegelf\u00f6rmigen Verformung der Hornhaut des Auges ein vermindertes oder schlechtes Sehverm\u00f6gen. Wie diese Augenkrankheit entsteht, ist bisher unbekannt. Diese unregelm\u00e4\u00dfige Hornhautdeformit\u00e4t zeigt sich meist in der Pubert\u00e4t und kann sich bis zum 35. Lebensjahr allm\u00e4hlich verschlimmern. Die Augenerkrankung Keratokonus geht meist mit einer Verringerung der Sehsch\u00e4rfe einher. Normalerweise haben beide Augen Keratokonus, aber ein Auge hat eine schwerere Form.Forschung zeigt, dass Keratokonus bei etwa 1 von 400 Menschen in den Niederlanden auftritt. Damit leiden etwa 45.000 Menschen an dieser Augenkrankheit.<\/p>\n<h2>Ursachen dieser Augenerkrankung<\/h2>\n<p>Die Augenkrankheit Keratokonus wird sowohl durch erbliche als auch durch nicht erbliche Faktoren verursacht, manchmal auch durch eine Kombination von Faktoren:<\/p>\n<ul>\n<li>Vererbung: Die vermutete Ursache des Keratokonus ist eine erbliche angeborene Schw\u00e4chung der Hornhaut. Verwandte von jemandem mit Keratokonus k\u00f6nnen auch eine ver\u00e4nderte Form der Hornhaut haben. Das hei\u00dft aber nicht, dass sie Keratokonus bekommen sollte. Das Keratokonus-Risiko ist h\u00f6her.<\/li>\n<li>Menschen mit Keratokonus leiden oft unter Allergien, Asthma und Ekzemen. Dies sind auch Hautprobleme.<\/li>\n<li>Keratokonus tritt h\u00e4ufiger bei bestimmten Syndromen auf: Down-Syndrom, Turner, Marfan, Ehlers\/Danlos k\u00f6nnen ebenfalls mit der Bildung von Keratokonus in Verbindung gebracht werden. Aber auch bei anderen Augenerkrankungen, wie Retinitis pigmentosa und Aniridie.<\/li>\n<li>Menschen mit Keratokonus haben eine starke Tendenz, sich die Augen zu reiben. Starkes oder \u00fcberm\u00e4\u00dfiges Reiben kann zu einem Fortschreiten des Keratokonus f\u00fchren.<\/li>\n<\/ul>\n<h2>Behandlung der Augenerkrankung Keratokonus<\/h2>\n<p>Aufgrund des Augenfehlers Keratokonus sehen Sie weniger gut. Diese Sehschw\u00e4che kann in der Regel mit einer Brille oder harten (Sklera-)Linsen behoben werden. Manchmal ist jedoch eine Hornhauttransplantation erforderlich, um das Sehverm\u00f6gen zu verbessern. Und seit einigen Jahren kann diese Augenkrankheit Keratokonus mit Cross-Linking (CXL) behandelt werden, bei dem die Hornhaut mit UV-Licht bestrahlt wird. Diese Strahlung verh\u00e4rtet die Hornhaut und verhindert, dass sich der Keratokonus verschlimmert.<br \/>\n[\/vc_column_text][\/vc_column][\/vc_row]<\/p>\n","protected":false},"excerpt":{"rendered":"<p>[vc_row][vc_column][vc_column_text] Alles, was Sie \u00fcber die Augenkrankheit Keratokonus wissen m\u00fcssen Wer an dem Augenfehler Keratokonus leidet, hat aufgrund einer kegelf\u00f6rmigen Verformung der Hornhaut des Auges ein vermindertes oder schlechtes Sehverm\u00f6gen. Wie diese Augenkrankheit entsteht, ist bisher unbekannt. Diese unregelm\u00e4\u00dfige Hornhautdeformit\u00e4t zeigt sich meist in der Pubert\u00e4t und kann sich bis<a class=\"moretag\" href=\"https:\/\/www.keratoconuscentrumnederland.nl\/de\/augenanomalie-keratokonus\/\">&#8230;<\/a><\/p>\n","protected":false},"author":1,"featured_media":0,"parent":0,"menu_order":0,"comment_status":"closed","ping_status":"closed","template":"","meta":{"inline_featured_image":false,"_glsr_average":0,"_glsr_ranking":0,"_glsr_reviews":0,"footnotes":""},"class_list":["post-891","page","type-page","status-publish","hentry"],"yoast_head":"<!-- This site is optimized with the Yoast SEO plugin v27.2 - https:\/\/yoast.com\/product\/yoast-seo-wordpress\/ -->\n<title>Augenanomalie Keratokonus - Keratoconuscentrum Nederland<\/title>\n<meta name=\"description\" content=\"Diejenigen, die an der Augenerkrankung Keratokonus leiden, sehen weniger gut oder sogar schlecht. Was ist die Augenkrankheit Keratokonus und ist sie behandelbar? Hier k\u00f6nnen Sie mehr dar\u00fcber lesen\" \/>\n<meta name=\"robots\" content=\"index, follow, max-snippet:-1, max-image-preview:large, max-video-preview:-1\" \/>\n<link rel=\"canonical\" href=\"https:\/\/www.keratoconuscentrumnederland.nl\/de\/augenanomalie-keratokonus\/\" \/>\n<meta property=\"og:locale\" content=\"de_DE\" \/>\n<meta property=\"og:type\" content=\"article\" \/>\n<meta property=\"og:title\" content=\"Augenanomalie Keratokonus - Keratoconuscentrum Nederland\" \/>\n<meta property=\"og:description\" content=\"Diejenigen, die an der Augenerkrankung Keratokonus leiden, sehen weniger gut oder sogar schlecht. Was ist die Augenkrankheit Keratokonus und ist sie behandelbar? Hier k\u00f6nnen Sie mehr dar\u00fcber lesen\" \/>\n<meta property=\"og:url\" content=\"https:\/\/www.keratoconuscentrumnederland.nl\/de\/augenanomalie-keratokonus\/\" \/>\n<meta property=\"og:site_name\" content=\"Keratoconuscentrum Nederland\" \/>\n<meta property=\"article:modified_time\" content=\"2022-04-15T09:54:46+00:00\" \/>\n<meta name=\"twitter:card\" content=\"summary_large_image\" \/>\n<meta name=\"twitter:label1\" content=\"Gesch\u00e4tzte Lesezeit\" \/>\n\t<meta name=\"twitter:data1\" content=\"2\u00a0Minuten\" \/>\n<script type=\"application\/ld+json\" class=\"yoast-schema-graph\">{\"@context\":\"https:\/\/schema.org\",\"@graph\":[{\"@type\":\"WebPage\",\"@id\":\"https:\/\/www.keratoconuscentrumnederland.nl\/de\/augenanomalie-keratokonus\/\",\"url\":\"https:\/\/www.keratoconuscentrumnederland.nl\/de\/augenanomalie-keratokonus\/\",\"name\":\"Augenanomalie Keratokonus - Keratoconuscentrum Nederland\",\"isPartOf\":{\"@id\":\"https:\/\/www.keratoconuscentrumnederland.nl\/de\/#website\"},\"datePublished\":\"2022-01-14T09:05:16+00:00\",\"dateModified\":\"2022-04-15T09:54:46+00:00\",\"description\":\"Diejenigen, die an der Augenerkrankung Keratokonus leiden, sehen weniger gut oder sogar schlecht. Was ist die Augenkrankheit Keratokonus und ist sie behandelbar? Hier k\u00f6nnen Sie mehr dar\u00fcber lesen\",\"breadcrumb\":{\"@id\":\"https:\/\/www.keratoconuscentrumnederland.nl\/de\/augenanomalie-keratokonus\/#breadcrumb\"},\"inLanguage\":\"de\",\"potentialAction\":[{\"@type\":\"ReadAction\",\"target\":[\"https:\/\/www.keratoconuscentrumnederland.nl\/de\/augenanomalie-keratokonus\/\"]}]},{\"@type\":\"BreadcrumbList\",\"@id\":\"https:\/\/www.keratoconuscentrumnederland.nl\/de\/augenanomalie-keratokonus\/#breadcrumb\",\"itemListElement\":[{\"@type\":\"ListItem\",\"position\":1,\"name\":\"Home\",\"item\":\"https:\/\/www.keratoconuscentrumnederland.nl\/de\/keratokonus-zentrum\/\"},{\"@type\":\"ListItem\",\"position\":2,\"name\":\"Augenanomalie Keratokonus\"}]},{\"@type\":\"WebSite\",\"@id\":\"https:\/\/www.keratoconuscentrumnederland.nl\/de\/#website\",\"url\":\"https:\/\/www.keratoconuscentrumnederland.nl\/de\/\",\"name\":\"Keratoconuscentrum Nederland\",\"description\":\"\",\"publisher\":{\"@id\":\"https:\/\/www.keratoconuscentrumnederland.nl\/de\/#organization\"},\"potentialAction\":[{\"@type\":\"SearchAction\",\"target\":{\"@type\":\"EntryPoint\",\"urlTemplate\":\"https:\/\/www.keratoconuscentrumnederland.nl\/de\/?s={search_term_string}\"},\"query-input\":{\"@type\":\"PropertyValueSpecification\",\"valueRequired\":true,\"valueName\":\"search_term_string\"}}],\"inLanguage\":\"de\"},{\"@type\":\"Organization\",\"@id\":\"https:\/\/www.keratoconuscentrumnederland.nl\/de\/#organization\",\"name\":\"Keratoconuscentrum Nederland\",\"url\":\"https:\/\/www.keratoconuscentrumnederland.nl\/de\/\",\"logo\":{\"@type\":\"ImageObject\",\"inLanguage\":\"de\",\"@id\":\"https:\/\/www.keratoconuscentrumnederland.nl\/de\/#\/schema\/logo\/image\/\",\"url\":\"https:\/\/www.keratoconuscentrumnederland.nl\/wp-content\/uploads\/logo-keratocuscentrum-nederland.png\",\"contentUrl\":\"https:\/\/www.keratoconuscentrumnederland.nl\/wp-content\/uploads\/logo-keratocuscentrum-nederland.png\",\"width\":223,\"height\":97,\"caption\":\"Keratoconuscentrum Nederland\"},\"image\":{\"@id\":\"https:\/\/www.keratoconuscentrumnederland.nl\/de\/#\/schema\/logo\/image\/\"}}]}<\/script>\n<!-- \/ Yoast SEO plugin. -->","yoast_head_json":{"title":"Augenanomalie Keratokonus - Keratoconuscentrum Nederland","description":"Diejenigen, die an der Augenerkrankung Keratokonus leiden, sehen weniger gut oder sogar schlecht. Was ist die Augenkrankheit Keratokonus und ist sie behandelbar? Hier k\u00f6nnen Sie mehr dar\u00fcber lesen","robots":{"index":"index","follow":"follow","max-snippet":"max-snippet:-1","max-image-preview":"max-image-preview:large","max-video-preview":"max-video-preview:-1"},"canonical":"https:\/\/www.keratoconuscentrumnederland.nl\/de\/augenanomalie-keratokonus\/","og_locale":"de_DE","og_type":"article","og_title":"Augenanomalie Keratokonus - Keratoconuscentrum Nederland","og_description":"Diejenigen, die an der Augenerkrankung Keratokonus leiden, sehen weniger gut oder sogar schlecht. Was ist die Augenkrankheit Keratokonus und ist sie behandelbar? Hier k\u00f6nnen Sie mehr dar\u00fcber lesen","og_url":"https:\/\/www.keratoconuscentrumnederland.nl\/de\/augenanomalie-keratokonus\/","og_site_name":"Keratoconuscentrum Nederland","article_modified_time":"2022-04-15T09:54:46+00:00","twitter_card":"summary_large_image","twitter_misc":{"Gesch\u00e4tzte Lesezeit":"2\u00a0Minuten"},"schema":{"@context":"https:\/\/schema.org","@graph":[{"@type":"WebPage","@id":"https:\/\/www.keratoconuscentrumnederland.nl\/de\/augenanomalie-keratokonus\/","url":"https:\/\/www.keratoconuscentrumnederland.nl\/de\/augenanomalie-keratokonus\/","name":"Augenanomalie Keratokonus - Keratoconuscentrum Nederland","isPartOf":{"@id":"https:\/\/www.keratoconuscentrumnederland.nl\/de\/#website"},"datePublished":"2022-01-14T09:05:16+00:00","dateModified":"2022-04-15T09:54:46+00:00","description":"Diejenigen, die an der Augenerkrankung Keratokonus leiden, sehen weniger gut oder sogar schlecht. Was ist die Augenkrankheit Keratokonus und ist sie behandelbar? Hier k\u00f6nnen Sie mehr dar\u00fcber lesen","breadcrumb":{"@id":"https:\/\/www.keratoconuscentrumnederland.nl\/de\/augenanomalie-keratokonus\/#breadcrumb"},"inLanguage":"de","potentialAction":[{"@type":"ReadAction","target":["https:\/\/www.keratoconuscentrumnederland.nl\/de\/augenanomalie-keratokonus\/"]}]},{"@type":"BreadcrumbList","@id":"https:\/\/www.keratoconuscentrumnederland.nl\/de\/augenanomalie-keratokonus\/#breadcrumb","itemListElement":[{"@type":"ListItem","position":1,"name":"Home","item":"https:\/\/www.keratoconuscentrumnederland.nl\/de\/keratokonus-zentrum\/"},{"@type":"ListItem","position":2,"name":"Augenanomalie Keratokonus"}]},{"@type":"WebSite","@id":"https:\/\/www.keratoconuscentrumnederland.nl\/de\/#website","url":"https:\/\/www.keratoconuscentrumnederland.nl\/de\/","name":"Keratoconuscentrum Nederland","description":"","publisher":{"@id":"https:\/\/www.keratoconuscentrumnederland.nl\/de\/#organization"},"potentialAction":[{"@type":"SearchAction","target":{"@type":"EntryPoint","urlTemplate":"https:\/\/www.keratoconuscentrumnederland.nl\/de\/?s={search_term_string}"},"query-input":{"@type":"PropertyValueSpecification","valueRequired":true,"valueName":"search_term_string"}}],"inLanguage":"de"},{"@type":"Organization","@id":"https:\/\/www.keratoconuscentrumnederland.nl\/de\/#organization","name":"Keratoconuscentrum Nederland","url":"https:\/\/www.keratoconuscentrumnederland.nl\/de\/","logo":{"@type":"ImageObject","inLanguage":"de","@id":"https:\/\/www.keratoconuscentrumnederland.nl\/de\/#\/schema\/logo\/image\/","url":"https:\/\/www.keratoconuscentrumnederland.nl\/wp-content\/uploads\/logo-keratocuscentrum-nederland.png","contentUrl":"https:\/\/www.keratoconuscentrumnederland.nl\/wp-content\/uploads\/logo-keratocuscentrum-nederland.png","width":223,"height":97,"caption":"Keratoconuscentrum Nederland"},"image":{"@id":"https:\/\/www.keratoconuscentrumnederland.nl\/de\/#\/schema\/logo\/image\/"}}]}},"_links":{"self":[{"href":"https:\/\/www.keratoconuscentrumnederland.nl\/de\/wp-json\/wp\/v2\/pages\/891","targetHints":{"allow":["GET"]}}],"collection":[{"href":"https:\/\/www.keratoconuscentrumnederland.nl\/de\/wp-json\/wp\/v2\/pages"}],"about":[{"href":"https:\/\/www.keratoconuscentrumnederland.nl\/de\/wp-json\/wp\/v2\/types\/page"}],"author":[{"embeddable":true,"href":"https:\/\/www.keratoconuscentrumnederland.nl\/de\/wp-json\/wp\/v2\/users\/1"}],"replies":[{"embeddable":true,"href":"https:\/\/www.keratoconuscentrumnederland.nl\/de\/wp-json\/wp\/v2\/comments?post=891"}],"version-history":[{"count":10,"href":"https:\/\/www.keratoconuscentrumnederland.nl\/de\/wp-json\/wp\/v2\/pages\/891\/revisions"}],"predecessor-version":[{"id":1038,"href":"https:\/\/www.keratoconuscentrumnederland.nl\/de\/wp-json\/wp\/v2\/pages\/891\/revisions\/1038"}],"wp:attachment":[{"href":"https:\/\/www.keratoconuscentrumnederland.nl\/de\/wp-json\/wp\/v2\/media?parent=891"}],"curies":[{"name":"wp","href":"https:\/\/api.w.org\/{rel}","templated":true}]}}