{"id":892,"date":"2022-01-14T09:58:48","date_gmt":"2022-01-14T08:58:48","guid":{"rendered":"https:\/\/www.keratoconuscentrumnederland.nl\/keratokonus-operation\/"},"modified":"2022-04-15T11:54:46","modified_gmt":"2022-04-15T09:54:46","slug":"keratokonus-operation","status":"publish","type":"page","link":"https:\/\/www.keratoconuscentrumnederland.nl\/de\/keratokonus-operation\/","title":{"rendered":"Keratokonus-Operation"},"content":{"rendered":"<p>[vc_row][vc_column][vc_column_text]<\/p>\n<h2>Welche Keratokonus-Operationen sind m\u00f6glich?<\/h2>\n<p>Wenn verschiedene Behandlungen des Keratokonus versagt haben, kann eine Keratokonus-Operation eine L\u00f6sung bieten. Neben Brillen oder Kontaktlinsen und Cross-Linking gibt es verschiedene chirurgische Behandlungen f\u00fcr Keratokonus. Die Behandlung von Keratokonus mit einer Operation ist drastisch. Nachfolgend k\u00f6nnen Sie mehr dar\u00fcber lesen, welche Keratokonus-Operation Sie m\u00f6glicherweise durchf\u00fchren lassen, wenn Kontaktlinsen oder eine Keratokonus-Brille nicht hilfreich sind.<\/p>\n<h2>Implantation von Intakten in die Hornhaut<\/h2>\n<p>Eine m\u00f6gliche Keratokonus-Operation ist die Implantation von Intakten. Intakte sind d\u00fcnne halbkreisf\u00f6rmige Ringe mit einer maximalen Dicke von 0,45 mm, die in die Hornhaut eingebracht werden. Diese Keraringe, wie auch Intakte genannt werden, bestehen aus klarem, k\u00f6rperfreundlichem Kunststoff. Seit mehr als 50 Jahren wird dieses Material auch f\u00fcr Kunstlinsen in der Kataraktchirurgie verwendet. Diese Ringe sorgen f\u00fcr zus\u00e4tzliches Volumen in der Hornhaut, wodurch die Form der Hornhaut an der Stelle der Ringe flacher wird. Dadurch wird die Kegelform der Hornhaut weniger steil und erh\u00e4lt eine regelm\u00e4\u00dfigere Form. Diese Keratokonus-Operation erleichtert die Korrektur mit Brille oder Kontaktlinsen erheblich.<\/p>\n<h2>Hornhauttransplantation<\/h2>\n<p>Wenn das Einsetzen von Intakten nicht gut funktioniert oder nicht m\u00f6glich ist, kann eine Hornhauttransplantation die L\u00f6sung sein. Diese Keratokonus-Operation ist sehr erfolgreich, aber die Genesung nach der Operation dauert lange. Auch m\u00fcssen Sie oft Kontaktlinsen tragen, um das Sehverm\u00f6gen wieder funktionsf\u00e4hig zu machen.<\/p>\n<h2>Komplette Hornhauttransplantation: Perforierende Keratoplastik (PKP)<\/h2>\n<p>Wenn die Hornhaut vollst\u00e4ndig eingetr\u00fcbt ist, kann das Sehverm\u00f6gen nur wiederhergestellt werden, indem die undurchsichtige Hornhaut vollst\u00e4ndig durch eine klare ersetzt wird. Diese Keratokonus-Operation wird als perforierende Keratoplastik bezeichnet. Die Abk\u00fcrzungen daf\u00fcr sind \u201ePK\u201c (Perforating Keratoplasty) oder \u201ePKP\u201c (Perforating KeratoPlastic).<\/p>\n<h2>Teilweise Hornhauttransplantation (DALK)<\/h2>\n<p>Bei Keratokonus wird h\u00e4ufig eine partielle Hornhauttransplantation verwendet. Diese Operation wird als DALK oder tiefe anteriore lamell\u00e4re Keratoplastik bezeichnet. Der zentrale, \u00e4u\u00dfere Teil der Hornhaut wird fast \u00fcber die gesamte Dicke durch Spendergewebe ersetzt. DALK ist eine wirksame Behandlung f\u00fcr Anomalien auf der Vorderseite der Hornhaut (Epithel, Bowmans-Schicht, Stroma), wo die Endothelschicht (innere Schicht) noch gesund ist.<\/p>\n<h2>Lange Genesung nach einer Hornhautoperation<\/h2>\n<p>Der Erfolg nach einer Hornhauttransplantation bei Keratokonus ist hoch, aber die Genesung nach der Operation dauert lange. Rechnen Sie mit einem Jahr. Eine transplantierte Hornhaut h\u00e4lt durchschnittlich 15 bis 20 Jahre.[\/vc_column_text][\/vc_column][\/vc_row]<\/p>\n","protected":false},"excerpt":{"rendered":"<p>[vc_row][vc_column][vc_column_text] Welche Keratokonus-Operationen sind m\u00f6glich? Wenn verschiedene Behandlungen des Keratokonus versagt haben, kann eine Keratokonus-Operation eine L\u00f6sung bieten. Neben Brillen oder Kontaktlinsen und Cross-Linking gibt es verschiedene chirurgische Behandlungen f\u00fcr Keratokonus. Die Behandlung von Keratokonus mit einer Operation ist drastisch. Nachfolgend k\u00f6nnen Sie mehr dar\u00fcber lesen, welche Keratokonus-Operation Sie m\u00f6glicherweise<a class=\"moretag\" href=\"https:\/\/www.keratoconuscentrumnederland.nl\/de\/keratokonus-operation\/\">&#8230;<\/a><\/p>\n","protected":false},"author":1,"featured_media":0,"parent":0,"menu_order":0,"comment_status":"closed","ping_status":"closed","template":"","meta":{"inline_featured_image":false,"_glsr_average":0,"_glsr_ranking":0,"_glsr_reviews":0,"footnotes":""},"class_list":["post-892","page","type-page","status-publish","hentry"],"yoast_head":"<!-- This site is optimized with the Yoast SEO plugin v27.2 - https:\/\/yoast.com\/product\/yoast-seo-wordpress\/ -->\n<title>Keratokonus-Operation - Keratoconuscentrum Nederland<\/title>\n<meta name=\"description\" content=\"Eine Keratokonus-Operation kann Sehprobleme lindern. Hier sind verschiedene Operationen m\u00f6glich. Das Keratokonus Zentrum Niederlande informiert.\" \/>\n<meta name=\"robots\" content=\"index, follow, max-snippet:-1, max-image-preview:large, max-video-preview:-1\" \/>\n<link rel=\"canonical\" href=\"https:\/\/www.keratoconuscentrumnederland.nl\/de\/keratokonus-operation\/\" \/>\n<meta property=\"og:locale\" content=\"de_DE\" \/>\n<meta property=\"og:type\" content=\"article\" \/>\n<meta property=\"og:title\" content=\"Keratokonus-Operation - Keratoconuscentrum Nederland\" \/>\n<meta property=\"og:description\" content=\"Eine Keratokonus-Operation kann Sehprobleme lindern. Hier sind verschiedene Operationen m\u00f6glich. Das Keratokonus Zentrum Niederlande informiert.\" \/>\n<meta property=\"og:url\" content=\"https:\/\/www.keratoconuscentrumnederland.nl\/de\/keratokonus-operation\/\" \/>\n<meta property=\"og:site_name\" content=\"Keratoconuscentrum Nederland\" \/>\n<meta property=\"article:modified_time\" content=\"2022-04-15T09:54:46+00:00\" \/>\n<meta name=\"twitter:card\" content=\"summary_large_image\" \/>\n<meta name=\"twitter:label1\" content=\"Gesch\u00e4tzte Lesezeit\" \/>\n\t<meta name=\"twitter:data1\" content=\"2\u00a0Minuten\" \/>\n<script type=\"application\/ld+json\" class=\"yoast-schema-graph\">{\"@context\":\"https:\/\/schema.org\",\"@graph\":[{\"@type\":\"WebPage\",\"@id\":\"https:\/\/www.keratoconuscentrumnederland.nl\/de\/keratokonus-operation\/\",\"url\":\"https:\/\/www.keratoconuscentrumnederland.nl\/de\/keratokonus-operation\/\",\"name\":\"Keratokonus-Operation - Keratoconuscentrum Nederland\",\"isPartOf\":{\"@id\":\"https:\/\/www.keratoconuscentrumnederland.nl\/de\/#website\"},\"datePublished\":\"2022-01-14T08:58:48+00:00\",\"dateModified\":\"2022-04-15T09:54:46+00:00\",\"description\":\"Eine Keratokonus-Operation kann Sehprobleme lindern. Hier sind verschiedene Operationen m\u00f6glich. Das Keratokonus Zentrum Niederlande informiert.\",\"breadcrumb\":{\"@id\":\"https:\/\/www.keratoconuscentrumnederland.nl\/de\/keratokonus-operation\/#breadcrumb\"},\"inLanguage\":\"de\",\"potentialAction\":[{\"@type\":\"ReadAction\",\"target\":[\"https:\/\/www.keratoconuscentrumnederland.nl\/de\/keratokonus-operation\/\"]}]},{\"@type\":\"BreadcrumbList\",\"@id\":\"https:\/\/www.keratoconuscentrumnederland.nl\/de\/keratokonus-operation\/#breadcrumb\",\"itemListElement\":[{\"@type\":\"ListItem\",\"position\":1,\"name\":\"Home\",\"item\":\"https:\/\/www.keratoconuscentrumnederland.nl\/de\/keratokonus-zentrum\/\"},{\"@type\":\"ListItem\",\"position\":2,\"name\":\"Keratokonus-Operation\"}]},{\"@type\":\"WebSite\",\"@id\":\"https:\/\/www.keratoconuscentrumnederland.nl\/de\/#website\",\"url\":\"https:\/\/www.keratoconuscentrumnederland.nl\/de\/\",\"name\":\"Keratoconuscentrum Nederland\",\"description\":\"\",\"publisher\":{\"@id\":\"https:\/\/www.keratoconuscentrumnederland.nl\/de\/#organization\"},\"potentialAction\":[{\"@type\":\"SearchAction\",\"target\":{\"@type\":\"EntryPoint\",\"urlTemplate\":\"https:\/\/www.keratoconuscentrumnederland.nl\/de\/?s={search_term_string}\"},\"query-input\":{\"@type\":\"PropertyValueSpecification\",\"valueRequired\":true,\"valueName\":\"search_term_string\"}}],\"inLanguage\":\"de\"},{\"@type\":\"Organization\",\"@id\":\"https:\/\/www.keratoconuscentrumnederland.nl\/de\/#organization\",\"name\":\"Keratoconuscentrum Nederland\",\"url\":\"https:\/\/www.keratoconuscentrumnederland.nl\/de\/\",\"logo\":{\"@type\":\"ImageObject\",\"inLanguage\":\"de\",\"@id\":\"https:\/\/www.keratoconuscentrumnederland.nl\/de\/#\/schema\/logo\/image\/\",\"url\":\"https:\/\/www.keratoconuscentrumnederland.nl\/wp-content\/uploads\/logo-keratocuscentrum-nederland.png\",\"contentUrl\":\"https:\/\/www.keratoconuscentrumnederland.nl\/wp-content\/uploads\/logo-keratocuscentrum-nederland.png\",\"width\":223,\"height\":97,\"caption\":\"Keratoconuscentrum Nederland\"},\"image\":{\"@id\":\"https:\/\/www.keratoconuscentrumnederland.nl\/de\/#\/schema\/logo\/image\/\"}}]}<\/script>\n<!-- \/ Yoast SEO plugin. -->","yoast_head_json":{"title":"Keratokonus-Operation - Keratoconuscentrum Nederland","description":"Eine Keratokonus-Operation kann Sehprobleme lindern. Hier sind verschiedene Operationen m\u00f6glich. Das Keratokonus Zentrum Niederlande informiert.","robots":{"index":"index","follow":"follow","max-snippet":"max-snippet:-1","max-image-preview":"max-image-preview:large","max-video-preview":"max-video-preview:-1"},"canonical":"https:\/\/www.keratoconuscentrumnederland.nl\/de\/keratokonus-operation\/","og_locale":"de_DE","og_type":"article","og_title":"Keratokonus-Operation - Keratoconuscentrum Nederland","og_description":"Eine Keratokonus-Operation kann Sehprobleme lindern. Hier sind verschiedene Operationen m\u00f6glich. Das Keratokonus Zentrum Niederlande informiert.","og_url":"https:\/\/www.keratoconuscentrumnederland.nl\/de\/keratokonus-operation\/","og_site_name":"Keratoconuscentrum Nederland","article_modified_time":"2022-04-15T09:54:46+00:00","twitter_card":"summary_large_image","twitter_misc":{"Gesch\u00e4tzte Lesezeit":"2\u00a0Minuten"},"schema":{"@context":"https:\/\/schema.org","@graph":[{"@type":"WebPage","@id":"https:\/\/www.keratoconuscentrumnederland.nl\/de\/keratokonus-operation\/","url":"https:\/\/www.keratoconuscentrumnederland.nl\/de\/keratokonus-operation\/","name":"Keratokonus-Operation - Keratoconuscentrum Nederland","isPartOf":{"@id":"https:\/\/www.keratoconuscentrumnederland.nl\/de\/#website"},"datePublished":"2022-01-14T08:58:48+00:00","dateModified":"2022-04-15T09:54:46+00:00","description":"Eine Keratokonus-Operation kann Sehprobleme lindern. Hier sind verschiedene Operationen m\u00f6glich. Das Keratokonus Zentrum Niederlande informiert.","breadcrumb":{"@id":"https:\/\/www.keratoconuscentrumnederland.nl\/de\/keratokonus-operation\/#breadcrumb"},"inLanguage":"de","potentialAction":[{"@type":"ReadAction","target":["https:\/\/www.keratoconuscentrumnederland.nl\/de\/keratokonus-operation\/"]}]},{"@type":"BreadcrumbList","@id":"https:\/\/www.keratoconuscentrumnederland.nl\/de\/keratokonus-operation\/#breadcrumb","itemListElement":[{"@type":"ListItem","position":1,"name":"Home","item":"https:\/\/www.keratoconuscentrumnederland.nl\/de\/keratokonus-zentrum\/"},{"@type":"ListItem","position":2,"name":"Keratokonus-Operation"}]},{"@type":"WebSite","@id":"https:\/\/www.keratoconuscentrumnederland.nl\/de\/#website","url":"https:\/\/www.keratoconuscentrumnederland.nl\/de\/","name":"Keratoconuscentrum Nederland","description":"","publisher":{"@id":"https:\/\/www.keratoconuscentrumnederland.nl\/de\/#organization"},"potentialAction":[{"@type":"SearchAction","target":{"@type":"EntryPoint","urlTemplate":"https:\/\/www.keratoconuscentrumnederland.nl\/de\/?s={search_term_string}"},"query-input":{"@type":"PropertyValueSpecification","valueRequired":true,"valueName":"search_term_string"}}],"inLanguage":"de"},{"@type":"Organization","@id":"https:\/\/www.keratoconuscentrumnederland.nl\/de\/#organization","name":"Keratoconuscentrum Nederland","url":"https:\/\/www.keratoconuscentrumnederland.nl\/de\/","logo":{"@type":"ImageObject","inLanguage":"de","@id":"https:\/\/www.keratoconuscentrumnederland.nl\/de\/#\/schema\/logo\/image\/","url":"https:\/\/www.keratoconuscentrumnederland.nl\/wp-content\/uploads\/logo-keratocuscentrum-nederland.png","contentUrl":"https:\/\/www.keratoconuscentrumnederland.nl\/wp-content\/uploads\/logo-keratocuscentrum-nederland.png","width":223,"height":97,"caption":"Keratoconuscentrum Nederland"},"image":{"@id":"https:\/\/www.keratoconuscentrumnederland.nl\/de\/#\/schema\/logo\/image\/"}}]}},"_links":{"self":[{"href":"https:\/\/www.keratoconuscentrumnederland.nl\/de\/wp-json\/wp\/v2\/pages\/892","targetHints":{"allow":["GET"]}}],"collection":[{"href":"https:\/\/www.keratoconuscentrumnederland.nl\/de\/wp-json\/wp\/v2\/pages"}],"about":[{"href":"https:\/\/www.keratoconuscentrumnederland.nl\/de\/wp-json\/wp\/v2\/types\/page"}],"author":[{"embeddable":true,"href":"https:\/\/www.keratoconuscentrumnederland.nl\/de\/wp-json\/wp\/v2\/users\/1"}],"replies":[{"embeddable":true,"href":"https:\/\/www.keratoconuscentrumnederland.nl\/de\/wp-json\/wp\/v2\/comments?post=892"}],"version-history":[{"count":10,"href":"https:\/\/www.keratoconuscentrumnederland.nl\/de\/wp-json\/wp\/v2\/pages\/892\/revisions"}],"predecessor-version":[{"id":1036,"href":"https:\/\/www.keratoconuscentrumnederland.nl\/de\/wp-json\/wp\/v2\/pages\/892\/revisions\/1036"}],"wp:attachment":[{"href":"https:\/\/www.keratoconuscentrumnederland.nl\/de\/wp-json\/wp\/v2\/media?parent=892"}],"curies":[{"name":"wp","href":"https:\/\/api.w.org\/{rel}","templated":true}]}}