{"id":895,"date":"2022-01-14T10:11:33","date_gmt":"2022-01-14T09:11:33","guid":{"rendered":"https:\/\/www.keratoconuscentrumnederland.nl\/schlafen-mit-sklerallinsen\/"},"modified":"2022-04-15T11:54:47","modified_gmt":"2022-04-15T09:54:47","slug":"schlafen-mit-sklerallinsen","status":"publish","type":"page","link":"https:\/\/www.keratoconuscentrumnederland.nl\/de\/schlafen-mit-sklerallinsen\/","title":{"rendered":"Schlafen mit Sklerallinsen?"},"content":{"rendered":"<p>[vc_row][vc_column][vc_column_text]<\/p>\n<h2>Ist das Schlafen mit Sklerallinsen ungesund oder gef\u00e4hrlich?<\/h2>\n<p>Es ist \u00fcblich, dass Patienten mit Sklerallinsen mit den Linsen einschlafen. Menschen, die Kontaktlinsen tragen, vergessen manchmal, dass sie Kontaktlinsen tragen. Vor allem, wenn der Tragekomfort der Linsen optimal ist. Sie stellen dann am Morgen fest, dass sie ihre Linsen noch im Auge haben. Ist das gef\u00e4hrlich?<\/p>\n<h2>6 bis 8 Stunden ohne Augenzwinkern<\/h2>\n<p>Beim Tragen von Sklerallinsen wird die Tr\u00e4nenschicht hinter der Linse kaum aufgefrischt. Wenn Sie also bereits seit 16 Stunden Sklerallinsen tragen, muss die Tr\u00e4nenschicht ersetzt werden. Wer dann noch mit den Linsen einschl\u00e4ft, belastet das Auge sehr. Gl\u00fccklicherweise kann Ihr Auge einiges aushalten, aber Sie wissen nie genau, wann es zu viel f\u00fcr Ihr Auge wird. Dann lauert eine Entz\u00fcndung. Also ja: Schlafen mit Sklerallinsen kann unangenehme Folgen haben!<\/p>\n<h2>Was tun nach dem Schlafen mit Sklerallinsen?<\/h2>\n<p>Wenn Sie morgens bemerken, dass Sie Ihre Kontaktlinsen eingeschlafen haben, entfernen Sie diese am besten sofort und reinigen Sie sie gut. Wenn Ihre Linsen festsitzen, betr\u00e4ufeln Sie Ihre Augen zuerst mit Kontaktlinsenl\u00f6sung oder Kochsalzl\u00f6sung, bevor Sie sie vorsichtig entfernen. Entfernen Sie Ihre Kontaktlinsen daher niemals aus Ihren Augen, wenn sie festsitzen. Sie k\u00f6nnen das Auge so schwer sch\u00e4digen. Nachdem Sie Ihre Kontaktlinsen entfernt und gereinigt haben, lassen Sie sie eine Weile drau\u00dfen, um Ihren Augen Ruhe und Erholung zu g\u00f6nnen. Wenn Sie bef\u00fcrchten, dass Ihre Augen gesch\u00e4digt sind, suchen Sie Ihren Augenarzt auf, um Ihre Augen \u00fcberpr\u00fcfen zu lassen.<br \/>\n[\/vc_column_text][\/vc_column][\/vc_row]<\/p>\n","protected":false},"excerpt":{"rendered":"<p>[vc_row][vc_column][vc_column_text] Ist das Schlafen mit Sklerallinsen ungesund oder gef\u00e4hrlich? Es ist \u00fcblich, dass Patienten mit Sklerallinsen mit den Linsen einschlafen. Menschen, die Kontaktlinsen tragen, vergessen manchmal, dass sie Kontaktlinsen tragen. Vor allem, wenn der Tragekomfort der Linsen optimal ist. Sie stellen dann am Morgen fest, dass sie ihre Linsen noch<a class=\"moretag\" href=\"https:\/\/www.keratoconuscentrumnederland.nl\/de\/schlafen-mit-sklerallinsen\/\">&#8230;<\/a><\/p>\n","protected":false},"author":1,"featured_media":0,"parent":0,"menu_order":0,"comment_status":"closed","ping_status":"closed","template":"","meta":{"inline_featured_image":false,"_glsr_average":0,"_glsr_ranking":0,"_glsr_reviews":0,"footnotes":""},"class_list":["post-895","page","type-page","status-publish","hentry"],"yoast_head":"<!-- This site is optimized with the Yoast SEO plugin v27.2 - https:\/\/yoast.com\/product\/yoast-seo-wordpress\/ -->\n<title>Schlafen mit Sklerallinsen? - Keratoconuscentrum Nederland<\/title>\n<meta name=\"description\" content=\"Sklerallinsen sind die L\u00f6sung f\u00fcr Menschen mit Keratokonus, aber Sklerallinsen sind auch ideal f\u00fcr trockene Augen. Lesen Sie mehr \u00fcber Sklerallinsenfl\u00fcssigkeit.\" \/>\n<meta name=\"robots\" content=\"index, follow, max-snippet:-1, max-image-preview:large, max-video-preview:-1\" \/>\n<link rel=\"canonical\" href=\"https:\/\/www.keratoconuscentrumnederland.nl\/de\/schlafen-mit-sklerallinsen\/\" \/>\n<meta property=\"og:locale\" content=\"de_DE\" \/>\n<meta property=\"og:type\" content=\"article\" \/>\n<meta property=\"og:title\" content=\"Schlafen mit Sklerallinsen? - Keratoconuscentrum Nederland\" \/>\n<meta property=\"og:description\" content=\"Sklerallinsen sind die L\u00f6sung f\u00fcr Menschen mit Keratokonus, aber Sklerallinsen sind auch ideal f\u00fcr trockene Augen. Lesen Sie mehr \u00fcber Sklerallinsenfl\u00fcssigkeit.\" \/>\n<meta property=\"og:url\" content=\"https:\/\/www.keratoconuscentrumnederland.nl\/de\/schlafen-mit-sklerallinsen\/\" \/>\n<meta property=\"og:site_name\" content=\"Keratoconuscentrum Nederland\" \/>\n<meta property=\"article:modified_time\" content=\"2022-04-15T09:54:47+00:00\" \/>\n<meta name=\"twitter:card\" content=\"summary_large_image\" \/>\n<meta name=\"twitter:label1\" content=\"Gesch\u00e4tzte Lesezeit\" \/>\n\t<meta name=\"twitter:data1\" content=\"1\u00a0Minute\" \/>\n<script type=\"application\/ld+json\" class=\"yoast-schema-graph\">{\"@context\":\"https:\/\/schema.org\",\"@graph\":[{\"@type\":\"WebPage\",\"@id\":\"https:\/\/www.keratoconuscentrumnederland.nl\/de\/schlafen-mit-sklerallinsen\/\",\"url\":\"https:\/\/www.keratoconuscentrumnederland.nl\/de\/schlafen-mit-sklerallinsen\/\",\"name\":\"Schlafen mit Sklerallinsen? - Keratoconuscentrum Nederland\",\"isPartOf\":{\"@id\":\"https:\/\/www.keratoconuscentrumnederland.nl\/de\/#website\"},\"datePublished\":\"2022-01-14T09:11:33+00:00\",\"dateModified\":\"2022-04-15T09:54:47+00:00\",\"description\":\"Sklerallinsen sind die L\u00f6sung f\u00fcr Menschen mit Keratokonus, aber Sklerallinsen sind auch ideal f\u00fcr trockene Augen. Lesen Sie mehr \u00fcber Sklerallinsenfl\u00fcssigkeit.\",\"breadcrumb\":{\"@id\":\"https:\/\/www.keratoconuscentrumnederland.nl\/de\/schlafen-mit-sklerallinsen\/#breadcrumb\"},\"inLanguage\":\"de\",\"potentialAction\":[{\"@type\":\"ReadAction\",\"target\":[\"https:\/\/www.keratoconuscentrumnederland.nl\/de\/schlafen-mit-sklerallinsen\/\"]}]},{\"@type\":\"BreadcrumbList\",\"@id\":\"https:\/\/www.keratoconuscentrumnederland.nl\/de\/schlafen-mit-sklerallinsen\/#breadcrumb\",\"itemListElement\":[{\"@type\":\"ListItem\",\"position\":1,\"name\":\"Home\",\"item\":\"https:\/\/www.keratoconuscentrumnederland.nl\/de\/keratokonus-zentrum\/\"},{\"@type\":\"ListItem\",\"position\":2,\"name\":\"Schlafen mit Sklerallinsen?\"}]},{\"@type\":\"WebSite\",\"@id\":\"https:\/\/www.keratoconuscentrumnederland.nl\/de\/#website\",\"url\":\"https:\/\/www.keratoconuscentrumnederland.nl\/de\/\",\"name\":\"Keratoconuscentrum Nederland\",\"description\":\"\",\"publisher\":{\"@id\":\"https:\/\/www.keratoconuscentrumnederland.nl\/de\/#organization\"},\"potentialAction\":[{\"@type\":\"SearchAction\",\"target\":{\"@type\":\"EntryPoint\",\"urlTemplate\":\"https:\/\/www.keratoconuscentrumnederland.nl\/de\/?s={search_term_string}\"},\"query-input\":{\"@type\":\"PropertyValueSpecification\",\"valueRequired\":true,\"valueName\":\"search_term_string\"}}],\"inLanguage\":\"de\"},{\"@type\":\"Organization\",\"@id\":\"https:\/\/www.keratoconuscentrumnederland.nl\/de\/#organization\",\"name\":\"Keratoconuscentrum Nederland\",\"url\":\"https:\/\/www.keratoconuscentrumnederland.nl\/de\/\",\"logo\":{\"@type\":\"ImageObject\",\"inLanguage\":\"de\",\"@id\":\"https:\/\/www.keratoconuscentrumnederland.nl\/de\/#\/schema\/logo\/image\/\",\"url\":\"https:\/\/www.keratoconuscentrumnederland.nl\/wp-content\/uploads\/logo-keratocuscentrum-nederland.png\",\"contentUrl\":\"https:\/\/www.keratoconuscentrumnederland.nl\/wp-content\/uploads\/logo-keratocuscentrum-nederland.png\",\"width\":223,\"height\":97,\"caption\":\"Keratoconuscentrum Nederland\"},\"image\":{\"@id\":\"https:\/\/www.keratoconuscentrumnederland.nl\/de\/#\/schema\/logo\/image\/\"}}]}<\/script>\n<!-- \/ Yoast SEO plugin. -->","yoast_head_json":{"title":"Schlafen mit Sklerallinsen? - Keratoconuscentrum Nederland","description":"Sklerallinsen sind die L\u00f6sung f\u00fcr Menschen mit Keratokonus, aber Sklerallinsen sind auch ideal f\u00fcr trockene Augen. Lesen Sie mehr \u00fcber Sklerallinsenfl\u00fcssigkeit.","robots":{"index":"index","follow":"follow","max-snippet":"max-snippet:-1","max-image-preview":"max-image-preview:large","max-video-preview":"max-video-preview:-1"},"canonical":"https:\/\/www.keratoconuscentrumnederland.nl\/de\/schlafen-mit-sklerallinsen\/","og_locale":"de_DE","og_type":"article","og_title":"Schlafen mit Sklerallinsen? - Keratoconuscentrum Nederland","og_description":"Sklerallinsen sind die L\u00f6sung f\u00fcr Menschen mit Keratokonus, aber Sklerallinsen sind auch ideal f\u00fcr trockene Augen. Lesen Sie mehr \u00fcber Sklerallinsenfl\u00fcssigkeit.","og_url":"https:\/\/www.keratoconuscentrumnederland.nl\/de\/schlafen-mit-sklerallinsen\/","og_site_name":"Keratoconuscentrum Nederland","article_modified_time":"2022-04-15T09:54:47+00:00","twitter_card":"summary_large_image","twitter_misc":{"Gesch\u00e4tzte Lesezeit":"1\u00a0Minute"},"schema":{"@context":"https:\/\/schema.org","@graph":[{"@type":"WebPage","@id":"https:\/\/www.keratoconuscentrumnederland.nl\/de\/schlafen-mit-sklerallinsen\/","url":"https:\/\/www.keratoconuscentrumnederland.nl\/de\/schlafen-mit-sklerallinsen\/","name":"Schlafen mit Sklerallinsen? - Keratoconuscentrum Nederland","isPartOf":{"@id":"https:\/\/www.keratoconuscentrumnederland.nl\/de\/#website"},"datePublished":"2022-01-14T09:11:33+00:00","dateModified":"2022-04-15T09:54:47+00:00","description":"Sklerallinsen sind die L\u00f6sung f\u00fcr Menschen mit Keratokonus, aber Sklerallinsen sind auch ideal f\u00fcr trockene Augen. Lesen Sie mehr \u00fcber Sklerallinsenfl\u00fcssigkeit.","breadcrumb":{"@id":"https:\/\/www.keratoconuscentrumnederland.nl\/de\/schlafen-mit-sklerallinsen\/#breadcrumb"},"inLanguage":"de","potentialAction":[{"@type":"ReadAction","target":["https:\/\/www.keratoconuscentrumnederland.nl\/de\/schlafen-mit-sklerallinsen\/"]}]},{"@type":"BreadcrumbList","@id":"https:\/\/www.keratoconuscentrumnederland.nl\/de\/schlafen-mit-sklerallinsen\/#breadcrumb","itemListElement":[{"@type":"ListItem","position":1,"name":"Home","item":"https:\/\/www.keratoconuscentrumnederland.nl\/de\/keratokonus-zentrum\/"},{"@type":"ListItem","position":2,"name":"Schlafen mit Sklerallinsen?"}]},{"@type":"WebSite","@id":"https:\/\/www.keratoconuscentrumnederland.nl\/de\/#website","url":"https:\/\/www.keratoconuscentrumnederland.nl\/de\/","name":"Keratoconuscentrum Nederland","description":"","publisher":{"@id":"https:\/\/www.keratoconuscentrumnederland.nl\/de\/#organization"},"potentialAction":[{"@type":"SearchAction","target":{"@type":"EntryPoint","urlTemplate":"https:\/\/www.keratoconuscentrumnederland.nl\/de\/?s={search_term_string}"},"query-input":{"@type":"PropertyValueSpecification","valueRequired":true,"valueName":"search_term_string"}}],"inLanguage":"de"},{"@type":"Organization","@id":"https:\/\/www.keratoconuscentrumnederland.nl\/de\/#organization","name":"Keratoconuscentrum Nederland","url":"https:\/\/www.keratoconuscentrumnederland.nl\/de\/","logo":{"@type":"ImageObject","inLanguage":"de","@id":"https:\/\/www.keratoconuscentrumnederland.nl\/de\/#\/schema\/logo\/image\/","url":"https:\/\/www.keratoconuscentrumnederland.nl\/wp-content\/uploads\/logo-keratocuscentrum-nederland.png","contentUrl":"https:\/\/www.keratoconuscentrumnederland.nl\/wp-content\/uploads\/logo-keratocuscentrum-nederland.png","width":223,"height":97,"caption":"Keratoconuscentrum Nederland"},"image":{"@id":"https:\/\/www.keratoconuscentrumnederland.nl\/de\/#\/schema\/logo\/image\/"}}]}},"_links":{"self":[{"href":"https:\/\/www.keratoconuscentrumnederland.nl\/de\/wp-json\/wp\/v2\/pages\/895","targetHints":{"allow":["GET"]}}],"collection":[{"href":"https:\/\/www.keratoconuscentrumnederland.nl\/de\/wp-json\/wp\/v2\/pages"}],"about":[{"href":"https:\/\/www.keratoconuscentrumnederland.nl\/de\/wp-json\/wp\/v2\/types\/page"}],"author":[{"embeddable":true,"href":"https:\/\/www.keratoconuscentrumnederland.nl\/de\/wp-json\/wp\/v2\/users\/1"}],"replies":[{"embeddable":true,"href":"https:\/\/www.keratoconuscentrumnederland.nl\/de\/wp-json\/wp\/v2\/comments?post=895"}],"version-history":[{"count":10,"href":"https:\/\/www.keratoconuscentrumnederland.nl\/de\/wp-json\/wp\/v2\/pages\/895\/revisions"}],"predecessor-version":[{"id":1040,"href":"https:\/\/www.keratoconuscentrumnederland.nl\/de\/wp-json\/wp\/v2\/pages\/895\/revisions\/1040"}],"wp:attachment":[{"href":"https:\/\/www.keratoconuscentrumnederland.nl\/de\/wp-json\/wp\/v2\/media?parent=895"}],"curies":[{"name":"wp","href":"https:\/\/api.w.org\/{rel}","templated":true}]}}