{"id":930,"date":"2022-01-14T10:06:54","date_gmt":"2022-01-14T09:06:54","guid":{"rendered":"https:\/\/www.keratoconuscentrumnederland.nl\/schattenbuchstaben-siehe\/"},"modified":"2022-04-15T11:54:47","modified_gmt":"2022-04-15T09:54:47","slug":"schattenbuchstaben-siehe","status":"publish","type":"page","link":"https:\/\/www.keratoconuscentrumnederland.nl\/de\/schattenbuchstaben-siehe\/","title":{"rendered":"Schattenbuchstaben siehe"},"content":{"rendered":"<p>[vc_row][vc_column][vc_column_text]<\/p>\n<h2>Siehe Schatten am unteren Rand der Buchstaben<\/h2>\n<p>Das Sehen von Schattenbuchstaben ist ein h\u00e4ufiges Problem bei der Augenerkrankung Keratokonus. Es wird auch von den Betroffenen als sehr l\u00e4stig empfunden. Aber warum sieht man Schattenbuchstaben und was kann man dagegen tun? Sie k\u00f6nnen es unten lesen.<\/p>\n<h2>Warum Schattenbuchstaben?<\/h2>\n<p>Ein Aberrometer kann die gesamte Sehfunktion beider Augen einer Person in weniger als 2 Minuten messen. Dieses Ger\u00e4t simuliert das Bild, das Ihr Auge sieht. Der optische Unterschied zwischen Keratokonus-Augen und gesunden Augen besteht darin, dass bei Keratokonus-Augen im gesamten Pupillenbereich gr\u00f6\u00dfere Schwankungen der lokalen Brechkraft des Auges auftreten. Die Lichtstrahlen werden nicht in derselben Ebene fokussiert, was zu einer gewissen Netzhautunsch\u00e4rfe f\u00fchrt. Bei Keratokonus leiden Sie normalerweise darunter, Schatten auf der Unterseite von Buchstaben zu sehen. Diese Schatten werden durch die Verformung der Hornhaut aufgrund von unregelm\u00e4\u00dfigem Astigmatismus verursacht.<\/p>\n<h2>Sehen Sie Schattenflecken, die mit harten Kontaktlinsen behoben werden?<\/h2>\n<p>Mit einer harten Kontaktlinse werden die Schatten reduziert und an die Oberseite der Buchstaben verschoben. Die Sklerallinsen des Keratokonus-Zentrums in den Niederlanden wurden mit der Conepower-Technologie optisch verbessert. Dies reduziert Geisterbilder, d. h. das Sehen von Schattenbuchstaben und Doppelbildern mit einem Auge auf Buchstaben. Die Conepower-Technologie verbessert die Sicht und Kontrastempfindlichkeit. Das Keratokonus-Zentrum in den Niederlanden ist das erste und einzige optometrische Zentrum, das \u00fcber diese Technologie verf\u00fcgt.[\/vc_column_text][\/vc_column][\/vc_row]<\/p>\n","protected":false},"excerpt":{"rendered":"<p>[vc_row][vc_column][vc_column_text] Siehe Schatten am unteren Rand der Buchstaben Das Sehen von Schattenbuchstaben ist ein h\u00e4ufiges Problem bei der Augenerkrankung Keratokonus. Es wird auch von den Betroffenen als sehr l\u00e4stig empfunden. Aber warum sieht man Schattenbuchstaben und was kann man dagegen tun? Sie k\u00f6nnen es unten lesen. Warum Schattenbuchstaben? Ein Aberrometer<a class=\"moretag\" href=\"https:\/\/www.keratoconuscentrumnederland.nl\/de\/schattenbuchstaben-siehe\/\">&#8230;<\/a><\/p>\n","protected":false},"author":1,"featured_media":0,"parent":0,"menu_order":0,"comment_status":"closed","ping_status":"closed","template":"","meta":{"inline_featured_image":false,"_glsr_average":0,"_glsr_ranking":0,"_glsr_reviews":0,"footnotes":""},"class_list":["post-930","page","type-page","status-publish","hentry"],"yoast_head":"<!-- This site is optimized with the Yoast SEO plugin v27.2 - https:\/\/yoast.com\/product\/yoast-seo-wordpress\/ -->\n<title>Schattenbuchstaben siehe - Keratoconuscentrum Nederland<\/title>\n<meta name=\"description\" content=\"Das Sehen von Schattenbuchstaben ist ein h\u00e4ufiges Symptom der Augenerkrankung Keratokonus. Aber warum ist das so und kann man etwas dagegen tun? Lesen Sie hier mehr dar\u00fcber.\" \/>\n<meta name=\"robots\" content=\"index, follow, max-snippet:-1, max-image-preview:large, max-video-preview:-1\" \/>\n<link rel=\"canonical\" href=\"https:\/\/www.keratoconuscentrumnederland.nl\/de\/schattenbuchstaben-siehe\/\" \/>\n<meta property=\"og:locale\" content=\"de_DE\" \/>\n<meta property=\"og:type\" content=\"article\" \/>\n<meta property=\"og:title\" content=\"Schattenbuchstaben siehe - Keratoconuscentrum Nederland\" \/>\n<meta property=\"og:description\" content=\"Das Sehen von Schattenbuchstaben ist ein h\u00e4ufiges Symptom der Augenerkrankung Keratokonus. Aber warum ist das so und kann man etwas dagegen tun? Lesen Sie hier mehr dar\u00fcber.\" \/>\n<meta property=\"og:url\" content=\"https:\/\/www.keratoconuscentrumnederland.nl\/de\/schattenbuchstaben-siehe\/\" \/>\n<meta property=\"og:site_name\" content=\"Keratoconuscentrum Nederland\" \/>\n<meta property=\"article:modified_time\" content=\"2022-04-15T09:54:47+00:00\" \/>\n<meta name=\"twitter:card\" content=\"summary_large_image\" \/>\n<meta name=\"twitter:label1\" content=\"Gesch\u00e4tzte Lesezeit\" \/>\n\t<meta name=\"twitter:data1\" content=\"1\u00a0Minute\" \/>\n<script type=\"application\/ld+json\" class=\"yoast-schema-graph\">{\"@context\":\"https:\/\/schema.org\",\"@graph\":[{\"@type\":\"WebPage\",\"@id\":\"https:\/\/www.keratoconuscentrumnederland.nl\/de\/schattenbuchstaben-siehe\/\",\"url\":\"https:\/\/www.keratoconuscentrumnederland.nl\/de\/schattenbuchstaben-siehe\/\",\"name\":\"Schattenbuchstaben siehe - Keratoconuscentrum Nederland\",\"isPartOf\":{\"@id\":\"https:\/\/www.keratoconuscentrumnederland.nl\/de\/#website\"},\"datePublished\":\"2022-01-14T09:06:54+00:00\",\"dateModified\":\"2022-04-15T09:54:47+00:00\",\"description\":\"Das Sehen von Schattenbuchstaben ist ein h\u00e4ufiges Symptom der Augenerkrankung Keratokonus. Aber warum ist das so und kann man etwas dagegen tun? Lesen Sie hier mehr dar\u00fcber.\",\"breadcrumb\":{\"@id\":\"https:\/\/www.keratoconuscentrumnederland.nl\/de\/schattenbuchstaben-siehe\/#breadcrumb\"},\"inLanguage\":\"de\",\"potentialAction\":[{\"@type\":\"ReadAction\",\"target\":[\"https:\/\/www.keratoconuscentrumnederland.nl\/de\/schattenbuchstaben-siehe\/\"]}]},{\"@type\":\"BreadcrumbList\",\"@id\":\"https:\/\/www.keratoconuscentrumnederland.nl\/de\/schattenbuchstaben-siehe\/#breadcrumb\",\"itemListElement\":[{\"@type\":\"ListItem\",\"position\":1,\"name\":\"Home\",\"item\":\"https:\/\/www.keratoconuscentrumnederland.nl\/de\/keratokonus-zentrum\/\"},{\"@type\":\"ListItem\",\"position\":2,\"name\":\"Schattenbuchstaben siehe\"}]},{\"@type\":\"WebSite\",\"@id\":\"https:\/\/www.keratoconuscentrumnederland.nl\/de\/#website\",\"url\":\"https:\/\/www.keratoconuscentrumnederland.nl\/de\/\",\"name\":\"Keratoconuscentrum Nederland\",\"description\":\"\",\"publisher\":{\"@id\":\"https:\/\/www.keratoconuscentrumnederland.nl\/de\/#organization\"},\"potentialAction\":[{\"@type\":\"SearchAction\",\"target\":{\"@type\":\"EntryPoint\",\"urlTemplate\":\"https:\/\/www.keratoconuscentrumnederland.nl\/de\/?s={search_term_string}\"},\"query-input\":{\"@type\":\"PropertyValueSpecification\",\"valueRequired\":true,\"valueName\":\"search_term_string\"}}],\"inLanguage\":\"de\"},{\"@type\":\"Organization\",\"@id\":\"https:\/\/www.keratoconuscentrumnederland.nl\/de\/#organization\",\"name\":\"Keratoconuscentrum Nederland\",\"url\":\"https:\/\/www.keratoconuscentrumnederland.nl\/de\/\",\"logo\":{\"@type\":\"ImageObject\",\"inLanguage\":\"de\",\"@id\":\"https:\/\/www.keratoconuscentrumnederland.nl\/de\/#\/schema\/logo\/image\/\",\"url\":\"https:\/\/www.keratoconuscentrumnederland.nl\/wp-content\/uploads\/logo-keratocuscentrum-nederland.png\",\"contentUrl\":\"https:\/\/www.keratoconuscentrumnederland.nl\/wp-content\/uploads\/logo-keratocuscentrum-nederland.png\",\"width\":223,\"height\":97,\"caption\":\"Keratoconuscentrum Nederland\"},\"image\":{\"@id\":\"https:\/\/www.keratoconuscentrumnederland.nl\/de\/#\/schema\/logo\/image\/\"}}]}<\/script>\n<!-- \/ Yoast SEO plugin. -->","yoast_head_json":{"title":"Schattenbuchstaben siehe - Keratoconuscentrum Nederland","description":"Das Sehen von Schattenbuchstaben ist ein h\u00e4ufiges Symptom der Augenerkrankung Keratokonus. Aber warum ist das so und kann man etwas dagegen tun? Lesen Sie hier mehr dar\u00fcber.","robots":{"index":"index","follow":"follow","max-snippet":"max-snippet:-1","max-image-preview":"max-image-preview:large","max-video-preview":"max-video-preview:-1"},"canonical":"https:\/\/www.keratoconuscentrumnederland.nl\/de\/schattenbuchstaben-siehe\/","og_locale":"de_DE","og_type":"article","og_title":"Schattenbuchstaben siehe - Keratoconuscentrum Nederland","og_description":"Das Sehen von Schattenbuchstaben ist ein h\u00e4ufiges Symptom der Augenerkrankung Keratokonus. Aber warum ist das so und kann man etwas dagegen tun? Lesen Sie hier mehr dar\u00fcber.","og_url":"https:\/\/www.keratoconuscentrumnederland.nl\/de\/schattenbuchstaben-siehe\/","og_site_name":"Keratoconuscentrum Nederland","article_modified_time":"2022-04-15T09:54:47+00:00","twitter_card":"summary_large_image","twitter_misc":{"Gesch\u00e4tzte Lesezeit":"1\u00a0Minute"},"schema":{"@context":"https:\/\/schema.org","@graph":[{"@type":"WebPage","@id":"https:\/\/www.keratoconuscentrumnederland.nl\/de\/schattenbuchstaben-siehe\/","url":"https:\/\/www.keratoconuscentrumnederland.nl\/de\/schattenbuchstaben-siehe\/","name":"Schattenbuchstaben siehe - Keratoconuscentrum Nederland","isPartOf":{"@id":"https:\/\/www.keratoconuscentrumnederland.nl\/de\/#website"},"datePublished":"2022-01-14T09:06:54+00:00","dateModified":"2022-04-15T09:54:47+00:00","description":"Das Sehen von Schattenbuchstaben ist ein h\u00e4ufiges Symptom der Augenerkrankung Keratokonus. Aber warum ist das so und kann man etwas dagegen tun? Lesen Sie hier mehr dar\u00fcber.","breadcrumb":{"@id":"https:\/\/www.keratoconuscentrumnederland.nl\/de\/schattenbuchstaben-siehe\/#breadcrumb"},"inLanguage":"de","potentialAction":[{"@type":"ReadAction","target":["https:\/\/www.keratoconuscentrumnederland.nl\/de\/schattenbuchstaben-siehe\/"]}]},{"@type":"BreadcrumbList","@id":"https:\/\/www.keratoconuscentrumnederland.nl\/de\/schattenbuchstaben-siehe\/#breadcrumb","itemListElement":[{"@type":"ListItem","position":1,"name":"Home","item":"https:\/\/www.keratoconuscentrumnederland.nl\/de\/keratokonus-zentrum\/"},{"@type":"ListItem","position":2,"name":"Schattenbuchstaben siehe"}]},{"@type":"WebSite","@id":"https:\/\/www.keratoconuscentrumnederland.nl\/de\/#website","url":"https:\/\/www.keratoconuscentrumnederland.nl\/de\/","name":"Keratoconuscentrum Nederland","description":"","publisher":{"@id":"https:\/\/www.keratoconuscentrumnederland.nl\/de\/#organization"},"potentialAction":[{"@type":"SearchAction","target":{"@type":"EntryPoint","urlTemplate":"https:\/\/www.keratoconuscentrumnederland.nl\/de\/?s={search_term_string}"},"query-input":{"@type":"PropertyValueSpecification","valueRequired":true,"valueName":"search_term_string"}}],"inLanguage":"de"},{"@type":"Organization","@id":"https:\/\/www.keratoconuscentrumnederland.nl\/de\/#organization","name":"Keratoconuscentrum Nederland","url":"https:\/\/www.keratoconuscentrumnederland.nl\/de\/","logo":{"@type":"ImageObject","inLanguage":"de","@id":"https:\/\/www.keratoconuscentrumnederland.nl\/de\/#\/schema\/logo\/image\/","url":"https:\/\/www.keratoconuscentrumnederland.nl\/wp-content\/uploads\/logo-keratocuscentrum-nederland.png","contentUrl":"https:\/\/www.keratoconuscentrumnederland.nl\/wp-content\/uploads\/logo-keratocuscentrum-nederland.png","width":223,"height":97,"caption":"Keratoconuscentrum Nederland"},"image":{"@id":"https:\/\/www.keratoconuscentrumnederland.nl\/de\/#\/schema\/logo\/image\/"}}]}},"_links":{"self":[{"href":"https:\/\/www.keratoconuscentrumnederland.nl\/de\/wp-json\/wp\/v2\/pages\/930","targetHints":{"allow":["GET"]}}],"collection":[{"href":"https:\/\/www.keratoconuscentrumnederland.nl\/de\/wp-json\/wp\/v2\/pages"}],"about":[{"href":"https:\/\/www.keratoconuscentrumnederland.nl\/de\/wp-json\/wp\/v2\/types\/page"}],"author":[{"embeddable":true,"href":"https:\/\/www.keratoconuscentrumnederland.nl\/de\/wp-json\/wp\/v2\/users\/1"}],"replies":[{"embeddable":true,"href":"https:\/\/www.keratoconuscentrumnederland.nl\/de\/wp-json\/wp\/v2\/comments?post=930"}],"version-history":[{"count":8,"href":"https:\/\/www.keratoconuscentrumnederland.nl\/de\/wp-json\/wp\/v2\/pages\/930\/revisions"}],"predecessor-version":[{"id":1058,"href":"https:\/\/www.keratoconuscentrumnederland.nl\/de\/wp-json\/wp\/v2\/pages\/930\/revisions\/1058"}],"wp:attachment":[{"href":"https:\/\/www.keratoconuscentrumnederland.nl\/de\/wp-json\/wp\/v2\/media?parent=930"}],"curies":[{"name":"wp","href":"https:\/\/api.w.org\/{rel}","templated":true}]}}