{"id":949,"date":"2022-01-14T09:57:50","date_gmt":"2022-01-14T08:57:50","guid":{"rendered":"https:\/\/www.keratoconuscentrumnederland.nl\/reiben-der-augen-mit-keratokonus\/"},"modified":"2022-04-15T11:54:47","modified_gmt":"2022-04-15T09:54:47","slug":"reiben-der-augen-mit-keratokonus","status":"publish","type":"page","link":"https:\/\/www.keratoconuscentrumnederland.nl\/de\/reiben-der-augen-mit-keratokonus\/","title":{"rendered":"Reiben der Augen mit Keratokonus"},"content":{"rendered":"<p>[vc_row][vc_column][vc_column_text]<\/p>\n<h2>Ist das Reiben der Augen sch\u00e4dlich?<\/h2>\n<p>Menschen mit Keratokonus haben eine d\u00fcnnere und schw\u00e4chere Hornhaut als normal. Dieser angeborene Zustand kann die Hornhaut verd\u00fcnnen und verformen. Eine lokale Ausd\u00fcnnung verursacht eine kegelf\u00f6rmige Ausbuchtung der Hornhaut. Diese Ausd\u00fcnnung ist typischerweise von der Mitte leicht nach unten und zum Ohr hin verschoben. Die Kegelbildung beginnt mit einer Ausd\u00fcnnung der Hornhaut, danach verformt sich zuerst die Innenseite der Hornhaut. Sp\u00e4ter beginnt sich auch die Vorderseite der Hornhaut zu verformen. Wenn sich die Vorderseite der Hornhaut verformt, wird der Sehverlust schneller bemerkt. Da die Verformung allm\u00e4hlich und langsam erfolgt, gew\u00f6hnt sich das Gehirn an die reduzierte Sehkraft.<\/p>\n<h2>Augen reiben<\/h2>\n<p>Die Antwort auf die Frage, warum Menschen sich die Augen reiben, ist eigentlich ganz einfach. Sie tun es, weil die Augen jucken. Durch das Reiben der Augen wird der Juckreiz jedoch nur noch schlimmer und man kann danach kaum noch mit dem Reiben aufh\u00f6ren. Juckende Augen werden oft durch Allergien verursacht. Menschen mit Keratokonus leiden h\u00e4ufig unter Allergien. Sie werden dazu neigen, Ihre Augen zu reiben, besonders morgens oder am Ende des Tages.<\/p>\n<h2>Ist es in Ordnung, das Auge zu reiben?<\/h2>\n<p>Das Reiben der Augen ist f\u00fcr Keratokonus-Patienten sehr schlecht. Untersuchungen haben gezeigt, dass das Reiben der Augen das Fortschreiten des Keratokonus verursacht.<br \/>\nAlso h\u00f6r auf zu reiben.<\/p>\n<p>Wenn Sie juckende Augen haben und sich deswegen die Augen reiben m\u00f6chten, tun Sie dies besser am harten unteren Augenh\u00f6hlenrand als an oder in den Augen selbst. Der Augenarzt kann Antihistaminika-Augentropfen verschreiben, um den Juckreiz zu reduzieren. Auch das Abtropfen von k\u00fcnstlichen Tr\u00e4nen kann den Juckreiz mindern.<br \/>\n[\/vc_column_text][\/vc_column][\/vc_row]<\/p>\n","protected":false},"excerpt":{"rendered":"<p>[vc_row][vc_column][vc_column_text] Ist das Reiben der Augen sch\u00e4dlich? Menschen mit Keratokonus haben eine d\u00fcnnere und schw\u00e4chere Hornhaut als normal. Dieser angeborene Zustand kann die Hornhaut verd\u00fcnnen und verformen. Eine lokale Ausd\u00fcnnung verursacht eine kegelf\u00f6rmige Ausbuchtung der Hornhaut. Diese Ausd\u00fcnnung ist typischerweise von der Mitte leicht nach unten und zum Ohr hin<a class=\"moretag\" href=\"https:\/\/www.keratoconuscentrumnederland.nl\/de\/reiben-der-augen-mit-keratokonus\/\">&#8230;<\/a><\/p>\n","protected":false},"author":1,"featured_media":0,"parent":0,"menu_order":0,"comment_status":"closed","ping_status":"closed","template":"","meta":{"inline_featured_image":false,"_glsr_average":0,"_glsr_ranking":0,"_glsr_reviews":0,"footnotes":""},"class_list":["post-949","page","type-page","status-publish","hentry"],"yoast_head":"<!-- This site is optimized with the Yoast SEO plugin v27.2 - https:\/\/yoast.com\/product\/yoast-seo-wordpress\/ -->\n<title>Reiben der Augen mit Keratokonus - Keratoconuscentrum Nederland<\/title>\n<meta name=\"description\" content=\"Menschen mit Keratokonus neigen dazu, sich h\u00e4ufig die Augen zu reiben. aber kann man auch keratokonus bekommen, wenn man sich die augen reibt? Sie lesen es hier.\" \/>\n<meta name=\"robots\" content=\"index, follow, max-snippet:-1, max-image-preview:large, max-video-preview:-1\" \/>\n<link rel=\"canonical\" href=\"https:\/\/www.keratoconuscentrumnederland.nl\/de\/reiben-der-augen-mit-keratokonus\/\" \/>\n<meta property=\"og:locale\" content=\"de_DE\" \/>\n<meta property=\"og:type\" content=\"article\" \/>\n<meta property=\"og:title\" content=\"Reiben der Augen mit Keratokonus - Keratoconuscentrum Nederland\" \/>\n<meta property=\"og:description\" content=\"Menschen mit Keratokonus neigen dazu, sich h\u00e4ufig die Augen zu reiben. aber kann man auch keratokonus bekommen, wenn man sich die augen reibt? Sie lesen es hier.\" \/>\n<meta property=\"og:url\" content=\"https:\/\/www.keratoconuscentrumnederland.nl\/de\/reiben-der-augen-mit-keratokonus\/\" \/>\n<meta property=\"og:site_name\" content=\"Keratoconuscentrum Nederland\" \/>\n<meta property=\"article:modified_time\" content=\"2022-04-15T09:54:47+00:00\" \/>\n<meta name=\"twitter:card\" content=\"summary_large_image\" \/>\n<meta name=\"twitter:label1\" content=\"Gesch\u00e4tzte Lesezeit\" \/>\n\t<meta name=\"twitter:data1\" content=\"1\u00a0Minute\" \/>\n<script type=\"application\/ld+json\" class=\"yoast-schema-graph\">{\"@context\":\"https:\/\/schema.org\",\"@graph\":[{\"@type\":\"WebPage\",\"@id\":\"https:\/\/www.keratoconuscentrumnederland.nl\/de\/reiben-der-augen-mit-keratokonus\/\",\"url\":\"https:\/\/www.keratoconuscentrumnederland.nl\/de\/reiben-der-augen-mit-keratokonus\/\",\"name\":\"Reiben der Augen mit Keratokonus - Keratoconuscentrum Nederland\",\"isPartOf\":{\"@id\":\"https:\/\/www.keratoconuscentrumnederland.nl\/de\/#website\"},\"datePublished\":\"2022-01-14T08:57:50+00:00\",\"dateModified\":\"2022-04-15T09:54:47+00:00\",\"description\":\"Menschen mit Keratokonus neigen dazu, sich h\u00e4ufig die Augen zu reiben. aber kann man auch keratokonus bekommen, wenn man sich die augen reibt? Sie lesen es hier.\",\"breadcrumb\":{\"@id\":\"https:\/\/www.keratoconuscentrumnederland.nl\/de\/reiben-der-augen-mit-keratokonus\/#breadcrumb\"},\"inLanguage\":\"de\",\"potentialAction\":[{\"@type\":\"ReadAction\",\"target\":[\"https:\/\/www.keratoconuscentrumnederland.nl\/de\/reiben-der-augen-mit-keratokonus\/\"]}]},{\"@type\":\"BreadcrumbList\",\"@id\":\"https:\/\/www.keratoconuscentrumnederland.nl\/de\/reiben-der-augen-mit-keratokonus\/#breadcrumb\",\"itemListElement\":[{\"@type\":\"ListItem\",\"position\":1,\"name\":\"Home\",\"item\":\"https:\/\/www.keratoconuscentrumnederland.nl\/de\/keratokonus-zentrum\/\"},{\"@type\":\"ListItem\",\"position\":2,\"name\":\"Reiben der Augen mit Keratokonus\"}]},{\"@type\":\"WebSite\",\"@id\":\"https:\/\/www.keratoconuscentrumnederland.nl\/de\/#website\",\"url\":\"https:\/\/www.keratoconuscentrumnederland.nl\/de\/\",\"name\":\"Keratoconuscentrum Nederland\",\"description\":\"\",\"publisher\":{\"@id\":\"https:\/\/www.keratoconuscentrumnederland.nl\/de\/#organization\"},\"potentialAction\":[{\"@type\":\"SearchAction\",\"target\":{\"@type\":\"EntryPoint\",\"urlTemplate\":\"https:\/\/www.keratoconuscentrumnederland.nl\/de\/?s={search_term_string}\"},\"query-input\":{\"@type\":\"PropertyValueSpecification\",\"valueRequired\":true,\"valueName\":\"search_term_string\"}}],\"inLanguage\":\"de\"},{\"@type\":\"Organization\",\"@id\":\"https:\/\/www.keratoconuscentrumnederland.nl\/de\/#organization\",\"name\":\"Keratoconuscentrum Nederland\",\"url\":\"https:\/\/www.keratoconuscentrumnederland.nl\/de\/\",\"logo\":{\"@type\":\"ImageObject\",\"inLanguage\":\"de\",\"@id\":\"https:\/\/www.keratoconuscentrumnederland.nl\/de\/#\/schema\/logo\/image\/\",\"url\":\"https:\/\/www.keratoconuscentrumnederland.nl\/wp-content\/uploads\/logo-keratocuscentrum-nederland.png\",\"contentUrl\":\"https:\/\/www.keratoconuscentrumnederland.nl\/wp-content\/uploads\/logo-keratocuscentrum-nederland.png\",\"width\":223,\"height\":97,\"caption\":\"Keratoconuscentrum Nederland\"},\"image\":{\"@id\":\"https:\/\/www.keratoconuscentrumnederland.nl\/de\/#\/schema\/logo\/image\/\"}}]}<\/script>\n<!-- \/ Yoast SEO plugin. -->","yoast_head_json":{"title":"Reiben der Augen mit Keratokonus - Keratoconuscentrum Nederland","description":"Menschen mit Keratokonus neigen dazu, sich h\u00e4ufig die Augen zu reiben. aber kann man auch keratokonus bekommen, wenn man sich die augen reibt? Sie lesen es hier.","robots":{"index":"index","follow":"follow","max-snippet":"max-snippet:-1","max-image-preview":"max-image-preview:large","max-video-preview":"max-video-preview:-1"},"canonical":"https:\/\/www.keratoconuscentrumnederland.nl\/de\/reiben-der-augen-mit-keratokonus\/","og_locale":"de_DE","og_type":"article","og_title":"Reiben der Augen mit Keratokonus - Keratoconuscentrum Nederland","og_description":"Menschen mit Keratokonus neigen dazu, sich h\u00e4ufig die Augen zu reiben. aber kann man auch keratokonus bekommen, wenn man sich die augen reibt? Sie lesen es hier.","og_url":"https:\/\/www.keratoconuscentrumnederland.nl\/de\/reiben-der-augen-mit-keratokonus\/","og_site_name":"Keratoconuscentrum Nederland","article_modified_time":"2022-04-15T09:54:47+00:00","twitter_card":"summary_large_image","twitter_misc":{"Gesch\u00e4tzte Lesezeit":"1\u00a0Minute"},"schema":{"@context":"https:\/\/schema.org","@graph":[{"@type":"WebPage","@id":"https:\/\/www.keratoconuscentrumnederland.nl\/de\/reiben-der-augen-mit-keratokonus\/","url":"https:\/\/www.keratoconuscentrumnederland.nl\/de\/reiben-der-augen-mit-keratokonus\/","name":"Reiben der Augen mit Keratokonus - Keratoconuscentrum Nederland","isPartOf":{"@id":"https:\/\/www.keratoconuscentrumnederland.nl\/de\/#website"},"datePublished":"2022-01-14T08:57:50+00:00","dateModified":"2022-04-15T09:54:47+00:00","description":"Menschen mit Keratokonus neigen dazu, sich h\u00e4ufig die Augen zu reiben. aber kann man auch keratokonus bekommen, wenn man sich die augen reibt? Sie lesen es hier.","breadcrumb":{"@id":"https:\/\/www.keratoconuscentrumnederland.nl\/de\/reiben-der-augen-mit-keratokonus\/#breadcrumb"},"inLanguage":"de","potentialAction":[{"@type":"ReadAction","target":["https:\/\/www.keratoconuscentrumnederland.nl\/de\/reiben-der-augen-mit-keratokonus\/"]}]},{"@type":"BreadcrumbList","@id":"https:\/\/www.keratoconuscentrumnederland.nl\/de\/reiben-der-augen-mit-keratokonus\/#breadcrumb","itemListElement":[{"@type":"ListItem","position":1,"name":"Home","item":"https:\/\/www.keratoconuscentrumnederland.nl\/de\/keratokonus-zentrum\/"},{"@type":"ListItem","position":2,"name":"Reiben der Augen mit Keratokonus"}]},{"@type":"WebSite","@id":"https:\/\/www.keratoconuscentrumnederland.nl\/de\/#website","url":"https:\/\/www.keratoconuscentrumnederland.nl\/de\/","name":"Keratoconuscentrum Nederland","description":"","publisher":{"@id":"https:\/\/www.keratoconuscentrumnederland.nl\/de\/#organization"},"potentialAction":[{"@type":"SearchAction","target":{"@type":"EntryPoint","urlTemplate":"https:\/\/www.keratoconuscentrumnederland.nl\/de\/?s={search_term_string}"},"query-input":{"@type":"PropertyValueSpecification","valueRequired":true,"valueName":"search_term_string"}}],"inLanguage":"de"},{"@type":"Organization","@id":"https:\/\/www.keratoconuscentrumnederland.nl\/de\/#organization","name":"Keratoconuscentrum Nederland","url":"https:\/\/www.keratoconuscentrumnederland.nl\/de\/","logo":{"@type":"ImageObject","inLanguage":"de","@id":"https:\/\/www.keratoconuscentrumnederland.nl\/de\/#\/schema\/logo\/image\/","url":"https:\/\/www.keratoconuscentrumnederland.nl\/wp-content\/uploads\/logo-keratocuscentrum-nederland.png","contentUrl":"https:\/\/www.keratoconuscentrumnederland.nl\/wp-content\/uploads\/logo-keratocuscentrum-nederland.png","width":223,"height":97,"caption":"Keratoconuscentrum Nederland"},"image":{"@id":"https:\/\/www.keratoconuscentrumnederland.nl\/de\/#\/schema\/logo\/image\/"}}]}},"_links":{"self":[{"href":"https:\/\/www.keratoconuscentrumnederland.nl\/de\/wp-json\/wp\/v2\/pages\/949","targetHints":{"allow":["GET"]}}],"collection":[{"href":"https:\/\/www.keratoconuscentrumnederland.nl\/de\/wp-json\/wp\/v2\/pages"}],"about":[{"href":"https:\/\/www.keratoconuscentrumnederland.nl\/de\/wp-json\/wp\/v2\/types\/page"}],"author":[{"embeddable":true,"href":"https:\/\/www.keratoconuscentrumnederland.nl\/de\/wp-json\/wp\/v2\/users\/1"}],"replies":[{"embeddable":true,"href":"https:\/\/www.keratoconuscentrumnederland.nl\/de\/wp-json\/wp\/v2\/comments?post=949"}],"version-history":[{"count":1,"href":"https:\/\/www.keratoconuscentrumnederland.nl\/de\/wp-json\/wp\/v2\/pages\/949\/revisions"}],"predecessor-version":[{"id":965,"href":"https:\/\/www.keratoconuscentrumnederland.nl\/de\/wp-json\/wp\/v2\/pages\/949\/revisions\/965"}],"wp:attachment":[{"href":"https:\/\/www.keratoconuscentrumnederland.nl\/de\/wp-json\/wp\/v2\/media?parent=949"}],"curies":[{"name":"wp","href":"https:\/\/api.w.org\/{rel}","templated":true}]}}