{"id":954,"date":"2022-01-14T10:10:26","date_gmt":"2022-01-14T09:10:26","guid":{"rendered":"https:\/\/www.keratoconuscentrumnederland.nl\/sklerallinsen-fuer-trockenes-auge\/"},"modified":"2022-04-15T11:54:47","modified_gmt":"2022-04-15T09:54:47","slug":"sklerallinsen-fuer-trockenes-auge","status":"publish","type":"page","link":"https:\/\/www.keratoconuscentrumnederland.nl\/de\/sklerallinsen-fuer-trockenes-auge\/","title":{"rendered":"Sklerallinsen f\u00fcr trockenes Auge"},"content":{"rendered":"<p>[vc_row][vc_column][vc_column_text]<\/p>\n<h2>Welche Fl\u00fcssigkeit f\u00fcr Sklerallinsen?<\/h2>\n<p>Sklerallinsen werden bei ganz speziellen Augenformen und unregelm\u00e4\u00dfigen Augenoberfl\u00e4chen eingesetzt. Ist zum Beispiel die Hornhaut stark deformiert oder besch\u00e4digt, gibt es mit herk\u00f6mmlichen Kontaktlinsen und Brillen oft keine M\u00f6glichkeiten, die Sehsch\u00e4rfe zu verbessern. In diesem Fall kann eine Sklerallinse die L\u00f6sung sein. Aber auch bei extrem trockenen Augen, etwa beim Sj\u00f6gren-Syndrom, k\u00f6nnen Sklerallinsen eine L\u00f6sung sein. Dann sch\u00fctzt eine Sklerallinse hervorragend vor dem Austrocknen der Hornhautoberfl\u00e4che. Sklerallinsen sind gro\u00dfe starre starre Linsen von 16 bis 25 mm. Die Linsen fallen gut \u00fcber die Hornhaut (die Hornhaut) und landen auf dem wei\u00dfen Teil des Auges, der Sklera. Zwischen der Oberseite des Auges und der R\u00fcckseite der Linse ist ein Zwischenraum. Dieser Raum ist mit Fl\u00fcssigkeit gef\u00fcllt.<\/p>\n<h2>Sklerallinsenfl\u00fcssigkeit<\/h2>\n<p>Sklerallinsen \u00e4hneln im Material harten Kontaktlinsen. Nat\u00fcrlich ben\u00f6tigen Sie auch Kontaktlinsenl\u00f6sung f\u00fcr die Pflege Ihrer Linsen und f\u00fcr optimalen Tragekomfort. Unten k\u00f6nnen Sie mehr \u00fcber die verf\u00fcgbaren Wartungsprodukte lesen.<\/p>\n<h2>Chemische Desinfektion mit All-in-One-Fl\u00fcssigkeit f\u00fcr Sklerallinsen<\/h2>\n<p>Eine All-in-One-Kontaktlinsenl\u00f6sung ist gut geeignet, um Sklerallinsen zu desinfizieren. Diese Fl\u00fcssigkeiten enthalten ein Konservierungsmittel, das Bakterien abt\u00f6tet. M\u00f6glicherweise haben Sie eine allergische Reaktion auf ein All-in-One-Konservierungsmittel. Wenn Sie eine Sklerallinse verwenden, sollte sich die Fl\u00fcssigkeit nicht brennend anf\u00fchlen. Wenn Sie in den ersten 10 Minuten Probleme mit der Linse haben, ist es m\u00f6glich, dass Sie das Konservierungsmittel nicht vertragen. Jede Marke verwendet unterschiedliche Konservierungsstoffe. Sie sind nicht immer allergisch gegen alle Arten von Konservierungsmitteln. Wenn es mit einer bestimmten Fl\u00fcssigkeit gut funktioniert, verwenden Sie es weiter.<\/p>\n<h2>Mechanische Reinigung<\/h2>\n<p>Wenn Sie eine Sklerallinse abnehmen, befinden sich alle Arten von Verunreinigungen auf dem Linsenmaterial. Proteine und Fette sind die Hauptbestandteile des Angriffs. Eine Sklerallinse ist nur ohne diesen Angriff angenehm zu tragen. Dar\u00fcber hinaus k\u00f6nnen insbesondere Eiwei\u00dfablagerungen auf der Innenseite der Augenlider oder der Augenschleimhaut allergische Reaktionen hervorrufen. Indem Sie das Linsenmaterial mit einem Reiniger von Hand polieren, k\u00f6nnen Sie Ablagerungen leichter entfernen. Ein Reiniger ist eine spezielle Seife f\u00fcr Kontaktlinsen. Oft ist Polierpulver in der Fl\u00fcssigkeit, das zu Boden sinken kann. Deshalb m\u00fcssen Sie die Fl\u00fcssigkeit vor Gebrauch sch\u00fctteln. Ein Polierpulver dient nicht zum Schleifen, sondern zum Gl\u00e4tten. Kleine Kratzer werden durch Polieren gegl\u00e4ttet.<\/p>\n<h2>Oxidative Desinfektion (Wasserstoffperoxid)<\/h2>\n<p>Dieses System eignet sich sehr gut f\u00fcr Sklerallinsen. F\u00fcr die Sklerallinsen wurde ein spezieller Linsenhalter entwickelt, der f\u00fcr Linsen mit einem Durchmesser von bis zu 25 mm geeignet ist. Abends legen Sie die Linsen in den mit Wasserstoffperoxid (H2O2) gef\u00fcllten Linsenhalter und nachts werden die Linsen desinfiziert. Bei einigen Systemen \u00e4ndert sich die Farbe der Fl\u00fcssigkeit, sobald der Reinigungsprozess abgeschlossen ist. Normalerweise wird eine Wasserstoffperoxid-Kontaktlinse nach 4 Stunden mit einer Kochsalzl\u00f6sung neutralisiert. Sie k\u00f6nnen Ihre Sklerallinsen dann morgens aus der Fl\u00fcssigkeit wieder einsetzen. Der Vorteil dieser Fl\u00fcssigkeit ist, dass sie keine Konservierungsstoffe enth\u00e4lt, die eine allergische Reaktion hervorrufen k\u00f6nnten.<\/p>\n<h2>Sklerallinsenfl\u00fcssigkeit f\u00fcr unterwegs<\/h2>\n<p>Die meisten Pflege- und Reinigungsmittel sind auch im Ausland leicht erh\u00e4ltlich. Und das Surfen im Internet gibt Ihnen die n\u00f6tigen Informationen \u00fcber die Verf\u00fcgbarkeit an Ihrer Urlaubsadresse. Dar\u00fcber hinaus sind viele Pflegeprodukte auch in einer praktischen Reiseverpackung erh\u00e4ltlich.<\/p>\n<h2>Mehr Informationen<\/h2>\n<p>Nat\u00fcrlich gibt es auch andere Pflege- und Reinigungsmittel f\u00fcr Sklerallinsen. F\u00fcr weitere Informationen wenden Sie sich bitte an das Keratokonus-Zentrum in den Niederlanden.[\/vc_column_text][\/vc_column][\/vc_row]<\/p>\n","protected":false},"excerpt":{"rendered":"<p>[vc_row][vc_column][vc_column_text] Welche Fl\u00fcssigkeit f\u00fcr Sklerallinsen? Sklerallinsen werden bei ganz speziellen Augenformen und unregelm\u00e4\u00dfigen Augenoberfl\u00e4chen eingesetzt. Ist zum Beispiel die Hornhaut stark deformiert oder besch\u00e4digt, gibt es mit herk\u00f6mmlichen Kontaktlinsen und Brillen oft keine M\u00f6glichkeiten, die Sehsch\u00e4rfe zu verbessern. In diesem Fall kann eine Sklerallinse die L\u00f6sung sein. Aber auch bei<a class=\"moretag\" href=\"https:\/\/www.keratoconuscentrumnederland.nl\/de\/sklerallinsen-fuer-trockenes-auge\/\">&#8230;<\/a><\/p>\n","protected":false},"author":1,"featured_media":0,"parent":0,"menu_order":0,"comment_status":"closed","ping_status":"closed","template":"","meta":{"inline_featured_image":false,"_glsr_average":0,"_glsr_ranking":0,"_glsr_reviews":0,"footnotes":""},"class_list":["post-954","page","type-page","status-publish","hentry"],"yoast_head":"<!-- This site is optimized with the Yoast SEO plugin v27.2 - https:\/\/yoast.com\/product\/yoast-seo-wordpress\/ -->\n<title>Sklerallinsen f\u00fcr trockenes Auge - Keratoconuscentrum Nederland<\/title>\n<meta name=\"description\" content=\"Sklerallinsen sind die L\u00f6sung f\u00fcr Menschen mit Keratokonus, aber Sklerallinsen sind auch ideal f\u00fcr trockene Augen. Lesen Sie mehr \u00fcber Sklerallinsenfl\u00fcssigkeit.\" \/>\n<meta name=\"robots\" content=\"index, follow, max-snippet:-1, max-image-preview:large, max-video-preview:-1\" \/>\n<link rel=\"canonical\" href=\"https:\/\/www.keratoconuscentrumnederland.nl\/de\/sklerallinsen-fuer-trockenes-auge\/\" \/>\n<meta property=\"og:locale\" content=\"de_DE\" \/>\n<meta property=\"og:type\" content=\"article\" \/>\n<meta property=\"og:title\" content=\"Sklerallinsen f\u00fcr trockenes Auge - Keratoconuscentrum Nederland\" \/>\n<meta property=\"og:description\" content=\"Sklerallinsen sind die L\u00f6sung f\u00fcr Menschen mit Keratokonus, aber Sklerallinsen sind auch ideal f\u00fcr trockene Augen. Lesen Sie mehr \u00fcber Sklerallinsenfl\u00fcssigkeit.\" \/>\n<meta property=\"og:url\" content=\"https:\/\/www.keratoconuscentrumnederland.nl\/de\/sklerallinsen-fuer-trockenes-auge\/\" \/>\n<meta property=\"og:site_name\" content=\"Keratoconuscentrum Nederland\" \/>\n<meta property=\"article:modified_time\" content=\"2022-04-15T09:54:47+00:00\" \/>\n<meta name=\"twitter:card\" content=\"summary_large_image\" \/>\n<meta name=\"twitter:label1\" content=\"Gesch\u00e4tzte Lesezeit\" \/>\n\t<meta name=\"twitter:data1\" content=\"3\u00a0Minuten\" \/>\n<script type=\"application\/ld+json\" class=\"yoast-schema-graph\">{\"@context\":\"https:\/\/schema.org\",\"@graph\":[{\"@type\":\"WebPage\",\"@id\":\"https:\/\/www.keratoconuscentrumnederland.nl\/de\/sklerallinsen-fuer-trockenes-auge\/\",\"url\":\"https:\/\/www.keratoconuscentrumnederland.nl\/de\/sklerallinsen-fuer-trockenes-auge\/\",\"name\":\"Sklerallinsen f\u00fcr trockenes Auge - Keratoconuscentrum Nederland\",\"isPartOf\":{\"@id\":\"https:\/\/www.keratoconuscentrumnederland.nl\/de\/#website\"},\"datePublished\":\"2022-01-14T09:10:26+00:00\",\"dateModified\":\"2022-04-15T09:54:47+00:00\",\"description\":\"Sklerallinsen sind die L\u00f6sung f\u00fcr Menschen mit Keratokonus, aber Sklerallinsen sind auch ideal f\u00fcr trockene Augen. Lesen Sie mehr \u00fcber Sklerallinsenfl\u00fcssigkeit.\",\"breadcrumb\":{\"@id\":\"https:\/\/www.keratoconuscentrumnederland.nl\/de\/sklerallinsen-fuer-trockenes-auge\/#breadcrumb\"},\"inLanguage\":\"de\",\"potentialAction\":[{\"@type\":\"ReadAction\",\"target\":[\"https:\/\/www.keratoconuscentrumnederland.nl\/de\/sklerallinsen-fuer-trockenes-auge\/\"]}]},{\"@type\":\"BreadcrumbList\",\"@id\":\"https:\/\/www.keratoconuscentrumnederland.nl\/de\/sklerallinsen-fuer-trockenes-auge\/#breadcrumb\",\"itemListElement\":[{\"@type\":\"ListItem\",\"position\":1,\"name\":\"Home\",\"item\":\"https:\/\/www.keratoconuscentrumnederland.nl\/de\/keratokonus-zentrum\/\"},{\"@type\":\"ListItem\",\"position\":2,\"name\":\"Sklerallinsen f\u00fcr trockenes Auge\"}]},{\"@type\":\"WebSite\",\"@id\":\"https:\/\/www.keratoconuscentrumnederland.nl\/de\/#website\",\"url\":\"https:\/\/www.keratoconuscentrumnederland.nl\/de\/\",\"name\":\"Keratoconuscentrum Nederland\",\"description\":\"\",\"publisher\":{\"@id\":\"https:\/\/www.keratoconuscentrumnederland.nl\/de\/#organization\"},\"potentialAction\":[{\"@type\":\"SearchAction\",\"target\":{\"@type\":\"EntryPoint\",\"urlTemplate\":\"https:\/\/www.keratoconuscentrumnederland.nl\/de\/?s={search_term_string}\"},\"query-input\":{\"@type\":\"PropertyValueSpecification\",\"valueRequired\":true,\"valueName\":\"search_term_string\"}}],\"inLanguage\":\"de\"},{\"@type\":\"Organization\",\"@id\":\"https:\/\/www.keratoconuscentrumnederland.nl\/de\/#organization\",\"name\":\"Keratoconuscentrum Nederland\",\"url\":\"https:\/\/www.keratoconuscentrumnederland.nl\/de\/\",\"logo\":{\"@type\":\"ImageObject\",\"inLanguage\":\"de\",\"@id\":\"https:\/\/www.keratoconuscentrumnederland.nl\/de\/#\/schema\/logo\/image\/\",\"url\":\"https:\/\/www.keratoconuscentrumnederland.nl\/wp-content\/uploads\/logo-keratocuscentrum-nederland.png\",\"contentUrl\":\"https:\/\/www.keratoconuscentrumnederland.nl\/wp-content\/uploads\/logo-keratocuscentrum-nederland.png\",\"width\":223,\"height\":97,\"caption\":\"Keratoconuscentrum Nederland\"},\"image\":{\"@id\":\"https:\/\/www.keratoconuscentrumnederland.nl\/de\/#\/schema\/logo\/image\/\"}}]}<\/script>\n<!-- \/ Yoast SEO plugin. -->","yoast_head_json":{"title":"Sklerallinsen f\u00fcr trockenes Auge - Keratoconuscentrum Nederland","description":"Sklerallinsen sind die L\u00f6sung f\u00fcr Menschen mit Keratokonus, aber Sklerallinsen sind auch ideal f\u00fcr trockene Augen. Lesen Sie mehr \u00fcber Sklerallinsenfl\u00fcssigkeit.","robots":{"index":"index","follow":"follow","max-snippet":"max-snippet:-1","max-image-preview":"max-image-preview:large","max-video-preview":"max-video-preview:-1"},"canonical":"https:\/\/www.keratoconuscentrumnederland.nl\/de\/sklerallinsen-fuer-trockenes-auge\/","og_locale":"de_DE","og_type":"article","og_title":"Sklerallinsen f\u00fcr trockenes Auge - Keratoconuscentrum Nederland","og_description":"Sklerallinsen sind die L\u00f6sung f\u00fcr Menschen mit Keratokonus, aber Sklerallinsen sind auch ideal f\u00fcr trockene Augen. Lesen Sie mehr \u00fcber Sklerallinsenfl\u00fcssigkeit.","og_url":"https:\/\/www.keratoconuscentrumnederland.nl\/de\/sklerallinsen-fuer-trockenes-auge\/","og_site_name":"Keratoconuscentrum Nederland","article_modified_time":"2022-04-15T09:54:47+00:00","twitter_card":"summary_large_image","twitter_misc":{"Gesch\u00e4tzte Lesezeit":"3\u00a0Minuten"},"schema":{"@context":"https:\/\/schema.org","@graph":[{"@type":"WebPage","@id":"https:\/\/www.keratoconuscentrumnederland.nl\/de\/sklerallinsen-fuer-trockenes-auge\/","url":"https:\/\/www.keratoconuscentrumnederland.nl\/de\/sklerallinsen-fuer-trockenes-auge\/","name":"Sklerallinsen f\u00fcr trockenes Auge - Keratoconuscentrum Nederland","isPartOf":{"@id":"https:\/\/www.keratoconuscentrumnederland.nl\/de\/#website"},"datePublished":"2022-01-14T09:10:26+00:00","dateModified":"2022-04-15T09:54:47+00:00","description":"Sklerallinsen sind die L\u00f6sung f\u00fcr Menschen mit Keratokonus, aber Sklerallinsen sind auch ideal f\u00fcr trockene Augen. Lesen Sie mehr \u00fcber Sklerallinsenfl\u00fcssigkeit.","breadcrumb":{"@id":"https:\/\/www.keratoconuscentrumnederland.nl\/de\/sklerallinsen-fuer-trockenes-auge\/#breadcrumb"},"inLanguage":"de","potentialAction":[{"@type":"ReadAction","target":["https:\/\/www.keratoconuscentrumnederland.nl\/de\/sklerallinsen-fuer-trockenes-auge\/"]}]},{"@type":"BreadcrumbList","@id":"https:\/\/www.keratoconuscentrumnederland.nl\/de\/sklerallinsen-fuer-trockenes-auge\/#breadcrumb","itemListElement":[{"@type":"ListItem","position":1,"name":"Home","item":"https:\/\/www.keratoconuscentrumnederland.nl\/de\/keratokonus-zentrum\/"},{"@type":"ListItem","position":2,"name":"Sklerallinsen f\u00fcr trockenes Auge"}]},{"@type":"WebSite","@id":"https:\/\/www.keratoconuscentrumnederland.nl\/de\/#website","url":"https:\/\/www.keratoconuscentrumnederland.nl\/de\/","name":"Keratoconuscentrum Nederland","description":"","publisher":{"@id":"https:\/\/www.keratoconuscentrumnederland.nl\/de\/#organization"},"potentialAction":[{"@type":"SearchAction","target":{"@type":"EntryPoint","urlTemplate":"https:\/\/www.keratoconuscentrumnederland.nl\/de\/?s={search_term_string}"},"query-input":{"@type":"PropertyValueSpecification","valueRequired":true,"valueName":"search_term_string"}}],"inLanguage":"de"},{"@type":"Organization","@id":"https:\/\/www.keratoconuscentrumnederland.nl\/de\/#organization","name":"Keratoconuscentrum Nederland","url":"https:\/\/www.keratoconuscentrumnederland.nl\/de\/","logo":{"@type":"ImageObject","inLanguage":"de","@id":"https:\/\/www.keratoconuscentrumnederland.nl\/de\/#\/schema\/logo\/image\/","url":"https:\/\/www.keratoconuscentrumnederland.nl\/wp-content\/uploads\/logo-keratocuscentrum-nederland.png","contentUrl":"https:\/\/www.keratoconuscentrumnederland.nl\/wp-content\/uploads\/logo-keratocuscentrum-nederland.png","width":223,"height":97,"caption":"Keratoconuscentrum Nederland"},"image":{"@id":"https:\/\/www.keratoconuscentrumnederland.nl\/de\/#\/schema\/logo\/image\/"}}]}},"_links":{"self":[{"href":"https:\/\/www.keratoconuscentrumnederland.nl\/de\/wp-json\/wp\/v2\/pages\/954","targetHints":{"allow":["GET"]}}],"collection":[{"href":"https:\/\/www.keratoconuscentrumnederland.nl\/de\/wp-json\/wp\/v2\/pages"}],"about":[{"href":"https:\/\/www.keratoconuscentrumnederland.nl\/de\/wp-json\/wp\/v2\/types\/page"}],"author":[{"embeddable":true,"href":"https:\/\/www.keratoconuscentrumnederland.nl\/de\/wp-json\/wp\/v2\/users\/1"}],"replies":[{"embeddable":true,"href":"https:\/\/www.keratoconuscentrumnederland.nl\/de\/wp-json\/wp\/v2\/comments?post=954"}],"version-history":[{"count":1,"href":"https:\/\/www.keratoconuscentrumnederland.nl\/de\/wp-json\/wp\/v2\/pages\/954\/revisions"}],"predecessor-version":[{"id":975,"href":"https:\/\/www.keratoconuscentrumnederland.nl\/de\/wp-json\/wp\/v2\/pages\/954\/revisions\/975"}],"wp:attachment":[{"href":"https:\/\/www.keratoconuscentrumnederland.nl\/de\/wp-json\/wp\/v2\/media?parent=954"}],"curies":[{"name":"wp","href":"https:\/\/api.w.org\/{rel}","templated":true}]}}