{"id":989,"date":"2022-01-14T09:59:40","date_gmt":"2022-01-14T08:59:40","guid":{"rendered":"https:\/\/www.keratoconuscentrumnederland.nl\/keratokonus-fuehrerschein\/"},"modified":"2022-04-15T11:54:47","modified_gmt":"2022-04-15T09:54:47","slug":"keratokonus-fuehrerschein","status":"publish","type":"page","link":"https:\/\/www.keratoconuscentrumnederland.nl\/de\/keratokonus-fuehrerschein\/","title":{"rendered":"Keratokonus-F\u00fchrerschein"},"content":{"rendered":"<p>[vc_row][vc_column][vc_column_text]<\/p>\n<h2>Keratokonus und das Erhalten und Behalten des F\u00fchrerscheins<\/h2>\n<p>Da sich der Keratokonus bei den meisten Menschen im Teenageralter manifestiert, besteht auch die M\u00f6glichkeit, dass ihr Fahrlehrer sie mit der Kennzeichenkontrolle \u00fcberrascht, wo er\/sie darauf hinweist, dass sie mit ihrer Sehsch\u00e4rfe keine Fahrpr\u00fcfung machen sollten. Folglich bildet der Keratokonus ein Hindernis f\u00fcr die Erlangung eines F\u00fchrerscheins. Die meisten Menschen beginnen im Teenageralter mit dem Fahrunterricht.<\/p>\n<h2>Fahren und Sehbehinderung<\/h2>\n<p>Beim Autofahren ist eine gute Sicht sehr wichtig. Sie m\u00fcssen in der Lage sein, den Weg zu finden und rechtzeitig auf Gefahren zu reagieren. Beim Autofahren spielen die Sehsch\u00e4rfe (Vision) und das Gesichtsfeld eine wichtige Rolle. Die Sehsch\u00e4rfe bestimmt, wie gut Sie Verkehrszeichen lesen k\u00f6nnen. Die normale Sehsch\u00e4rfe, ob durch Kontaktlinsen oder Brille korrigiert oder nicht, liegt zwischen 0,7 und 1,5. Mit dem Sichtfeld sehen Sie Dinge, auf die Sie nicht schauen. Sie sehen diese Dinge aus dem Augenwinkel. Ein normales Sichtfeld mit beiden Augen betr\u00e4gt oft mehr als 180 Grad und mit einem Auge 150 Grad.<\/p>\n<h2>F\u00fchrerschein bei Seh- oder Gesichtsfeldbeeintr\u00e4chtigung<\/h2>\n<p>Wie gut muss man sehen k\u00f6nnen, ob man den F\u00fchrerschein machen oder behalten will? Wenn Sie mit beiden Augen sehen, ist eine Sehsch\u00e4rfe von 0,7 erforderlich. Sieht ein Auge schlechter und das andere Auge kompensiert, erf\u00fcllt man auch mit Keratokonus noch die Voraussetzungen f\u00fcr den F\u00fchrerschein.<\/p>\n<h2>Teilzulassung f\u00fcr den F\u00fchrerschein<\/h2>\n<p>Erf\u00fcllen Sie aufgrund des Keratokonus einfach nicht die Anforderungen an Sicht oder Sichtfeld? Eine (Teil-)Zulassung ist auch nach einer Fahrpr\u00fcfung noch m\u00f6glich. Das Sichtfeld darf nicht kleiner als 0,4 (40 %) sein und das verbleibende Sichtfeld muss mindestens 90 Grad betragen. Erf\u00fcllen Sie die Anforderungen an das Sehverm\u00f6gen und auch nicht die Anforderungen an das Sichtfeld, dann wird es sehr schwierig bis unm\u00f6glich, einen F\u00fchrerschein mit Keratokonus zu erhalten oder zu behalten.[\/vc_column_text][\/vc_column][\/vc_row]<\/p>\n","protected":false},"excerpt":{"rendered":"<p>[vc_row][vc_column][vc_column_text] Keratokonus und das Erhalten und Behalten des F\u00fchrerscheins Da sich der Keratokonus bei den meisten Menschen im Teenageralter manifestiert, besteht auch die M\u00f6glichkeit, dass ihr Fahrlehrer sie mit der Kennzeichenkontrolle \u00fcberrascht, wo er\/sie darauf hinweist, dass sie mit ihrer Sehsch\u00e4rfe keine Fahrpr\u00fcfung machen sollten. Folglich bildet der Keratokonus ein<a class=\"moretag\" href=\"https:\/\/www.keratoconuscentrumnederland.nl\/de\/keratokonus-fuehrerschein\/\">&#8230;<\/a><\/p>\n","protected":false},"author":1,"featured_media":0,"parent":0,"menu_order":0,"comment_status":"closed","ping_status":"closed","template":"","meta":{"inline_featured_image":false,"_glsr_average":0,"_glsr_ranking":0,"_glsr_reviews":0,"footnotes":""},"class_list":["post-989","page","type-page","status-publish","hentry"],"yoast_head":"<!-- This site is optimized with the Yoast SEO plugin v27.2 - https:\/\/yoast.com\/product\/yoast-seo-wordpress\/ -->\n<title>Keratokonus-F\u00fchrerschein - Keratoconuscentrum Nederland<\/title>\n<meta name=\"description\" content=\"Kann man mit Keratokonus den F\u00fchrerschein machen? Dies ist unter bestimmten Voraussetzungen m\u00f6glich. Ausf\u00fchrliche Informationen erhalten Sie im Keratokonus-Zentrum in den Niederlanden.\" \/>\n<meta name=\"robots\" content=\"index, follow, max-snippet:-1, max-image-preview:large, max-video-preview:-1\" \/>\n<link rel=\"canonical\" href=\"https:\/\/www.keratoconuscentrumnederland.nl\/de\/keratokonus-fuehrerschein\/\" \/>\n<meta property=\"og:locale\" content=\"de_DE\" \/>\n<meta property=\"og:type\" content=\"article\" \/>\n<meta property=\"og:title\" content=\"Keratokonus-F\u00fchrerschein - Keratoconuscentrum Nederland\" \/>\n<meta property=\"og:description\" content=\"Kann man mit Keratokonus den F\u00fchrerschein machen? Dies ist unter bestimmten Voraussetzungen m\u00f6glich. Ausf\u00fchrliche Informationen erhalten Sie im Keratokonus-Zentrum in den Niederlanden.\" \/>\n<meta property=\"og:url\" content=\"https:\/\/www.keratoconuscentrumnederland.nl\/de\/keratokonus-fuehrerschein\/\" \/>\n<meta property=\"og:site_name\" content=\"Keratoconuscentrum Nederland\" \/>\n<meta property=\"article:modified_time\" content=\"2022-04-15T09:54:47+00:00\" \/>\n<meta name=\"twitter:card\" content=\"summary_large_image\" \/>\n<meta name=\"twitter:label1\" content=\"Gesch\u00e4tzte Lesezeit\" \/>\n\t<meta name=\"twitter:data1\" content=\"2\u00a0Minuten\" \/>\n<script type=\"application\/ld+json\" class=\"yoast-schema-graph\">{\"@context\":\"https:\/\/schema.org\",\"@graph\":[{\"@type\":\"WebPage\",\"@id\":\"https:\/\/www.keratoconuscentrumnederland.nl\/de\/keratokonus-fuehrerschein\/\",\"url\":\"https:\/\/www.keratoconuscentrumnederland.nl\/de\/keratokonus-fuehrerschein\/\",\"name\":\"Keratokonus-F\u00fchrerschein - Keratoconuscentrum Nederland\",\"isPartOf\":{\"@id\":\"https:\/\/www.keratoconuscentrumnederland.nl\/de\/#website\"},\"datePublished\":\"2022-01-14T08:59:40+00:00\",\"dateModified\":\"2022-04-15T09:54:47+00:00\",\"description\":\"Kann man mit Keratokonus den F\u00fchrerschein machen? Dies ist unter bestimmten Voraussetzungen m\u00f6glich. Ausf\u00fchrliche Informationen erhalten Sie im Keratokonus-Zentrum in den Niederlanden.\",\"breadcrumb\":{\"@id\":\"https:\/\/www.keratoconuscentrumnederland.nl\/de\/keratokonus-fuehrerschein\/#breadcrumb\"},\"inLanguage\":\"de\",\"potentialAction\":[{\"@type\":\"ReadAction\",\"target\":[\"https:\/\/www.keratoconuscentrumnederland.nl\/de\/keratokonus-fuehrerschein\/\"]}]},{\"@type\":\"BreadcrumbList\",\"@id\":\"https:\/\/www.keratoconuscentrumnederland.nl\/de\/keratokonus-fuehrerschein\/#breadcrumb\",\"itemListElement\":[{\"@type\":\"ListItem\",\"position\":1,\"name\":\"Home\",\"item\":\"https:\/\/www.keratoconuscentrumnederland.nl\/de\/keratokonus-zentrum\/\"},{\"@type\":\"ListItem\",\"position\":2,\"name\":\"Keratokonus-F\u00fchrerschein\"}]},{\"@type\":\"WebSite\",\"@id\":\"https:\/\/www.keratoconuscentrumnederland.nl\/de\/#website\",\"url\":\"https:\/\/www.keratoconuscentrumnederland.nl\/de\/\",\"name\":\"Keratoconuscentrum Nederland\",\"description\":\"\",\"publisher\":{\"@id\":\"https:\/\/www.keratoconuscentrumnederland.nl\/de\/#organization\"},\"potentialAction\":[{\"@type\":\"SearchAction\",\"target\":{\"@type\":\"EntryPoint\",\"urlTemplate\":\"https:\/\/www.keratoconuscentrumnederland.nl\/de\/?s={search_term_string}\"},\"query-input\":{\"@type\":\"PropertyValueSpecification\",\"valueRequired\":true,\"valueName\":\"search_term_string\"}}],\"inLanguage\":\"de\"},{\"@type\":\"Organization\",\"@id\":\"https:\/\/www.keratoconuscentrumnederland.nl\/de\/#organization\",\"name\":\"Keratoconuscentrum Nederland\",\"url\":\"https:\/\/www.keratoconuscentrumnederland.nl\/de\/\",\"logo\":{\"@type\":\"ImageObject\",\"inLanguage\":\"de\",\"@id\":\"https:\/\/www.keratoconuscentrumnederland.nl\/de\/#\/schema\/logo\/image\/\",\"url\":\"https:\/\/www.keratoconuscentrumnederland.nl\/wp-content\/uploads\/logo-keratocuscentrum-nederland.png\",\"contentUrl\":\"https:\/\/www.keratoconuscentrumnederland.nl\/wp-content\/uploads\/logo-keratocuscentrum-nederland.png\",\"width\":223,\"height\":97,\"caption\":\"Keratoconuscentrum Nederland\"},\"image\":{\"@id\":\"https:\/\/www.keratoconuscentrumnederland.nl\/de\/#\/schema\/logo\/image\/\"}}]}<\/script>\n<!-- \/ Yoast SEO plugin. -->","yoast_head_json":{"title":"Keratokonus-F\u00fchrerschein - Keratoconuscentrum Nederland","description":"Kann man mit Keratokonus den F\u00fchrerschein machen? Dies ist unter bestimmten Voraussetzungen m\u00f6glich. Ausf\u00fchrliche Informationen erhalten Sie im Keratokonus-Zentrum in den Niederlanden.","robots":{"index":"index","follow":"follow","max-snippet":"max-snippet:-1","max-image-preview":"max-image-preview:large","max-video-preview":"max-video-preview:-1"},"canonical":"https:\/\/www.keratoconuscentrumnederland.nl\/de\/keratokonus-fuehrerschein\/","og_locale":"de_DE","og_type":"article","og_title":"Keratokonus-F\u00fchrerschein - Keratoconuscentrum Nederland","og_description":"Kann man mit Keratokonus den F\u00fchrerschein machen? Dies ist unter bestimmten Voraussetzungen m\u00f6glich. Ausf\u00fchrliche Informationen erhalten Sie im Keratokonus-Zentrum in den Niederlanden.","og_url":"https:\/\/www.keratoconuscentrumnederland.nl\/de\/keratokonus-fuehrerschein\/","og_site_name":"Keratoconuscentrum Nederland","article_modified_time":"2022-04-15T09:54:47+00:00","twitter_card":"summary_large_image","twitter_misc":{"Gesch\u00e4tzte Lesezeit":"2\u00a0Minuten"},"schema":{"@context":"https:\/\/schema.org","@graph":[{"@type":"WebPage","@id":"https:\/\/www.keratoconuscentrumnederland.nl\/de\/keratokonus-fuehrerschein\/","url":"https:\/\/www.keratoconuscentrumnederland.nl\/de\/keratokonus-fuehrerschein\/","name":"Keratokonus-F\u00fchrerschein - Keratoconuscentrum Nederland","isPartOf":{"@id":"https:\/\/www.keratoconuscentrumnederland.nl\/de\/#website"},"datePublished":"2022-01-14T08:59:40+00:00","dateModified":"2022-04-15T09:54:47+00:00","description":"Kann man mit Keratokonus den F\u00fchrerschein machen? Dies ist unter bestimmten Voraussetzungen m\u00f6glich. Ausf\u00fchrliche Informationen erhalten Sie im Keratokonus-Zentrum in den Niederlanden.","breadcrumb":{"@id":"https:\/\/www.keratoconuscentrumnederland.nl\/de\/keratokonus-fuehrerschein\/#breadcrumb"},"inLanguage":"de","potentialAction":[{"@type":"ReadAction","target":["https:\/\/www.keratoconuscentrumnederland.nl\/de\/keratokonus-fuehrerschein\/"]}]},{"@type":"BreadcrumbList","@id":"https:\/\/www.keratoconuscentrumnederland.nl\/de\/keratokonus-fuehrerschein\/#breadcrumb","itemListElement":[{"@type":"ListItem","position":1,"name":"Home","item":"https:\/\/www.keratoconuscentrumnederland.nl\/de\/keratokonus-zentrum\/"},{"@type":"ListItem","position":2,"name":"Keratokonus-F\u00fchrerschein"}]},{"@type":"WebSite","@id":"https:\/\/www.keratoconuscentrumnederland.nl\/de\/#website","url":"https:\/\/www.keratoconuscentrumnederland.nl\/de\/","name":"Keratoconuscentrum Nederland","description":"","publisher":{"@id":"https:\/\/www.keratoconuscentrumnederland.nl\/de\/#organization"},"potentialAction":[{"@type":"SearchAction","target":{"@type":"EntryPoint","urlTemplate":"https:\/\/www.keratoconuscentrumnederland.nl\/de\/?s={search_term_string}"},"query-input":{"@type":"PropertyValueSpecification","valueRequired":true,"valueName":"search_term_string"}}],"inLanguage":"de"},{"@type":"Organization","@id":"https:\/\/www.keratoconuscentrumnederland.nl\/de\/#organization","name":"Keratoconuscentrum Nederland","url":"https:\/\/www.keratoconuscentrumnederland.nl\/de\/","logo":{"@type":"ImageObject","inLanguage":"de","@id":"https:\/\/www.keratoconuscentrumnederland.nl\/de\/#\/schema\/logo\/image\/","url":"https:\/\/www.keratoconuscentrumnederland.nl\/wp-content\/uploads\/logo-keratocuscentrum-nederland.png","contentUrl":"https:\/\/www.keratoconuscentrumnederland.nl\/wp-content\/uploads\/logo-keratocuscentrum-nederland.png","width":223,"height":97,"caption":"Keratoconuscentrum Nederland"},"image":{"@id":"https:\/\/www.keratoconuscentrumnederland.nl\/de\/#\/schema\/logo\/image\/"}}]}},"_links":{"self":[{"href":"https:\/\/www.keratoconuscentrumnederland.nl\/de\/wp-json\/wp\/v2\/pages\/989","targetHints":{"allow":["GET"]}}],"collection":[{"href":"https:\/\/www.keratoconuscentrumnederland.nl\/de\/wp-json\/wp\/v2\/pages"}],"about":[{"href":"https:\/\/www.keratoconuscentrumnederland.nl\/de\/wp-json\/wp\/v2\/types\/page"}],"author":[{"embeddable":true,"href":"https:\/\/www.keratoconuscentrumnederland.nl\/de\/wp-json\/wp\/v2\/users\/1"}],"replies":[{"embeddable":true,"href":"https:\/\/www.keratoconuscentrumnederland.nl\/de\/wp-json\/wp\/v2\/comments?post=989"}],"version-history":[{"count":1,"href":"https:\/\/www.keratoconuscentrumnederland.nl\/de\/wp-json\/wp\/v2\/pages\/989\/revisions"}],"predecessor-version":[{"id":1013,"href":"https:\/\/www.keratoconuscentrumnederland.nl\/de\/wp-json\/wp\/v2\/pages\/989\/revisions\/1013"}],"wp:attachment":[{"href":"https:\/\/www.keratoconuscentrumnederland.nl\/de\/wp-json\/wp\/v2\/media?parent=989"}],"curies":[{"name":"wp","href":"https:\/\/api.w.org\/{rel}","templated":true}]}}