{"id":991,"date":"2022-01-14T10:12:35","date_gmt":"2022-01-14T09:12:35","guid":{"rendered":"https:\/\/www.keratoconuscentrumnederland.nl\/was-ist-starburst\/"},"modified":"2022-04-15T11:54:47","modified_gmt":"2022-04-15T09:54:47","slug":"was-ist-starburst","status":"publish","type":"page","link":"https:\/\/www.keratoconuscentrumnederland.nl\/de\/was-ist-starburst\/","title":{"rendered":"Was ist Starburst?"},"content":{"rendered":"<p>[vc_row][vc_column][vc_column_text]<\/p>\n<h2>Starburst um Lichtquellen herum sehen<\/h2>\n<p>Wenn sich eine Lichtquelle zu einem Stern verformt, spricht man von einem Starburst. Wenn Sie ohne Kontaktlinsenkorrektur auf eine Lichtquelle mit Keratokonus schauen, strahlt Licht nach oben. Die L\u00e4nge der Strahlen wird durch den Grad des Keratokonus verursacht. Wenn Sie mit Sklerallinsen auf eine Lichtquelle mit Keratokonus schauen, strahlt Licht nach unten. Je nach Restfehler sind diese Lichtstreifen gro\u00df oder klein. Je gr\u00f6\u00dfer der unkorrigierte Restfehler ist, desto l\u00e4nger sind die Strahlen.[\/vc_column_text][\/vc_column][\/vc_row][vc_row][vc_column width=&#8220;1\/2&#8243; offset=&#8220;vc_col-xs-6&#8243;][vc_column_text]<\/p>\n<p style=\"text-align: center;\"><strong>Keratokonus ohne Korrektur<\/strong><\/p>\n<p>[\/vc_column_text][vc_single_image image=&#8220;607&#8243; img_size=&#8220;500&#215;500&#8243; alignment=&#8220;center&#8220;][\/vc_column][vc_column width=&#8220;1\/2&#8243; offset=&#8220;vc_col-xs-6&#8243;][vc_column_text]<\/p>\n<p style=\"text-align: center;\"><strong> Keratokonus mit Kontaktlinsenkorrektur<\/strong><\/p>\n<p>[\/vc_column_text][vc_single_image image=&#8220;608&#8243; img_size=&#8220;500&#215;500&#8243; alignment=&#8220;center&#8220;][\/vc_column][\/vc_row][vc_row][vc_column][vc_column_text]<\/p>\n<h2>Sehen Sie sich die Ursache von Schlieren in Lichtquellen an<\/h2>\n<p>Wenn Licht seinen Weg durch das Auge findet, kann es seine Richtung \u00e4ndern. Beispielsweise kann ein Lichtstrahl durch Tr\u00fcbung in mehrere feine Lichtstrahlen aufgespalten werden. Diese Aufspaltung des Lichts wird Lichtstreuung genannt. Einige Scans der Keratokonushornhaut zeigen eine Abnahme der Hornhautklarheit. Dieser leichte Helligkeitsverlust scheint zu Streulichtbel\u00e4stigungen zu f\u00fchren. Streulichtbel\u00e4stigung (Blend) \u00e4u\u00dfert sich in verschwommenem Sehen, Kontrast- und Farbverlust. Streulichtbel\u00e4stigung verst\u00e4rkt das optische Problem des weniger scharfen Sehens trotz Korrektur von Kontaktlinsen.<\/p>\n<h2>Sehen Sie Streifen im Dunkeln<\/h2>\n<p>Das Sehen von Streifen um Lichtquellen wie Autolampen oder Laternenpf\u00e4hle ist besonders im Dunkeln gut sichtbar. Die Streifen k\u00f6nnen das Fahren erschweren, was in manchen F\u00e4llen sogar zu gef\u00e4hrlichen Situationen f\u00fchren kann. Wie die Streifen aussehen, ist ganz anders. Manchmal sieht man feine Strahlen und manchmal dickere Strahlen. Gemeinsam ist ihnen, dass sie das Sehverm\u00f6gen erheblich einschr\u00e4nken k\u00f6nnen.<\/p>\n<h2>Tags\u00fcber Streifen in Lichtquellen sehen<\/h2>\n<p>Tags\u00fcber k\u00f6nnen Sie auch Lichtstreifen sehen. Zum Beispiel bei bew\u00f6lktem, grauem Wetter und wenn Autos mit Licht fahren. Einige Menschen mit Keratokonus geben an, dass sie auch tags\u00fcber Probleme beim Autofahren haben, beispielsweise aufgrund von Doppelkonturen, verschwommenem Sehen und Verlust der Kontrastempfindlichkeit.[\/vc_column_text][\/vc_column][\/vc_row]<\/p>\n","protected":false},"excerpt":{"rendered":"<p>[vc_row][vc_column][vc_column_text] Starburst um Lichtquellen herum sehen Wenn sich eine Lichtquelle zu einem Stern verformt, spricht man von einem Starburst. Wenn Sie ohne Kontaktlinsenkorrektur auf eine Lichtquelle mit Keratokonus schauen, strahlt Licht nach oben. Die L\u00e4nge der Strahlen wird durch den Grad des Keratokonus verursacht. Wenn Sie mit Sklerallinsen auf eine<a class=\"moretag\" href=\"https:\/\/www.keratoconuscentrumnederland.nl\/de\/was-ist-starburst\/\">&#8230;<\/a><\/p>\n","protected":false},"author":1,"featured_media":0,"parent":0,"menu_order":0,"comment_status":"closed","ping_status":"closed","template":"","meta":{"inline_featured_image":false,"_glsr_average":0,"_glsr_ranking":0,"_glsr_reviews":0,"footnotes":""},"class_list":["post-991","page","type-page","status-publish","hentry"],"yoast_head":"<!-- This site is optimized with the Yoast SEO plugin v27.2 - https:\/\/yoast.com\/product\/yoast-seo-wordpress\/ -->\n<title>Was ist Starburst? - Keratoconuscentrum Nederland<\/title>\n<meta name=\"description\" content=\"Starburst tritt bei vielen Menschen mit Keratokonus haupts\u00e4chlich nachts auf. Aber auch tags\u00fcber k\u00f6nnen diese st\u00f6renden Lichtschlieren die Sicht beeintr\u00e4chtigen.\" \/>\n<meta name=\"robots\" content=\"index, follow, max-snippet:-1, max-image-preview:large, max-video-preview:-1\" \/>\n<link rel=\"canonical\" href=\"https:\/\/www.keratoconuscentrumnederland.nl\/de\/was-ist-starburst\/\" \/>\n<meta property=\"og:locale\" content=\"de_DE\" \/>\n<meta property=\"og:type\" content=\"article\" \/>\n<meta property=\"og:title\" content=\"Was ist Starburst? - Keratoconuscentrum Nederland\" \/>\n<meta property=\"og:description\" content=\"Starburst tritt bei vielen Menschen mit Keratokonus haupts\u00e4chlich nachts auf. Aber auch tags\u00fcber k\u00f6nnen diese st\u00f6renden Lichtschlieren die Sicht beeintr\u00e4chtigen.\" \/>\n<meta property=\"og:url\" content=\"https:\/\/www.keratoconuscentrumnederland.nl\/de\/was-ist-starburst\/\" \/>\n<meta property=\"og:site_name\" content=\"Keratoconuscentrum Nederland\" \/>\n<meta property=\"article:modified_time\" content=\"2022-04-15T09:54:47+00:00\" \/>\n<meta name=\"twitter:card\" content=\"summary_large_image\" \/>\n<meta name=\"twitter:label1\" content=\"Gesch\u00e4tzte Lesezeit\" \/>\n\t<meta name=\"twitter:data1\" content=\"2\u00a0Minuten\" \/>\n<script type=\"application\/ld+json\" class=\"yoast-schema-graph\">{\"@context\":\"https:\/\/schema.org\",\"@graph\":[{\"@type\":\"WebPage\",\"@id\":\"https:\/\/www.keratoconuscentrumnederland.nl\/de\/was-ist-starburst\/\",\"url\":\"https:\/\/www.keratoconuscentrumnederland.nl\/de\/was-ist-starburst\/\",\"name\":\"Was ist Starburst? - Keratoconuscentrum Nederland\",\"isPartOf\":{\"@id\":\"https:\/\/www.keratoconuscentrumnederland.nl\/de\/#website\"},\"datePublished\":\"2022-01-14T09:12:35+00:00\",\"dateModified\":\"2022-04-15T09:54:47+00:00\",\"description\":\"Starburst tritt bei vielen Menschen mit Keratokonus haupts\u00e4chlich nachts auf. Aber auch tags\u00fcber k\u00f6nnen diese st\u00f6renden Lichtschlieren die Sicht beeintr\u00e4chtigen.\",\"breadcrumb\":{\"@id\":\"https:\/\/www.keratoconuscentrumnederland.nl\/de\/was-ist-starburst\/#breadcrumb\"},\"inLanguage\":\"de\",\"potentialAction\":[{\"@type\":\"ReadAction\",\"target\":[\"https:\/\/www.keratoconuscentrumnederland.nl\/de\/was-ist-starburst\/\"]}]},{\"@type\":\"BreadcrumbList\",\"@id\":\"https:\/\/www.keratoconuscentrumnederland.nl\/de\/was-ist-starburst\/#breadcrumb\",\"itemListElement\":[{\"@type\":\"ListItem\",\"position\":1,\"name\":\"Home\",\"item\":\"https:\/\/www.keratoconuscentrumnederland.nl\/de\/keratokonus-zentrum\/\"},{\"@type\":\"ListItem\",\"position\":2,\"name\":\"Was ist Starburst?\"}]},{\"@type\":\"WebSite\",\"@id\":\"https:\/\/www.keratoconuscentrumnederland.nl\/de\/#website\",\"url\":\"https:\/\/www.keratoconuscentrumnederland.nl\/de\/\",\"name\":\"Keratoconuscentrum Nederland\",\"description\":\"\",\"publisher\":{\"@id\":\"https:\/\/www.keratoconuscentrumnederland.nl\/de\/#organization\"},\"potentialAction\":[{\"@type\":\"SearchAction\",\"target\":{\"@type\":\"EntryPoint\",\"urlTemplate\":\"https:\/\/www.keratoconuscentrumnederland.nl\/de\/?s={search_term_string}\"},\"query-input\":{\"@type\":\"PropertyValueSpecification\",\"valueRequired\":true,\"valueName\":\"search_term_string\"}}],\"inLanguage\":\"de\"},{\"@type\":\"Organization\",\"@id\":\"https:\/\/www.keratoconuscentrumnederland.nl\/de\/#organization\",\"name\":\"Keratoconuscentrum Nederland\",\"url\":\"https:\/\/www.keratoconuscentrumnederland.nl\/de\/\",\"logo\":{\"@type\":\"ImageObject\",\"inLanguage\":\"de\",\"@id\":\"https:\/\/www.keratoconuscentrumnederland.nl\/de\/#\/schema\/logo\/image\/\",\"url\":\"https:\/\/www.keratoconuscentrumnederland.nl\/wp-content\/uploads\/logo-keratocuscentrum-nederland.png\",\"contentUrl\":\"https:\/\/www.keratoconuscentrumnederland.nl\/wp-content\/uploads\/logo-keratocuscentrum-nederland.png\",\"width\":223,\"height\":97,\"caption\":\"Keratoconuscentrum Nederland\"},\"image\":{\"@id\":\"https:\/\/www.keratoconuscentrumnederland.nl\/de\/#\/schema\/logo\/image\/\"}}]}<\/script>\n<!-- \/ Yoast SEO plugin. -->","yoast_head_json":{"title":"Was ist Starburst? - Keratoconuscentrum Nederland","description":"Starburst tritt bei vielen Menschen mit Keratokonus haupts\u00e4chlich nachts auf. Aber auch tags\u00fcber k\u00f6nnen diese st\u00f6renden Lichtschlieren die Sicht beeintr\u00e4chtigen.","robots":{"index":"index","follow":"follow","max-snippet":"max-snippet:-1","max-image-preview":"max-image-preview:large","max-video-preview":"max-video-preview:-1"},"canonical":"https:\/\/www.keratoconuscentrumnederland.nl\/de\/was-ist-starburst\/","og_locale":"de_DE","og_type":"article","og_title":"Was ist Starburst? - Keratoconuscentrum Nederland","og_description":"Starburst tritt bei vielen Menschen mit Keratokonus haupts\u00e4chlich nachts auf. Aber auch tags\u00fcber k\u00f6nnen diese st\u00f6renden Lichtschlieren die Sicht beeintr\u00e4chtigen.","og_url":"https:\/\/www.keratoconuscentrumnederland.nl\/de\/was-ist-starburst\/","og_site_name":"Keratoconuscentrum Nederland","article_modified_time":"2022-04-15T09:54:47+00:00","twitter_card":"summary_large_image","twitter_misc":{"Gesch\u00e4tzte Lesezeit":"2\u00a0Minuten"},"schema":{"@context":"https:\/\/schema.org","@graph":[{"@type":"WebPage","@id":"https:\/\/www.keratoconuscentrumnederland.nl\/de\/was-ist-starburst\/","url":"https:\/\/www.keratoconuscentrumnederland.nl\/de\/was-ist-starburst\/","name":"Was ist Starburst? - Keratoconuscentrum Nederland","isPartOf":{"@id":"https:\/\/www.keratoconuscentrumnederland.nl\/de\/#website"},"datePublished":"2022-01-14T09:12:35+00:00","dateModified":"2022-04-15T09:54:47+00:00","description":"Starburst tritt bei vielen Menschen mit Keratokonus haupts\u00e4chlich nachts auf. Aber auch tags\u00fcber k\u00f6nnen diese st\u00f6renden Lichtschlieren die Sicht beeintr\u00e4chtigen.","breadcrumb":{"@id":"https:\/\/www.keratoconuscentrumnederland.nl\/de\/was-ist-starburst\/#breadcrumb"},"inLanguage":"de","potentialAction":[{"@type":"ReadAction","target":["https:\/\/www.keratoconuscentrumnederland.nl\/de\/was-ist-starburst\/"]}]},{"@type":"BreadcrumbList","@id":"https:\/\/www.keratoconuscentrumnederland.nl\/de\/was-ist-starburst\/#breadcrumb","itemListElement":[{"@type":"ListItem","position":1,"name":"Home","item":"https:\/\/www.keratoconuscentrumnederland.nl\/de\/keratokonus-zentrum\/"},{"@type":"ListItem","position":2,"name":"Was ist Starburst?"}]},{"@type":"WebSite","@id":"https:\/\/www.keratoconuscentrumnederland.nl\/de\/#website","url":"https:\/\/www.keratoconuscentrumnederland.nl\/de\/","name":"Keratoconuscentrum Nederland","description":"","publisher":{"@id":"https:\/\/www.keratoconuscentrumnederland.nl\/de\/#organization"},"potentialAction":[{"@type":"SearchAction","target":{"@type":"EntryPoint","urlTemplate":"https:\/\/www.keratoconuscentrumnederland.nl\/de\/?s={search_term_string}"},"query-input":{"@type":"PropertyValueSpecification","valueRequired":true,"valueName":"search_term_string"}}],"inLanguage":"de"},{"@type":"Organization","@id":"https:\/\/www.keratoconuscentrumnederland.nl\/de\/#organization","name":"Keratoconuscentrum Nederland","url":"https:\/\/www.keratoconuscentrumnederland.nl\/de\/","logo":{"@type":"ImageObject","inLanguage":"de","@id":"https:\/\/www.keratoconuscentrumnederland.nl\/de\/#\/schema\/logo\/image\/","url":"https:\/\/www.keratoconuscentrumnederland.nl\/wp-content\/uploads\/logo-keratocuscentrum-nederland.png","contentUrl":"https:\/\/www.keratoconuscentrumnederland.nl\/wp-content\/uploads\/logo-keratocuscentrum-nederland.png","width":223,"height":97,"caption":"Keratoconuscentrum Nederland"},"image":{"@id":"https:\/\/www.keratoconuscentrumnederland.nl\/de\/#\/schema\/logo\/image\/"}}]}},"_links":{"self":[{"href":"https:\/\/www.keratoconuscentrumnederland.nl\/de\/wp-json\/wp\/v2\/pages\/991","targetHints":{"allow":["GET"]}}],"collection":[{"href":"https:\/\/www.keratoconuscentrumnederland.nl\/de\/wp-json\/wp\/v2\/pages"}],"about":[{"href":"https:\/\/www.keratoconuscentrumnederland.nl\/de\/wp-json\/wp\/v2\/types\/page"}],"author":[{"embeddable":true,"href":"https:\/\/www.keratoconuscentrumnederland.nl\/de\/wp-json\/wp\/v2\/users\/1"}],"replies":[{"embeddable":true,"href":"https:\/\/www.keratoconuscentrumnederland.nl\/de\/wp-json\/wp\/v2\/comments?post=991"}],"version-history":[{"count":1,"href":"https:\/\/www.keratoconuscentrumnederland.nl\/de\/wp-json\/wp\/v2\/pages\/991\/revisions"}],"predecessor-version":[{"id":1016,"href":"https:\/\/www.keratoconuscentrumnederland.nl\/de\/wp-json\/wp\/v2\/pages\/991\/revisions\/1016"}],"wp:attachment":[{"href":"https:\/\/www.keratoconuscentrumnederland.nl\/de\/wp-json\/wp\/v2\/media?parent=991"}],"curies":[{"name":"wp","href":"https:\/\/api.w.org\/{rel}","templated":true}]}}