{"id":999,"date":"2022-01-14T10:06:04","date_gmt":"2022-01-14T09:06:04","guid":{"rendered":"https:\/\/www.keratoconuscentrumnederland.nl\/probleme-mit-sklerallinsen\/"},"modified":"2022-04-15T11:54:47","modified_gmt":"2022-04-15T09:54:47","slug":"probleme-mit-sklerallinsen","status":"publish","type":"page","link":"https:\/\/www.keratoconuscentrumnederland.nl\/de\/probleme-mit-sklerallinsen\/","title":{"rendered":"Probleme mit Sklerallinsen"},"content":{"rendered":"<p>[vc_row][vc_column][vc_column_text]<\/p>\n<h2>Probleme mit Sklerallinsen<\/h2>\n<p>Wenn Sie mit Keratokonus noch einigerma\u00dfen gut sehen wollen, m\u00fcssen Sie in vielen F\u00e4llen Sklerallinsen tragen. Leider haben viele Menschen auch Probleme mit Sklerallinsen. Sie k\u00f6nnen unter trockenen und roten Augen leiden. Auch kommt es regelm\u00e4\u00dfig vor, dass die Verwendung einer Sklerallinse nicht m\u00f6glich ist, da diese eine so gro\u00dfe Linse ist, die zus\u00e4tzlich mit Fl\u00fcssigkeit gef\u00fcllt werden muss.<\/p>\n<h2>Besser sehen mit der Sklerallinse<\/h2>\n<p>Der Vorteil einer Sklerallinse ist der stabile Sitz der Linse auf dem Auge. Auch beim Blinzeln bewegt sich die Linse nicht, sodass die Sicht sehr stabil ist. Die Sehqualit\u00e4t ist daher mit der Sklerallinse besser als mit einer kleinen harten (Hornhaut-)Linse. Auch der Tragekomfort der Sklerallinse ist sehr gut. Die R\u00e4nder sind nicht oder kaum zu sp\u00fcren, da sie weit hinter den Augenlidern liegen. Die Augenlider blinzeln nur \u00fcber die glatte Linsenoberfl\u00e4che. Und da dieser Linsentyp die empfindliche Hornhaut nicht ber\u00fchrt, sind bei dieser Linse keine Beschwerden zu erwarten. H\u00e4ufig werden die Probleme der Augenreizung bei Sklerallinsen auf einen schlechten Sitz zur\u00fcckgef\u00fchrt. Doch woher k\u00f6nnen auch Probleme mit Sklerallinsen kommen?<\/p>\n<h2>M\u00f6gliche Probleme mit Sklerallinsen<\/h2>\n<p><span style=\"text-decoration: underline;\">Nachmittagsnebel:<\/span><br \/>\nDieser englische Begriff steht f\u00fcr die Tr\u00fcbung der Tr\u00e4nenschicht zwischen Auge und Linse. Sklerallinsen schlie\u00dfen eine Tr\u00e4nenschicht zwischen Auge und Linse ein. Allerdings wird die Tr\u00e4nenschicht beim Tragen kaum aufgefrischt. Durch den hohen Stoffwechsel der Hornhaut entstehen gro\u00dfe Mengen an Abfallprodukten, die sich hinter der Linse ansammeln. Die tr\u00fcbe Tr\u00e4nenschicht erzeugt nebliges Sehen. Die Linse wird dann am besten entfernt und mit frischer Einf\u00fchrfl\u00fcssigkeit wieder eingesetzt.<\/p>\n<p><span style=\"text-decoration: underline;\">Rote Augen und\/oder trockene Augen:<\/span><br \/>\nSklerallinsen passen zur Sklera. Die Sklera ist von einer Schleimhaut (der Bindehaut) bedeckt. Die Bindehaut ist voller Mastzellen. Das Histamin in den Mastzellen wird durch Reibung freigesetzt. Der Druck einer Sklerallinse kann die ohnehin empfindliche Bindehaut reizen und eine allergische Reaktion hervorrufen, insbesondere w\u00e4hrend der Heuschnupfenzeit. Zudem ist das Linsenmaterial von Sklerallinsen sehr sauerstoffdurchl\u00e4ssig. Dadurch wird das Linsenmaterial empfindlich gegen\u00fcber Proteinablagerungen. Proteine, die sich auf dem Linsenmaterial niederschlagen, ver\u00e4ndern ihre Struktur und beginnen, sich wie ein Allergen zu verhalten. Das Auge bekommt dann aufgrund der Proteinablagerung eine allergische Reaktion. Manchmal werden Sklerallinsen nur mit unterst\u00fctzenden, vom Augenarzt verschriebenen Augentropfen vertragen. Antihistaminika-Augentropfen k\u00f6nnen die Vertr\u00e4glichkeit von Sklerallinsen stark verbessern.<\/p>\n<p><span style=\"text-decoration: underline;\">Belastung von Kontaktlinsenl\u00f6sungen:<\/span><br \/>\nDie Verwendung von Sklerallinsen umfasst Kontaktlinsenl\u00f6sungen ohne Konservierungsstoffe. Auch wenn die Fl\u00fcssigkeit keine Konservierungsstoffe enth\u00e4lt, kann eine Fl\u00fcssigkeit dennoch das Auge reizen. Auch der pH-Wert der Fl\u00fcssigkeit kann beispielsweise stark von der eigenen Tr\u00e4ne abweichen. Ein leichtes Brennen, das die ersten 10 Minuten anh\u00e4lt, ist ein Hinweis auf ein Fl\u00fcssigkeitsproblem.<\/p>\n<p><span style=\"text-decoration: underline;\">Belastung der Kosmetik:<\/span><br \/>\nAlle im Gesicht verwendeten Cremes und Make-ups k\u00f6nnen in die Augen gelangen, auch wenn Sie sie weit vom Auge entfernt verwenden. Kosmetika sind oft fettig in der Zusammensetzung. Wenn Kosmetika auf eine Sklerallinse gelangen, ist es schwierig, sie wieder abzunehmen. Eine fettige Linse verursacht verschwommenes Sehen. Der Linsenst\u00f6\u00dfel, mit dem die Linse eingesetzt wird, scheint regelm\u00e4\u00dfig einen fettigen Abdruck zu hinterlassen. Achten Sie also auf sauberes Arbeiten.<\/p>\n<p><span style=\"text-decoration: underline;\">Nicht klar sehen:<\/span><br \/>\nSklerallinsen schaffen eine neue, glatte Front f\u00fcr die deformierte Hornhaut des Keratokonus. Alle Keratokonus-Kontaktlinsen funktionieren nach diesem Prinzip. Man sollte meinen, dass das Auge mit einer Sklerallinse wieder perfekt sehen kann, aber nichts k\u00f6nnte weiter von der Wahrheit entfernt sein. Eine Sklerallinse korrigiert nur den Formfehler der Vorderseite des Keratokonus. Keratokonus befindet sich auch auf der Innenseite der Hornhaut. Da dieser Fehler nicht behoben wird, erscheinen Schatten oben auf Buchstaben statt Schatten unten auf Buchstaben. Gl\u00fccklicherweise sind die Schatten mit einer Sklerallinse viel kleiner als die Schatten ohne Linsenkorrektur. Diese unkorrigierten Augenfehler werden auch als Aberrationen h\u00f6herer Ordnung bezeichnet. Dadurch merkt man, dass man vor allem abends nicht klar sehen kann.<\/p>\n<h2>Weniger Probleme mit Sklerallinsen<\/h2>\n<p>Im Laufe der Jahre haben sich die Probleme mit Sklerallinsen deutlich verringert. Technisch wurde einiges verbessert. Die Linsen sind viel d\u00fcnner und moderne Linsenmaterialien sauerstoffdurchl\u00e4ssiger geworden. Auch das Wissen \u00fcber die Anpassung der Linsen hat sich enorm verbessert, ebenso wie die Verf\u00fcgbarkeit besserer Sklerallinsenanpassungen. Das Aufkommen kleinerer Sklerallinsen hat viele der Probleme gro\u00dfer Sklerallinsen beseitigt. Auch die Verarbeitung von Sklerallinsen hat sich verbessert. Drehmaschinen k\u00f6nnen alle Arten von komplizierten Formen viel pr\u00e4ziser drehen. Mit dem Aufkommen von Sklerallinsen mit Wellenschriftkorrektur (Conepower-Technologie) k\u00f6nnen Schattenprobleme besser korrigiert werden.[\/vc_column_text][\/vc_column][\/vc_row]<\/p>\n","protected":false},"excerpt":{"rendered":"<p>[vc_row][vc_column][vc_column_text] Probleme mit Sklerallinsen Wenn Sie mit Keratokonus noch einigerma\u00dfen gut sehen wollen, m\u00fcssen Sie in vielen F\u00e4llen Sklerallinsen tragen. Leider haben viele Menschen auch Probleme mit Sklerallinsen. Sie k\u00f6nnen unter trockenen und roten Augen leiden. Auch kommt es regelm\u00e4\u00dfig vor, dass die Verwendung einer Sklerallinse nicht m\u00f6glich ist, da<a class=\"moretag\" href=\"https:\/\/www.keratoconuscentrumnederland.nl\/de\/probleme-mit-sklerallinsen\/\">&#8230;<\/a><\/p>\n","protected":false},"author":1,"featured_media":0,"parent":0,"menu_order":0,"comment_status":"closed","ping_status":"closed","template":"","meta":{"inline_featured_image":false,"_glsr_average":0,"_glsr_ranking":0,"_glsr_reviews":0,"footnotes":""},"class_list":["post-999","page","type-page","status-publish","hentry"],"yoast_head":"<!-- This site is optimized with the Yoast SEO plugin v27.2 - https:\/\/yoast.com\/product\/yoast-seo-wordpress\/ -->\n<title>Probleme mit Sklerallinsen - Keratoconuscentrum Nederland<\/title>\n<meta name=\"description\" content=\"Diejenigen, die Keratokonus haben, k\u00f6nnen Probleme mit Sklerallinsen haben. Das Keratokonus-Zentrum in den Niederlanden wei\u00df, dass diese Probleme fast vorbei sind.\" \/>\n<meta name=\"robots\" content=\"index, follow, max-snippet:-1, max-image-preview:large, max-video-preview:-1\" \/>\n<link rel=\"canonical\" href=\"https:\/\/www.keratoconuscentrumnederland.nl\/de\/probleme-mit-sklerallinsen\/\" \/>\n<meta property=\"og:locale\" content=\"de_DE\" \/>\n<meta property=\"og:type\" content=\"article\" \/>\n<meta property=\"og:title\" content=\"Probleme mit Sklerallinsen - Keratoconuscentrum Nederland\" \/>\n<meta property=\"og:description\" content=\"Diejenigen, die Keratokonus haben, k\u00f6nnen Probleme mit Sklerallinsen haben. Das Keratokonus-Zentrum in den Niederlanden wei\u00df, dass diese Probleme fast vorbei sind.\" \/>\n<meta property=\"og:url\" content=\"https:\/\/www.keratoconuscentrumnederland.nl\/de\/probleme-mit-sklerallinsen\/\" \/>\n<meta property=\"og:site_name\" content=\"Keratoconuscentrum Nederland\" \/>\n<meta property=\"article:modified_time\" content=\"2022-04-15T09:54:47+00:00\" \/>\n<meta name=\"twitter:card\" content=\"summary_large_image\" \/>\n<meta name=\"twitter:label1\" content=\"Gesch\u00e4tzte Lesezeit\" \/>\n\t<meta name=\"twitter:data1\" content=\"4\u00a0Minuten\" \/>\n<script type=\"application\/ld+json\" class=\"yoast-schema-graph\">{\"@context\":\"https:\/\/schema.org\",\"@graph\":[{\"@type\":\"WebPage\",\"@id\":\"https:\/\/www.keratoconuscentrumnederland.nl\/de\/probleme-mit-sklerallinsen\/\",\"url\":\"https:\/\/www.keratoconuscentrumnederland.nl\/de\/probleme-mit-sklerallinsen\/\",\"name\":\"Probleme mit Sklerallinsen - Keratoconuscentrum Nederland\",\"isPartOf\":{\"@id\":\"https:\/\/www.keratoconuscentrumnederland.nl\/de\/#website\"},\"datePublished\":\"2022-01-14T09:06:04+00:00\",\"dateModified\":\"2022-04-15T09:54:47+00:00\",\"description\":\"Diejenigen, die Keratokonus haben, k\u00f6nnen Probleme mit Sklerallinsen haben. Das Keratokonus-Zentrum in den Niederlanden wei\u00df, dass diese Probleme fast vorbei sind.\",\"breadcrumb\":{\"@id\":\"https:\/\/www.keratoconuscentrumnederland.nl\/de\/probleme-mit-sklerallinsen\/#breadcrumb\"},\"inLanguage\":\"de\",\"potentialAction\":[{\"@type\":\"ReadAction\",\"target\":[\"https:\/\/www.keratoconuscentrumnederland.nl\/de\/probleme-mit-sklerallinsen\/\"]}]},{\"@type\":\"BreadcrumbList\",\"@id\":\"https:\/\/www.keratoconuscentrumnederland.nl\/de\/probleme-mit-sklerallinsen\/#breadcrumb\",\"itemListElement\":[{\"@type\":\"ListItem\",\"position\":1,\"name\":\"Home\",\"item\":\"https:\/\/www.keratoconuscentrumnederland.nl\/de\/keratokonus-zentrum\/\"},{\"@type\":\"ListItem\",\"position\":2,\"name\":\"Probleme mit Sklerallinsen\"}]},{\"@type\":\"WebSite\",\"@id\":\"https:\/\/www.keratoconuscentrumnederland.nl\/de\/#website\",\"url\":\"https:\/\/www.keratoconuscentrumnederland.nl\/de\/\",\"name\":\"Keratoconuscentrum Nederland\",\"description\":\"\",\"publisher\":{\"@id\":\"https:\/\/www.keratoconuscentrumnederland.nl\/de\/#organization\"},\"potentialAction\":[{\"@type\":\"SearchAction\",\"target\":{\"@type\":\"EntryPoint\",\"urlTemplate\":\"https:\/\/www.keratoconuscentrumnederland.nl\/de\/?s={search_term_string}\"},\"query-input\":{\"@type\":\"PropertyValueSpecification\",\"valueRequired\":true,\"valueName\":\"search_term_string\"}}],\"inLanguage\":\"de\"},{\"@type\":\"Organization\",\"@id\":\"https:\/\/www.keratoconuscentrumnederland.nl\/de\/#organization\",\"name\":\"Keratoconuscentrum Nederland\",\"url\":\"https:\/\/www.keratoconuscentrumnederland.nl\/de\/\",\"logo\":{\"@type\":\"ImageObject\",\"inLanguage\":\"de\",\"@id\":\"https:\/\/www.keratoconuscentrumnederland.nl\/de\/#\/schema\/logo\/image\/\",\"url\":\"https:\/\/www.keratoconuscentrumnederland.nl\/wp-content\/uploads\/logo-keratocuscentrum-nederland.png\",\"contentUrl\":\"https:\/\/www.keratoconuscentrumnederland.nl\/wp-content\/uploads\/logo-keratocuscentrum-nederland.png\",\"width\":223,\"height\":97,\"caption\":\"Keratoconuscentrum Nederland\"},\"image\":{\"@id\":\"https:\/\/www.keratoconuscentrumnederland.nl\/de\/#\/schema\/logo\/image\/\"}}]}<\/script>\n<!-- \/ Yoast SEO plugin. -->","yoast_head_json":{"title":"Probleme mit Sklerallinsen - Keratoconuscentrum Nederland","description":"Diejenigen, die Keratokonus haben, k\u00f6nnen Probleme mit Sklerallinsen haben. Das Keratokonus-Zentrum in den Niederlanden wei\u00df, dass diese Probleme fast vorbei sind.","robots":{"index":"index","follow":"follow","max-snippet":"max-snippet:-1","max-image-preview":"max-image-preview:large","max-video-preview":"max-video-preview:-1"},"canonical":"https:\/\/www.keratoconuscentrumnederland.nl\/de\/probleme-mit-sklerallinsen\/","og_locale":"de_DE","og_type":"article","og_title":"Probleme mit Sklerallinsen - Keratoconuscentrum Nederland","og_description":"Diejenigen, die Keratokonus haben, k\u00f6nnen Probleme mit Sklerallinsen haben. Das Keratokonus-Zentrum in den Niederlanden wei\u00df, dass diese Probleme fast vorbei sind.","og_url":"https:\/\/www.keratoconuscentrumnederland.nl\/de\/probleme-mit-sklerallinsen\/","og_site_name":"Keratoconuscentrum Nederland","article_modified_time":"2022-04-15T09:54:47+00:00","twitter_card":"summary_large_image","twitter_misc":{"Gesch\u00e4tzte Lesezeit":"4\u00a0Minuten"},"schema":{"@context":"https:\/\/schema.org","@graph":[{"@type":"WebPage","@id":"https:\/\/www.keratoconuscentrumnederland.nl\/de\/probleme-mit-sklerallinsen\/","url":"https:\/\/www.keratoconuscentrumnederland.nl\/de\/probleme-mit-sklerallinsen\/","name":"Probleme mit Sklerallinsen - Keratoconuscentrum Nederland","isPartOf":{"@id":"https:\/\/www.keratoconuscentrumnederland.nl\/de\/#website"},"datePublished":"2022-01-14T09:06:04+00:00","dateModified":"2022-04-15T09:54:47+00:00","description":"Diejenigen, die Keratokonus haben, k\u00f6nnen Probleme mit Sklerallinsen haben. Das Keratokonus-Zentrum in den Niederlanden wei\u00df, dass diese Probleme fast vorbei sind.","breadcrumb":{"@id":"https:\/\/www.keratoconuscentrumnederland.nl\/de\/probleme-mit-sklerallinsen\/#breadcrumb"},"inLanguage":"de","potentialAction":[{"@type":"ReadAction","target":["https:\/\/www.keratoconuscentrumnederland.nl\/de\/probleme-mit-sklerallinsen\/"]}]},{"@type":"BreadcrumbList","@id":"https:\/\/www.keratoconuscentrumnederland.nl\/de\/probleme-mit-sklerallinsen\/#breadcrumb","itemListElement":[{"@type":"ListItem","position":1,"name":"Home","item":"https:\/\/www.keratoconuscentrumnederland.nl\/de\/keratokonus-zentrum\/"},{"@type":"ListItem","position":2,"name":"Probleme mit Sklerallinsen"}]},{"@type":"WebSite","@id":"https:\/\/www.keratoconuscentrumnederland.nl\/de\/#website","url":"https:\/\/www.keratoconuscentrumnederland.nl\/de\/","name":"Keratoconuscentrum Nederland","description":"","publisher":{"@id":"https:\/\/www.keratoconuscentrumnederland.nl\/de\/#organization"},"potentialAction":[{"@type":"SearchAction","target":{"@type":"EntryPoint","urlTemplate":"https:\/\/www.keratoconuscentrumnederland.nl\/de\/?s={search_term_string}"},"query-input":{"@type":"PropertyValueSpecification","valueRequired":true,"valueName":"search_term_string"}}],"inLanguage":"de"},{"@type":"Organization","@id":"https:\/\/www.keratoconuscentrumnederland.nl\/de\/#organization","name":"Keratoconuscentrum Nederland","url":"https:\/\/www.keratoconuscentrumnederland.nl\/de\/","logo":{"@type":"ImageObject","inLanguage":"de","@id":"https:\/\/www.keratoconuscentrumnederland.nl\/de\/#\/schema\/logo\/image\/","url":"https:\/\/www.keratoconuscentrumnederland.nl\/wp-content\/uploads\/logo-keratocuscentrum-nederland.png","contentUrl":"https:\/\/www.keratoconuscentrumnederland.nl\/wp-content\/uploads\/logo-keratocuscentrum-nederland.png","width":223,"height":97,"caption":"Keratoconuscentrum Nederland"},"image":{"@id":"https:\/\/www.keratoconuscentrumnederland.nl\/de\/#\/schema\/logo\/image\/"}}]}},"_links":{"self":[{"href":"https:\/\/www.keratoconuscentrumnederland.nl\/de\/wp-json\/wp\/v2\/pages\/999","targetHints":{"allow":["GET"]}}],"collection":[{"href":"https:\/\/www.keratoconuscentrumnederland.nl\/de\/wp-json\/wp\/v2\/pages"}],"about":[{"href":"https:\/\/www.keratoconuscentrumnederland.nl\/de\/wp-json\/wp\/v2\/types\/page"}],"author":[{"embeddable":true,"href":"https:\/\/www.keratoconuscentrumnederland.nl\/de\/wp-json\/wp\/v2\/users\/1"}],"replies":[{"embeddable":true,"href":"https:\/\/www.keratoconuscentrumnederland.nl\/de\/wp-json\/wp\/v2\/comments?post=999"}],"version-history":[{"count":1,"href":"https:\/\/www.keratoconuscentrumnederland.nl\/de\/wp-json\/wp\/v2\/pages\/999\/revisions"}],"predecessor-version":[{"id":1022,"href":"https:\/\/www.keratoconuscentrumnederland.nl\/de\/wp-json\/wp\/v2\/pages\/999\/revisions\/1022"}],"wp:attachment":[{"href":"https:\/\/www.keratoconuscentrumnederland.nl\/de\/wp-json\/wp\/v2\/media?parent=999"}],"curies":[{"name":"wp","href":"https:\/\/api.w.org\/{rel}","templated":true}]}}